{"id":6087,"date":"2016-10-19T13:29:12","date_gmt":"2016-10-19T11:29:12","guid":{"rendered":"http:\/\/gmiotto.it\/galleggianti\/"},"modified":"2019-02-08T15:43:36","modified_gmt":"2019-02-08T14:43:36","slug":"galleggianti","status":"publish","type":"page","link":"https:\/\/gmiotto.it\/de\/","title":{"rendered":"Home"},"content":{"rendered":"<div class=\"wpb-content-wrapper\"><p>[vc_row][vc_column][vc_column_text]<\/p>\n<h1 style=\"text-align: center;\">&#8222;OTTO&#8220;\u00a0SYSTEM<\/h1>\n<p>[\/vc_column_text][layerslider_vc id=&#8220;1&#8243;][\/vc_column][\/vc_row][vc_section][vc_row][vc_column][vc_empty_space][vc_text_separator title=&#8220;SCHWIMMENDE MODULE OTTO&#8220;][vc_empty_space][\/vc_column][\/vc_row][vc_row][vc_column width=&#8220;1\/2&#8243;][vc_column_text]<\/p>\n<p class=\"western\" lang=\"de-DE\" align=\"justify\"><span style=\"font-family: Arial, serif;\"><span style=\"font-size: medium;\">Die schwimmenden Modularelemente OTTO, die auf einem milit\u00e4rischen Patent basieren, erhalten demn\u00e4chst die Zertifizierung RINA. Zudem wurden sie an der UNIVERSIT\u00c4T PADUA getestet.<\/span><\/span><\/p>\n<p class=\"western\" lang=\"de-DE\" align=\"justify\"><span style=\"font-family: Arial, serif;\"><span style=\"font-size: medium;\">Sie werden mit t\u00fcrkiser F\u00e4rbung hergestellt (bei gro\u00dfen Mengen ist eine \u00c4nderung der Farbe m\u00f6glich), da diese am besten zur Farbe des Wassers passt. Sie sind in zwei Grundformaten erh\u00e4ltlich:<\/span><\/span><\/p>\n<ul>\n<li>\n<p align=\"justify\"><span style=\"font-family: Calibri, serif;\"><span style=\"font-family: Arial, serif;\"><span style=\"font-size: medium;\"><span lang=\"de-DE\">Doppelmodul mit einem Ausma\u00df von 100 cm x 50 cm x H. 40 cm;<\/span><\/span><\/span><\/span><\/p>\n<\/li>\n<li>\n<p align=\"justify\"><span style=\"font-family: Calibri, serif;\"><span style=\"font-family: Arial, serif;\"><span style=\"font-size: medium;\"><span lang=\"de-DE\">Einzelmodul 50 cm x 50 cm x H. 40 cm.<\/span><\/span><\/span><\/span><\/p>\n<\/li>\n<\/ul>\n<p class=\"western\" lang=\"de-DE\" align=\"justify\"><span style=\"font-family: Arial, serif;\"><span style=\"font-size: medium;\">Jeder Block wird mit einem einzigen Formen hergestellt, mit Druckluft im Inneren, was es dem Material hoher Molekulardichte erm\u00f6glicht, sich in der Pressform gleichf\u00f6rmig auszudehnen, sodass es \u00fcberall dieselbe St\u00e4rke hat.<\/span><\/span><\/p>\n<p class=\"western\" lang=\"de-DE\" align=\"justify\"><span style=\"font-family: Arial, serif;\"><span style=\"font-size: medium;\">Das verwendete Material ist POLY\u00c4THYLEN HDPE 56020 S von TOTAL:<\/span><\/span><\/p>\n<p class=\"western\" lang=\"de-DE\" align=\"justify\"><span style=\"font-family: Arial, serif;\"><span style=\"font-size: medium;\">Dichte ISO 1183=0,952 g\/cm3<\/span><\/span><\/p>\n<p class=\"western\" lang=\"de-DE\" align=\"justify\"><span style=\"font-family: Arial, serif;\"><span style=\"font-size: medium;\">ITALIENISCHE ZERTIFIZIERUNG Ministerialdekret vom 21.03.1973, aktualisiert am 26.04.1993, Ministerialdekret Nr. 220 und aktualisiert am 28.03.2003 mit Ministerialdekret Nr. 123.<\/span><\/span><\/p>\n<p class=\"western\" lang=\"de-DE\" align=\"justify\"><span style=\"font-family: Arial, serif;\"><span style=\"font-size: medium;\">Dieses zur Herstellung unserer Elemente verwendete Rohmaterial ist besonders best\u00e4ndig gegen alle Meereseinwirkungen, gegen Salzwasser und S\u00e4uren und kann zudem auch f\u00fcr Lebensmittel verwendet werden.<\/span><\/span><\/p>\n<p class=\"western\" lang=\"de-DE\" align=\"justify\"><span style=\"font-family: Arial, serif;\"><span style=\"font-size: medium;\">Es ist best\u00e4ndig gegen UV-Strahlen und in einem Temperaturbereich von -60\u00b0 bis +80\u00b0 Celsius verwendbar, zudem ist es leicht recyceltbar.<\/span><\/span><\/p>\n<p class=\"western\" lang=\"de-DE\" align=\"justify\"><span style=\"font-family: Arial, serif;\"><span style=\"font-size: medium;\">Die Schwimmf\u00e4higkeit der Module wird vorsichtshalber mit 350 kg pro Quadratmeter beziffert.<\/span><\/span><\/p>\n<p class=\"western\" lang=\"de-DE\" align=\"justify\"><span style=\"font-family: Arial, serif;\"><span style=\"font-size: medium;\">Das Produkt wird f\u00fcr mindestens 3 Jahre garantiert (Photovoltaikanlagen 20 Jahre).<\/span><\/span><\/p>\n<p class=\"western\" lang=\"de-DE\" align=\"justify\"><span style=\"font-family: Arial, serif;\"><span style=\"font-size: medium;\">Der Zusammenbau der einzelnen Bl\u00f6cke erfolgt \u00fcber einen Bolzen, der mit einem eigenen Schl\u00fcssel um 45 Grad gedreht wird und die mit von 1 bis 4 gekennzeichneten Ringe miteinander verbindet. Indem man sie untereinander festzieht, werden die Elemente zu einem einzigen K\u00f6rper und erm\u00f6glichen es, auf den Wellen zu flottieren.<\/span><\/span><\/p>\n<p class=\"western\" lang=\"de-DE\" align=\"justify\"><span style=\"font-family: Arial, serif;\"><span style=\"font-size: medium;\">Die Trittfl\u00e4che ist rutschfest, damit man auch barfu\u00df darauf gehen kann, ohne die Bodenhaftung zu verlieren. Alle Kanten sind abgekantet, um Risiken zu vermeiden. <\/span><\/span><\/p>\n<p class=\"western\" lang=\"de-DE\" align=\"justify\"><span style=\"font-family: Arial, serif;\"><span style=\"font-size: medium;\">Die ergonometrische Form des gesamten Zubeh\u00f6rs, das im Laufe der Jahre perfektioniert wurde, erm\u00f6glicht es vielen Menschen auf der ganzen Welt, sich in aller Sicherheit und ohne Bef\u00fcrchtungen mit unseren Produkten zu vergn\u00fcgen.<\/span><\/span><\/p>\n<p class=\"western\" lang=\"de-DE\" align=\"justify\"><span style=\"font-family: Arial, serif;\"><span style=\"font-size: medium;\">Alle Module sind einzelne K\u00f6rper und folglich unteilbar, sie unterscheiden sich im Hinblick auf Form und Ausma\u00dfe, sie sind fest, elastisch und wasserundurchl\u00e4ssig.<\/span><\/span><\/p>\n<p class=\"western\" lang=\"de-DE\" align=\"justify\"><span style=\"font-family: Arial, serif;\"><span style=\"font-size: medium;\">Die Module verf\u00fcgen \u00fcber \u00d6sen, wodurch sie sich miteinander verbinden lassen, um alle nur denkbaren Formen zusammenzustellen. Sie lassen sich auseinandernehmen, um anderw\u00e4rtig wiederverwendet zu werden.<\/span><\/span><\/p>\n<p class=\"western\" lang=\"de-DE\" align=\"justify\"><span style=\"font-family: Arial, serif;\"><span style=\"font-size: medium;\">Gerade die einfache Montage, Demontage und Lagerung sind es, die sie weltweit ber\u00fchmt gemacht haben, da es dadurch ein Leichtes ist, schwimmende Plattformen jeder Gr\u00f6\u00dfenordnung und Form herzustellen. <\/span><\/span><\/p>\n<p>[\/vc_column_text][\/vc_column][vc_column width=&#8220;1\/2&#8243;][vc_column_text]<\/p>\n<p class=\"western\" lang=\"de-DE\" align=\"justify\">Stellen Sie sich vor, Sie bauen einen rechteckigen Anlegesteg, um in Ihr Boot zu gelangen, dann aber \u00fcberlegen Sie es sich anders und Sie m\u00f6chten ein kleines Flo\u00df und es mitten im Meer befestigen: Mit unseren Produkten m\u00fcssen Sie auf keine der beiden Ideen verzichten, Sie m\u00fcssen nur die Elemente auseinandernehmen und sie je nach Ihren Erfordernissen neu zusammenbauen.<\/p>\n<p class=\"western\" lang=\"de-DE\" align=\"justify\">Und wenn Sie die Plattform eines Tages vergr\u00f6\u00dfern oder verbessern m\u00f6chten, reicht es, dass Sie die Ihnen fehlenden Elemente dazukaufen.<\/p>\n<p><iframe loading=\"lazy\" src=\"https:\/\/www.youtube.com\/embed\/ktg1GegkzVU?rel=0\" width=\"560\" height=\"315\" frameborder=\"0\" allowfullscreen=\"allowfullscreen\"><\/iframe><\/p>\n<p class=\"western\" lang=\"de-DE\" align=\"justify\">Mit den schwimmenden Modularelementen Otto ist es ein Leichtes, beispielsweise folgende Strukturen zu verwirklichen:<\/p>\n<ul>\n<li>\n<p align=\"justify\"><span lang=\"de-DE\">Anlegestege<\/span><\/p>\n<\/li>\n<li>\n<p align=\"justify\"><span lang=\"de-DE\">H\u00e4fen<\/span><\/p>\n<\/li>\n<li>\n<p align=\"justify\"><span lang=\"de-DE\">Schutzh\u00e4fen<\/span><\/p>\n<\/li>\n<li>\n<p align=\"justify\"><span lang=\"de-DE\">Pontons<\/span><\/p>\n<\/li>\n<li>\n<p align=\"justify\"><span lang=\"de-DE\">schwimmende Laufplanken<\/span><\/p>\n<\/li>\n<li>\n<p align=\"justify\"><span lang=\"de-DE\">Anlegebr\u00fccken f\u00fcr den Fischfang<\/span><\/p>\n<\/li>\n<li>\n<p align=\"justify\"><span lang=\"de-DE\">schwimmende Pools<\/span><\/p>\n<\/li>\n<li>\n<p align=\"justify\"><span lang=\"de-DE\">schwimmende Pools mit gereinigtem Wasser<\/span><\/p>\n<\/li>\n<li>\n<p align=\"justify\"><span lang=\"de-DE\">Plattformen f\u00fcr Wasserscooter und kleine Boote<\/span><\/p>\n<\/li>\n<li>\n<p align=\"justify\"><span lang=\"de-DE\">Plattformen f\u00fcr Hydraulikpumpen<\/span><\/p>\n<\/li>\n<li>\n<p align=\"justify\"><span lang=\"de-DE\">Schutzbarrieren<\/span><\/p>\n<\/li>\n<li>\n<p align=\"justify\"><span lang=\"de-DE\">Fl\u00f6\u00dfe<\/span><\/p>\n<\/li>\n<li>\n<p align=\"justify\"><span lang=\"de-DE\">Plattformen f\u00fcr Veranstaltungen auf dem Wasser<\/span><\/p>\n<\/li>\n<li>\n<p align=\"justify\"><span lang=\"de-DE\">Plattformen zum Abschie\u00dfen von Feuerwerken<\/span><\/p>\n<\/li>\n<li>\n<p align=\"justify\"><span lang=\"de-DE\">schwimmende Photovoltaikanlagen<\/span><\/p>\n<\/li>\n<li>\n<p align=\"justify\"><span lang=\"de-DE\">Fischzuchtanlagen<\/span><\/p>\n<\/li>\n<li>\n<p align=\"justify\"><span lang=\"de-DE\">Etc.<\/span><\/p>\n<\/li>\n<\/ul>\n<p class=\"western\" lang=\"de-DE\" align=\"justify\">Bedenken Sie zudem, dass alle Konstruktionen vollkommen in die Umgebung integriert sind, da sie entfernbar sind und keine Auswirkungen auf die Umwelt haben. Sie k\u00f6nnen n\u00e4mlich fortgeschafft und anderw\u00e4rtig wiederverwendet werden, ohne irgendwelche Spuren zu hinterlassen.<\/p>\n<p>\u00a0[\/vc_column_text][\/vc_column][\/vc_row][\/vc_section][vc_row][vc_column][vc_empty_space][vc_separator][vc_empty_space][\/vc_column][\/vc_row][vc_row gap=&#8220;30&#8243; equal_height=&#8220;yes&#8220; content_placement=&#8220;middle&#8220;][vc_column css_animation=&#8220;slideInDown&#8220; width=&#8220;1\/3&#8243; css=&#8220;.vc_custom_1498750481412{background-image: url(http:\/\/gmiotto.it\/wp-content\/uploads\/2016\/10\/Foto-Pontili.jpg?id=2841) !important;background-position: center !important;background-repeat: no-repeat !important;background-size: cover !important;}&#8220;][vc_cta h2=&#8220;Pontons&#8220; h2_font_container=&#8220;font_size:32px|color:%23ffffff&#8220; h2_google_fonts=&#8220;font_family:Cabin%3Aregular%2Citalic%2C500%2C500italic%2C600%2C600italic%2C700%2C700italic|font_style:400%20regular%3A400%3Anormal&#8220; txt_align=&#8220;center&#8220; shape=&#8220;square&#8220; style=&#8220;custom&#8220; add_button=&#8220;bottom&#8220; btn_title=&#8220;Siehe Artikel&#8220; btn_style=&#8220;custom&#8220; btn_custom_background=&#8220;rgba(30,115,190,0.77)&#8220; btn_custom_text=&#8220;#ffffff&#8220; btn_shape=&#8220;square&#8220; btn_size=&#8220;sm&#8220; btn_align=&#8220;center&#8220; btn_i_icon_fontawesome=&#8220;fa fa-eye&#8220; btn_css_animation=&#8220;fadeIn&#8220; use_custom_fonts_h2=&#8220;true&#8220; btn_add_icon=&#8220;true&#8220; custom_text=&#8220;#ffffff&#8220; custom_background=&#8220;rgba(0,0,0,0.25)&#8220; el_class=&#8220;no-border&#8220; css=&#8220;.vc_custom_1504183887718{margin-top: 25px !important;margin-bottom: 25px !important;background-position: center !important;background-repeat: no-repeat !important;background-size: contain !important;}&#8220; h2_el_class=&#8220;text-shadow&#8220; btn_link=&#8220;url:http%3A%2F%2Fgmiotto.it%2Fit%2Fpontili-e-passerelle-galleggianti%2F|||&#8220;][\/vc_cta][\/vc_column][vc_column css_animation=&#8220;slideInUp&#8220; width=&#8220;1\/3&#8243; css=&#8220;.vc_custom_1498750518073{background-image: url(http:\/\/gmiotto.it\/wp-content\/uploads\/2016\/10\/Foto-Piattaforme.jpg?id=2844) !important;background-position: center !important;background-repeat: no-repeat !important;background-size: cover !important;}&#8220;][vc_cta h2=&#8220;Plattformen&#8220; h2_font_container=&#8220;font_size:32px|color:%23ffffff&#8220; h2_google_fonts=&#8220;font_family:Cabin%3Aregular%2Citalic%2C500%2C500italic%2C600%2C600italic%2C700%2C700italic|font_style:400%20regular%3A400%3Anormal&#8220; txt_align=&#8220;center&#8220; shape=&#8220;square&#8220; style=&#8220;custom&#8220; add_button=&#8220;bottom&#8220; btn_title=&#8220;Siehe Artikel&#8220; btn_style=&#8220;custom&#8220; btn_custom_background=&#8220;rgba(30,115,190,0.77)&#8220; btn_custom_text=&#8220;#ffffff&#8220; btn_shape=&#8220;square&#8220; btn_size=&#8220;sm&#8220; btn_align=&#8220;center&#8220; btn_i_icon_fontawesome=&#8220;fa fa-eye&#8220; btn_css_animation=&#8220;fadeIn&#8220; use_custom_fonts_h2=&#8220;true&#8220; btn_add_icon=&#8220;true&#8220; custom_text=&#8220;#ffffff&#8220; custom_background=&#8220;rgba(0,0,0,0.25)&#8220; el_class=&#8220;no-border &#8220; css=&#8220;.vc_custom_1500539028364{margin-top: 25px !important;margin-bottom: 25px !important;background-position: center !important;background-repeat: no-repeat !important;background-size: contain !important;}&#8220; h2_el_class=&#8220;text-shadow&#8220; btn_link=&#8220;url:http%3A%2F%2Fgmiotto.it%2Fpiattaforme-balneari%2F|||&#8220;][\/vc_cta][\/vc_column][vc_column css_animation=&#8220;slideInDown&#8220; width=&#8220;1\/3&#8243; css=&#8220;.vc_custom_1498750558639{background-image: url(http:\/\/gmiotto.it\/wp-content\/uploads\/2016\/10\/Foto-Lavoro-sullacqua.jpg?id=2846) !important;background-position: center !important;background-repeat: no-repeat !important;background-size: cover !important;}&#8220;][vc_cta h2=&#8220;Arbeitet auf dem Wasser&#8220; h2_font_container=&#8220;font_size:24px|color:%23ffffff&#8220; h2_google_fonts=&#8220;font_family:Cabin%3Aregular%2Citalic%2C500%2C500italic%2C600%2C600italic%2C700%2C700italic|font_style:400%20regular%3A400%3Anormal&#8220; txt_align=&#8220;center&#8220; shape=&#8220;square&#8220; style=&#8220;custom&#8220; add_button=&#8220;bottom&#8220; btn_title=&#8220;Siehe Artikel&#8220; btn_style=&#8220;custom&#8220; btn_custom_background=&#8220;rgba(30,115,190,0.77)&#8220; btn_custom_text=&#8220;#ffffff&#8220; btn_shape=&#8220;square&#8220; btn_size=&#8220;sm&#8220; btn_align=&#8220;center&#8220; btn_i_icon_fontawesome=&#8220;fa fa-eye&#8220; btn_css_animation=&#8220;fadeIn&#8220; use_custom_fonts_h2=&#8220;true&#8220; btn_add_icon=&#8220;true&#8220; custom_text=&#8220;#ffffff&#8220; custom_background=&#8220;rgba(0,0,0,0.25)&#8220; el_class=&#8220;no-border&#8220; css=&#8220;.vc_custom_1500539191540{margin-top: 25px !important;margin-bottom: 25px !important;background-position: center !important;background-repeat: no-repeat !important;background-size: contain !important;}&#8220; h2_el_class=&#8220;text-shadow&#8220; btn_link=&#8220;url:http%3A%2F%2Fgmiotto.it%2Fpiattaforme-per-lavori-acqua%2F|||&#8220;][\/vc_cta][\/vc_column][\/vc_row]<\/p>\n<\/div>","protected":false},"excerpt":{"rendered":"<p>[vc_row][vc_column][vc_column_text] &#8222;OTTO&#8220;\u00a0SYSTEM [\/vc_column_text][layerslider_vc id=&#8220;1&#8243;][\/vc_column][\/vc_row][vc_section][vc_row][vc_column][vc_empty_space][vc_text_separator title=&#8220;SCHWIMMENDE MODULE OTTO&#8220;][vc_empty_space][\/vc_column][\/vc_row][vc_row][vc_column width=&#8220;1\/2&#8243;][vc_column_text] Die schwimmenden Modularelemente OTTO, die auf einem milit\u00e4rischen Patent basieren, erhalten demn\u00e4chst die Zertifizierung RINA. Zudem wurden sie an der UNIVERSIT\u00c4T PADUA getestet. Sie werden mit t\u00fcrkiser F\u00e4rbung hergestellt (bei gro\u00dfen Mengen ist eine \u00c4nderung der Farbe m\u00f6glich), da diese am besten zur Farbe des Wassers passt. &hellip;<\/p>\n","protected":false},"author":1,"featured_media":0,"parent":0,"menu_order":0,"comment_status":"closed","ping_status":"closed","template":"","meta":{"footnotes":""},"class_list":["post-6087","page","type-page","status-publish","hentry","no-thumb"],"yoast_head":"<!-- This site is optimized with the Yoast SEO plugin v27.2 - https:\/\/yoast.com\/product\/yoast-seo-wordpress\/ -->\n<title>Home - OTTO<\/title>\n<meta name=\"robots\" content=\"index, follow, max-snippet:-1, max-image-preview:large, max-video-preview:-1\" \/>\n<link rel=\"canonical\" href=\"https:\/\/gmiotto.it\/de\/\" \/>\n<meta property=\"og:locale\" content=\"de_DE\" \/>\n<meta property=\"og:type\" content=\"article\" \/>\n<meta property=\"og:title\" content=\"Home - OTTO\" \/>\n<meta property=\"og:description\" content=\"[vc_row][vc_column][vc_column_text] &#8222;OTTO&#8220;\u00a0SYSTEM [\/vc_column_text][layerslider_vc id=&#8220;1&#8243;][\/vc_column][\/vc_row][vc_section][vc_row][vc_column][vc_empty_space][vc_text_separator title=&#8220;SCHWIMMENDE MODULE OTTO&#8220;][vc_empty_space][\/vc_column][\/vc_row][vc_row][vc_column width=&#8220;1\/2&#8243;][vc_column_text] Die schwimmenden Modularelemente OTTO, die auf einem milit\u00e4rischen Patent basieren, erhalten demn\u00e4chst die Zertifizierung RINA. Zudem wurden sie an der UNIVERSIT\u00c4T PADUA getestet. Sie werden mit t\u00fcrkiser F\u00e4rbung hergestellt (bei gro\u00dfen Mengen ist eine \u00c4nderung der Farbe m\u00f6glich), da diese am besten zur Farbe des Wassers passt. &hellip;\" \/>\n<meta property=\"og:url\" content=\"https:\/\/gmiotto.it\/de\/\" \/>\n<meta property=\"og:site_name\" content=\"OTTO\" \/>\n<meta property=\"article:modified_time\" content=\"2019-02-08T14:43:36+00:00\" \/>\n<meta name=\"twitter:card\" content=\"summary_large_image\" \/>\n<meta name=\"twitter:label1\" content=\"Gesch\u00e4tzte Lesezeit\" \/>\n\t<meta name=\"twitter:data1\" content=\"6\u00a0Minuten\" \/>\n<script type=\"application\/ld+json\" class=\"yoast-schema-graph\">{\"@context\":\"https:\/\/schema.org\",\"@graph\":[{\"@type\":\"WebPage\",\"@id\":\"https:\/\/gmiotto.it\/de\/\",\"url\":\"https:\/\/gmiotto.it\/de\/\",\"name\":\"Home - OTTO\",\"isPartOf\":{\"@id\":\"https:\/\/gmiotto.it\/#website\"},\"datePublished\":\"2016-10-19T11:29:12+00:00\",\"dateModified\":\"2019-02-08T14:43:36+00:00\",\"breadcrumb\":{\"@id\":\"https:\/\/gmiotto.it\/de\/#breadcrumb\"},\"inLanguage\":\"de\",\"potentialAction\":[{\"@type\":\"ReadAction\",\"target\":[\"https:\/\/gmiotto.it\/de\/\"]}]},{\"@type\":\"BreadcrumbList\",\"@id\":\"https:\/\/gmiotto.it\/de\/#breadcrumb\",\"itemListElement\":[{\"@type\":\"ListItem\",\"position\":1,\"name\":\"Home\",\"item\":\"https:\/\/gmiotto.it\/de\/\"},{\"@type\":\"ListItem\",\"position\":2,\"name\":\"Home\"}]},{\"@type\":\"WebSite\",\"@id\":\"https:\/\/gmiotto.it\/#website\",\"url\":\"https:\/\/gmiotto.it\/\",\"name\":\"OTTO\",\"description\":\"Pontili galleggianti modulari\",\"publisher\":{\"@id\":\"https:\/\/gmiotto.it\/#organization\"},\"potentialAction\":[{\"@type\":\"SearchAction\",\"target\":{\"@type\":\"EntryPoint\",\"urlTemplate\":\"https:\/\/gmiotto.it\/?s={search_term_string}\"},\"query-input\":{\"@type\":\"PropertyValueSpecification\",\"valueRequired\":true,\"valueName\":\"search_term_string\"}}],\"inLanguage\":\"de\"},{\"@type\":\"Organization\",\"@id\":\"https:\/\/gmiotto.it\/#organization\",\"name\":\"Otto sas di Miotto F. & C.\",\"url\":\"https:\/\/gmiotto.it\/\",\"logo\":{\"@type\":\"ImageObject\",\"inLanguage\":\"de\",\"@id\":\"https:\/\/gmiotto.it\/#\/schema\/logo\/image\/\",\"url\":\"http:\/\/gmiotto.it\/wp-content\/uploads\/2018\/06\/logo_rina.png\",\"contentUrl\":\"http:\/\/gmiotto.it\/wp-content\/uploads\/2018\/06\/logo_rina.png\",\"width\":277,\"height\":66,\"caption\":\"Otto sas di Miotto F. & C.\"},\"image\":{\"@id\":\"https:\/\/gmiotto.it\/#\/schema\/logo\/image\/\"}}]}<\/script>\n<!-- \/ Yoast SEO plugin. -->","yoast_head_json":{"title":"Home - OTTO","robots":{"index":"index","follow":"follow","max-snippet":"max-snippet:-1","max-image-preview":"max-image-preview:large","max-video-preview":"max-video-preview:-1"},"canonical":"https:\/\/gmiotto.it\/de\/","og_locale":"de_DE","og_type":"article","og_title":"Home - OTTO","og_description":"[vc_row][vc_column][vc_column_text] &#8222;OTTO&#8220;\u00a0SYSTEM [\/vc_column_text][layerslider_vc id=&#8220;1&#8243;][\/vc_column][\/vc_row][vc_section][vc_row][vc_column][vc_empty_space][vc_text_separator title=&#8220;SCHWIMMENDE MODULE OTTO&#8220;][vc_empty_space][\/vc_column][\/vc_row][vc_row][vc_column width=&#8220;1\/2&#8243;][vc_column_text] Die schwimmenden Modularelemente OTTO, die auf einem milit\u00e4rischen Patent basieren, erhalten demn\u00e4chst die Zertifizierung RINA. Zudem wurden sie an der UNIVERSIT\u00c4T PADUA getestet. Sie werden mit t\u00fcrkiser F\u00e4rbung hergestellt (bei gro\u00dfen Mengen ist eine \u00c4nderung der Farbe m\u00f6glich), da diese am besten zur Farbe des Wassers passt. &hellip;","og_url":"https:\/\/gmiotto.it\/de\/","og_site_name":"OTTO","article_modified_time":"2019-02-08T14:43:36+00:00","twitter_card":"summary_large_image","twitter_misc":{"Gesch\u00e4tzte Lesezeit":"6\u00a0Minuten"},"schema":{"@context":"https:\/\/schema.org","@graph":[{"@type":"WebPage","@id":"https:\/\/gmiotto.it\/de\/","url":"https:\/\/gmiotto.it\/de\/","name":"Home - OTTO","isPartOf":{"@id":"https:\/\/gmiotto.it\/#website"},"datePublished":"2016-10-19T11:29:12+00:00","dateModified":"2019-02-08T14:43:36+00:00","breadcrumb":{"@id":"https:\/\/gmiotto.it\/de\/#breadcrumb"},"inLanguage":"de","potentialAction":[{"@type":"ReadAction","target":["https:\/\/gmiotto.it\/de\/"]}]},{"@type":"BreadcrumbList","@id":"https:\/\/gmiotto.it\/de\/#breadcrumb","itemListElement":[{"@type":"ListItem","position":1,"name":"Home","item":"https:\/\/gmiotto.it\/de\/"},{"@type":"ListItem","position":2,"name":"Home"}]},{"@type":"WebSite","@id":"https:\/\/gmiotto.it\/#website","url":"https:\/\/gmiotto.it\/","name":"OTTO","description":"Pontili galleggianti modulari","publisher":{"@id":"https:\/\/gmiotto.it\/#organization"},"potentialAction":[{"@type":"SearchAction","target":{"@type":"EntryPoint","urlTemplate":"https:\/\/gmiotto.it\/?s={search_term_string}"},"query-input":{"@type":"PropertyValueSpecification","valueRequired":true,"valueName":"search_term_string"}}],"inLanguage":"de"},{"@type":"Organization","@id":"https:\/\/gmiotto.it\/#organization","name":"Otto sas di Miotto F. & C.","url":"https:\/\/gmiotto.it\/","logo":{"@type":"ImageObject","inLanguage":"de","@id":"https:\/\/gmiotto.it\/#\/schema\/logo\/image\/","url":"http:\/\/gmiotto.it\/wp-content\/uploads\/2018\/06\/logo_rina.png","contentUrl":"http:\/\/gmiotto.it\/wp-content\/uploads\/2018\/06\/logo_rina.png","width":277,"height":66,"caption":"Otto sas di Miotto F. & C."},"image":{"@id":"https:\/\/gmiotto.it\/#\/schema\/logo\/image\/"}}]}},"_links":{"self":[{"href":"https:\/\/gmiotto.it\/de\/wp-json\/wp\/v2\/pages\/6087","targetHints":{"allow":["GET"]}}],"collection":[{"href":"https:\/\/gmiotto.it\/de\/wp-json\/wp\/v2\/pages"}],"about":[{"href":"https:\/\/gmiotto.it\/de\/wp-json\/wp\/v2\/types\/page"}],"author":[{"embeddable":true,"href":"https:\/\/gmiotto.it\/de\/wp-json\/wp\/v2\/users\/1"}],"replies":[{"embeddable":true,"href":"https:\/\/gmiotto.it\/de\/wp-json\/wp\/v2\/comments?post=6087"}],"version-history":[{"count":0,"href":"https:\/\/gmiotto.it\/de\/wp-json\/wp\/v2\/pages\/6087\/revisions"}],"wp:attachment":[{"href":"https:\/\/gmiotto.it\/de\/wp-json\/wp\/v2\/media?parent=6087"}],"curies":[{"name":"wp","href":"https:\/\/api.w.org\/{rel}","templated":true}]}}