{"id":6101,"date":"2017-06-27T12:25:20","date_gmt":"2017-06-27T10:25:20","guid":{"rendered":"http:\/\/gmiotto.it\/materiale\/"},"modified":"2022-07-13T10:31:46","modified_gmt":"2022-07-13T08:31:46","slug":"materiale","status":"publish","type":"page","link":"https:\/\/gmiotto.it\/de\/materiale\/","title":{"rendered":"MATERIAL"},"content":{"rendered":"<div class=\"wpb-content-wrapper\"><p>[vc_row full_width=&#8220;stretch_row&#8220;][vc_column css_animation=&#8220;none&#8220;][vc_column_text]<span style=\"font-family: Times New Roman, serif;\"><span style=\"font-size: medium;\"><span style=\"color: #444444;\"><span style=\"font-family: Arial, serif;\"><span lang=\"de-DE\">Die schwimmenden W\u00fcrfel Otto werden alle aus Rohmaterial und nicht aus recyceltem Kunststoff hergestellt. Dies macht es uns m\u00f6glich, die beste Qualit\u00e4t auf dem Markt zu haben und immer die h\u00f6chsten Herstellungsstandards unserer Produkte zu garantieren.<\/span><\/span><\/span><\/span><\/span><\/p>\n<p><span style=\"font-family: Times New Roman, serif;\"><span style=\"font-size: medium;\"><span style=\"color: #444444;\"><span style=\"font-family: Arial, serif;\"><span lang=\"de-DE\">Das zur Herstellung verwendete Material ist POLY\u00c4THYLEN &#8211; HDPE 56020S von TOTAL, das der europ\u00e4ischen Richtlinie (EU) 2016\/1416 zur G\u00e4nze entspricht. Das beste Material f\u00fcr die Produktion mit Spritzguss\/Blasverfahren.<\/span><\/span><\/span><\/span><\/span><\/p>\n<p><span style=\"font-family: Times New Roman, serif;\"><span style=\"font-size: medium;\"><span style=\"color: #444444;\"><span style=\"font-family: Arial, serif;\"><span lang=\"de-DE\">Das von TOTAL zertifizierte HDPE 56020S garantiert eine Molekulardichte von 0,952 g\/c m<\/span><\/span><\/span><span style=\"color: #444444;\"><sup><span style=\"font-family: Arial, serif;\"><span style=\"font-size: xx-small;\"><span lang=\"de-DE\">2<\/span><\/span><\/span><\/sup><\/span><span style=\"color: #444444;\"><span style=\"font-family: Arial, serif;\"><span lang=\"de-DE\">. Der Schmelzpunkt MFI legt die Materialmenge fest, die in der Zeiteinheit mit der auf 190\u00b0 erhitzten D\u00fcse geschmolzen wird; das vorbereitete Gewicht betr\u00e4gt 21,6 kg.<\/span><\/span><\/span><\/span><\/span><\/p>\n<p><span style=\"font-family: Times New Roman, serif;\"><span style=\"font-size: medium;\"><span style=\"color: #444444;\"><span style=\"font-family: Arial, serif;\"><span lang=\"de-DE\">Um eine Vorstellung der Molekulardichte zu geben, ist zu ber\u00fccksichtigen, dass 10 min. erforderlich sind, um 2 g dieses Materials einzuspritzen. Die Standardformel des Schmelzpunktes ist MFI<\/span><\/span><\/span><\/span><\/span><\/p>\n<p><span style=\"font-family: Times New Roman, serif;\"><span style=\"font-size: medium;\"><span style=\"color: #444444;\"><span style=\"font-family: Arial, serif;\"><span lang=\"de-DE\">(190\u00b0:21,6 KG=2 g X 10 Minuten)<\/span><\/span><\/span><\/span><\/span><\/p>\n<p class=\"western\" lang=\"de-DE\" align=\"justify\"><span style=\"font-family: Arial, serif;\"><span style=\"font-size: medium;\">Dichte ISO 1183=0,952 g\/cm3<\/span><\/span><\/p>\n<p class=\"western\" lang=\"de-DE\" align=\"justify\"><span style=\"font-family: Arial, serif;\"><span style=\"font-size: medium;\">Italienische Zertifizierung Ministerialdekret vom 21.03.1973, aktualisiert am 26.04.1993, Ministerialdekret Nr. 220 und aktualisiert am 28.03.2003 mit Ministerialdekret Nr. 123.<\/span><\/span><\/p>\n<p><span style=\"font-family: Times New Roman, serif;\"><span style=\"font-size: medium;\"><span style=\"color: #444444;\"><span style=\"font-family: Arial, serif;\"><span lang=\"de-DE\">Die Materialeigenschaften sind ideal f\u00fcr das schwimmende W\u00fcrfelsystem Otto, denn sie erm\u00f6glichen die Fertigung von festen, elastischen und sto\u00dffesten Elementen.<\/span><\/span><\/span><\/span><\/span><\/p>\n<p><span style=\"font-family: Times New Roman, serif;\"><span style=\"font-size: medium;\"><span style=\"color: #444444;\"><span style=\"font-family: Arial, serif;\"><span lang=\"de-DE\">Das <\/span><\/span><\/span><span style=\"color: #444444;\"><span style=\"font-family: Arial, serif;\"><span lang=\"de-DE\"><b>Rohmaterial<\/b><\/span><\/span><\/span><span style=\"color: #444444;\"><span style=\"font-family: Arial, serif;\"><span lang=\"de-DE\">, das f\u00fcr die Herstellung unserer Elemente verwendet wird, ist also \u00e4u\u00dferst <\/span><\/span><\/span><span style=\"color: #444444;\"><span style=\"font-family: Arial, serif;\"><span lang=\"de-DE\"><b>best\u00e4ndig, optimal f\u00fcr alle Beanspruchungen des Meeres, sowohl f\u00fcr Salz-\/S\u00fc\u00dfwasser und S\u00e4uren. Zudem eignet es sich zur Verwendung mit Lebensmitteln<\/b><\/span><\/span><\/span><span style=\"color: #444444;\"><span style=\"font-family: Arial, serif;\"><span lang=\"de-DE\">, ist vollkommen best\u00e4ndig gegen UV-Strahlen, in einem Temperaturbereich von -60\u00b0 bis +80\u00b0 Celsius weist es keine Verformungen auf und es ist leicht recycelbar.<\/span><\/span><\/span><\/span><\/span><\/p>\n<p>&nbsp;<\/p>\n<p><span style=\"font-family: Times New Roman, serif;\"><span style=\"font-size: medium;\"><span style=\"color: #444444;\"><span style=\"font-family: Arial, serif;\"><span lang=\"de-DE\">Hier unten k\u00f6nnen Sie mehr Informationen \u00fcber dieses POLY\u00c4THYLEN herunterladen. <\/span><\/span><\/span><\/span><\/span>[\/vc_column_text][vc_empty_space][\/vc_column][\/vc_row][vc_row][vc_column][vc_column_text]<\/p>\n<p class=\"western\" lang=\"de-DE\" align=\"justify\"><span style=\"color: #000000;\"><span style=\"font-family: Arial, serif;\"><span style=\"font-size: xx-large;\">HERUNTERLADBARES MATERIAL<\/span><\/span><\/span><\/p>\n<p>[\/vc_column_text][vc_empty_space][\/vc_column][\/vc_row][vc_row][vc_column width=&#8220;1\/4&#8243;][vc_single_image image=&#8220;4344&#8243; img_size=&#8220;full&#8220; alignment=&#8220;center&#8220; style=&#8220;vc_box_border&#8220; onclick=&#8220;custom_link&#8220; img_link_target=&#8220;_blank&#8220; link=&#8220;http:\/\/gmiotto.it\/wp-content\/uploads\/2017\/06\/3-HDPE_56020S_Sicurezza.pdf&#8220;][\/vc_column][vc_column width=&#8220;1\/4&#8243;][vc_single_image image=&#8220;4340&#8243; img_size=&#8220;full&#8220; alignment=&#8220;center&#8220; style=&#8220;vc_box_border&#8220; onclick=&#8220;custom_link&#8220; img_link_target=&#8220;_blank&#8220; link=&#8220;http:\/\/gmiotto.it\/wp-content\/uploads\/2017\/06\/1-HDPE_56020S.pdf&#8220;][\/vc_column][vc_column width=&#8220;1\/4&#8243;][vc_single_image image=&#8220;4336&#8243; img_size=&#8220;full&#8220; alignment=&#8220;center&#8220; style=&#8220;vc_box_border&#8220; onclick=&#8220;custom_link&#8220; img_link_target=&#8220;_blank&#8220; link=&#8220;http:\/\/gmiotto.it\/wp-content\/uploads\/2017\/06\/4-HDPE_56020S_Safety.pdf&#8220;][\/vc_column][\/vc_row]<\/p>\n<\/div>","protected":false},"excerpt":{"rendered":"<p>[vc_row full_width=&#8220;stretch_row&#8220;][vc_column css_animation=&#8220;none&#8220;][vc_column_text]Die schwimmenden W\u00fcrfel Otto werden alle aus Rohmaterial und nicht aus recyceltem Kunststoff hergestellt. Dies macht es uns m\u00f6glich, die beste Qualit\u00e4t auf dem Markt zu haben und immer die h\u00f6chsten Herstellungsstandards unserer Produkte zu garantieren. Das zur Herstellung verwendete Material ist POLY\u00c4THYLEN &#8211; HDPE 56020S von TOTAL, das der europ\u00e4ischen Richtlinie (EU) &hellip;<\/p>\n","protected":false},"author":1,"featured_media":0,"parent":0,"menu_order":0,"comment_status":"closed","ping_status":"closed","template":"","meta":{"footnotes":""},"class_list":["post-6101","page","type-page","status-publish","hentry","no-thumb"],"yoast_head":"<!-- This site is optimized with the Yoast SEO plugin v27.2 - https:\/\/yoast.com\/product\/yoast-seo-wordpress\/ -->\n<title>MATERIAL - OTTO<\/title>\n<meta name=\"robots\" content=\"index, follow, max-snippet:-1, max-image-preview:large, max-video-preview:-1\" \/>\n<link rel=\"canonical\" href=\"https:\/\/gmiotto.it\/de\/materiale\/\" \/>\n<meta property=\"og:locale\" content=\"de_DE\" \/>\n<meta property=\"og:type\" content=\"article\" \/>\n<meta property=\"og:title\" content=\"MATERIAL - OTTO\" \/>\n<meta property=\"og:description\" content=\"[vc_row full_width=&#8220;stretch_row&#8220;][vc_column css_animation=&#8220;none&#8220;][vc_column_text]Die schwimmenden W\u00fcrfel Otto werden alle aus Rohmaterial und nicht aus recyceltem Kunststoff hergestellt. Dies macht es uns m\u00f6glich, die beste Qualit\u00e4t auf dem Markt zu haben und immer die h\u00f6chsten Herstellungsstandards unserer Produkte zu garantieren. Das zur Herstellung verwendete Material ist POLY\u00c4THYLEN &#8211; HDPE 56020S von TOTAL, das der europ\u00e4ischen Richtlinie (EU) &hellip;\" \/>\n<meta property=\"og:url\" content=\"https:\/\/gmiotto.it\/de\/materiale\/\" \/>\n<meta property=\"og:site_name\" content=\"OTTO\" \/>\n<meta property=\"article:modified_time\" content=\"2022-07-13T08:31:46+00:00\" \/>\n<meta name=\"twitter:card\" content=\"summary_large_image\" \/>\n<meta name=\"twitter:label1\" content=\"Gesch\u00e4tzte Lesezeit\" \/>\n\t<meta name=\"twitter:data1\" content=\"2\u00a0Minuten\" \/>\n<script type=\"application\/ld+json\" class=\"yoast-schema-graph\">{\"@context\":\"https:\/\/schema.org\",\"@graph\":[{\"@type\":\"WebPage\",\"@id\":\"https:\/\/gmiotto.it\/de\/materiale\/\",\"url\":\"https:\/\/gmiotto.it\/de\/materiale\/\",\"name\":\"MATERIAL - OTTO\",\"isPartOf\":{\"@id\":\"https:\/\/gmiotto.it\/#website\"},\"datePublished\":\"2017-06-27T10:25:20+00:00\",\"dateModified\":\"2022-07-13T08:31:46+00:00\",\"breadcrumb\":{\"@id\":\"https:\/\/gmiotto.it\/de\/materiale\/#breadcrumb\"},\"inLanguage\":\"de\",\"potentialAction\":[{\"@type\":\"ReadAction\",\"target\":[\"https:\/\/gmiotto.it\/de\/materiale\/\"]}]},{\"@type\":\"BreadcrumbList\",\"@id\":\"https:\/\/gmiotto.it\/de\/materiale\/#breadcrumb\",\"itemListElement\":[{\"@type\":\"ListItem\",\"position\":1,\"name\":\"Home\",\"item\":\"https:\/\/gmiotto.it\/de\/\"},{\"@type\":\"ListItem\",\"position\":2,\"name\":\"MATERIAL\"}]},{\"@type\":\"WebSite\",\"@id\":\"https:\/\/gmiotto.it\/#website\",\"url\":\"https:\/\/gmiotto.it\/\",\"name\":\"OTTO\",\"description\":\"Pontili galleggianti modulari\",\"publisher\":{\"@id\":\"https:\/\/gmiotto.it\/#organization\"},\"potentialAction\":[{\"@type\":\"SearchAction\",\"target\":{\"@type\":\"EntryPoint\",\"urlTemplate\":\"https:\/\/gmiotto.it\/?s={search_term_string}\"},\"query-input\":{\"@type\":\"PropertyValueSpecification\",\"valueRequired\":true,\"valueName\":\"search_term_string\"}}],\"inLanguage\":\"de\"},{\"@type\":\"Organization\",\"@id\":\"https:\/\/gmiotto.it\/#organization\",\"name\":\"Otto sas di Miotto F. & C.\",\"url\":\"https:\/\/gmiotto.it\/\",\"logo\":{\"@type\":\"ImageObject\",\"inLanguage\":\"de\",\"@id\":\"https:\/\/gmiotto.it\/#\/schema\/logo\/image\/\",\"url\":\"http:\/\/gmiotto.it\/wp-content\/uploads\/2018\/06\/logo_rina.png\",\"contentUrl\":\"http:\/\/gmiotto.it\/wp-content\/uploads\/2018\/06\/logo_rina.png\",\"width\":277,\"height\":66,\"caption\":\"Otto sas di Miotto F. & C.\"},\"image\":{\"@id\":\"https:\/\/gmiotto.it\/#\/schema\/logo\/image\/\"}}]}<\/script>\n<!-- \/ Yoast SEO plugin. -->","yoast_head_json":{"title":"MATERIAL - OTTO","robots":{"index":"index","follow":"follow","max-snippet":"max-snippet:-1","max-image-preview":"max-image-preview:large","max-video-preview":"max-video-preview:-1"},"canonical":"https:\/\/gmiotto.it\/de\/materiale\/","og_locale":"de_DE","og_type":"article","og_title":"MATERIAL - OTTO","og_description":"[vc_row full_width=&#8220;stretch_row&#8220;][vc_column css_animation=&#8220;none&#8220;][vc_column_text]Die schwimmenden W\u00fcrfel Otto werden alle aus Rohmaterial und nicht aus recyceltem Kunststoff hergestellt. Dies macht es uns m\u00f6glich, die beste Qualit\u00e4t auf dem Markt zu haben und immer die h\u00f6chsten Herstellungsstandards unserer Produkte zu garantieren. Das zur Herstellung verwendete Material ist POLY\u00c4THYLEN &#8211; HDPE 56020S von TOTAL, das der europ\u00e4ischen Richtlinie (EU) &hellip;","og_url":"https:\/\/gmiotto.it\/de\/materiale\/","og_site_name":"OTTO","article_modified_time":"2022-07-13T08:31:46+00:00","twitter_card":"summary_large_image","twitter_misc":{"Gesch\u00e4tzte Lesezeit":"2\u00a0Minuten"},"schema":{"@context":"https:\/\/schema.org","@graph":[{"@type":"WebPage","@id":"https:\/\/gmiotto.it\/de\/materiale\/","url":"https:\/\/gmiotto.it\/de\/materiale\/","name":"MATERIAL - OTTO","isPartOf":{"@id":"https:\/\/gmiotto.it\/#website"},"datePublished":"2017-06-27T10:25:20+00:00","dateModified":"2022-07-13T08:31:46+00:00","breadcrumb":{"@id":"https:\/\/gmiotto.it\/de\/materiale\/#breadcrumb"},"inLanguage":"de","potentialAction":[{"@type":"ReadAction","target":["https:\/\/gmiotto.it\/de\/materiale\/"]}]},{"@type":"BreadcrumbList","@id":"https:\/\/gmiotto.it\/de\/materiale\/#breadcrumb","itemListElement":[{"@type":"ListItem","position":1,"name":"Home","item":"https:\/\/gmiotto.it\/de\/"},{"@type":"ListItem","position":2,"name":"MATERIAL"}]},{"@type":"WebSite","@id":"https:\/\/gmiotto.it\/#website","url":"https:\/\/gmiotto.it\/","name":"OTTO","description":"Pontili galleggianti modulari","publisher":{"@id":"https:\/\/gmiotto.it\/#organization"},"potentialAction":[{"@type":"SearchAction","target":{"@type":"EntryPoint","urlTemplate":"https:\/\/gmiotto.it\/?s={search_term_string}"},"query-input":{"@type":"PropertyValueSpecification","valueRequired":true,"valueName":"search_term_string"}}],"inLanguage":"de"},{"@type":"Organization","@id":"https:\/\/gmiotto.it\/#organization","name":"Otto sas di Miotto F. & C.","url":"https:\/\/gmiotto.it\/","logo":{"@type":"ImageObject","inLanguage":"de","@id":"https:\/\/gmiotto.it\/#\/schema\/logo\/image\/","url":"http:\/\/gmiotto.it\/wp-content\/uploads\/2018\/06\/logo_rina.png","contentUrl":"http:\/\/gmiotto.it\/wp-content\/uploads\/2018\/06\/logo_rina.png","width":277,"height":66,"caption":"Otto sas di Miotto F. & C."},"image":{"@id":"https:\/\/gmiotto.it\/#\/schema\/logo\/image\/"}}]}},"_links":{"self":[{"href":"https:\/\/gmiotto.it\/de\/wp-json\/wp\/v2\/pages\/6101","targetHints":{"allow":["GET"]}}],"collection":[{"href":"https:\/\/gmiotto.it\/de\/wp-json\/wp\/v2\/pages"}],"about":[{"href":"https:\/\/gmiotto.it\/de\/wp-json\/wp\/v2\/types\/page"}],"author":[{"embeddable":true,"href":"https:\/\/gmiotto.it\/de\/wp-json\/wp\/v2\/users\/1"}],"replies":[{"embeddable":true,"href":"https:\/\/gmiotto.it\/de\/wp-json\/wp\/v2\/comments?post=6101"}],"version-history":[{"count":0,"href":"https:\/\/gmiotto.it\/de\/wp-json\/wp\/v2\/pages\/6101\/revisions"}],"wp:attachment":[{"href":"https:\/\/gmiotto.it\/de\/wp-json\/wp\/v2\/media?parent=6101"}],"curies":[{"name":"wp","href":"https:\/\/api.w.org\/{rel}","templated":true}]}}