{"id":6115,"date":"2017-06-27T10:23:06","date_gmt":"2017-06-27T08:23:06","guid":{"rendered":"http:\/\/gmiotto.it\/produzione\/"},"modified":"2019-02-07T17:00:17","modified_gmt":"2019-02-07T16:00:17","slug":"produzione","status":"publish","type":"page","link":"https:\/\/gmiotto.it\/de\/produzione\/","title":{"rendered":"PRODUKTION"},"content":{"rendered":"<div class=\"wpb-content-wrapper\"><p>[vc_row][vc_column width=&#8220;1\/2&#8243;][vc_column_text]<span style=\"font-family: Times New Roman, serif;\"><span style=\"font-size: medium;\"><span style=\"color: #444444;\"><span style=\"font-family: Arial, serif;\"><span lang=\"de-DE\">Die schwimmenden W\u00fcrfel Otto aus POLY\u00c4THYLEN &#8211; HDPE 56020S von TOTAL werden mit einem Blasverfahren hergestellt, um die gleichm\u00e4\u00dfige Verteilung des Materials auf der gesamten Pressformoberfl\u00e4che zu garantieren.<\/span><\/span><\/span><\/span><\/span><\/p>\n<p><a name=\"_Hlk531893495\"><\/a> <span style=\"font-family: Times New Roman, serif;\"><span style=\"font-size: medium;\"><span style=\"color: #444444;\"><span style=\"font-family: Arial, serif;\"><span lang=\"de-DE\">Jeder Block wird mit einem einzigen Formen hergestellt, mit der Injektion von Druckluft in die Pressform, was es dem HDPE-Strumpf erm\u00f6glicht, sich gleichf\u00f6rmig auszudehnen und \u00fcberall dieselbe St\u00e4rke zu haben.<\/span><\/span><\/span><\/span><\/span><\/p>\n<p><span style=\"font-family: Times New Roman, serif;\"><span style=\"font-size: medium;\"><span style=\"color: #444444;\"><span style=\"font-family: Arial, serif;\"><span lang=\"de-DE\">Dann wird der W\u00fcrfel aus der Pressform genommen, das gesamte \u00fcbersch\u00fcssige Material wird entfernt und an den Verbindungsstellen der Pressform, den L\u00f6chern der \u00d6sen und der Verschluss\u00f6ffnung wird der W\u00fcrfel mit einem Papiermesser und unter Verwendung einer Flamme \u00fcberarbeitet, um Kanten jegliche Art oder Unebenheiten der Oberfl\u00e4che zu beseitigen.<\/span><\/span><\/span><\/span><\/span><\/p>\n<p><span style=\"font-family: Times New Roman, serif;\"><span style=\"font-size: medium;\"><span style=\"color: #444444;\"><span style=\"font-family: Arial, serif;\"><span lang=\"de-DE\">Das Video am Rand zeigt alle Produktionsphasen.<\/span><\/span><\/span><\/span><\/span>[\/vc_column_text][\/vc_column][vc_column width=&#8220;1\/2&#8243;][vc_video link=&#8220;https:\/\/youtu.be\/sJHKSbAx0h0&#8243; el_aspect=&#8220;43&#8243; align=&#8220;center&#8220;][\/vc_column][\/vc_row]<\/p>\n<\/div>","protected":false},"excerpt":{"rendered":"<p>[vc_row][vc_column width=&#8220;1\/2&#8243;][vc_column_text]Die schwimmenden W\u00fcrfel Otto aus POLY\u00c4THYLEN &#8211; HDPE 56020S von TOTAL werden mit einem Blasverfahren hergestellt, um die gleichm\u00e4\u00dfige Verteilung des Materials auf der gesamten Pressformoberfl\u00e4che zu garantieren. Jeder Block wird mit einem einzigen Formen hergestellt, mit der Injektion von Druckluft in die Pressform, was es dem HDPE-Strumpf erm\u00f6glicht, sich gleichf\u00f6rmig auszudehnen und \u00fcberall &hellip;<\/p>\n","protected":false},"author":1,"featured_media":0,"parent":0,"menu_order":0,"comment_status":"closed","ping_status":"closed","template":"","meta":{"footnotes":""},"class_list":["post-6115","page","type-page","status-publish","hentry","no-thumb"],"yoast_head":"<!-- This site is optimized with the Yoast SEO plugin v27.3 - https:\/\/yoast.com\/product\/yoast-seo-wordpress\/ -->\n<title>PRODUKTION - OTTO<\/title>\n<meta name=\"robots\" content=\"index, follow, max-snippet:-1, max-image-preview:large, max-video-preview:-1\" \/>\n<link rel=\"canonical\" href=\"https:\/\/gmiotto.it\/de\/produzione\/\" \/>\n<meta property=\"og:locale\" content=\"de_DE\" \/>\n<meta property=\"og:type\" content=\"article\" \/>\n<meta property=\"og:title\" content=\"PRODUKTION - OTTO\" \/>\n<meta property=\"og:description\" content=\"[vc_row][vc_column width=&#8220;1\/2&#8243;][vc_column_text]Die schwimmenden W\u00fcrfel Otto aus POLY\u00c4THYLEN &#8211; HDPE 56020S von TOTAL werden mit einem Blasverfahren hergestellt, um die gleichm\u00e4\u00dfige Verteilung des Materials auf der gesamten Pressformoberfl\u00e4che zu garantieren. Jeder Block wird mit einem einzigen Formen hergestellt, mit der Injektion von Druckluft in die Pressform, was es dem HDPE-Strumpf erm\u00f6glicht, sich gleichf\u00f6rmig auszudehnen und \u00fcberall &hellip;\" \/>\n<meta property=\"og:url\" content=\"https:\/\/gmiotto.it\/de\/produzione\/\" \/>\n<meta property=\"og:site_name\" content=\"OTTO\" \/>\n<meta property=\"article:modified_time\" content=\"2019-02-07T16:00:17+00:00\" \/>\n<meta name=\"twitter:card\" content=\"summary_large_image\" \/>\n<meta name=\"twitter:label1\" content=\"Gesch\u00e4tzte Lesezeit\" \/>\n\t<meta name=\"twitter:data1\" content=\"1\u00a0Minute\" \/>\n<script type=\"application\/ld+json\" class=\"yoast-schema-graph\">{\"@context\":\"https:\\\/\\\/schema.org\",\"@graph\":[{\"@type\":\"WebPage\",\"@id\":\"https:\\\/\\\/gmiotto.it\\\/de\\\/produzione\\\/\",\"url\":\"https:\\\/\\\/gmiotto.it\\\/de\\\/produzione\\\/\",\"name\":\"PRODUKTION - OTTO\",\"isPartOf\":{\"@id\":\"https:\\\/\\\/gmiotto.it\\\/#website\"},\"datePublished\":\"2017-06-27T08:23:06+00:00\",\"dateModified\":\"2019-02-07T16:00:17+00:00\",\"breadcrumb\":{\"@id\":\"https:\\\/\\\/gmiotto.it\\\/de\\\/produzione\\\/#breadcrumb\"},\"inLanguage\":\"de\",\"potentialAction\":[{\"@type\":\"ReadAction\",\"target\":[\"https:\\\/\\\/gmiotto.it\\\/de\\\/produzione\\\/\"]}]},{\"@type\":\"BreadcrumbList\",\"@id\":\"https:\\\/\\\/gmiotto.it\\\/de\\\/produzione\\\/#breadcrumb\",\"itemListElement\":[{\"@type\":\"ListItem\",\"position\":1,\"name\":\"Home\",\"item\":\"https:\\\/\\\/gmiotto.it\\\/de\\\/\"},{\"@type\":\"ListItem\",\"position\":2,\"name\":\"PRODUKTION\"}]},{\"@type\":\"WebSite\",\"@id\":\"https:\\\/\\\/gmiotto.it\\\/#website\",\"url\":\"https:\\\/\\\/gmiotto.it\\\/\",\"name\":\"OTTO\",\"description\":\"Pontili galleggianti modulari\",\"publisher\":{\"@id\":\"https:\\\/\\\/gmiotto.it\\\/#organization\"},\"potentialAction\":[{\"@type\":\"SearchAction\",\"target\":{\"@type\":\"EntryPoint\",\"urlTemplate\":\"https:\\\/\\\/gmiotto.it\\\/?s={search_term_string}\"},\"query-input\":{\"@type\":\"PropertyValueSpecification\",\"valueRequired\":true,\"valueName\":\"search_term_string\"}}],\"inLanguage\":\"de\"},{\"@type\":\"Organization\",\"@id\":\"https:\\\/\\\/gmiotto.it\\\/#organization\",\"name\":\"Otto sas di Miotto F. & C.\",\"url\":\"https:\\\/\\\/gmiotto.it\\\/\",\"logo\":{\"@type\":\"ImageObject\",\"inLanguage\":\"de\",\"@id\":\"https:\\\/\\\/gmiotto.it\\\/#\\\/schema\\\/logo\\\/image\\\/\",\"url\":\"http:\\\/\\\/gmiotto.it\\\/wp-content\\\/uploads\\\/2018\\\/06\\\/logo_rina.png\",\"contentUrl\":\"http:\\\/\\\/gmiotto.it\\\/wp-content\\\/uploads\\\/2018\\\/06\\\/logo_rina.png\",\"width\":277,\"height\":66,\"caption\":\"Otto sas di Miotto F. & C.\"},\"image\":{\"@id\":\"https:\\\/\\\/gmiotto.it\\\/#\\\/schema\\\/logo\\\/image\\\/\"}}]}<\/script>\n<!-- \/ Yoast SEO plugin. -->","yoast_head_json":{"title":"PRODUKTION - OTTO","robots":{"index":"index","follow":"follow","max-snippet":"max-snippet:-1","max-image-preview":"max-image-preview:large","max-video-preview":"max-video-preview:-1"},"canonical":"https:\/\/gmiotto.it\/de\/produzione\/","og_locale":"de_DE","og_type":"article","og_title":"PRODUKTION - OTTO","og_description":"[vc_row][vc_column width=&#8220;1\/2&#8243;][vc_column_text]Die schwimmenden W\u00fcrfel Otto aus POLY\u00c4THYLEN &#8211; HDPE 56020S von TOTAL werden mit einem Blasverfahren hergestellt, um die gleichm\u00e4\u00dfige Verteilung des Materials auf der gesamten Pressformoberfl\u00e4che zu garantieren. Jeder Block wird mit einem einzigen Formen hergestellt, mit der Injektion von Druckluft in die Pressform, was es dem HDPE-Strumpf erm\u00f6glicht, sich gleichf\u00f6rmig auszudehnen und \u00fcberall &hellip;","og_url":"https:\/\/gmiotto.it\/de\/produzione\/","og_site_name":"OTTO","article_modified_time":"2019-02-07T16:00:17+00:00","twitter_card":"summary_large_image","twitter_misc":{"Gesch\u00e4tzte Lesezeit":"1\u00a0Minute"},"schema":{"@context":"https:\/\/schema.org","@graph":[{"@type":"WebPage","@id":"https:\/\/gmiotto.it\/de\/produzione\/","url":"https:\/\/gmiotto.it\/de\/produzione\/","name":"PRODUKTION - OTTO","isPartOf":{"@id":"https:\/\/gmiotto.it\/#website"},"datePublished":"2017-06-27T08:23:06+00:00","dateModified":"2019-02-07T16:00:17+00:00","breadcrumb":{"@id":"https:\/\/gmiotto.it\/de\/produzione\/#breadcrumb"},"inLanguage":"de","potentialAction":[{"@type":"ReadAction","target":["https:\/\/gmiotto.it\/de\/produzione\/"]}]},{"@type":"BreadcrumbList","@id":"https:\/\/gmiotto.it\/de\/produzione\/#breadcrumb","itemListElement":[{"@type":"ListItem","position":1,"name":"Home","item":"https:\/\/gmiotto.it\/de\/"},{"@type":"ListItem","position":2,"name":"PRODUKTION"}]},{"@type":"WebSite","@id":"https:\/\/gmiotto.it\/#website","url":"https:\/\/gmiotto.it\/","name":"OTTO","description":"Pontili galleggianti modulari","publisher":{"@id":"https:\/\/gmiotto.it\/#organization"},"potentialAction":[{"@type":"SearchAction","target":{"@type":"EntryPoint","urlTemplate":"https:\/\/gmiotto.it\/?s={search_term_string}"},"query-input":{"@type":"PropertyValueSpecification","valueRequired":true,"valueName":"search_term_string"}}],"inLanguage":"de"},{"@type":"Organization","@id":"https:\/\/gmiotto.it\/#organization","name":"Otto sas di Miotto F. & C.","url":"https:\/\/gmiotto.it\/","logo":{"@type":"ImageObject","inLanguage":"de","@id":"https:\/\/gmiotto.it\/#\/schema\/logo\/image\/","url":"http:\/\/gmiotto.it\/wp-content\/uploads\/2018\/06\/logo_rina.png","contentUrl":"http:\/\/gmiotto.it\/wp-content\/uploads\/2018\/06\/logo_rina.png","width":277,"height":66,"caption":"Otto sas di Miotto F. & C."},"image":{"@id":"https:\/\/gmiotto.it\/#\/schema\/logo\/image\/"}}]}},"_links":{"self":[{"href":"https:\/\/gmiotto.it\/de\/wp-json\/wp\/v2\/pages\/6115","targetHints":{"allow":["GET"]}}],"collection":[{"href":"https:\/\/gmiotto.it\/de\/wp-json\/wp\/v2\/pages"}],"about":[{"href":"https:\/\/gmiotto.it\/de\/wp-json\/wp\/v2\/types\/page"}],"author":[{"embeddable":true,"href":"https:\/\/gmiotto.it\/de\/wp-json\/wp\/v2\/users\/1"}],"replies":[{"embeddable":true,"href":"https:\/\/gmiotto.it\/de\/wp-json\/wp\/v2\/comments?post=6115"}],"version-history":[{"count":0,"href":"https:\/\/gmiotto.it\/de\/wp-json\/wp\/v2\/pages\/6115\/revisions"}],"wp:attachment":[{"href":"https:\/\/gmiotto.it\/de\/wp-json\/wp\/v2\/media?parent=6115"}],"curies":[{"name":"wp","href":"https:\/\/api.w.org\/{rel}","templated":true}]}}