{"id":6118,"date":"2017-06-12T16:45:06","date_gmt":"2017-06-12T14:45:06","guid":{"rendered":"http:\/\/gmiotto.it\/dati-tecnici-cubi-galleggianti-otto\/"},"modified":"2022-07-13T10:37:18","modified_gmt":"2022-07-13T08:37:18","slug":"dati-tecnici-cubi-galleggianti-otto","status":"publish","type":"page","link":"https:\/\/gmiotto.it\/de\/dati-tecnici-cubi-galleggianti-otto\/","title":{"rendered":"Qualit\u00e4t"},"content":{"rendered":"<div class=\"wpb-content-wrapper\"><p>[vc_section el_class=&#8220;panel panel-default&#8220;][vc_row][vc_column width=&#8220;1\/2&#8243;][vc_column_text]<\/p>\n<p class=\"western\" lang=\"de-DE\"><span style=\"color: #444444;\"><span style=\"font-family: Roboto, serif;\"><span style=\"font-size: medium;\">Die Qualit\u00e4t unseres schwimmenden Modularsystems haben auch die an der Universit\u00e4t Padua durchgef\u00fchrten Tests best\u00e4tigt. Dabei wurden unsere Elemente mit den Ausma\u00dfen 100x50x40 cm und 50x50x40 cm gepr\u00fcft und bis zum Erreichen des Bruchpunkts belastet.<\/span><\/span><\/span><\/p>\n<p class=\"western\" lang=\"de-DE\"><span style=\"color: #444444;\"><span style=\"font-family: Roboto, serif;\"><span style=\"font-size: medium;\">Tragf\u00e4higkeit:<\/span><\/span><\/span><\/p>\n<p class=\"western\" lang=\"de-DE\"><span style=\"color: #444444;\"><span style=\"font-family: Roboto, serif;\"><span style=\"font-size: medium;\">350 kg\/m<\/span><\/span><\/span><span style=\"color: #444444;\"><sup><span style=\"font-family: Roboto, serif;\"><span style=\"font-size: xx-small;\">2<\/span><\/span><\/sup><\/span><span style=\"color: #444444;\"><span style=\"font-family: Roboto, serif;\"><span style=\"font-size: medium;\"> einfache Schicht<\/span><\/span><\/span><\/p>\n<p class=\"western\" lang=\"de-DE\"><span style=\"color: #444444;\"><span style=\"font-family: Roboto, serif;\"><span style=\"font-size: medium;\">700 kg\/m<\/span><\/span><\/span><span style=\"color: #444444;\"><sup><span style=\"font-family: Roboto, serif;\"><span style=\"font-size: xx-small;\">2<\/span><\/span><\/sup><\/span><span style=\"color: #444444;\"><span style=\"font-family: Roboto, serif;\"><span style=\"font-size: medium;\"> zweifache Schicht<\/span><\/span><\/span><\/p>\n<p class=\"western\" lang=\"de-DE\"><span style=\"color: #444444;\"><span style=\"font-family: Roboto, serif;\"><span style=\"font-size: medium;\">1 050 kg\/m<\/span><\/span><\/span><span style=\"color: #444444;\"><sup><span style=\"font-family: Roboto, serif;\"><span style=\"font-size: xx-small;\">2<\/span><\/span><\/sup><\/span><span style=\"color: #444444;\"><span style=\"font-family: Roboto, serif;\"><span style=\"font-size: medium;\"> dreifache Schicht<\/span><\/span><\/span><\/p>\n<p class=\"western\" lang=\"de-DE\"><span style=\"color: #444444;\"><span style=\"font-family: Roboto, serif;\"><span style=\"font-size: medium;\">Temperaturbest\u00e4ndigkeit:<\/span><\/span><\/span><\/p>\n<p class=\"western\" lang=\"de-DE\"><span style=\"color: #444444;\"><span style=\"font-family: Roboto, serif;\"><span style=\"font-size: medium;\">60\u00b0 \/ +80\u00b0<\/span><\/span><\/span><\/p>\n<p class=\"western\" lang=\"de-DE\"><span style=\"color: #444444;\"><span style=\"font-family: Roboto, serif;\"><span style=\"font-size: medium;\">Hier unten k\u00f6nnen Sie den vollst\u00e4ndigen Testbericht und die ISO-Zertifizierungen herunterladen.<\/span><\/span><\/span><\/p>\n<p>[\/vc_column_text][\/vc_column][vc_column width=&#8220;1\/2&#8243;][vc_media_grid gap=&#8220;30&#8243; item=&#8220;masonryMedia_BorderedScale&#8220; initial_loading_animation=&#8220;slideInDown&#8220; grid_id=&#8220;vc_gid:1657701401898-888f7ef275c347303c1c11bf551940c2-3&#8243; include=&#8220;3680,3676,3672,3896,3900,3904,3908,3912,3916&#8243;][vc_media_grid element_width=&#8220;6&#8243; gap=&#8220;30&#8243; item=&#8220;masonryMedia_BorderedScale&#8220; initial_loading_animation=&#8220;slideInDown&#8220; grid_id=&#8220;vc_gid:1657701401928-07eed7f006e3b2556faa472a1b1e2356-1&#8243; include=&#8220;3920,3924&#8243;][vc_column_text css_animation=&#8220;slideInDown&#8220;]<small>Prove di resistenza sui cubi galleggianti Otto, effettuate presso l&#8217;Universit\u00e0 di Padova<\/small>[\/vc_column_text][\/vc_column][\/vc_row][\/vc_section][vc_section el_class=&#8220;panel panel-default&#8220;][vc_row][vc_column][vc_column_text]<\/p>\n<h3 class=\"western\" lang=\"de-DE\" align=\"center\"><span style=\"color: #000000;\"><span style=\"font-family: Arial, serif;\"><span style=\"font-size: xx-large;\">HERUNTERLADBARE UNTERLAGEN<\/span><\/span><\/span><\/h3>\n<p align=\"center\"><span style=\"font-family: Times New Roman, serif;\"><span style=\"font-size: medium;\"><span lang=\"de-DE\">Frei herunterladbare Unterlagen \u00fcber die Zertifizierungen, die die hohen Qualit\u00e4tsstandards unserer <\/span><span lang=\"de-DE\"><b>schwimmenden W\u00fcrfel OTTO<\/b><\/span><span lang=\"de-DE\"> best\u00e4tigen. <\/span><\/span><\/span><\/p>\n<p>[\/vc_column_text][\/vc_column][\/vc_row][vc_row][vc_column width=&#8220;1\/4&#8243;][vc_single_image image=&#8220;3696&#8243; img_size=&#8220;full&#8220; alignment=&#8220;center&#8220; style=&#8220;vc_box_border&#8220; onclick=&#8220;custom_link&#8220; img_link_target=&#8220;_blank&#8220; link=&#8220;http:\/\/gmiotto.it\/wp-content\/uploads\/2017\/06\/ISO_Flero_ITA.pdf&#8220;][\/vc_column][vc_column width=&#8220;1\/4&#8243;][vc_single_image image=&#8220;3692&#8243; img_size=&#8220;full&#8220; alignment=&#8220;center&#8220; style=&#8220;vc_box_border&#8220; onclick=&#8220;custom_link&#8220; img_link_target=&#8220;_blank&#8220; link=&#8220;http:\/\/gmiotto.it\/wp-content\/uploads\/2017\/06\/ISO_Gattico_ITA.pdf&#8220;][\/vc_column][vc_column width=&#8220;1\/4&#8243;][vc_single_image image=&#8220;3688&#8243; img_size=&#8220;full&#8220; alignment=&#8220;center&#8220; style=&#8220;vc_box_border&#8220; onclick=&#8220;custom_link&#8220; img_link_target=&#8220;_blank&#8220; link=&#8220;..\/wp-content\/uploads\/2017\/06\/Cert.-CE-ITA.pdf&#8220;][\/vc_column][vc_column width=&#8220;1\/4&#8243;][vc_single_image image=&#8220;3700&#8243; img_size=&#8220;full&#8220; alignment=&#8220;center&#8220; style=&#8220;vc_box_border&#8220; onclick=&#8220;custom_link&#8220; img_link_target=&#8220;_blank&#8220; link=&#8220;http:\/\/gmiotto.it\/wp-content\/uploads\/2017\/06\/Test-Report-ITA.pdf&#8220;][\/vc_column][\/vc_row][\/vc_section]<\/p>\n<\/div>","protected":false},"excerpt":{"rendered":"<p>[vc_section el_class=&#8220;panel panel-default&#8220;][vc_row][vc_column width=&#8220;1\/2&#8243;][vc_column_text] Die Qualit\u00e4t unseres schwimmenden Modularsystems haben auch die an der Universit\u00e4t Padua durchgef\u00fchrten Tests best\u00e4tigt. Dabei wurden unsere Elemente mit den Ausma\u00dfen 100x50x40 cm und 50x50x40 cm gepr\u00fcft und bis zum Erreichen des Bruchpunkts belastet. Tragf\u00e4higkeit: 350 kg\/m2 einfache Schicht 700 kg\/m2 zweifache Schicht 1 050 kg\/m2 dreifache Schicht Temperaturbest\u00e4ndigkeit: 60\u00b0 &hellip;<\/p>\n","protected":false},"author":1,"featured_media":0,"parent":0,"menu_order":0,"comment_status":"closed","ping_status":"closed","template":"","meta":{"footnotes":""},"class_list":["post-6118","page","type-page","status-publish","hentry","no-thumb"],"yoast_head":"<!-- This site is optimized with the Yoast SEO plugin v27.2 - https:\/\/yoast.com\/product\/yoast-seo-wordpress\/ -->\n<title>Qualit\u00e4t - OTTO<\/title>\n<meta name=\"robots\" content=\"index, follow, max-snippet:-1, max-image-preview:large, max-video-preview:-1\" \/>\n<link rel=\"canonical\" href=\"https:\/\/gmiotto.it\/de\/dati-tecnici-cubi-galleggianti-otto\/\" \/>\n<meta property=\"og:locale\" content=\"de_DE\" \/>\n<meta property=\"og:type\" content=\"article\" \/>\n<meta property=\"og:title\" content=\"Qualit\u00e4t - OTTO\" \/>\n<meta property=\"og:description\" content=\"[vc_section el_class=&#8220;panel panel-default&#8220;][vc_row][vc_column width=&#8220;1\/2&#8243;][vc_column_text] Die Qualit\u00e4t unseres schwimmenden Modularsystems haben auch die an der Universit\u00e4t Padua durchgef\u00fchrten Tests best\u00e4tigt. Dabei wurden unsere Elemente mit den Ausma\u00dfen 100x50x40 cm und 50x50x40 cm gepr\u00fcft und bis zum Erreichen des Bruchpunkts belastet. Tragf\u00e4higkeit: 350 kg\/m2 einfache Schicht 700 kg\/m2 zweifache Schicht 1 050 kg\/m2 dreifache Schicht Temperaturbest\u00e4ndigkeit: 60\u00b0 &hellip;\" \/>\n<meta property=\"og:url\" content=\"https:\/\/gmiotto.it\/de\/dati-tecnici-cubi-galleggianti-otto\/\" \/>\n<meta property=\"og:site_name\" content=\"OTTO\" \/>\n<meta property=\"article:modified_time\" content=\"2022-07-13T08:37:18+00:00\" \/>\n<meta name=\"twitter:card\" content=\"summary_large_image\" \/>\n<meta name=\"twitter:label1\" content=\"Gesch\u00e4tzte Lesezeit\" \/>\n\t<meta name=\"twitter:data1\" content=\"2\u00a0Minuten\" \/>\n<script type=\"application\/ld+json\" class=\"yoast-schema-graph\">{\"@context\":\"https:\/\/schema.org\",\"@graph\":[{\"@type\":\"WebPage\",\"@id\":\"https:\/\/gmiotto.it\/de\/dati-tecnici-cubi-galleggianti-otto\/\",\"url\":\"https:\/\/gmiotto.it\/de\/dati-tecnici-cubi-galleggianti-otto\/\",\"name\":\"Qualit\u00e4t - OTTO\",\"isPartOf\":{\"@id\":\"https:\/\/gmiotto.it\/#website\"},\"datePublished\":\"2017-06-12T14:45:06+00:00\",\"dateModified\":\"2022-07-13T08:37:18+00:00\",\"breadcrumb\":{\"@id\":\"https:\/\/gmiotto.it\/de\/dati-tecnici-cubi-galleggianti-otto\/#breadcrumb\"},\"inLanguage\":\"de\",\"potentialAction\":[{\"@type\":\"ReadAction\",\"target\":[\"https:\/\/gmiotto.it\/de\/dati-tecnici-cubi-galleggianti-otto\/\"]}]},{\"@type\":\"BreadcrumbList\",\"@id\":\"https:\/\/gmiotto.it\/de\/dati-tecnici-cubi-galleggianti-otto\/#breadcrumb\",\"itemListElement\":[{\"@type\":\"ListItem\",\"position\":1,\"name\":\"Home\",\"item\":\"https:\/\/gmiotto.it\/de\/\"},{\"@type\":\"ListItem\",\"position\":2,\"name\":\"Qualit\u00e4t\"}]},{\"@type\":\"WebSite\",\"@id\":\"https:\/\/gmiotto.it\/#website\",\"url\":\"https:\/\/gmiotto.it\/\",\"name\":\"OTTO\",\"description\":\"Pontili galleggianti modulari\",\"publisher\":{\"@id\":\"https:\/\/gmiotto.it\/#organization\"},\"potentialAction\":[{\"@type\":\"SearchAction\",\"target\":{\"@type\":\"EntryPoint\",\"urlTemplate\":\"https:\/\/gmiotto.it\/?s={search_term_string}\"},\"query-input\":{\"@type\":\"PropertyValueSpecification\",\"valueRequired\":true,\"valueName\":\"search_term_string\"}}],\"inLanguage\":\"de\"},{\"@type\":\"Organization\",\"@id\":\"https:\/\/gmiotto.it\/#organization\",\"name\":\"Otto sas di Miotto F. & C.\",\"url\":\"https:\/\/gmiotto.it\/\",\"logo\":{\"@type\":\"ImageObject\",\"inLanguage\":\"de\",\"@id\":\"https:\/\/gmiotto.it\/#\/schema\/logo\/image\/\",\"url\":\"http:\/\/gmiotto.it\/wp-content\/uploads\/2018\/06\/logo_rina.png\",\"contentUrl\":\"http:\/\/gmiotto.it\/wp-content\/uploads\/2018\/06\/logo_rina.png\",\"width\":277,\"height\":66,\"caption\":\"Otto sas di Miotto F. & C.\"},\"image\":{\"@id\":\"https:\/\/gmiotto.it\/#\/schema\/logo\/image\/\"}}]}<\/script>\n<!-- \/ Yoast SEO plugin. -->","yoast_head_json":{"title":"Qualit\u00e4t - OTTO","robots":{"index":"index","follow":"follow","max-snippet":"max-snippet:-1","max-image-preview":"max-image-preview:large","max-video-preview":"max-video-preview:-1"},"canonical":"https:\/\/gmiotto.it\/de\/dati-tecnici-cubi-galleggianti-otto\/","og_locale":"de_DE","og_type":"article","og_title":"Qualit\u00e4t - OTTO","og_description":"[vc_section el_class=&#8220;panel panel-default&#8220;][vc_row][vc_column width=&#8220;1\/2&#8243;][vc_column_text] Die Qualit\u00e4t unseres schwimmenden Modularsystems haben auch die an der Universit\u00e4t Padua durchgef\u00fchrten Tests best\u00e4tigt. Dabei wurden unsere Elemente mit den Ausma\u00dfen 100x50x40 cm und 50x50x40 cm gepr\u00fcft und bis zum Erreichen des Bruchpunkts belastet. Tragf\u00e4higkeit: 350 kg\/m2 einfache Schicht 700 kg\/m2 zweifache Schicht 1 050 kg\/m2 dreifache Schicht Temperaturbest\u00e4ndigkeit: 60\u00b0 &hellip;","og_url":"https:\/\/gmiotto.it\/de\/dati-tecnici-cubi-galleggianti-otto\/","og_site_name":"OTTO","article_modified_time":"2022-07-13T08:37:18+00:00","twitter_card":"summary_large_image","twitter_misc":{"Gesch\u00e4tzte Lesezeit":"2\u00a0Minuten"},"schema":{"@context":"https:\/\/schema.org","@graph":[{"@type":"WebPage","@id":"https:\/\/gmiotto.it\/de\/dati-tecnici-cubi-galleggianti-otto\/","url":"https:\/\/gmiotto.it\/de\/dati-tecnici-cubi-galleggianti-otto\/","name":"Qualit\u00e4t - OTTO","isPartOf":{"@id":"https:\/\/gmiotto.it\/#website"},"datePublished":"2017-06-12T14:45:06+00:00","dateModified":"2022-07-13T08:37:18+00:00","breadcrumb":{"@id":"https:\/\/gmiotto.it\/de\/dati-tecnici-cubi-galleggianti-otto\/#breadcrumb"},"inLanguage":"de","potentialAction":[{"@type":"ReadAction","target":["https:\/\/gmiotto.it\/de\/dati-tecnici-cubi-galleggianti-otto\/"]}]},{"@type":"BreadcrumbList","@id":"https:\/\/gmiotto.it\/de\/dati-tecnici-cubi-galleggianti-otto\/#breadcrumb","itemListElement":[{"@type":"ListItem","position":1,"name":"Home","item":"https:\/\/gmiotto.it\/de\/"},{"@type":"ListItem","position":2,"name":"Qualit\u00e4t"}]},{"@type":"WebSite","@id":"https:\/\/gmiotto.it\/#website","url":"https:\/\/gmiotto.it\/","name":"OTTO","description":"Pontili galleggianti modulari","publisher":{"@id":"https:\/\/gmiotto.it\/#organization"},"potentialAction":[{"@type":"SearchAction","target":{"@type":"EntryPoint","urlTemplate":"https:\/\/gmiotto.it\/?s={search_term_string}"},"query-input":{"@type":"PropertyValueSpecification","valueRequired":true,"valueName":"search_term_string"}}],"inLanguage":"de"},{"@type":"Organization","@id":"https:\/\/gmiotto.it\/#organization","name":"Otto sas di Miotto F. & C.","url":"https:\/\/gmiotto.it\/","logo":{"@type":"ImageObject","inLanguage":"de","@id":"https:\/\/gmiotto.it\/#\/schema\/logo\/image\/","url":"http:\/\/gmiotto.it\/wp-content\/uploads\/2018\/06\/logo_rina.png","contentUrl":"http:\/\/gmiotto.it\/wp-content\/uploads\/2018\/06\/logo_rina.png","width":277,"height":66,"caption":"Otto sas di Miotto F. & C."},"image":{"@id":"https:\/\/gmiotto.it\/#\/schema\/logo\/image\/"}}]}},"_links":{"self":[{"href":"https:\/\/gmiotto.it\/de\/wp-json\/wp\/v2\/pages\/6118","targetHints":{"allow":["GET"]}}],"collection":[{"href":"https:\/\/gmiotto.it\/de\/wp-json\/wp\/v2\/pages"}],"about":[{"href":"https:\/\/gmiotto.it\/de\/wp-json\/wp\/v2\/types\/page"}],"author":[{"embeddable":true,"href":"https:\/\/gmiotto.it\/de\/wp-json\/wp\/v2\/users\/1"}],"replies":[{"embeddable":true,"href":"https:\/\/gmiotto.it\/de\/wp-json\/wp\/v2\/comments?post=6118"}],"version-history":[{"count":0,"href":"https:\/\/gmiotto.it\/de\/wp-json\/wp\/v2\/pages\/6118\/revisions"}],"wp:attachment":[{"href":"https:\/\/gmiotto.it\/de\/wp-json\/wp\/v2\/media?parent=6118"}],"curies":[{"name":"wp","href":"https:\/\/api.w.org\/{rel}","templated":true}]}}