{"id":6121,"date":"2017-06-21T10:18:09","date_gmt":"2017-06-21T08:18:09","guid":{"rendered":"http:\/\/gmiotto.it\/sistemi-di-ancoraggio\/"},"modified":"2019-02-07T17:22:47","modified_gmt":"2019-02-07T16:22:47","slug":"sistemi-di-ancoraggio","status":"publish","type":"page","link":"https:\/\/gmiotto.it\/de\/sistemi-di-ancoraggio\/","title":{"rendered":"verankerungssysteme otto"},"content":{"rendered":"<div class=\"wpb-content-wrapper\"><p>[vc_section el_class=&#8220;panel panel-default&#8220;][vc_row][vc_column width=&#8220;1\/2&#8243;][vc_column_text]<\/p>\n<h3 class=\"western\" lang=\"de-DE\"><span style=\"color: #000000;\"><span style=\"font-family: Arial, serif;\"><span style=\"font-size: xx-large;\">verankerungssysteme otto<\/span><\/span><\/span><\/h3>\n<p><span style=\"font-family: Times New Roman, serif;\"><span style=\"font-size: medium;\"><span style=\"color: #444444;\"><span style=\"font-family: Arial, serif;\"><span lang=\"de-DE\">Die Firma <\/span><\/span><\/span><span style=\"color: #444444;\"><span style=\"font-family: Arial, serif;\"><span lang=\"de-DE\"><b>Otto<\/b><\/span><\/span><\/span><span style=\"color: #444444;\"><span style=\"font-family: Arial, serif;\"><span lang=\"de-DE\"> ist unter den Herstellern von <\/span><\/span><\/span><span style=\"color: #444444;\"><span style=\"font-family: Arial, serif;\"><span lang=\"de-DE\"><b>in Italien produzierten<\/b><\/span><\/span><\/span> <span style=\"color: #444444;\"><span style=\"font-family: Arial, serif;\"><span lang=\"de-DE\"><b>schwimmenden W\u00fcrfeln<\/b><\/span><\/span><\/span><span style=\"color: #444444;\"><span style=\"font-family: Arial, serif;\"><span lang=\"de-DE\"> f\u00fchrend<\/span><\/span><\/span><span style=\"color: #444444;\"><span style=\"font-family: Arial, serif;\"><span lang=\"de-DE\"><b>, <\/b><\/span><\/span><\/span><span style=\"color: #444444;\"><span style=\"font-family: Arial, serif;\"><span lang=\"de-DE\">sie ist auf internationaler Ebene der wichtigste italienische Hersteller.<\/span><\/span><\/span><\/span><\/span><\/p>\n<p><span style=\"font-family: Times New Roman, serif;\"><span style=\"font-size: medium;\"><span style=\"color: #444444;\"><span style=\"font-family: Arial, serif;\"><span lang=\"de-DE\">Die <\/span><\/span><\/span><span style=\"color: #444444;\"><span style=\"font-family: Arial, serif;\"><span lang=\"de-DE\"><b>schwimmenden W\u00fcrfel<\/b><\/span><\/span><\/span><span style=\"color: #444444;\"><span style=\"font-family: Arial, serif;\"><span lang=\"de-DE\"> werden aus hochwertigem Poly\u00e4thylen TOTAL HDPE 56020S gefertigt, mit einer Molekulardichte von 0,954 g\/cm2.<\/span><\/span><\/span><\/span><\/span><\/p>\n<p><span style=\"font-family: Times New Roman, serif;\"><span style=\"font-size: medium;\"><span style=\"color: #444444;\"><span style=\"font-family: Arial, serif;\"><span lang=\"de-DE\">Sie k\u00f6nnen vielerorts eingesetzt werden: als <\/span><\/span><\/span><span style=\"color: #444444;\"><span style=\"font-family: Arial, serif;\"><span lang=\"de-DE\"><b>Laufplanken<\/b><\/span><\/span><\/span><span style=\"color: #444444;\"><span style=\"font-family: Arial, serif;\"><span lang=\"de-DE\"> und um <\/span><\/span><\/span><span style=\"color: #444444;\"><span style=\"font-family: Arial, serif;\"><span lang=\"de-DE\"><b>Veranstaltungen auf dem Wasser<\/b><\/span><\/span><\/span><span style=\"color: #444444;\"><span style=\"font-family: Arial, serif;\"><span lang=\"de-DE\"> zu organisieren, f\u00fcr <\/span><\/span><\/span><span style=\"color: #444444;\"><span style=\"font-family: Arial, serif;\"><span lang=\"de-DE\"><b>H\u00e4fen, Anlegestege, schwimmende Pools, Arbeitsplattformen, Fischzuchten, Photovoltaikanlagen, schwimmende H\u00e4user<\/b><\/span><\/span><\/span><span style=\"color: #444444;\"><span style=\"font-family: Arial, serif;\"><span lang=\"de-DE\">, usw.<\/span><\/span><\/span><\/span><\/span><\/p>\n<p><span style=\"font-family: Times New Roman, serif;\"><span style=\"font-size: medium;\"><span style=\"color: #444444;\"><span style=\"font-family: Arial, serif;\"><span lang=\"de-DE\">Die Produkte <\/span><\/span><\/span><span style=\"color: #444444;\"><span style=\"font-family: Arial, serif;\"><span lang=\"de-DE\"><b>Otto<\/b><\/span><\/span><\/span><span style=\"color: #444444;\"><span style=\"font-family: Arial, serif;\"><span lang=\"de-DE\"> wurden <\/span><\/span><\/span><span style=\"color: #444444;\"><span style=\"font-family: Arial, serif;\"><span lang=\"de-DE\"><b>geschaffen, um auf offener See standzuhalten<\/b><\/span><\/span><\/span><span style=\"color: #444444;\"><span style=\"font-family: Arial, serif;\"><span lang=\"de-DE\">, aber selbstverst\u00e4ndlich musste das Problem der <\/span><\/span><\/span><span style=\"color: #444444;\"><span style=\"font-family: Arial, serif;\"><span lang=\"de-DE\"><b>Verankerung<\/b><\/span><\/span><\/span><span style=\"color: #444444;\"><span style=\"font-family: Arial, serif;\"><span lang=\"de-DE\"> gel\u00f6st werden und wir haben mehrere Systeme erarbeitet, die von Mal zu Mal verwendet werden k\u00f6nnen, um dem Problem Abhilfe zu schaffen.<\/span><\/span><\/span><\/span><\/span><\/p>\n<p><span style=\"font-family: Times New Roman, serif;\"><span style=\"font-size: medium;\"><span style=\"color: #444444;\"><span style=\"font-family: Arial, serif;\"><span lang=\"de-DE\">Sie erhalten daher ein Informationsblatt, das Sie ausf\u00fcllen sollten, um unserem technischen B\u00fcro die n\u00fctzlichen Informationen zu liefern und es ihm zu erm\u00f6glichen, dem Endbenutzer die zweckm\u00e4\u00dfigsten <\/span><\/span><\/span><span style=\"color: #444444;\"><span style=\"font-family: Arial, serif;\"><span lang=\"de-DE\"><b>Verankerungssysteme<\/b><\/span><\/span><\/span><span style=\"color: #444444;\"><span style=\"font-family: Arial, serif;\"><span lang=\"de-DE\"> zu empfehlen.<\/span><\/span><\/span><\/span><\/span>[\/vc_column_text][vc_column_text]<\/p>\n<p style=\"text-align: center;\"><a class=\"link\" href=\"http:\/\/gmiotto.it\/sistemi-ancoraggio\/scheda_ancoraggio_it.pdf\" target=\"_blank\" rel=\"noopener\"><img decoding=\"async\" class=\"aligncenter\" src=\"http:\/\/gmiotto.it\/images\/icona-pdf.gif\" alt=\"Questionario per la progettazione dell' ancoraggio\" border=\"0\" \/>download questionario<br \/>\nprogetto ancoraggio<\/a><\/p>\n<p>[\/vc_column_text][\/vc_column][vc_column width=&#8220;1\/2&#8243;][vc_column_text]<\/p>\n<p align=\"center\"><span style=\"font-family: Times New Roman, serif;\"><span style=\"font-size: medium;\"><span style=\"color: #444444;\"><span style=\"font-family: Arial, serif;\"><span style=\"font-size: x-large;\"><span lang=\"de-DE\"><i><b>DURCH OTTO HERGESTELLTE VERANKERUNGSSYSTEME <\/b><\/i><\/span><\/span><\/span><\/span><\/span><\/span><\/p>\n<p>[\/vc_column_text][vc_media_grid element_width=&#8220;3&#8243; gap=&#8220;30&#8243; item=&#8220;mediaGrid_ScaleWithRotation&#8220; grid_id=&#8220;vc_gid:1549556490824-a3a9897e-b4ff-0&#8243; include=&#8220;2187,2188,2189,2201,2200,2199,2190,2191,2193,2194,2196,2197,2198,2202,2203,2192&#8243;][\/vc_column][\/vc_row][\/vc_section]<\/p>\n<\/div>","protected":false},"excerpt":{"rendered":"<p>[vc_section el_class=&#8220;panel panel-default&#8220;][vc_row][vc_column width=&#8220;1\/2&#8243;][vc_column_text] verankerungssysteme otto Die Firma Otto ist unter den Herstellern von in Italien produzierten schwimmenden W\u00fcrfeln f\u00fchrend, sie ist auf internationaler Ebene der wichtigste italienische Hersteller. Die schwimmenden W\u00fcrfel werden aus hochwertigem Poly\u00e4thylen TOTAL HDPE 56020S gefertigt, mit einer Molekulardichte von 0,954 g\/cm2. Sie k\u00f6nnen vielerorts eingesetzt werden: als Laufplanken und um &hellip;<\/p>\n","protected":false},"author":1,"featured_media":0,"parent":0,"menu_order":0,"comment_status":"closed","ping_status":"closed","template":"","meta":{"footnotes":""},"class_list":["post-6121","page","type-page","status-publish","hentry","no-thumb"],"yoast_head":"<!-- This site is optimized with the Yoast SEO plugin v27.3 - https:\/\/yoast.com\/product\/yoast-seo-wordpress\/ -->\n<title>verankerungssysteme otto - OTTO<\/title>\n<meta name=\"robots\" content=\"index, follow, max-snippet:-1, max-image-preview:large, max-video-preview:-1\" \/>\n<link rel=\"canonical\" href=\"https:\/\/gmiotto.it\/de\/sistemi-di-ancoraggio\/\" \/>\n<meta property=\"og:locale\" content=\"de_DE\" \/>\n<meta property=\"og:type\" content=\"article\" \/>\n<meta property=\"og:title\" content=\"verankerungssysteme otto - OTTO\" \/>\n<meta property=\"og:description\" content=\"[vc_section el_class=&#8220;panel panel-default&#8220;][vc_row][vc_column width=&#8220;1\/2&#8243;][vc_column_text] verankerungssysteme otto Die Firma Otto ist unter den Herstellern von in Italien produzierten schwimmenden W\u00fcrfeln f\u00fchrend, sie ist auf internationaler Ebene der wichtigste italienische Hersteller. Die schwimmenden W\u00fcrfel werden aus hochwertigem Poly\u00e4thylen TOTAL HDPE 56020S gefertigt, mit einer Molekulardichte von 0,954 g\/cm2. Sie k\u00f6nnen vielerorts eingesetzt werden: als Laufplanken und um &hellip;\" \/>\n<meta property=\"og:url\" content=\"https:\/\/gmiotto.it\/de\/sistemi-di-ancoraggio\/\" \/>\n<meta property=\"og:site_name\" content=\"OTTO\" \/>\n<meta property=\"article:modified_time\" content=\"2019-02-07T16:22:47+00:00\" \/>\n<meta property=\"og:image\" content=\"http:\/\/gmiotto.it\/images\/icona-pdf.gif\" \/>\n<meta name=\"twitter:card\" content=\"summary_large_image\" \/>\n<meta name=\"twitter:label1\" content=\"Gesch\u00e4tzte Lesezeit\" \/>\n\t<meta name=\"twitter:data1\" content=\"1\u00a0Minute\" \/>\n<script type=\"application\/ld+json\" class=\"yoast-schema-graph\">{\"@context\":\"https:\\\/\\\/schema.org\",\"@graph\":[{\"@type\":\"WebPage\",\"@id\":\"https:\\\/\\\/gmiotto.it\\\/de\\\/sistemi-di-ancoraggio\\\/\",\"url\":\"https:\\\/\\\/gmiotto.it\\\/de\\\/sistemi-di-ancoraggio\\\/\",\"name\":\"verankerungssysteme otto - OTTO\",\"isPartOf\":{\"@id\":\"https:\\\/\\\/gmiotto.it\\\/#website\"},\"primaryImageOfPage\":{\"@id\":\"https:\\\/\\\/gmiotto.it\\\/de\\\/sistemi-di-ancoraggio\\\/#primaryimage\"},\"image\":{\"@id\":\"https:\\\/\\\/gmiotto.it\\\/de\\\/sistemi-di-ancoraggio\\\/#primaryimage\"},\"thumbnailUrl\":\"http:\\\/\\\/gmiotto.it\\\/images\\\/icona-pdf.gif\",\"datePublished\":\"2017-06-21T08:18:09+00:00\",\"dateModified\":\"2019-02-07T16:22:47+00:00\",\"breadcrumb\":{\"@id\":\"https:\\\/\\\/gmiotto.it\\\/de\\\/sistemi-di-ancoraggio\\\/#breadcrumb\"},\"inLanguage\":\"de\",\"potentialAction\":[{\"@type\":\"ReadAction\",\"target\":[\"https:\\\/\\\/gmiotto.it\\\/de\\\/sistemi-di-ancoraggio\\\/\"]}]},{\"@type\":\"ImageObject\",\"inLanguage\":\"de\",\"@id\":\"https:\\\/\\\/gmiotto.it\\\/de\\\/sistemi-di-ancoraggio\\\/#primaryimage\",\"url\":\"http:\\\/\\\/gmiotto.it\\\/images\\\/icona-pdf.gif\",\"contentUrl\":\"http:\\\/\\\/gmiotto.it\\\/images\\\/icona-pdf.gif\"},{\"@type\":\"BreadcrumbList\",\"@id\":\"https:\\\/\\\/gmiotto.it\\\/de\\\/sistemi-di-ancoraggio\\\/#breadcrumb\",\"itemListElement\":[{\"@type\":\"ListItem\",\"position\":1,\"name\":\"Home\",\"item\":\"https:\\\/\\\/gmiotto.it\\\/de\\\/\"},{\"@type\":\"ListItem\",\"position\":2,\"name\":\"verankerungssysteme otto\"}]},{\"@type\":\"WebSite\",\"@id\":\"https:\\\/\\\/gmiotto.it\\\/#website\",\"url\":\"https:\\\/\\\/gmiotto.it\\\/\",\"name\":\"OTTO\",\"description\":\"Pontili galleggianti modulari\",\"publisher\":{\"@id\":\"https:\\\/\\\/gmiotto.it\\\/#organization\"},\"potentialAction\":[{\"@type\":\"SearchAction\",\"target\":{\"@type\":\"EntryPoint\",\"urlTemplate\":\"https:\\\/\\\/gmiotto.it\\\/?s={search_term_string}\"},\"query-input\":{\"@type\":\"PropertyValueSpecification\",\"valueRequired\":true,\"valueName\":\"search_term_string\"}}],\"inLanguage\":\"de\"},{\"@type\":\"Organization\",\"@id\":\"https:\\\/\\\/gmiotto.it\\\/#organization\",\"name\":\"Otto sas di Miotto F. & C.\",\"url\":\"https:\\\/\\\/gmiotto.it\\\/\",\"logo\":{\"@type\":\"ImageObject\",\"inLanguage\":\"de\",\"@id\":\"https:\\\/\\\/gmiotto.it\\\/#\\\/schema\\\/logo\\\/image\\\/\",\"url\":\"http:\\\/\\\/gmiotto.it\\\/wp-content\\\/uploads\\\/2018\\\/06\\\/logo_rina.png\",\"contentUrl\":\"http:\\\/\\\/gmiotto.it\\\/wp-content\\\/uploads\\\/2018\\\/06\\\/logo_rina.png\",\"width\":277,\"height\":66,\"caption\":\"Otto sas di Miotto F. & C.\"},\"image\":{\"@id\":\"https:\\\/\\\/gmiotto.it\\\/#\\\/schema\\\/logo\\\/image\\\/\"}}]}<\/script>\n<!-- \/ Yoast SEO plugin. -->","yoast_head_json":{"title":"verankerungssysteme otto - OTTO","robots":{"index":"index","follow":"follow","max-snippet":"max-snippet:-1","max-image-preview":"max-image-preview:large","max-video-preview":"max-video-preview:-1"},"canonical":"https:\/\/gmiotto.it\/de\/sistemi-di-ancoraggio\/","og_locale":"de_DE","og_type":"article","og_title":"verankerungssysteme otto - OTTO","og_description":"[vc_section el_class=&#8220;panel panel-default&#8220;][vc_row][vc_column width=&#8220;1\/2&#8243;][vc_column_text] verankerungssysteme otto Die Firma Otto ist unter den Herstellern von in Italien produzierten schwimmenden W\u00fcrfeln f\u00fchrend, sie ist auf internationaler Ebene der wichtigste italienische Hersteller. Die schwimmenden W\u00fcrfel werden aus hochwertigem Poly\u00e4thylen TOTAL HDPE 56020S gefertigt, mit einer Molekulardichte von 0,954 g\/cm2. Sie k\u00f6nnen vielerorts eingesetzt werden: als Laufplanken und um &hellip;","og_url":"https:\/\/gmiotto.it\/de\/sistemi-di-ancoraggio\/","og_site_name":"OTTO","article_modified_time":"2019-02-07T16:22:47+00:00","og_image":[{"url":"http:\/\/gmiotto.it\/images\/icona-pdf.gif","type":"","width":"","height":""}],"twitter_card":"summary_large_image","twitter_misc":{"Gesch\u00e4tzte Lesezeit":"1\u00a0Minute"},"schema":{"@context":"https:\/\/schema.org","@graph":[{"@type":"WebPage","@id":"https:\/\/gmiotto.it\/de\/sistemi-di-ancoraggio\/","url":"https:\/\/gmiotto.it\/de\/sistemi-di-ancoraggio\/","name":"verankerungssysteme otto - OTTO","isPartOf":{"@id":"https:\/\/gmiotto.it\/#website"},"primaryImageOfPage":{"@id":"https:\/\/gmiotto.it\/de\/sistemi-di-ancoraggio\/#primaryimage"},"image":{"@id":"https:\/\/gmiotto.it\/de\/sistemi-di-ancoraggio\/#primaryimage"},"thumbnailUrl":"http:\/\/gmiotto.it\/images\/icona-pdf.gif","datePublished":"2017-06-21T08:18:09+00:00","dateModified":"2019-02-07T16:22:47+00:00","breadcrumb":{"@id":"https:\/\/gmiotto.it\/de\/sistemi-di-ancoraggio\/#breadcrumb"},"inLanguage":"de","potentialAction":[{"@type":"ReadAction","target":["https:\/\/gmiotto.it\/de\/sistemi-di-ancoraggio\/"]}]},{"@type":"ImageObject","inLanguage":"de","@id":"https:\/\/gmiotto.it\/de\/sistemi-di-ancoraggio\/#primaryimage","url":"http:\/\/gmiotto.it\/images\/icona-pdf.gif","contentUrl":"http:\/\/gmiotto.it\/images\/icona-pdf.gif"},{"@type":"BreadcrumbList","@id":"https:\/\/gmiotto.it\/de\/sistemi-di-ancoraggio\/#breadcrumb","itemListElement":[{"@type":"ListItem","position":1,"name":"Home","item":"https:\/\/gmiotto.it\/de\/"},{"@type":"ListItem","position":2,"name":"verankerungssysteme otto"}]},{"@type":"WebSite","@id":"https:\/\/gmiotto.it\/#website","url":"https:\/\/gmiotto.it\/","name":"OTTO","description":"Pontili galleggianti modulari","publisher":{"@id":"https:\/\/gmiotto.it\/#organization"},"potentialAction":[{"@type":"SearchAction","target":{"@type":"EntryPoint","urlTemplate":"https:\/\/gmiotto.it\/?s={search_term_string}"},"query-input":{"@type":"PropertyValueSpecification","valueRequired":true,"valueName":"search_term_string"}}],"inLanguage":"de"},{"@type":"Organization","@id":"https:\/\/gmiotto.it\/#organization","name":"Otto sas di Miotto F. & C.","url":"https:\/\/gmiotto.it\/","logo":{"@type":"ImageObject","inLanguage":"de","@id":"https:\/\/gmiotto.it\/#\/schema\/logo\/image\/","url":"http:\/\/gmiotto.it\/wp-content\/uploads\/2018\/06\/logo_rina.png","contentUrl":"http:\/\/gmiotto.it\/wp-content\/uploads\/2018\/06\/logo_rina.png","width":277,"height":66,"caption":"Otto sas di Miotto F. & C."},"image":{"@id":"https:\/\/gmiotto.it\/#\/schema\/logo\/image\/"}}]}},"_links":{"self":[{"href":"https:\/\/gmiotto.it\/de\/wp-json\/wp\/v2\/pages\/6121","targetHints":{"allow":["GET"]}}],"collection":[{"href":"https:\/\/gmiotto.it\/de\/wp-json\/wp\/v2\/pages"}],"about":[{"href":"https:\/\/gmiotto.it\/de\/wp-json\/wp\/v2\/types\/page"}],"author":[{"embeddable":true,"href":"https:\/\/gmiotto.it\/de\/wp-json\/wp\/v2\/users\/1"}],"replies":[{"embeddable":true,"href":"https:\/\/gmiotto.it\/de\/wp-json\/wp\/v2\/comments?post=6121"}],"version-history":[{"count":0,"href":"https:\/\/gmiotto.it\/de\/wp-json\/wp\/v2\/pages\/6121\/revisions"}],"wp:attachment":[{"href":"https:\/\/gmiotto.it\/de\/wp-json\/wp\/v2\/media?parent=6121"}],"curies":[{"name":"wp","href":"https:\/\/api.w.org\/{rel}","templated":true}]}}