{"id":6134,"date":"2017-06-16T17:47:27","date_gmt":"2017-06-16T15:47:27","guid":{"rendered":"http:\/\/gmiotto.it\/pontili-e-passerelle-galleggianti\/"},"modified":"2019-02-07T18:12:14","modified_gmt":"2019-02-07T17:12:14","slug":"pontili-e-passerelle-galleggianti","status":"publish","type":"page","link":"https:\/\/gmiotto.it\/de\/pontili-e-passerelle-galleggianti\/","title":{"rendered":"ANLEGESTEGE UND LAUFPLANKEN"},"content":{"rendered":"<div class=\"wpb-content-wrapper\"><p>[vc_row equal_height=&#8220;yes&#8220;][vc_column width=&#8220;1\/2&#8243;][vc_column_text 0=&#8220;&#8220;]<span style=\"font-family: Times New Roman, serif;\"><span style=\"font-size: medium;\"><span style=\"color: #444444;\"><span style=\"font-family: Arial, serif;\"><span lang=\"de-DE\">Die schwimmenden Plattformen Otto haben eine H\u00f6chsttragf\u00e4higkeit von 350 kg pro Quadratmeter und eignen sich hervorragend, um Anlegestege, kleine H\u00e4fen oder Schutzh\u00e4fen, die auch nur vor\u00fcbergehender Art sein k\u00f6nnen, zu verwirklichen.<\/span><\/span><\/span><\/span><\/span><\/p>\n<p><span style=\"font-family: Times New Roman, serif;\"><span style=\"font-size: medium;\"><span style=\"color: #444444;\"><span style=\"font-family: Arial, serif;\"><span lang=\"de-DE\">Es ist einfach, sie zusammenzubauen und wieder auseinanderzunehmen. Am Ende des Sommers k\u00f6nnen sie daher schnell entfernt und gelagert werden.<\/span><\/span><\/span><\/span><\/span><\/p>\n<p align=\"justify\"><span style=\"font-family: Calibri, serif;\"><span style=\"font-family: Arial, serif;\"><span style=\"font-size: xx-large;\"><span lang=\"de-DE\">\u00a0<\/span><\/span><\/span><\/span><\/p>\n<p>[\/vc_column_text][\/vc_column][vc_column width=&#8220;1\/2&#8243;][vc_raw_html]JTNDaWZyYW1lJTIwd2lkdGglM0QlMjI1NjAlMjIlMjBoZWlnaHQlM0QlMjIzMTUlMjIlMjBzcmMlM0QlMjJodHRwcyUzQSUyRiUyRnd3dy55b3V0dWJlLmNvbSUyRmVtYmVkJTJGSENYaEM1LWFoenMlM0ZyZWwlM0QwJTI2YW1wJTNCY29udHJvbHMlM0QwJTIyJTIwZnJhbWVib3JkZXIlM0QlMjIwJTIyJTIwYWxsb3clM0QlMjJhdXRvcGxheSUzQiUyMGVuY3J5cHRlZC1tZWRpYSUyMiUyMGFsbG93ZnVsbHNjcmVlbiUzRSUzQyUyRmlmcmFtZSUzRQ==[\/vc_raw_html][\/vc_column][\/vc_row][vc_row 0=&#8220;&#8220;][vc_column 0=&#8220;&#8220;][vc_media_grid element_width=&#8220;2&#8243; gap=&#8220;30&#8243; grid_id=&#8220;vc_gid:1549557918856-ce69653a-81f7-3&#8243; include=&#8220;2737,2738,2739,2740,2741,2742,2743,2744,2745,2746,2747,2748,2749,2750,2751,2752,2753,2754,2755,2756,2757,2758,2759,2760,2761,2762,2763,2764,2765,2766,2767,2768,2769,2770,2771,2772,2735,2773,2774,2732,2731,2733,2734,2736&#8243;][\/vc_column][\/vc_row]<\/p>\n<\/div>","protected":false},"excerpt":{"rendered":"<p>[vc_row equal_height=&#8220;yes&#8220;][vc_column width=&#8220;1\/2&#8243;][vc_column_text 0=&#8220;&#8220;]Die schwimmenden Plattformen Otto haben eine H\u00f6chsttragf\u00e4higkeit von 350 kg pro Quadratmeter und eignen sich hervorragend, um Anlegestege, kleine H\u00e4fen oder Schutzh\u00e4fen, die auch nur vor\u00fcbergehender Art sein k\u00f6nnen, zu verwirklichen. Es ist einfach, sie zusammenzubauen und wieder auseinanderzunehmen. Am Ende des Sommers k\u00f6nnen sie daher schnell entfernt und gelagert werden. \u00a0 &hellip;<\/p>\n","protected":false},"author":1,"featured_media":0,"parent":0,"menu_order":0,"comment_status":"closed","ping_status":"closed","template":"","meta":{"footnotes":""},"class_list":["post-6134","page","type-page","status-publish","hentry","no-thumb"],"yoast_head":"<!-- This site is optimized with the Yoast SEO plugin v27.2 - https:\/\/yoast.com\/product\/yoast-seo-wordpress\/ -->\n<title>ANLEGESTEGE UND LAUFPLANKEN - OTTO<\/title>\n<meta name=\"robots\" content=\"index, follow, max-snippet:-1, max-image-preview:large, max-video-preview:-1\" \/>\n<link rel=\"canonical\" href=\"https:\/\/gmiotto.it\/de\/pontili-e-passerelle-galleggianti\/\" \/>\n<meta property=\"og:locale\" content=\"de_DE\" \/>\n<meta property=\"og:type\" content=\"article\" \/>\n<meta property=\"og:title\" content=\"ANLEGESTEGE UND LAUFPLANKEN - OTTO\" \/>\n<meta property=\"og:description\" content=\"[vc_row equal_height=&#8220;yes&#8220;][vc_column width=&#8220;1\/2&#8243;][vc_column_text 0=&#8220;&#8220;]Die schwimmenden Plattformen Otto haben eine H\u00f6chsttragf\u00e4higkeit von 350 kg pro Quadratmeter und eignen sich hervorragend, um Anlegestege, kleine H\u00e4fen oder Schutzh\u00e4fen, die auch nur vor\u00fcbergehender Art sein k\u00f6nnen, zu verwirklichen. Es ist einfach, sie zusammenzubauen und wieder auseinanderzunehmen. Am Ende des Sommers k\u00f6nnen sie daher schnell entfernt und gelagert werden. \u00a0 &hellip;\" \/>\n<meta property=\"og:url\" content=\"https:\/\/gmiotto.it\/de\/pontili-e-passerelle-galleggianti\/\" \/>\n<meta property=\"og:site_name\" content=\"OTTO\" \/>\n<meta property=\"article:modified_time\" content=\"2019-02-07T17:12:14+00:00\" \/>\n<meta name=\"twitter:card\" content=\"summary_large_image\" \/>\n<meta name=\"twitter:label1\" content=\"Gesch\u00e4tzte Lesezeit\" \/>\n\t<meta name=\"twitter:data1\" content=\"1\u00a0Minute\" \/>\n<script type=\"application\/ld+json\" class=\"yoast-schema-graph\">{\"@context\":\"https:\/\/schema.org\",\"@graph\":[{\"@type\":\"WebPage\",\"@id\":\"https:\/\/gmiotto.it\/de\/pontili-e-passerelle-galleggianti\/\",\"url\":\"https:\/\/gmiotto.it\/de\/pontili-e-passerelle-galleggianti\/\",\"name\":\"ANLEGESTEGE UND LAUFPLANKEN - OTTO\",\"isPartOf\":{\"@id\":\"https:\/\/gmiotto.it\/#website\"},\"datePublished\":\"2017-06-16T15:47:27+00:00\",\"dateModified\":\"2019-02-07T17:12:14+00:00\",\"breadcrumb\":{\"@id\":\"https:\/\/gmiotto.it\/de\/pontili-e-passerelle-galleggianti\/#breadcrumb\"},\"inLanguage\":\"de\",\"potentialAction\":[{\"@type\":\"ReadAction\",\"target\":[\"https:\/\/gmiotto.it\/de\/pontili-e-passerelle-galleggianti\/\"]}]},{\"@type\":\"BreadcrumbList\",\"@id\":\"https:\/\/gmiotto.it\/de\/pontili-e-passerelle-galleggianti\/#breadcrumb\",\"itemListElement\":[{\"@type\":\"ListItem\",\"position\":1,\"name\":\"Home\",\"item\":\"https:\/\/gmiotto.it\/de\/\"},{\"@type\":\"ListItem\",\"position\":2,\"name\":\"ANLEGESTEGE UND LAUFPLANKEN\"}]},{\"@type\":\"WebSite\",\"@id\":\"https:\/\/gmiotto.it\/#website\",\"url\":\"https:\/\/gmiotto.it\/\",\"name\":\"OTTO\",\"description\":\"Pontili galleggianti modulari\",\"publisher\":{\"@id\":\"https:\/\/gmiotto.it\/#organization\"},\"potentialAction\":[{\"@type\":\"SearchAction\",\"target\":{\"@type\":\"EntryPoint\",\"urlTemplate\":\"https:\/\/gmiotto.it\/?s={search_term_string}\"},\"query-input\":{\"@type\":\"PropertyValueSpecification\",\"valueRequired\":true,\"valueName\":\"search_term_string\"}}],\"inLanguage\":\"de\"},{\"@type\":\"Organization\",\"@id\":\"https:\/\/gmiotto.it\/#organization\",\"name\":\"Otto sas di Miotto F. & C.\",\"url\":\"https:\/\/gmiotto.it\/\",\"logo\":{\"@type\":\"ImageObject\",\"inLanguage\":\"de\",\"@id\":\"https:\/\/gmiotto.it\/#\/schema\/logo\/image\/\",\"url\":\"http:\/\/gmiotto.it\/wp-content\/uploads\/2018\/06\/logo_rina.png\",\"contentUrl\":\"http:\/\/gmiotto.it\/wp-content\/uploads\/2018\/06\/logo_rina.png\",\"width\":277,\"height\":66,\"caption\":\"Otto sas di Miotto F. & C.\"},\"image\":{\"@id\":\"https:\/\/gmiotto.it\/#\/schema\/logo\/image\/\"}}]}<\/script>\n<!-- \/ Yoast SEO plugin. -->","yoast_head_json":{"title":"ANLEGESTEGE UND LAUFPLANKEN - OTTO","robots":{"index":"index","follow":"follow","max-snippet":"max-snippet:-1","max-image-preview":"max-image-preview:large","max-video-preview":"max-video-preview:-1"},"canonical":"https:\/\/gmiotto.it\/de\/pontili-e-passerelle-galleggianti\/","og_locale":"de_DE","og_type":"article","og_title":"ANLEGESTEGE UND LAUFPLANKEN - OTTO","og_description":"[vc_row equal_height=&#8220;yes&#8220;][vc_column width=&#8220;1\/2&#8243;][vc_column_text 0=&#8220;&#8220;]Die schwimmenden Plattformen Otto haben eine H\u00f6chsttragf\u00e4higkeit von 350 kg pro Quadratmeter und eignen sich hervorragend, um Anlegestege, kleine H\u00e4fen oder Schutzh\u00e4fen, die auch nur vor\u00fcbergehender Art sein k\u00f6nnen, zu verwirklichen. Es ist einfach, sie zusammenzubauen und wieder auseinanderzunehmen. Am Ende des Sommers k\u00f6nnen sie daher schnell entfernt und gelagert werden. \u00a0 &hellip;","og_url":"https:\/\/gmiotto.it\/de\/pontili-e-passerelle-galleggianti\/","og_site_name":"OTTO","article_modified_time":"2019-02-07T17:12:14+00:00","twitter_card":"summary_large_image","twitter_misc":{"Gesch\u00e4tzte Lesezeit":"1\u00a0Minute"},"schema":{"@context":"https:\/\/schema.org","@graph":[{"@type":"WebPage","@id":"https:\/\/gmiotto.it\/de\/pontili-e-passerelle-galleggianti\/","url":"https:\/\/gmiotto.it\/de\/pontili-e-passerelle-galleggianti\/","name":"ANLEGESTEGE UND LAUFPLANKEN - OTTO","isPartOf":{"@id":"https:\/\/gmiotto.it\/#website"},"datePublished":"2017-06-16T15:47:27+00:00","dateModified":"2019-02-07T17:12:14+00:00","breadcrumb":{"@id":"https:\/\/gmiotto.it\/de\/pontili-e-passerelle-galleggianti\/#breadcrumb"},"inLanguage":"de","potentialAction":[{"@type":"ReadAction","target":["https:\/\/gmiotto.it\/de\/pontili-e-passerelle-galleggianti\/"]}]},{"@type":"BreadcrumbList","@id":"https:\/\/gmiotto.it\/de\/pontili-e-passerelle-galleggianti\/#breadcrumb","itemListElement":[{"@type":"ListItem","position":1,"name":"Home","item":"https:\/\/gmiotto.it\/de\/"},{"@type":"ListItem","position":2,"name":"ANLEGESTEGE UND LAUFPLANKEN"}]},{"@type":"WebSite","@id":"https:\/\/gmiotto.it\/#website","url":"https:\/\/gmiotto.it\/","name":"OTTO","description":"Pontili galleggianti modulari","publisher":{"@id":"https:\/\/gmiotto.it\/#organization"},"potentialAction":[{"@type":"SearchAction","target":{"@type":"EntryPoint","urlTemplate":"https:\/\/gmiotto.it\/?s={search_term_string}"},"query-input":{"@type":"PropertyValueSpecification","valueRequired":true,"valueName":"search_term_string"}}],"inLanguage":"de"},{"@type":"Organization","@id":"https:\/\/gmiotto.it\/#organization","name":"Otto sas di Miotto F. & C.","url":"https:\/\/gmiotto.it\/","logo":{"@type":"ImageObject","inLanguage":"de","@id":"https:\/\/gmiotto.it\/#\/schema\/logo\/image\/","url":"http:\/\/gmiotto.it\/wp-content\/uploads\/2018\/06\/logo_rina.png","contentUrl":"http:\/\/gmiotto.it\/wp-content\/uploads\/2018\/06\/logo_rina.png","width":277,"height":66,"caption":"Otto sas di Miotto F. & C."},"image":{"@id":"https:\/\/gmiotto.it\/#\/schema\/logo\/image\/"}}]}},"_links":{"self":[{"href":"https:\/\/gmiotto.it\/de\/wp-json\/wp\/v2\/pages\/6134","targetHints":{"allow":["GET"]}}],"collection":[{"href":"https:\/\/gmiotto.it\/de\/wp-json\/wp\/v2\/pages"}],"about":[{"href":"https:\/\/gmiotto.it\/de\/wp-json\/wp\/v2\/types\/page"}],"author":[{"embeddable":true,"href":"https:\/\/gmiotto.it\/de\/wp-json\/wp\/v2\/users\/1"}],"replies":[{"embeddable":true,"href":"https:\/\/gmiotto.it\/de\/wp-json\/wp\/v2\/comments?post=6134"}],"version-history":[{"count":0,"href":"https:\/\/gmiotto.it\/de\/wp-json\/wp\/v2\/pages\/6134\/revisions"}],"wp:attachment":[{"href":"https:\/\/gmiotto.it\/de\/wp-json\/wp\/v2\/media?parent=6134"}],"curies":[{"name":"wp","href":"https:\/\/api.w.org\/{rel}","templated":true}]}}