{"id":6143,"date":"2019-02-07T18:14:52","date_gmt":"2019-02-07T17:14:52","guid":{"rendered":"http:\/\/gmiotto.it\/trockenauflagen-fur-wasserscooter-2\/"},"modified":"2019-02-07T18:14:52","modified_gmt":"2019-02-07T17:14:52","slug":"trockenauflagen-fur-wasserscooter-2","status":"publish","type":"page","link":"https:\/\/gmiotto.it\/de\/trockenauflagen-fur-wasserscooter-2\/","title":{"rendered":"TROCKENAUFLAGEN F\u00dcR wasserscooter"},"content":{"rendered":"<div class=\"wpb-content-wrapper\"><p>[vc_row equal_height=&#8220;yes&#8220;][vc_column width=&#8220;1\/2&#8243;][vc_column_text 0=&#8220;&#8220;]Die neuen Plattformen als Auflagen f\u00fcr Wasserscooter Otto eignen sich f\u00fcr alle Wasserscooter mit 1 oder 2 Pl\u00e4tzen. Bei einer Gr\u00f6\u00dfe von 1,5&#215;4 m haben sie eine maximale Tragf\u00e4higkeit von mehr als 1.300 kg, sie sind sto\u00dffest und einfach zu montieren und zu verlegen.<br \/>\nDa es sich um ein Modularsystem handelt, k\u00f6nnen mit dem entsprechenden Zubeh\u00f6r mehrere Plattformen miteinander verbunden werden. Sollte es erforderlich sein, k\u00f6nnen die Elemente f\u00fcr andere Verwendungszwecke auseinandergenommen und neu zusammengebaut werden.[\/vc_column_text][\/vc_column][vc_column width=&#8220;1\/2&#8243;][vc_raw_html]JTNDaWZyYW1lJTIwd2lkdGglM0QlMjI1NjAlMjIlMjBoZWlnaHQlM0QlMjIzMTUlMjIlMjBzcmMlM0QlMjJodHRwcyUzQSUyRiUyRnd3dy55b3V0dWJlLmNvbSUyRmVtYmVkJTJGdUFYbmZ0ZmRwQ1UlM0ZyZWwlM0QwJTI2YW1wJTNCY29udHJvbHMlM0QwJTIyJTIwZnJhbWVib3JkZXIlM0QlMjIwJTIyJTIwYWxsb3clM0QlMjJhdXRvcGxheSUzQiUyMGVuY3J5cHRlZC1tZWRpYSUyMiUyMGFsbG93ZnVsbHNjcmVlbiUzRSUzQyUyRmlmcmFtZSUzRQ==[\/vc_raw_html][\/vc_column][\/vc_row][vc_row 0=&#8220;&#8220;][vc_column 0=&#8220;&#8220;][vc_media_grid element_width=&#8220;2&#8243; gap=&#8220;30&#8243; grid_id=&#8220;vc_gid:1530270317832-c85ab79d325f8c657aa1858a7bf4a4b6-7&#8243; include=&#8220;2961,2962,2963,2964,2965,2966,2967,2968,2969,2970,2971,2972,2973,2974,2975,2976&#8243;][\/vc_column][\/vc_row][vc_row 0=&#8220;&#8220;][vc_column 0=&#8220;&#8220;][vc_column_text 0=&#8220;&#8220;]<\/p>\n<h3>SCHEMEN F\u00dcR TROCKENAUFLAGEN F\u00dcR wasserscooter<\/h3>\n<p>Beispielschemen f\u00fcr die Realisierung von Auflagen f\u00fcr Wasserscooter mit Ausma\u00dfen und Anzahl der notwendigen W\u00fcrfel.[\/vc_column_text][\/vc_column][\/vc_row][vc_row 0=&#8220;&#8220;][vc_column width=&#8220;1\/3&#8243;][vc_single_image image=&#8220;2257&#8243; img_size=&#8220;full&#8220; alignment=&#8220;center&#8220; onclick=&#8220;custom_link&#8220; img_link_target=&#8220;_blank&#8220; link=&#8220;http:\/\/gmiotto.it\/supporti_moto_acqua\/Drive-On-it.pdf&#8220;][\/vc_column][vc_column width=&#8220;1\/3&#8243;][vc_single_image image=&#8220;2258&#8243; img_size=&#8220;full&#8220; alignment=&#8220;center&#8220; onclick=&#8220;custom_link&#8220; img_link_target=&#8220;_blank&#8220; link=&#8220;http:\/\/gmiotto.it\/supporti_moto_acqua\/Drive-on-platform-Norway-d.pdf&#8220;][\/vc_column][vc_column width=&#8220;1\/3&#8243;][vc_single_image image=&#8220;2259&#8243; img_size=&#8220;full&#8220; alignment=&#8220;center&#8220; onclick=&#8220;custom_link&#8220; img_link_target=&#8220;_blank&#8220; link=&#8220;http:\/\/gmiotto.it\/supporti_moto_acqua\/Drive-on-platforms.pdf&#8220;][\/vc_column][\/vc_row][vc_row 0=&#8220;&#8220;][vc_column width=&#8220;1\/3&#8243;][vc_single_image image=&#8220;2261&#8243; img_size=&#8220;full&#8220; alignment=&#8220;center&#8220; onclick=&#8220;custom_link&#8220; img_link_target=&#8220;_blank&#8220; link=&#8220;http:\/\/gmiotto.it\/supporti_moto_acqua\/Wassersport-drive-on.pdf&#8220;][\/vc_column][vc_column width=&#8220;1\/3&#8243;][vc_single_image image=&#8220;2260&#8243; img_size=&#8220;full&#8220; alignment=&#8220;center&#8220; onclick=&#8220;custom_link&#8220; img_link_target=&#8220;_blank&#8220; link=&#8220;http:\/\/gmiotto.it\/supporti_moto_acqua\/Jetsky.pdf&#8220;][\/vc_column][vc_column width=&#8220;1\/3&#8243;][\/vc_column][\/vc_row]<\/p>\n<\/div>","protected":false},"excerpt":{"rendered":"<p>[vc_row equal_height=&#8220;yes&#8220;][vc_column width=&#8220;1\/2&#8243;][vc_column_text 0=&#8220;&#8220;]Die neuen Plattformen als Auflagen f\u00fcr Wasserscooter Otto eignen sich f\u00fcr alle Wasserscooter mit 1 oder 2 Pl\u00e4tzen. Bei einer Gr\u00f6\u00dfe von 1,5&#215;4 m haben sie eine maximale Tragf\u00e4higkeit von mehr als 1.300 kg, sie sind sto\u00dffest und einfach zu montieren und zu verlegen. Da es sich um ein Modularsystem handelt, k\u00f6nnen &hellip;<\/p>\n","protected":false},"author":1,"featured_media":0,"parent":0,"menu_order":0,"comment_status":"closed","ping_status":"closed","template":"","meta":{"footnotes":""},"class_list":["post-6143","page","type-page","status-publish","hentry","no-thumb"],"yoast_head":"<!-- This site is optimized with the Yoast SEO plugin v27.4 - https:\/\/yoast.com\/product\/yoast-seo-wordpress\/ -->\n<title>TROCKENAUFLAGEN F\u00dcR wasserscooter - OTTO<\/title>\n<meta name=\"robots\" content=\"index, follow, max-snippet:-1, max-image-preview:large, max-video-preview:-1\" \/>\n<link rel=\"canonical\" href=\"https:\/\/gmiotto.it\/de\/trockenauflagen-fur-wasserscooter-2\/\" \/>\n<meta property=\"og:locale\" content=\"de_DE\" \/>\n<meta property=\"og:type\" content=\"article\" \/>\n<meta property=\"og:title\" content=\"TROCKENAUFLAGEN F\u00dcR wasserscooter - OTTO\" \/>\n<meta property=\"og:description\" content=\"[vc_row equal_height=&#8220;yes&#8220;][vc_column width=&#8220;1\/2&#8243;][vc_column_text 0=&#8220;&#8220;]Die neuen Plattformen als Auflagen f\u00fcr Wasserscooter Otto eignen sich f\u00fcr alle Wasserscooter mit 1 oder 2 Pl\u00e4tzen. Bei einer Gr\u00f6\u00dfe von 1,5&#215;4 m haben sie eine maximale Tragf\u00e4higkeit von mehr als 1.300 kg, sie sind sto\u00dffest und einfach zu montieren und zu verlegen. Da es sich um ein Modularsystem handelt, k\u00f6nnen &hellip;\" \/>\n<meta property=\"og:url\" content=\"https:\/\/gmiotto.it\/de\/trockenauflagen-fur-wasserscooter-2\/\" \/>\n<meta property=\"og:site_name\" content=\"OTTO\" \/>\n<meta name=\"twitter:card\" content=\"summary_large_image\" \/>\n<meta name=\"twitter:label1\" content=\"Gesch\u00e4tzte Lesezeit\" \/>\n\t<meta name=\"twitter:data1\" content=\"2\u00a0Minuten\" \/>\n<script type=\"application\/ld+json\" class=\"yoast-schema-graph\">{\"@context\":\"https:\\\/\\\/schema.org\",\"@graph\":[{\"@type\":\"WebPage\",\"@id\":\"https:\\\/\\\/gmiotto.it\\\/de\\\/trockenauflagen-fur-wasserscooter-2\\\/\",\"url\":\"https:\\\/\\\/gmiotto.it\\\/de\\\/trockenauflagen-fur-wasserscooter-2\\\/\",\"name\":\"TROCKENAUFLAGEN F\u00dcR wasserscooter - OTTO\",\"isPartOf\":{\"@id\":\"https:\\\/\\\/gmiotto.it\\\/#website\"},\"datePublished\":\"2019-02-07T17:14:52+00:00\",\"breadcrumb\":{\"@id\":\"https:\\\/\\\/gmiotto.it\\\/de\\\/trockenauflagen-fur-wasserscooter-2\\\/#breadcrumb\"},\"inLanguage\":\"de\",\"potentialAction\":[{\"@type\":\"ReadAction\",\"target\":[\"https:\\\/\\\/gmiotto.it\\\/de\\\/trockenauflagen-fur-wasserscooter-2\\\/\"]}]},{\"@type\":\"BreadcrumbList\",\"@id\":\"https:\\\/\\\/gmiotto.it\\\/de\\\/trockenauflagen-fur-wasserscooter-2\\\/#breadcrumb\",\"itemListElement\":[{\"@type\":\"ListItem\",\"position\":1,\"name\":\"Home\",\"item\":\"https:\\\/\\\/gmiotto.it\\\/de\\\/\"},{\"@type\":\"ListItem\",\"position\":2,\"name\":\"TROCKENAUFLAGEN F\u00dcR wasserscooter\"}]},{\"@type\":\"WebSite\",\"@id\":\"https:\\\/\\\/gmiotto.it\\\/#website\",\"url\":\"https:\\\/\\\/gmiotto.it\\\/\",\"name\":\"OTTO\",\"description\":\"Pontili galleggianti modulari\",\"publisher\":{\"@id\":\"https:\\\/\\\/gmiotto.it\\\/#organization\"},\"potentialAction\":[{\"@type\":\"SearchAction\",\"target\":{\"@type\":\"EntryPoint\",\"urlTemplate\":\"https:\\\/\\\/gmiotto.it\\\/?s={search_term_string}\"},\"query-input\":{\"@type\":\"PropertyValueSpecification\",\"valueRequired\":true,\"valueName\":\"search_term_string\"}}],\"inLanguage\":\"de\"},{\"@type\":\"Organization\",\"@id\":\"https:\\\/\\\/gmiotto.it\\\/#organization\",\"name\":\"Otto sas di Miotto F. & C.\",\"url\":\"https:\\\/\\\/gmiotto.it\\\/\",\"logo\":{\"@type\":\"ImageObject\",\"inLanguage\":\"de\",\"@id\":\"https:\\\/\\\/gmiotto.it\\\/#\\\/schema\\\/logo\\\/image\\\/\",\"url\":\"http:\\\/\\\/gmiotto.it\\\/wp-content\\\/uploads\\\/2018\\\/06\\\/logo_rina.png\",\"contentUrl\":\"http:\\\/\\\/gmiotto.it\\\/wp-content\\\/uploads\\\/2018\\\/06\\\/logo_rina.png\",\"width\":277,\"height\":66,\"caption\":\"Otto sas di Miotto F. & C.\"},\"image\":{\"@id\":\"https:\\\/\\\/gmiotto.it\\\/#\\\/schema\\\/logo\\\/image\\\/\"}}]}<\/script>\n<!-- \/ Yoast SEO plugin. -->","yoast_head_json":{"title":"TROCKENAUFLAGEN F\u00dcR wasserscooter - OTTO","robots":{"index":"index","follow":"follow","max-snippet":"max-snippet:-1","max-image-preview":"max-image-preview:large","max-video-preview":"max-video-preview:-1"},"canonical":"https:\/\/gmiotto.it\/de\/trockenauflagen-fur-wasserscooter-2\/","og_locale":"de_DE","og_type":"article","og_title":"TROCKENAUFLAGEN F\u00dcR wasserscooter - OTTO","og_description":"[vc_row equal_height=&#8220;yes&#8220;][vc_column width=&#8220;1\/2&#8243;][vc_column_text 0=&#8220;&#8220;]Die neuen Plattformen als Auflagen f\u00fcr Wasserscooter Otto eignen sich f\u00fcr alle Wasserscooter mit 1 oder 2 Pl\u00e4tzen. Bei einer Gr\u00f6\u00dfe von 1,5&#215;4 m haben sie eine maximale Tragf\u00e4higkeit von mehr als 1.300 kg, sie sind sto\u00dffest und einfach zu montieren und zu verlegen. Da es sich um ein Modularsystem handelt, k\u00f6nnen &hellip;","og_url":"https:\/\/gmiotto.it\/de\/trockenauflagen-fur-wasserscooter-2\/","og_site_name":"OTTO","twitter_card":"summary_large_image","twitter_misc":{"Gesch\u00e4tzte Lesezeit":"2\u00a0Minuten"},"schema":{"@context":"https:\/\/schema.org","@graph":[{"@type":"WebPage","@id":"https:\/\/gmiotto.it\/de\/trockenauflagen-fur-wasserscooter-2\/","url":"https:\/\/gmiotto.it\/de\/trockenauflagen-fur-wasserscooter-2\/","name":"TROCKENAUFLAGEN F\u00dcR wasserscooter - OTTO","isPartOf":{"@id":"https:\/\/gmiotto.it\/#website"},"datePublished":"2019-02-07T17:14:52+00:00","breadcrumb":{"@id":"https:\/\/gmiotto.it\/de\/trockenauflagen-fur-wasserscooter-2\/#breadcrumb"},"inLanguage":"de","potentialAction":[{"@type":"ReadAction","target":["https:\/\/gmiotto.it\/de\/trockenauflagen-fur-wasserscooter-2\/"]}]},{"@type":"BreadcrumbList","@id":"https:\/\/gmiotto.it\/de\/trockenauflagen-fur-wasserscooter-2\/#breadcrumb","itemListElement":[{"@type":"ListItem","position":1,"name":"Home","item":"https:\/\/gmiotto.it\/de\/"},{"@type":"ListItem","position":2,"name":"TROCKENAUFLAGEN F\u00dcR wasserscooter"}]},{"@type":"WebSite","@id":"https:\/\/gmiotto.it\/#website","url":"https:\/\/gmiotto.it\/","name":"OTTO","description":"Pontili galleggianti modulari","publisher":{"@id":"https:\/\/gmiotto.it\/#organization"},"potentialAction":[{"@type":"SearchAction","target":{"@type":"EntryPoint","urlTemplate":"https:\/\/gmiotto.it\/?s={search_term_string}"},"query-input":{"@type":"PropertyValueSpecification","valueRequired":true,"valueName":"search_term_string"}}],"inLanguage":"de"},{"@type":"Organization","@id":"https:\/\/gmiotto.it\/#organization","name":"Otto sas di Miotto F. & C.","url":"https:\/\/gmiotto.it\/","logo":{"@type":"ImageObject","inLanguage":"de","@id":"https:\/\/gmiotto.it\/#\/schema\/logo\/image\/","url":"http:\/\/gmiotto.it\/wp-content\/uploads\/2018\/06\/logo_rina.png","contentUrl":"http:\/\/gmiotto.it\/wp-content\/uploads\/2018\/06\/logo_rina.png","width":277,"height":66,"caption":"Otto sas di Miotto F. & C."},"image":{"@id":"https:\/\/gmiotto.it\/#\/schema\/logo\/image\/"}}]}},"_links":{"self":[{"href":"https:\/\/gmiotto.it\/de\/wp-json\/wp\/v2\/pages\/6143","targetHints":{"allow":["GET"]}}],"collection":[{"href":"https:\/\/gmiotto.it\/de\/wp-json\/wp\/v2\/pages"}],"about":[{"href":"https:\/\/gmiotto.it\/de\/wp-json\/wp\/v2\/types\/page"}],"author":[{"embeddable":true,"href":"https:\/\/gmiotto.it\/de\/wp-json\/wp\/v2\/users\/1"}],"replies":[{"embeddable":true,"href":"https:\/\/gmiotto.it\/de\/wp-json\/wp\/v2\/comments?post=6143"}],"version-history":[{"count":0,"href":"https:\/\/gmiotto.it\/de\/wp-json\/wp\/v2\/pages\/6143\/revisions"}],"wp:attachment":[{"href":"https:\/\/gmiotto.it\/de\/wp-json\/wp\/v2\/media?parent=6143"}],"curies":[{"name":"wp","href":"https:\/\/api.w.org\/{rel}","templated":true}]}}