{"id":6144,"date":"2019-02-07T18:17:17","date_gmt":"2019-02-07T17:17:17","guid":{"rendered":"http:\/\/gmiotto.it\/rudern-und-wassersport\/"},"modified":"2019-02-07T18:18:59","modified_gmt":"2019-02-07T17:18:59","slug":"rudern-und-wassersport","status":"publish","type":"page","link":"https:\/\/gmiotto.it\/de\/rudern-und-wassersport\/","title":{"rendered":"RUDERN UND WASSERSPORT"},"content":{"rendered":"<div class=\"wpb-content-wrapper\"><p>[vc_row equal_height=&#8220;yes&#8220;][vc_column width=&#8220;1\/2&#8243;][vc_column_text]<span style=\"font-family: Times New Roman, serif;\"><span style=\"font-size: medium;\"><span style=\"color: #444444;\"><span style=\"font-family: Arial, serif;\"><span lang=\"de-DE\">Schwimmende Plattformen Otto, ideal f\u00fcr kleine Boote, <\/span><\/span><\/span><span style=\"color: #444444;\"><span style=\"font-family: Arial, serif;\"><span lang=\"de-DE\"><b>Ruderboote<\/b><\/span><\/span><\/span><span style=\"color: #444444;\"><span style=\"font-family: Arial, serif;\"><span lang=\"de-DE\">, <\/span><\/span><\/span><span style=\"color: #444444;\"><span style=\"font-family: Arial, serif;\"><span lang=\"de-DE\"><b>Kajaks<\/b><\/span><\/span><\/span><span style=\"color: #444444;\"><span style=\"font-family: Arial, serif;\"><span lang=\"de-DE\">, <\/span><\/span><\/span><span style=\"color: #444444;\"><span style=\"font-family: Arial, serif;\"><span lang=\"de-DE\"><b>Drachenboote<\/b><\/span><\/span><\/span><span style=\"color: #444444;\"><span style=\"font-family: Arial, serif;\"><span lang=\"de-DE\"> und alle anderen Wassersportarten. <\/span><\/span><\/span><\/span><\/span><\/p>\n<p><span style=\"font-family: Times New Roman, serif;\"><span style=\"font-size: medium;\"><span style=\"color: #444444;\"><span style=\"font-family: Arial, serif;\"><span lang=\"de-DE\">Dank des praktischen Verschlusses k\u00f6nnen die W\u00fcrfel mit Wasser gef\u00fcllt werden, um dadurch ihre H\u00f6he im Verh\u00e4ltnis zum Wasserspiegel, ihre Stabilit\u00e4t und ihre Tragf\u00e4higkeit zu \u00e4ndern. Einfach zu transportieren, zusammenzubauen und wieder auseinanderzunehmen.<\/span><\/span><\/span><\/span><\/span>[\/vc_column_text][\/vc_column][vc_column width=&#8220;1\/2&#8243;][vc_raw_html]JTNDaWZyYW1lJTIwd2lkdGglM0QlMjI1NjAlMjIlMjBoZWlnaHQlM0QlMjIzMTUlMjIlMjBzcmMlM0QlMjJodHRwcyUzQSUyRiUyRnd3dy55b3V0dWJlLmNvbSUyRmVtYmVkJTJGMVRDa3dRczFRcWMlM0ZyZWwlM0QwJTI2YW1wJTNCY29udHJvbHMlM0QwJTIyJTIwZnJhbWVib3JkZXIlM0QlMjIwJTIyJTIwYWxsb3clM0QlMjJhdXRvcGxheSUzQiUyMGVuY3J5cHRlZC1tZWRpYSUyMiUyMGFsbG93ZnVsbHNjcmVlbiUzRSUzQyUyRmlmcmFtZSUzRQ==[\/vc_raw_html][\/vc_column][\/vc_row][vc_row][vc_column][vc_media_grid element_width=&#8220;2&#8243; gap=&#8220;30&#8243; grid_id=&#8220;vc_gid:1549559873909-d9bef6b0-5c09-10&#8243; include=&#8220;2987,2988,2989,2990,2992,2993,2994,2995,2997,2998,2999,3000,3001,3002,3003,3004,3005,3006,3007,3008,3009,3010,3011,3012,3013,3014,3015&#8243;][\/vc_column][\/vc_row]<\/p>\n<\/div>","protected":false},"excerpt":{"rendered":"<p>[vc_row equal_height=&#8220;yes&#8220;][vc_column width=&#8220;1\/2&#8243;][vc_column_text]Schwimmende Plattformen Otto, ideal f\u00fcr kleine Boote, Ruderboote, Kajaks, Drachenboote und alle anderen Wassersportarten. Dank des praktischen Verschlusses k\u00f6nnen die W\u00fcrfel mit Wasser gef\u00fcllt werden, um dadurch ihre H\u00f6he im Verh\u00e4ltnis zum Wasserspiegel, ihre Stabilit\u00e4t und ihre Tragf\u00e4higkeit zu \u00e4ndern. Einfach zu transportieren, zusammenzubauen und wieder auseinanderzunehmen.[\/vc_column_text][\/vc_column][vc_column width=&#8220;1\/2&#8243;][vc_raw_html]JTNDaWZyYW1lJTIwd2lkdGglM0QlMjI1NjAlMjIlMjBoZWlnaHQlM0QlMjIzMTUlMjIlMjBzcmMlM0QlMjJodHRwcyUzQSUyRiUyRnd3dy55b3V0dWJlLmNvbSUyRmVtYmVkJTJGMVRDa3dRczFRcWMlM0ZyZWwlM0QwJTI2YW1wJTNCY29udHJvbHMlM0QwJTIyJTIwZnJhbWVib3JkZXIlM0QlMjIwJTIyJTIwYWxsb3clM0QlMjJhdXRvcGxheSUzQiUyMGVuY3J5cHRlZC1tZWRpYSUyMiUyMGFsbG93ZnVsbHNjcmVlbiUzRSUzQyUyRmlmcmFtZSUzRQ==[\/vc_raw_html][\/vc_column][\/vc_row][vc_row][vc_column][vc_media_grid element_width=&#8220;2&#8243; gap=&#8220;30&#8243; grid_id=&#8220;vc_gid:1549559873909-d9bef6b0-5c09-10&#8243; include=&#8220;2987,2988,2989,2990,2992,2993,2994,2995,2997,2998,2999,3000,3001,3002,3003,3004,3005,3006,3007,3008,3009,3010,3011,3012,3013,3014,3015&#8243;][\/vc_column][\/vc_row]<\/p>\n","protected":false},"author":1,"featured_media":0,"parent":0,"menu_order":0,"comment_status":"closed","ping_status":"closed","template":"","meta":{"footnotes":""},"class_list":["post-6144","page","type-page","status-publish","hentry","no-thumb"],"yoast_head":"<!-- This site is optimized with the Yoast SEO plugin v27.3 - https:\/\/yoast.com\/product\/yoast-seo-wordpress\/ -->\n<title>RUDERN UND WASSERSPORT - OTTO<\/title>\n<meta name=\"robots\" content=\"index, follow, max-snippet:-1, max-image-preview:large, max-video-preview:-1\" \/>\n<link rel=\"canonical\" href=\"https:\/\/gmiotto.it\/de\/rudern-und-wassersport\/\" \/>\n<meta property=\"og:locale\" content=\"de_DE\" \/>\n<meta property=\"og:type\" content=\"article\" \/>\n<meta property=\"og:title\" content=\"RUDERN UND WASSERSPORT - OTTO\" \/>\n<meta property=\"og:description\" content=\"[vc_row equal_height=&#8220;yes&#8220;][vc_column width=&#8220;1\/2&#8243;][vc_column_text]Schwimmende Plattformen Otto, ideal f\u00fcr kleine Boote, Ruderboote, Kajaks, Drachenboote und alle anderen Wassersportarten. Dank des praktischen Verschlusses k\u00f6nnen die W\u00fcrfel mit Wasser gef\u00fcllt werden, um dadurch ihre H\u00f6he im Verh\u00e4ltnis zum Wasserspiegel, ihre Stabilit\u00e4t und ihre Tragf\u00e4higkeit zu \u00e4ndern. Einfach zu transportieren, zusammenzubauen und wieder auseinanderzunehmen.[\/vc_column_text][\/vc_column][vc_column width=&#8220;1\/2&#8243;][vc_raw_html]JTNDaWZyYW1lJTIwd2lkdGglM0QlMjI1NjAlMjIlMjBoZWlnaHQlM0QlMjIzMTUlMjIlMjBzcmMlM0QlMjJodHRwcyUzQSUyRiUyRnd3dy55b3V0dWJlLmNvbSUyRmVtYmVkJTJGMVRDa3dRczFRcWMlM0ZyZWwlM0QwJTI2YW1wJTNCY29udHJvbHMlM0QwJTIyJTIwZnJhbWVib3JkZXIlM0QlMjIwJTIyJTIwYWxsb3clM0QlMjJhdXRvcGxheSUzQiUyMGVuY3J5cHRlZC1tZWRpYSUyMiUyMGFsbG93ZnVsbHNjcmVlbiUzRSUzQyUyRmlmcmFtZSUzRQ==[\/vc_raw_html][\/vc_column][\/vc_row][vc_row][vc_column][vc_media_grid element_width=&#8220;2&#8243; gap=&#8220;30&#8243; grid_id=&#8220;vc_gid:1549559873909-d9bef6b0-5c09-10&#8243; include=&#8220;2987,2988,2989,2990,2992,2993,2994,2995,2997,2998,2999,3000,3001,3002,3003,3004,3005,3006,3007,3008,3009,3010,3011,3012,3013,3014,3015&#8243;][\/vc_column][\/vc_row]\" \/>\n<meta property=\"og:url\" content=\"https:\/\/gmiotto.it\/de\/rudern-und-wassersport\/\" \/>\n<meta property=\"og:site_name\" content=\"OTTO\" \/>\n<meta property=\"article:modified_time\" content=\"2019-02-07T17:18:59+00:00\" \/>\n<meta name=\"twitter:card\" content=\"summary_large_image\" \/>\n<meta name=\"twitter:label1\" content=\"Gesch\u00e4tzte Lesezeit\" \/>\n\t<meta name=\"twitter:data1\" content=\"1\u00a0Minute\" \/>\n<script type=\"application\/ld+json\" class=\"yoast-schema-graph\">{\"@context\":\"https:\\\/\\\/schema.org\",\"@graph\":[{\"@type\":\"WebPage\",\"@id\":\"https:\\\/\\\/gmiotto.it\\\/de\\\/rudern-und-wassersport\\\/\",\"url\":\"https:\\\/\\\/gmiotto.it\\\/de\\\/rudern-und-wassersport\\\/\",\"name\":\"RUDERN UND WASSERSPORT - OTTO\",\"isPartOf\":{\"@id\":\"https:\\\/\\\/gmiotto.it\\\/#website\"},\"datePublished\":\"2019-02-07T17:17:17+00:00\",\"dateModified\":\"2019-02-07T17:18:59+00:00\",\"breadcrumb\":{\"@id\":\"https:\\\/\\\/gmiotto.it\\\/de\\\/rudern-und-wassersport\\\/#breadcrumb\"},\"inLanguage\":\"de\",\"potentialAction\":[{\"@type\":\"ReadAction\",\"target\":[\"https:\\\/\\\/gmiotto.it\\\/de\\\/rudern-und-wassersport\\\/\"]}]},{\"@type\":\"BreadcrumbList\",\"@id\":\"https:\\\/\\\/gmiotto.it\\\/de\\\/rudern-und-wassersport\\\/#breadcrumb\",\"itemListElement\":[{\"@type\":\"ListItem\",\"position\":1,\"name\":\"Home\",\"item\":\"https:\\\/\\\/gmiotto.it\\\/de\\\/\"},{\"@type\":\"ListItem\",\"position\":2,\"name\":\"RUDERN UND WASSERSPORT\"}]},{\"@type\":\"WebSite\",\"@id\":\"https:\\\/\\\/gmiotto.it\\\/#website\",\"url\":\"https:\\\/\\\/gmiotto.it\\\/\",\"name\":\"OTTO\",\"description\":\"Pontili galleggianti modulari\",\"publisher\":{\"@id\":\"https:\\\/\\\/gmiotto.it\\\/#organization\"},\"potentialAction\":[{\"@type\":\"SearchAction\",\"target\":{\"@type\":\"EntryPoint\",\"urlTemplate\":\"https:\\\/\\\/gmiotto.it\\\/?s={search_term_string}\"},\"query-input\":{\"@type\":\"PropertyValueSpecification\",\"valueRequired\":true,\"valueName\":\"search_term_string\"}}],\"inLanguage\":\"de\"},{\"@type\":\"Organization\",\"@id\":\"https:\\\/\\\/gmiotto.it\\\/#organization\",\"name\":\"Otto sas di Miotto F. & C.\",\"url\":\"https:\\\/\\\/gmiotto.it\\\/\",\"logo\":{\"@type\":\"ImageObject\",\"inLanguage\":\"de\",\"@id\":\"https:\\\/\\\/gmiotto.it\\\/#\\\/schema\\\/logo\\\/image\\\/\",\"url\":\"http:\\\/\\\/gmiotto.it\\\/wp-content\\\/uploads\\\/2018\\\/06\\\/logo_rina.png\",\"contentUrl\":\"http:\\\/\\\/gmiotto.it\\\/wp-content\\\/uploads\\\/2018\\\/06\\\/logo_rina.png\",\"width\":277,\"height\":66,\"caption\":\"Otto sas di Miotto F. & C.\"},\"image\":{\"@id\":\"https:\\\/\\\/gmiotto.it\\\/#\\\/schema\\\/logo\\\/image\\\/\"}}]}<\/script>\n<!-- \/ Yoast SEO plugin. -->","yoast_head_json":{"title":"RUDERN UND WASSERSPORT - OTTO","robots":{"index":"index","follow":"follow","max-snippet":"max-snippet:-1","max-image-preview":"max-image-preview:large","max-video-preview":"max-video-preview:-1"},"canonical":"https:\/\/gmiotto.it\/de\/rudern-und-wassersport\/","og_locale":"de_DE","og_type":"article","og_title":"RUDERN UND WASSERSPORT - OTTO","og_description":"[vc_row equal_height=&#8220;yes&#8220;][vc_column width=&#8220;1\/2&#8243;][vc_column_text]Schwimmende Plattformen Otto, ideal f\u00fcr kleine Boote, Ruderboote, Kajaks, Drachenboote und alle anderen Wassersportarten. Dank des praktischen Verschlusses k\u00f6nnen die W\u00fcrfel mit Wasser gef\u00fcllt werden, um dadurch ihre H\u00f6he im Verh\u00e4ltnis zum Wasserspiegel, ihre Stabilit\u00e4t und ihre Tragf\u00e4higkeit zu \u00e4ndern. Einfach zu transportieren, zusammenzubauen und wieder auseinanderzunehmen.[\/vc_column_text][\/vc_column][vc_column width=&#8220;1\/2&#8243;][vc_raw_html]JTNDaWZyYW1lJTIwd2lkdGglM0QlMjI1NjAlMjIlMjBoZWlnaHQlM0QlMjIzMTUlMjIlMjBzcmMlM0QlMjJodHRwcyUzQSUyRiUyRnd3dy55b3V0dWJlLmNvbSUyRmVtYmVkJTJGMVRDa3dRczFRcWMlM0ZyZWwlM0QwJTI2YW1wJTNCY29udHJvbHMlM0QwJTIyJTIwZnJhbWVib3JkZXIlM0QlMjIwJTIyJTIwYWxsb3clM0QlMjJhdXRvcGxheSUzQiUyMGVuY3J5cHRlZC1tZWRpYSUyMiUyMGFsbG93ZnVsbHNjcmVlbiUzRSUzQyUyRmlmcmFtZSUzRQ==[\/vc_raw_html][\/vc_column][\/vc_row][vc_row][vc_column][vc_media_grid element_width=&#8220;2&#8243; gap=&#8220;30&#8243; grid_id=&#8220;vc_gid:1549559873909-d9bef6b0-5c09-10&#8243; include=&#8220;2987,2988,2989,2990,2992,2993,2994,2995,2997,2998,2999,3000,3001,3002,3003,3004,3005,3006,3007,3008,3009,3010,3011,3012,3013,3014,3015&#8243;][\/vc_column][\/vc_row]","og_url":"https:\/\/gmiotto.it\/de\/rudern-und-wassersport\/","og_site_name":"OTTO","article_modified_time":"2019-02-07T17:18:59+00:00","twitter_card":"summary_large_image","twitter_misc":{"Gesch\u00e4tzte Lesezeit":"1\u00a0Minute"},"schema":{"@context":"https:\/\/schema.org","@graph":[{"@type":"WebPage","@id":"https:\/\/gmiotto.it\/de\/rudern-und-wassersport\/","url":"https:\/\/gmiotto.it\/de\/rudern-und-wassersport\/","name":"RUDERN UND WASSERSPORT - OTTO","isPartOf":{"@id":"https:\/\/gmiotto.it\/#website"},"datePublished":"2019-02-07T17:17:17+00:00","dateModified":"2019-02-07T17:18:59+00:00","breadcrumb":{"@id":"https:\/\/gmiotto.it\/de\/rudern-und-wassersport\/#breadcrumb"},"inLanguage":"de","potentialAction":[{"@type":"ReadAction","target":["https:\/\/gmiotto.it\/de\/rudern-und-wassersport\/"]}]},{"@type":"BreadcrumbList","@id":"https:\/\/gmiotto.it\/de\/rudern-und-wassersport\/#breadcrumb","itemListElement":[{"@type":"ListItem","position":1,"name":"Home","item":"https:\/\/gmiotto.it\/de\/"},{"@type":"ListItem","position":2,"name":"RUDERN UND WASSERSPORT"}]},{"@type":"WebSite","@id":"https:\/\/gmiotto.it\/#website","url":"https:\/\/gmiotto.it\/","name":"OTTO","description":"Pontili galleggianti modulari","publisher":{"@id":"https:\/\/gmiotto.it\/#organization"},"potentialAction":[{"@type":"SearchAction","target":{"@type":"EntryPoint","urlTemplate":"https:\/\/gmiotto.it\/?s={search_term_string}"},"query-input":{"@type":"PropertyValueSpecification","valueRequired":true,"valueName":"search_term_string"}}],"inLanguage":"de"},{"@type":"Organization","@id":"https:\/\/gmiotto.it\/#organization","name":"Otto sas di Miotto F. & C.","url":"https:\/\/gmiotto.it\/","logo":{"@type":"ImageObject","inLanguage":"de","@id":"https:\/\/gmiotto.it\/#\/schema\/logo\/image\/","url":"http:\/\/gmiotto.it\/wp-content\/uploads\/2018\/06\/logo_rina.png","contentUrl":"http:\/\/gmiotto.it\/wp-content\/uploads\/2018\/06\/logo_rina.png","width":277,"height":66,"caption":"Otto sas di Miotto F. & C."},"image":{"@id":"https:\/\/gmiotto.it\/#\/schema\/logo\/image\/"}}]}},"_links":{"self":[{"href":"https:\/\/gmiotto.it\/de\/wp-json\/wp\/v2\/pages\/6144","targetHints":{"allow":["GET"]}}],"collection":[{"href":"https:\/\/gmiotto.it\/de\/wp-json\/wp\/v2\/pages"}],"about":[{"href":"https:\/\/gmiotto.it\/de\/wp-json\/wp\/v2\/types\/page"}],"author":[{"embeddable":true,"href":"https:\/\/gmiotto.it\/de\/wp-json\/wp\/v2\/users\/1"}],"replies":[{"embeddable":true,"href":"https:\/\/gmiotto.it\/de\/wp-json\/wp\/v2\/comments?post=6144"}],"version-history":[{"count":0,"href":"https:\/\/gmiotto.it\/de\/wp-json\/wp\/v2\/pages\/6144\/revisions"}],"wp:attachment":[{"href":"https:\/\/gmiotto.it\/de\/wp-json\/wp\/v2\/media?parent=6144"}],"curies":[{"name":"wp","href":"https:\/\/api.w.org\/{rel}","templated":true}]}}