{"id":6146,"date":"2019-02-07T18:20:22","date_gmt":"2019-02-07T17:20:22","guid":{"rendered":"http:\/\/gmiotto.it\/veranstaltungen-auf-dem-wasser\/"},"modified":"2025-03-31T17:19:58","modified_gmt":"2025-03-31T15:19:58","slug":"veranstaltungen-auf-dem-wasser","status":"publish","type":"page","link":"https:\/\/gmiotto.it\/de\/veranstaltungen-auf-dem-wasser\/","title":{"rendered":"VERANSTALTUNGEN AUF DEM WASSER"},"content":{"rendered":"<div class=\"wpb-content-wrapper\"><p>[vc_row equal_height=&#8220;yes&#8220;][vc_column width=&#8220;1\/2&#8243;][vc_column_text]Die schwimmenden Plattformen Otto sind leicht zu transportieren, zusammenzubauen und wieder auseinanderzunehmen. Sie sind also ideal, um schwimmende Strukturen f\u00fcr Veranstaltungen auf dem Wasser zu schaffen, von Sportereignissen \u00fcber Konzerte bis hin zu k\u00fcnstlerischen Produktionen.[\/vc_column_text][\/vc_column][vc_column width=&#8220;1\/2&#8243;][vc_raw_html]JTNDaWZyYW1lJTIwd2lkdGglM0QlMjI1NjAlMjIlMjBoZWlnaHQlM0QlMjIzMTUlMjIlMjBzcmMlM0QlMjJodHRwcyUzQSUyRiUyRnd3dy55b3V0dWJlLmNvbSUyRmVtYmVkJTJGWXRINDhlaWxIY2clM0ZyZWwlM0QwJTI2YW1wJTNCY29udHJvbHMlM0QwJTIyJTIwZnJhbWVib3JkZXIlM0QlMjIwJTIyJTIwYWxsb3clM0QlMjJhdXRvcGxheSUzQiUyMGVuY3J5cHRlZC1tZWRpYSUyMiUyMGFsbG93ZnVsbHNjcmVlbiUzRSUzQyUyRmlmcmFtZSUzRQ==[\/vc_raw_html][\/vc_column][\/vc_row][vc_row][vc_column][vc_media_grid element_width=&#8220;2&#8243; gap=&#8220;30&#8243; grid_id=&#8220;vc_gid:1743434350047-85815f5a9d57699bb41c6f3dd437e76f-9&#8243; include=&#8220;5168,5172,5176,5180,5184,5188,5192,5196,5200,5204,5208,5212,5216,5220,5224,5228,5232,5236,5240,5244,5248,5252,5256,5260,5264,5268,5272&#8243;][\/vc_column][\/vc_row]<\/p>\n<\/div>","protected":false},"excerpt":{"rendered":"<p>[vc_row equal_height=&#8220;yes&#8220;][vc_column width=&#8220;1\/2&#8243;][vc_column_text]Die schwimmenden Plattformen Otto sind leicht zu transportieren, zusammenzubauen und wieder auseinanderzunehmen. Sie sind also ideal, um schwimmende Strukturen f\u00fcr Veranstaltungen auf dem Wasser zu schaffen, von Sportereignissen \u00fcber Konzerte bis hin zu k\u00fcnstlerischen Produktionen.[\/vc_column_text][\/vc_column][vc_column width=&#8220;1\/2&#8243;][vc_raw_html]JTNDaWZyYW1lJTIwd2lkdGglM0QlMjI1NjAlMjIlMjBoZWlnaHQlM0QlMjIzMTUlMjIlMjBzcmMlM0QlMjJodHRwcyUzQSUyRiUyRnd3dy55b3V0dWJlLmNvbSUyRmVtYmVkJTJGWXRINDhlaWxIY2clM0ZyZWwlM0QwJTI2YW1wJTNCY29udHJvbHMlM0QwJTIyJTIwZnJhbWVib3JkZXIlM0QlMjIwJTIyJTIwYWxsb3clM0QlMjJhdXRvcGxheSUzQiUyMGVuY3J5cHRlZC1tZWRpYSUyMiUyMGFsbG93ZnVsbHNjcmVlbiUzRSUzQyUyRmlmcmFtZSUzRQ==[\/vc_raw_html][\/vc_column][\/vc_row][vc_row][vc_column][vc_media_grid element_width=&#8220;2&#8243; gap=&#8220;30&#8243; grid_id=&#8220;vc_gid:1743434350047-85815f5a9d57699bb41c6f3dd437e76f-9&#8243; include=&#8220;5168,5172,5176,5180,5184,5188,5192,5196,5200,5204,5208,5212,5216,5220,5224,5228,5232,5236,5240,5244,5248,5252,5256,5260,5264,5268,5272&#8243;][\/vc_column][\/vc_row]<\/p>\n","protected":false},"author":1,"featured_media":0,"parent":0,"menu_order":0,"comment_status":"closed","ping_status":"closed","template":"","meta":{"footnotes":""},"class_list":["post-6146","page","type-page","status-publish","hentry","no-thumb"],"yoast_head":"<!-- This site is optimized with the Yoast SEO plugin v27.2 - https:\/\/yoast.com\/product\/yoast-seo-wordpress\/ -->\n<title>VERANSTALTUNGEN AUF DEM WASSER - OTTO<\/title>\n<meta name=\"robots\" content=\"index, follow, max-snippet:-1, max-image-preview:large, max-video-preview:-1\" \/>\n<link rel=\"canonical\" href=\"https:\/\/gmiotto.it\/de\/veranstaltungen-auf-dem-wasser\/\" \/>\n<meta property=\"og:locale\" content=\"de_DE\" \/>\n<meta property=\"og:type\" content=\"article\" \/>\n<meta property=\"og:title\" content=\"VERANSTALTUNGEN AUF DEM WASSER - OTTO\" \/>\n<meta property=\"og:description\" content=\"[vc_row equal_height=&#8220;yes&#8220;][vc_column width=&#8220;1\/2&#8243;][vc_column_text]Die schwimmenden Plattformen Otto sind leicht zu transportieren, zusammenzubauen und wieder auseinanderzunehmen. Sie sind also ideal, um schwimmende Strukturen f\u00fcr Veranstaltungen auf dem Wasser zu schaffen, von Sportereignissen \u00fcber Konzerte bis hin zu k\u00fcnstlerischen Produktionen.[\/vc_column_text][\/vc_column][vc_column width=&#8220;1\/2&#8243;][vc_raw_html]JTNDaWZyYW1lJTIwd2lkdGglM0QlMjI1NjAlMjIlMjBoZWlnaHQlM0QlMjIzMTUlMjIlMjBzcmMlM0QlMjJodHRwcyUzQSUyRiUyRnd3dy55b3V0dWJlLmNvbSUyRmVtYmVkJTJGWXRINDhlaWxIY2clM0ZyZWwlM0QwJTI2YW1wJTNCY29udHJvbHMlM0QwJTIyJTIwZnJhbWVib3JkZXIlM0QlMjIwJTIyJTIwYWxsb3clM0QlMjJhdXRvcGxheSUzQiUyMGVuY3J5cHRlZC1tZWRpYSUyMiUyMGFsbG93ZnVsbHNjcmVlbiUzRSUzQyUyRmlmcmFtZSUzRQ==[\/vc_raw_html][\/vc_column][\/vc_row][vc_row][vc_column][vc_media_grid element_width=&#8220;2&#8243; gap=&#8220;30&#8243; grid_id=&#8220;vc_gid:1743434350047-85815f5a9d57699bb41c6f3dd437e76f-9&#8243; include=&#8220;5168,5172,5176,5180,5184,5188,5192,5196,5200,5204,5208,5212,5216,5220,5224,5228,5232,5236,5240,5244,5248,5252,5256,5260,5264,5268,5272&#8243;][\/vc_column][\/vc_row]\" \/>\n<meta property=\"og:url\" content=\"https:\/\/gmiotto.it\/de\/veranstaltungen-auf-dem-wasser\/\" \/>\n<meta property=\"og:site_name\" content=\"OTTO\" \/>\n<meta property=\"article:modified_time\" content=\"2025-03-31T15:19:58+00:00\" \/>\n<meta name=\"twitter:card\" content=\"summary_large_image\" \/>\n<meta name=\"twitter:label1\" content=\"Gesch\u00e4tzte Lesezeit\" \/>\n\t<meta name=\"twitter:data1\" content=\"1\u00a0Minute\" \/>\n<script type=\"application\/ld+json\" class=\"yoast-schema-graph\">{\"@context\":\"https:\/\/schema.org\",\"@graph\":[{\"@type\":\"WebPage\",\"@id\":\"https:\/\/gmiotto.it\/de\/veranstaltungen-auf-dem-wasser\/\",\"url\":\"https:\/\/gmiotto.it\/de\/veranstaltungen-auf-dem-wasser\/\",\"name\":\"VERANSTALTUNGEN AUF DEM WASSER - OTTO\",\"isPartOf\":{\"@id\":\"https:\/\/gmiotto.it\/#website\"},\"datePublished\":\"2019-02-07T17:20:22+00:00\",\"dateModified\":\"2025-03-31T15:19:58+00:00\",\"breadcrumb\":{\"@id\":\"https:\/\/gmiotto.it\/de\/veranstaltungen-auf-dem-wasser\/#breadcrumb\"},\"inLanguage\":\"de\",\"potentialAction\":[{\"@type\":\"ReadAction\",\"target\":[\"https:\/\/gmiotto.it\/de\/veranstaltungen-auf-dem-wasser\/\"]}]},{\"@type\":\"BreadcrumbList\",\"@id\":\"https:\/\/gmiotto.it\/de\/veranstaltungen-auf-dem-wasser\/#breadcrumb\",\"itemListElement\":[{\"@type\":\"ListItem\",\"position\":1,\"name\":\"Home\",\"item\":\"https:\/\/gmiotto.it\/de\/\"},{\"@type\":\"ListItem\",\"position\":2,\"name\":\"VERANSTALTUNGEN AUF DEM WASSER\"}]},{\"@type\":\"WebSite\",\"@id\":\"https:\/\/gmiotto.it\/#website\",\"url\":\"https:\/\/gmiotto.it\/\",\"name\":\"OTTO\",\"description\":\"Pontili galleggianti modulari\",\"publisher\":{\"@id\":\"https:\/\/gmiotto.it\/#organization\"},\"potentialAction\":[{\"@type\":\"SearchAction\",\"target\":{\"@type\":\"EntryPoint\",\"urlTemplate\":\"https:\/\/gmiotto.it\/?s={search_term_string}\"},\"query-input\":{\"@type\":\"PropertyValueSpecification\",\"valueRequired\":true,\"valueName\":\"search_term_string\"}}],\"inLanguage\":\"de\"},{\"@type\":\"Organization\",\"@id\":\"https:\/\/gmiotto.it\/#organization\",\"name\":\"Otto sas di Miotto F. & C.\",\"url\":\"https:\/\/gmiotto.it\/\",\"logo\":{\"@type\":\"ImageObject\",\"inLanguage\":\"de\",\"@id\":\"https:\/\/gmiotto.it\/#\/schema\/logo\/image\/\",\"url\":\"http:\/\/gmiotto.it\/wp-content\/uploads\/2018\/06\/logo_rina.png\",\"contentUrl\":\"http:\/\/gmiotto.it\/wp-content\/uploads\/2018\/06\/logo_rina.png\",\"width\":277,\"height\":66,\"caption\":\"Otto sas di Miotto F. & C.\"},\"image\":{\"@id\":\"https:\/\/gmiotto.it\/#\/schema\/logo\/image\/\"}}]}<\/script>\n<!-- \/ Yoast SEO plugin. -->","yoast_head_json":{"title":"VERANSTALTUNGEN AUF DEM WASSER - OTTO","robots":{"index":"index","follow":"follow","max-snippet":"max-snippet:-1","max-image-preview":"max-image-preview:large","max-video-preview":"max-video-preview:-1"},"canonical":"https:\/\/gmiotto.it\/de\/veranstaltungen-auf-dem-wasser\/","og_locale":"de_DE","og_type":"article","og_title":"VERANSTALTUNGEN AUF DEM WASSER - OTTO","og_description":"[vc_row equal_height=&#8220;yes&#8220;][vc_column width=&#8220;1\/2&#8243;][vc_column_text]Die schwimmenden Plattformen Otto sind leicht zu transportieren, zusammenzubauen und wieder auseinanderzunehmen. Sie sind also ideal, um schwimmende Strukturen f\u00fcr Veranstaltungen auf dem Wasser zu schaffen, von Sportereignissen \u00fcber Konzerte bis hin zu k\u00fcnstlerischen Produktionen.[\/vc_column_text][\/vc_column][vc_column width=&#8220;1\/2&#8243;][vc_raw_html]JTNDaWZyYW1lJTIwd2lkdGglM0QlMjI1NjAlMjIlMjBoZWlnaHQlM0QlMjIzMTUlMjIlMjBzcmMlM0QlMjJodHRwcyUzQSUyRiUyRnd3dy55b3V0dWJlLmNvbSUyRmVtYmVkJTJGWXRINDhlaWxIY2clM0ZyZWwlM0QwJTI2YW1wJTNCY29udHJvbHMlM0QwJTIyJTIwZnJhbWVib3JkZXIlM0QlMjIwJTIyJTIwYWxsb3clM0QlMjJhdXRvcGxheSUzQiUyMGVuY3J5cHRlZC1tZWRpYSUyMiUyMGFsbG93ZnVsbHNjcmVlbiUzRSUzQyUyRmlmcmFtZSUzRQ==[\/vc_raw_html][\/vc_column][\/vc_row][vc_row][vc_column][vc_media_grid element_width=&#8220;2&#8243; gap=&#8220;30&#8243; grid_id=&#8220;vc_gid:1743434350047-85815f5a9d57699bb41c6f3dd437e76f-9&#8243; include=&#8220;5168,5172,5176,5180,5184,5188,5192,5196,5200,5204,5208,5212,5216,5220,5224,5228,5232,5236,5240,5244,5248,5252,5256,5260,5264,5268,5272&#8243;][\/vc_column][\/vc_row]","og_url":"https:\/\/gmiotto.it\/de\/veranstaltungen-auf-dem-wasser\/","og_site_name":"OTTO","article_modified_time":"2025-03-31T15:19:58+00:00","twitter_card":"summary_large_image","twitter_misc":{"Gesch\u00e4tzte Lesezeit":"1\u00a0Minute"},"schema":{"@context":"https:\/\/schema.org","@graph":[{"@type":"WebPage","@id":"https:\/\/gmiotto.it\/de\/veranstaltungen-auf-dem-wasser\/","url":"https:\/\/gmiotto.it\/de\/veranstaltungen-auf-dem-wasser\/","name":"VERANSTALTUNGEN AUF DEM WASSER - OTTO","isPartOf":{"@id":"https:\/\/gmiotto.it\/#website"},"datePublished":"2019-02-07T17:20:22+00:00","dateModified":"2025-03-31T15:19:58+00:00","breadcrumb":{"@id":"https:\/\/gmiotto.it\/de\/veranstaltungen-auf-dem-wasser\/#breadcrumb"},"inLanguage":"de","potentialAction":[{"@type":"ReadAction","target":["https:\/\/gmiotto.it\/de\/veranstaltungen-auf-dem-wasser\/"]}]},{"@type":"BreadcrumbList","@id":"https:\/\/gmiotto.it\/de\/veranstaltungen-auf-dem-wasser\/#breadcrumb","itemListElement":[{"@type":"ListItem","position":1,"name":"Home","item":"https:\/\/gmiotto.it\/de\/"},{"@type":"ListItem","position":2,"name":"VERANSTALTUNGEN AUF DEM WASSER"}]},{"@type":"WebSite","@id":"https:\/\/gmiotto.it\/#website","url":"https:\/\/gmiotto.it\/","name":"OTTO","description":"Pontili galleggianti modulari","publisher":{"@id":"https:\/\/gmiotto.it\/#organization"},"potentialAction":[{"@type":"SearchAction","target":{"@type":"EntryPoint","urlTemplate":"https:\/\/gmiotto.it\/?s={search_term_string}"},"query-input":{"@type":"PropertyValueSpecification","valueRequired":true,"valueName":"search_term_string"}}],"inLanguage":"de"},{"@type":"Organization","@id":"https:\/\/gmiotto.it\/#organization","name":"Otto sas di Miotto F. & C.","url":"https:\/\/gmiotto.it\/","logo":{"@type":"ImageObject","inLanguage":"de","@id":"https:\/\/gmiotto.it\/#\/schema\/logo\/image\/","url":"http:\/\/gmiotto.it\/wp-content\/uploads\/2018\/06\/logo_rina.png","contentUrl":"http:\/\/gmiotto.it\/wp-content\/uploads\/2018\/06\/logo_rina.png","width":277,"height":66,"caption":"Otto sas di Miotto F. & C."},"image":{"@id":"https:\/\/gmiotto.it\/#\/schema\/logo\/image\/"}}]}},"_links":{"self":[{"href":"https:\/\/gmiotto.it\/de\/wp-json\/wp\/v2\/pages\/6146","targetHints":{"allow":["GET"]}}],"collection":[{"href":"https:\/\/gmiotto.it\/de\/wp-json\/wp\/v2\/pages"}],"about":[{"href":"https:\/\/gmiotto.it\/de\/wp-json\/wp\/v2\/types\/page"}],"author":[{"embeddable":true,"href":"https:\/\/gmiotto.it\/de\/wp-json\/wp\/v2\/users\/1"}],"replies":[{"embeddable":true,"href":"https:\/\/gmiotto.it\/de\/wp-json\/wp\/v2\/comments?post=6146"}],"version-history":[{"count":0,"href":"https:\/\/gmiotto.it\/de\/wp-json\/wp\/v2\/pages\/6146\/revisions"}],"wp:attachment":[{"href":"https:\/\/gmiotto.it\/de\/wp-json\/wp\/v2\/media?parent=6146"}],"curies":[{"name":"wp","href":"https:\/\/api.w.org\/{rel}","templated":true}]}}