{"id":6148,"date":"2017-07-07T17:35:33","date_gmt":"2017-07-07T15:35:33","guid":{"rendered":"http:\/\/gmiotto.it\/supporto-pompe\/"},"modified":"2019-02-08T09:25:40","modified_gmt":"2019-02-08T08:25:40","slug":"supporto-pompe","status":"publish","type":"page","link":"https:\/\/gmiotto.it\/de\/supporto-pompe\/","title":{"rendered":"AUFLAGE F\u00dcR PUMPEN"},"content":{"rendered":"<div class=\"wpb-content-wrapper\"><p>[vc_row equal_height=&#8220;yes&#8220;][vc_column width=&#8220;1\/2&#8243;][vc_column_text]<span style=\"font-family: Times New Roman, serif;\"><span style=\"font-size: medium;\"><span style=\"color: #444444;\"><span style=\"font-family: Arial, serif;\"><span lang=\"de-DE\">Brauchen Sie schwimmende Elemente, die das Gewicht von Pumpen und Leitungen aushalten?<\/span><\/span><\/span><\/span><\/span><\/p>\n<p><span style=\"font-family: Times New Roman, serif;\"><span style=\"font-size: medium;\"><span style=\"color: #444444;\"><span style=\"font-family: Arial, serif;\"><span lang=\"de-DE\">Die schwimmenden W\u00fcrfel Otto mit einer H\u00f6chsttragf\u00e4higkeit von 350 kg pro Quadratmeter und seitlichen \u00d6ffnungen jeden halben Meter sind ideal, um Strukturen, Pumpen und Leitungen jeglicher Art zu tragen.<\/span><\/span><\/span><\/span><\/span>[\/vc_column_text][\/vc_column][vc_column width=&#8220;1\/2&#8243;][vc_cta h2=&#8220;&#8220; h4=&#8220;F\u00fcr weitere Informationen klicken Sie hier. &#8220; txt_align=&#8220;center&#8220; add_button=&#8220;bottom&#8220; btn_title=&#8220;Fragen Sie um Informationen&#8220; btn_style=&#8220;outline&#8220; btn_color=&#8220;peacoc&#8220; btn_align=&#8220;center&#8220; add_icon=&#8220;left&#8220; i_type=&#8220;openiconic&#8220; i_icon_openiconic=&#8220;vc-oi vc-oi-info&#8220; i_color=&#8220;grey&#8220; i_background_style=&#8220;rounded&#8220; i_background_color=&#8220;peacoc&#8220; i_size=&#8220;lg&#8220; css_animation=&#8220;top-to-bottom&#8220; btn_el_class=&#8220;richiesta_info&#8220;][\/vc_cta][\/vc_column][\/vc_row][vc_row][vc_column][vc_media_grid element_width=&#8220;2&#8243; gap=&#8220;30&#8243; grid_id=&#8220;vc_gid:1549613795823-5fd12813-343e-8&#8243; include=&#8220;3062,3063,3064,3065,3066,3067,3068,3069&#8243;][\/vc_column][\/vc_row]<\/p>\n<\/div>","protected":false},"excerpt":{"rendered":"<p>[vc_row equal_height=&#8220;yes&#8220;][vc_column width=&#8220;1\/2&#8243;][vc_column_text]Brauchen Sie schwimmende Elemente, die das Gewicht von Pumpen und Leitungen aushalten? Die schwimmenden W\u00fcrfel Otto mit einer H\u00f6chsttragf\u00e4higkeit von 350 kg pro Quadratmeter und seitlichen \u00d6ffnungen jeden halben Meter sind ideal, um Strukturen, Pumpen und Leitungen jeglicher Art zu tragen.[\/vc_column_text][\/vc_column][vc_column width=&#8220;1\/2&#8243;][vc_cta h2=&#8220;&#8220; h4=&#8220;F\u00fcr weitere Informationen klicken Sie hier. &#8220; txt_align=&#8220;center&#8220; add_button=&#8220;bottom&#8220; btn_title=&#8220;Fragen &hellip;<\/p>\n","protected":false},"author":1,"featured_media":0,"parent":0,"menu_order":0,"comment_status":"closed","ping_status":"closed","template":"","meta":{"footnotes":""},"class_list":["post-6148","page","type-page","status-publish","hentry","no-thumb"],"yoast_head":"<!-- This site is optimized with the Yoast SEO plugin v27.3 - https:\/\/yoast.com\/product\/yoast-seo-wordpress\/ -->\n<title>AUFLAGE F\u00dcR PUMPEN - OTTO<\/title>\n<meta name=\"robots\" content=\"index, follow, max-snippet:-1, max-image-preview:large, max-video-preview:-1\" \/>\n<link rel=\"canonical\" href=\"https:\/\/gmiotto.it\/de\/supporto-pompe\/\" \/>\n<meta property=\"og:locale\" content=\"de_DE\" \/>\n<meta property=\"og:type\" content=\"article\" \/>\n<meta property=\"og:title\" content=\"AUFLAGE F\u00dcR PUMPEN - OTTO\" \/>\n<meta property=\"og:description\" content=\"[vc_row equal_height=&#8220;yes&#8220;][vc_column width=&#8220;1\/2&#8243;][vc_column_text]Brauchen Sie schwimmende Elemente, die das Gewicht von Pumpen und Leitungen aushalten? Die schwimmenden W\u00fcrfel Otto mit einer H\u00f6chsttragf\u00e4higkeit von 350 kg pro Quadratmeter und seitlichen \u00d6ffnungen jeden halben Meter sind ideal, um Strukturen, Pumpen und Leitungen jeglicher Art zu tragen.[\/vc_column_text][\/vc_column][vc_column width=&#8220;1\/2&#8243;][vc_cta h2=&#8220;&#8220; h4=&#8220;F\u00fcr weitere Informationen klicken Sie hier. &#8220; txt_align=&#8220;center&#8220; add_button=&#8220;bottom&#8220; btn_title=&#8220;Fragen &hellip;\" \/>\n<meta property=\"og:url\" content=\"https:\/\/gmiotto.it\/de\/supporto-pompe\/\" \/>\n<meta property=\"og:site_name\" content=\"OTTO\" \/>\n<meta property=\"article:modified_time\" content=\"2019-02-08T08:25:40+00:00\" \/>\n<meta name=\"twitter:card\" content=\"summary_large_image\" \/>\n<meta name=\"twitter:label1\" content=\"Gesch\u00e4tzte Lesezeit\" \/>\n\t<meta name=\"twitter:data1\" content=\"1\u00a0Minute\" \/>\n<script type=\"application\/ld+json\" class=\"yoast-schema-graph\">{\"@context\":\"https:\\\/\\\/schema.org\",\"@graph\":[{\"@type\":\"WebPage\",\"@id\":\"https:\\\/\\\/gmiotto.it\\\/de\\\/supporto-pompe\\\/\",\"url\":\"https:\\\/\\\/gmiotto.it\\\/de\\\/supporto-pompe\\\/\",\"name\":\"AUFLAGE F\u00dcR PUMPEN - OTTO\",\"isPartOf\":{\"@id\":\"https:\\\/\\\/gmiotto.it\\\/#website\"},\"datePublished\":\"2017-07-07T15:35:33+00:00\",\"dateModified\":\"2019-02-08T08:25:40+00:00\",\"breadcrumb\":{\"@id\":\"https:\\\/\\\/gmiotto.it\\\/de\\\/supporto-pompe\\\/#breadcrumb\"},\"inLanguage\":\"de\",\"potentialAction\":[{\"@type\":\"ReadAction\",\"target\":[\"https:\\\/\\\/gmiotto.it\\\/de\\\/supporto-pompe\\\/\"]}]},{\"@type\":\"BreadcrumbList\",\"@id\":\"https:\\\/\\\/gmiotto.it\\\/de\\\/supporto-pompe\\\/#breadcrumb\",\"itemListElement\":[{\"@type\":\"ListItem\",\"position\":1,\"name\":\"Home\",\"item\":\"https:\\\/\\\/gmiotto.it\\\/de\\\/\"},{\"@type\":\"ListItem\",\"position\":2,\"name\":\"AUFLAGE F\u00dcR PUMPEN\"}]},{\"@type\":\"WebSite\",\"@id\":\"https:\\\/\\\/gmiotto.it\\\/#website\",\"url\":\"https:\\\/\\\/gmiotto.it\\\/\",\"name\":\"OTTO\",\"description\":\"Pontili galleggianti modulari\",\"publisher\":{\"@id\":\"https:\\\/\\\/gmiotto.it\\\/#organization\"},\"potentialAction\":[{\"@type\":\"SearchAction\",\"target\":{\"@type\":\"EntryPoint\",\"urlTemplate\":\"https:\\\/\\\/gmiotto.it\\\/?s={search_term_string}\"},\"query-input\":{\"@type\":\"PropertyValueSpecification\",\"valueRequired\":true,\"valueName\":\"search_term_string\"}}],\"inLanguage\":\"de\"},{\"@type\":\"Organization\",\"@id\":\"https:\\\/\\\/gmiotto.it\\\/#organization\",\"name\":\"Otto sas di Miotto F. & C.\",\"url\":\"https:\\\/\\\/gmiotto.it\\\/\",\"logo\":{\"@type\":\"ImageObject\",\"inLanguage\":\"de\",\"@id\":\"https:\\\/\\\/gmiotto.it\\\/#\\\/schema\\\/logo\\\/image\\\/\",\"url\":\"http:\\\/\\\/gmiotto.it\\\/wp-content\\\/uploads\\\/2018\\\/06\\\/logo_rina.png\",\"contentUrl\":\"http:\\\/\\\/gmiotto.it\\\/wp-content\\\/uploads\\\/2018\\\/06\\\/logo_rina.png\",\"width\":277,\"height\":66,\"caption\":\"Otto sas di Miotto F. & C.\"},\"image\":{\"@id\":\"https:\\\/\\\/gmiotto.it\\\/#\\\/schema\\\/logo\\\/image\\\/\"}}]}<\/script>\n<!-- \/ Yoast SEO plugin. -->","yoast_head_json":{"title":"AUFLAGE F\u00dcR PUMPEN - OTTO","robots":{"index":"index","follow":"follow","max-snippet":"max-snippet:-1","max-image-preview":"max-image-preview:large","max-video-preview":"max-video-preview:-1"},"canonical":"https:\/\/gmiotto.it\/de\/supporto-pompe\/","og_locale":"de_DE","og_type":"article","og_title":"AUFLAGE F\u00dcR PUMPEN - OTTO","og_description":"[vc_row equal_height=&#8220;yes&#8220;][vc_column width=&#8220;1\/2&#8243;][vc_column_text]Brauchen Sie schwimmende Elemente, die das Gewicht von Pumpen und Leitungen aushalten? Die schwimmenden W\u00fcrfel Otto mit einer H\u00f6chsttragf\u00e4higkeit von 350 kg pro Quadratmeter und seitlichen \u00d6ffnungen jeden halben Meter sind ideal, um Strukturen, Pumpen und Leitungen jeglicher Art zu tragen.[\/vc_column_text][\/vc_column][vc_column width=&#8220;1\/2&#8243;][vc_cta h2=&#8220;&#8220; h4=&#8220;F\u00fcr weitere Informationen klicken Sie hier. &#8220; txt_align=&#8220;center&#8220; add_button=&#8220;bottom&#8220; btn_title=&#8220;Fragen &hellip;","og_url":"https:\/\/gmiotto.it\/de\/supporto-pompe\/","og_site_name":"OTTO","article_modified_time":"2019-02-08T08:25:40+00:00","twitter_card":"summary_large_image","twitter_misc":{"Gesch\u00e4tzte Lesezeit":"1\u00a0Minute"},"schema":{"@context":"https:\/\/schema.org","@graph":[{"@type":"WebPage","@id":"https:\/\/gmiotto.it\/de\/supporto-pompe\/","url":"https:\/\/gmiotto.it\/de\/supporto-pompe\/","name":"AUFLAGE F\u00dcR PUMPEN - OTTO","isPartOf":{"@id":"https:\/\/gmiotto.it\/#website"},"datePublished":"2017-07-07T15:35:33+00:00","dateModified":"2019-02-08T08:25:40+00:00","breadcrumb":{"@id":"https:\/\/gmiotto.it\/de\/supporto-pompe\/#breadcrumb"},"inLanguage":"de","potentialAction":[{"@type":"ReadAction","target":["https:\/\/gmiotto.it\/de\/supporto-pompe\/"]}]},{"@type":"BreadcrumbList","@id":"https:\/\/gmiotto.it\/de\/supporto-pompe\/#breadcrumb","itemListElement":[{"@type":"ListItem","position":1,"name":"Home","item":"https:\/\/gmiotto.it\/de\/"},{"@type":"ListItem","position":2,"name":"AUFLAGE F\u00dcR PUMPEN"}]},{"@type":"WebSite","@id":"https:\/\/gmiotto.it\/#website","url":"https:\/\/gmiotto.it\/","name":"OTTO","description":"Pontili galleggianti modulari","publisher":{"@id":"https:\/\/gmiotto.it\/#organization"},"potentialAction":[{"@type":"SearchAction","target":{"@type":"EntryPoint","urlTemplate":"https:\/\/gmiotto.it\/?s={search_term_string}"},"query-input":{"@type":"PropertyValueSpecification","valueRequired":true,"valueName":"search_term_string"}}],"inLanguage":"de"},{"@type":"Organization","@id":"https:\/\/gmiotto.it\/#organization","name":"Otto sas di Miotto F. & C.","url":"https:\/\/gmiotto.it\/","logo":{"@type":"ImageObject","inLanguage":"de","@id":"https:\/\/gmiotto.it\/#\/schema\/logo\/image\/","url":"http:\/\/gmiotto.it\/wp-content\/uploads\/2018\/06\/logo_rina.png","contentUrl":"http:\/\/gmiotto.it\/wp-content\/uploads\/2018\/06\/logo_rina.png","width":277,"height":66,"caption":"Otto sas di Miotto F. & C."},"image":{"@id":"https:\/\/gmiotto.it\/#\/schema\/logo\/image\/"}}]}},"_links":{"self":[{"href":"https:\/\/gmiotto.it\/de\/wp-json\/wp\/v2\/pages\/6148","targetHints":{"allow":["GET"]}}],"collection":[{"href":"https:\/\/gmiotto.it\/de\/wp-json\/wp\/v2\/pages"}],"about":[{"href":"https:\/\/gmiotto.it\/de\/wp-json\/wp\/v2\/types\/page"}],"author":[{"embeddable":true,"href":"https:\/\/gmiotto.it\/de\/wp-json\/wp\/v2\/users\/1"}],"replies":[{"embeddable":true,"href":"https:\/\/gmiotto.it\/de\/wp-json\/wp\/v2\/comments?post=6148"}],"version-history":[{"count":0,"href":"https:\/\/gmiotto.it\/de\/wp-json\/wp\/v2\/pages\/6148\/revisions"}],"wp:attachment":[{"href":"https:\/\/gmiotto.it\/de\/wp-json\/wp\/v2\/media?parent=6148"}],"curies":[{"name":"wp","href":"https:\/\/api.w.org\/{rel}","templated":true}]}}