{"id":6153,"date":"2019-02-08T09:33:34","date_gmt":"2019-02-08T08:33:34","guid":{"rendered":"http:\/\/gmiotto.it\/schwimmende-photovoltaikanlage\/"},"modified":"2019-02-08T09:48:30","modified_gmt":"2019-02-08T08:48:30","slug":"schwimmende-photovoltaikanlage","status":"publish","type":"page","link":"https:\/\/gmiotto.it\/de\/schwimmende-photovoltaikanlage\/","title":{"rendered":"SCHWIMMENDE PHOTOVOLTAIKANLAGE"},"content":{"rendered":"<div class=\"wpb-content-wrapper\"><p>[vc_row equal_height=&#8220;yes&#8220;][vc_column width=&#8220;1\/2&#8243;][vc_column_text]Sie haben einen ruhigen Wasserspiegel und wissen nicht, was Sie damit machen k\u00f6nnten?<\/p>\n<p>Lassen Sie ihn mit einer schwimmenden Photovoltaikanlage Fr\u00fcchte bringen: Unsere W\u00fcrfel mit einer H\u00f6chsttragf\u00e4higkeit von 350 kg pro Quadratmeter sind die ideale L\u00f6sung, um die ganze Struktur, Photovoltaikmodule und Inverter inbegriffen, in aller Sicherheit auf dem Wasser schweben zu lassen.[\/vc_column_text][\/vc_column][vc_column width=&#8220;1\/2&#8243;][vc_cta h2=&#8220;&#8220; h4=&#8220;F\u00fcr weitere Informationen klicken Sie hier. &#8220; txt_align=&#8220;center&#8220; add_button=&#8220;bottom&#8220; btn_title=&#8220;Fragen Sie um Informationen&#8220; btn_style=&#8220;outline&#8220; btn_color=&#8220;peacoc&#8220; btn_align=&#8220;center&#8220; add_icon=&#8220;left&#8220; i_type=&#8220;openiconic&#8220; i_icon_openiconic=&#8220;vc-oi vc-oi-info&#8220; i_color=&#8220;grey&#8220; i_background_style=&#8220;rounded&#8220; i_background_color=&#8220;peacoc&#8220; i_size=&#8220;lg&#8220; css_animation=&#8220;top-to-bottom&#8220; btn_el_class=&#8220;richiesta_info&#8220;][\/vc_cta][\/vc_column][\/vc_row][vc_row][vc_column][vc_media_grid element_width=&#8220;2&#8243; gap=&#8220;30&#8243; grid_id=&#8220;vc_gid:1549615671254-19099e34-dc59-9&#8243; include=&#8220;3084,3085,3086,3087,3088,3089,3090,3091,3092,3093,3094,3095&#8243;][\/vc_column][\/vc_row][vc_row content_placement=&#8220;middle&#8220;][vc_column][vc_column_text]<\/p>\n<p class=\"western\" lang=\"de-DE\"><span style=\"color: #000000;\"><span style=\"font-family: Montserrat, serif;\"><span style=\"font-size: x-large;\">SCHWIMMENDE PHOTOVOLTAIKANLAGE SCHL\u00dcSSELFERTIG!<\/span><\/span><\/span><\/p>\n<p class=\"western\" lang=\"de-DE\"><span style=\"color: #444444;\"><span style=\"font-family: Roboto, serif;\">Bei der Lieferung unserer Photovoltaikanlagen, als Teilanlagen oder schl\u00fcsselfertig, sind wir mit unseren Partnern in der Lage, die Antr\u00e4ge f\u00fcr die verschiedenen Genehmigungen einzureichen und die Erlaubnisse f\u00fcr Gemeinden, Provinzen und Regionen zu erlangen, Antr\u00e4ge einzureichen und die notwendigen Genehmigungen f\u00fcr die Stromgesellschaft ENEL und GSE-Beitr\u00e4ge zu erhalten.<\/span><\/span><\/p>\n<p class=\"western\" lang=\"de-DE\"><span style=\"color: #444444;\"><span style=\"font-family: Roboto, serif;\"><b>Sie erhalten praktisch die schl\u00fcsselfertige Anlage mit den besten Produkten zum besten Preis!<\/b><\/span><\/span><\/p>\n<p class=\"western\" lang=\"de-DE\"><span style=\"color: #444444;\"><span style=\"font-family: Roboto, serif;\">Die <\/span><\/span><span style=\"color: #444444;\"><span style=\"font-family: Roboto, serif;\"><b>schwimmende Photovoltaikanlage Otto<\/b><\/span><\/span><span style=\"color: #444444;\"><span style=\"font-family: Roboto, serif;\"> ist ideal f\u00fcr landwirtschaftliche Betriebe, Agrotourismus-Betriebe, Sportfischereiteiche, Konsortien f\u00fcr die Wiedergewinnung von Land und f\u00fcr all jene, die \u00fcber einen Wasserspiegel verf\u00fcgen und ihn auf nachhaltige Weise produktiv machen m\u00f6chten. Mit einer derartigen Anlage l\u00e4sst sich der eigene Energiebedarf abdecken, aber ohne den normalen T\u00e4tigkeiten Raum zu nehmen. <\/span><\/span><\/p>\n<p class=\"western\" lang=\"de-DE\"><span style=\"color: #444444;\"><span style=\"font-family: Roboto, serif;\">Auch wenn die Kosten der Auflagestruktur f\u00fcr Photovoltaikmodule im Wasser etwas h\u00f6her sind als jene auf dem Boden, m\u00fcssen einige grundlegenden Punkte ber\u00fccksichtigt werden:<\/span><\/span><\/p>\n<p class=\"western\" lang=\"de-DE\"><span style=\"color: #444444;\"><span style=\"font-family: Roboto, serif;\">Die neuen Generationen der Photovoltaikmodule absorbieren auch reflektiertes Licht. Wasser hat eine Reflexionsf\u00e4higkeit von 70% verglichen mit den 15% des Bodens und erh\u00f6ht somit die Produktivit\u00e4t um 12-15%.<br \/>\nDie N\u00e4he des Wassers an den Photovoltaikmodulen senkt die Betriebstemperatur der Module und erh\u00f6ht dadurch ihre Produktivit\u00e4t um 10-15%.<br \/>\nUmweltbelastung und Umweltverschmutzung sind vollkommen unerheblich, im Gegenteil \u2026<br \/>\nDie Flexibilit\u00e4t beim Zusammenbau der <\/span><\/span><span style=\"color: #444444;\"><span style=\"font-family: Roboto, serif;\"><b>schwimmenden W\u00fcrfel Otto<\/b><\/span><\/span><span style=\"color: #444444;\"><span style=\"font-family: Roboto, serif;\"> macht es m\u00f6glich, Auflagen f\u00fcr Photovoltaikanlagen jeder Form (kreisf\u00f6rmig, oval, rechteckig) und jeder Gr\u00f6\u00dfe zu realisieren.<\/span><\/span><\/p>\n<p class=\"western\" lang=\"de-DE\"><span style=\"color: #444444;\"><span style=\"font-family: Roboto, serif;\">Unser technisches B\u00fcro steht zur Verf\u00fcgung, um Ihnen Angebote f\u00fcr die blo\u00dfen <\/span><\/span><span style=\"color: #444444;\"><span style=\"font-family: Roboto, serif;\"><b>schwimmenden W\u00fcrfel<\/b><\/span><\/span><span style=\"color: #444444;\"><span style=\"font-family: Roboto, serif;\">, f\u00fcr vollst\u00e4ndige Anlagen mit schwimmenden W\u00fcrfeln nebst Auflagen oder f\u00fcr vollst\u00e4ndige Anlagen mit W\u00fcrfeln, Auflagen und Photovoltaikmodulen zu unterbreiten. Selbstverst\u00e4ndlich k\u00f6nnen sie mit Inverter-Anlage an Land oder auf dem \u201eFlo\u00df\u201c geliefert werden.<\/span><\/span><\/p>\n<p class=\"western\" lang=\"de-DE\"><span style=\"color: #444444;\"><span style=\"font-family: Roboto, serif;\">Sehen Sie die folgenden Beispiele f\u00fcr <\/span><\/span><span style=\"color: #444444;\"><span style=\"font-family: Roboto, serif;\"><b>schwimmende Plattformen<\/b><\/span><\/span><span style=\"color: #444444;\"><span style=\"font-family: Roboto, serif;\">:<\/span><\/span><\/p>\n<p>[\/vc_column_text][vc_empty_space][\/vc_column][\/vc_row][vc_row][vc_column][vc_column_text]<\/p>\n<p class=\"western\" lang=\"de-DE\"><span style=\"color: #000000;\"><span style=\"font-family: Montserrat, serif;\"><span style=\"font-size: x-large;\">BEISPIELE F\u00dcR SCHWIMMENDE PLATTFORMEN OTTO F\u00dcR PHOTOVOLTAIKANLAGEN<\/span><\/span><\/span><\/p>\n<p>[\/vc_column_text][\/vc_column][\/vc_row][vc_row content_placement=&#8220;middle&#8220;][vc_column width=&#8220;1\/3&#8243;][vc_media_grid element_width=&#8220;12&#8243; gap=&#8220;0&#8243; item=&#8220;mediaGrid_ScaleWithRotation&#8220; grid_id=&#8220;vc_gid:1549615671307-a379eaae-2c46-2&#8243; include=&#8220;2150&#8243;][\/vc_column][vc_column width=&#8220;1\/3&#8243;][vc_media_grid element_width=&#8220;12&#8243; gap=&#8220;0&#8243; item=&#8220;mediaGrid_ScaleWithRotation&#8220; grid_id=&#8220;vc_gid:1549615671313-d9d2b885-3a3f-1&#8243; include=&#8220;2156&#8243;][\/vc_column][vc_column width=&#8220;1\/3&#8243;][vc_media_grid element_width=&#8220;12&#8243; gap=&#8220;0&#8243; item=&#8220;mediaGrid_ScaleWithRotation&#8220; grid_id=&#8220;vc_gid:1549615671320-d642a0eb-a27b-3&#8243; include=&#8220;2157&#8243;][\/vc_column][\/vc_row][vc_row][vc_column width=&#8220;1\/3&#8243;][vc_column_text]<\/p>\n<h1 class=\"western\" lang=\"de-DE\" style=\"text-align: center;\" align=\"center\"><strong><span style=\"color: #444444;\"><span style=\"font-size: medium;\">Schema f\u00fcr schwimmende <\/span><\/span><\/strong><\/h1>\n<h1 class=\"western\" lang=\"de-DE\" style=\"text-align: center;\" align=\"center\"><strong><span style=\"color: #444444;\"><span style=\"font-size: medium;\">Plattform<\/span><\/span><\/strong><\/h1>\n<p class=\"western\" lang=\"de-DE\" align=\"center\"><span style=\"font-family: Cambria, serif;\"><span style=\"font-size: medium;\"><b>Otto<\/b><\/span><\/span><span style=\"font-family: Cambria, serif;\"><span style=\"font-size: medium;\"> f\u00fcr 114 Photovoltaikmodule<\/span><\/span><\/p>\n<p>[\/vc_column_text][\/vc_column][vc_column width=&#8220;1\/3&#8243;][vc_column_text]<\/p>\n<h3 class=\"western\" lang=\"de-DE\" style=\"text-align: center;\" align=\"center\"><strong><span style=\"color: #444444;\"><span style=\"font-size: medium;\">Schema f\u00fcr schwimmende <\/span><\/span><\/strong><\/h3>\n<h3 class=\"western\" lang=\"de-DE\" style=\"text-align: center;\" align=\"center\"><strong><span style=\"color: #444444;\"><span style=\"font-size: medium;\">Plattform<\/span><\/span><\/strong><\/h3>\n<p class=\"western\" lang=\"de-DE\" align=\"center\"><span style=\"font-family: Cambria, serif;\"><span style=\"font-size: medium;\"><b>Otto<\/b><\/span><\/span><span style=\"font-family: Cambria, serif;\"><span style=\"font-size: medium;\"> f\u00fcr 768 Photovoltaikmodule<\/span><\/span><\/p>\n<p class=\"western\" lang=\"de-DE\" align=\"center\"><span style=\"font-family: Cambria, serif;\"><span style=\"font-size: medium;\">und 16 Inverter Photovoltaikanlage 200 kW<\/span><\/span><\/p>\n<p>[\/vc_column_text][\/vc_column][vc_column width=&#8220;1\/3&#8243;][vc_column_text]<\/p>\n<h3 class=\"western\" lang=\"de-DE\" style=\"text-align: center;\" align=\"center\"><strong><span style=\"color: #444444;\"><span style=\"font-size: medium;\">Schema f\u00fcr schwimmende <\/span><\/span><\/strong><\/h3>\n<h3 class=\"western\" lang=\"de-DE\" style=\"text-align: center;\" align=\"center\"><strong><span style=\"color: #444444;\"><span style=\"font-size: medium;\">Plattform<\/span><\/span><\/strong><\/h3>\n<p class=\"western\" lang=\"de-DE\" align=\"center\"><span style=\"font-family: Cambria, serif;\"><span style=\"font-size: medium;\"><b>Otto<\/b><\/span><\/span><span style=\"font-family: Cambria, serif;\"><span style=\"font-size: medium;\"> Grundmodell f\u00fcr Photovoltaikanlage 37,44 kW<\/span><\/span><\/p>\n<p>[\/vc_column_text][\/vc_column][\/vc_row]<\/p>\n<\/div>","protected":false},"excerpt":{"rendered":"<p>[vc_row equal_height=&#8220;yes&#8220;][vc_column width=&#8220;1\/2&#8243;][vc_column_text]Sie haben einen ruhigen Wasserspiegel und wissen nicht, was Sie damit machen k\u00f6nnten? Lassen Sie ihn mit einer schwimmenden Photovoltaikanlage Fr\u00fcchte bringen: Unsere W\u00fcrfel mit einer H\u00f6chsttragf\u00e4higkeit von 350 kg pro Quadratmeter sind die ideale L\u00f6sung, um die ganze Struktur, Photovoltaikmodule und Inverter inbegriffen, in aller Sicherheit auf dem Wasser schweben zu lassen.[\/vc_column_text][\/vc_column][vc_column &hellip;<\/p>\n","protected":false},"author":1,"featured_media":0,"parent":0,"menu_order":0,"comment_status":"closed","ping_status":"closed","template":"","meta":{"footnotes":""},"class_list":["post-6153","page","type-page","status-publish","hentry","no-thumb"],"yoast_head":"<!-- This site is optimized with the Yoast SEO plugin v27.3 - https:\/\/yoast.com\/product\/yoast-seo-wordpress\/ -->\n<title>SCHWIMMENDE PHOTOVOLTAIKANLAGE - OTTO<\/title>\n<meta name=\"robots\" content=\"index, follow, max-snippet:-1, max-image-preview:large, max-video-preview:-1\" \/>\n<link rel=\"canonical\" href=\"https:\/\/gmiotto.it\/de\/schwimmende-photovoltaikanlage\/\" \/>\n<meta property=\"og:locale\" content=\"de_DE\" \/>\n<meta property=\"og:type\" content=\"article\" \/>\n<meta property=\"og:title\" content=\"SCHWIMMENDE PHOTOVOLTAIKANLAGE - OTTO\" \/>\n<meta property=\"og:description\" content=\"[vc_row equal_height=&#8220;yes&#8220;][vc_column width=&#8220;1\/2&#8243;][vc_column_text]Sie haben einen ruhigen Wasserspiegel und wissen nicht, was Sie damit machen k\u00f6nnten? Lassen Sie ihn mit einer schwimmenden Photovoltaikanlage Fr\u00fcchte bringen: Unsere W\u00fcrfel mit einer H\u00f6chsttragf\u00e4higkeit von 350 kg pro Quadratmeter sind die ideale L\u00f6sung, um die ganze Struktur, Photovoltaikmodule und Inverter inbegriffen, in aller Sicherheit auf dem Wasser schweben zu lassen.[\/vc_column_text][\/vc_column][vc_column &hellip;\" \/>\n<meta property=\"og:url\" content=\"https:\/\/gmiotto.it\/de\/schwimmende-photovoltaikanlage\/\" \/>\n<meta property=\"og:site_name\" content=\"OTTO\" \/>\n<meta property=\"article:modified_time\" content=\"2019-02-08T08:48:30+00:00\" \/>\n<meta name=\"twitter:card\" content=\"summary_large_image\" \/>\n<meta name=\"twitter:label1\" content=\"Gesch\u00e4tzte Lesezeit\" \/>\n\t<meta name=\"twitter:data1\" content=\"3\u00a0Minuten\" \/>\n<script type=\"application\/ld+json\" class=\"yoast-schema-graph\">{\"@context\":\"https:\\\/\\\/schema.org\",\"@graph\":[{\"@type\":\"WebPage\",\"@id\":\"https:\\\/\\\/gmiotto.it\\\/de\\\/schwimmende-photovoltaikanlage\\\/\",\"url\":\"https:\\\/\\\/gmiotto.it\\\/de\\\/schwimmende-photovoltaikanlage\\\/\",\"name\":\"SCHWIMMENDE PHOTOVOLTAIKANLAGE - OTTO\",\"isPartOf\":{\"@id\":\"https:\\\/\\\/gmiotto.it\\\/#website\"},\"datePublished\":\"2019-02-08T08:33:34+00:00\",\"dateModified\":\"2019-02-08T08:48:30+00:00\",\"breadcrumb\":{\"@id\":\"https:\\\/\\\/gmiotto.it\\\/de\\\/schwimmende-photovoltaikanlage\\\/#breadcrumb\"},\"inLanguage\":\"de\",\"potentialAction\":[{\"@type\":\"ReadAction\",\"target\":[\"https:\\\/\\\/gmiotto.it\\\/de\\\/schwimmende-photovoltaikanlage\\\/\"]}]},{\"@type\":\"BreadcrumbList\",\"@id\":\"https:\\\/\\\/gmiotto.it\\\/de\\\/schwimmende-photovoltaikanlage\\\/#breadcrumb\",\"itemListElement\":[{\"@type\":\"ListItem\",\"position\":1,\"name\":\"Home\",\"item\":\"https:\\\/\\\/gmiotto.it\\\/de\\\/\"},{\"@type\":\"ListItem\",\"position\":2,\"name\":\"SCHWIMMENDE PHOTOVOLTAIKANLAGE\"}]},{\"@type\":\"WebSite\",\"@id\":\"https:\\\/\\\/gmiotto.it\\\/#website\",\"url\":\"https:\\\/\\\/gmiotto.it\\\/\",\"name\":\"OTTO\",\"description\":\"Pontili galleggianti modulari\",\"publisher\":{\"@id\":\"https:\\\/\\\/gmiotto.it\\\/#organization\"},\"potentialAction\":[{\"@type\":\"SearchAction\",\"target\":{\"@type\":\"EntryPoint\",\"urlTemplate\":\"https:\\\/\\\/gmiotto.it\\\/?s={search_term_string}\"},\"query-input\":{\"@type\":\"PropertyValueSpecification\",\"valueRequired\":true,\"valueName\":\"search_term_string\"}}],\"inLanguage\":\"de\"},{\"@type\":\"Organization\",\"@id\":\"https:\\\/\\\/gmiotto.it\\\/#organization\",\"name\":\"Otto sas di Miotto F. & C.\",\"url\":\"https:\\\/\\\/gmiotto.it\\\/\",\"logo\":{\"@type\":\"ImageObject\",\"inLanguage\":\"de\",\"@id\":\"https:\\\/\\\/gmiotto.it\\\/#\\\/schema\\\/logo\\\/image\\\/\",\"url\":\"http:\\\/\\\/gmiotto.it\\\/wp-content\\\/uploads\\\/2018\\\/06\\\/logo_rina.png\",\"contentUrl\":\"http:\\\/\\\/gmiotto.it\\\/wp-content\\\/uploads\\\/2018\\\/06\\\/logo_rina.png\",\"width\":277,\"height\":66,\"caption\":\"Otto sas di Miotto F. & C.\"},\"image\":{\"@id\":\"https:\\\/\\\/gmiotto.it\\\/#\\\/schema\\\/logo\\\/image\\\/\"}}]}<\/script>\n<!-- \/ Yoast SEO plugin. -->","yoast_head_json":{"title":"SCHWIMMENDE PHOTOVOLTAIKANLAGE - OTTO","robots":{"index":"index","follow":"follow","max-snippet":"max-snippet:-1","max-image-preview":"max-image-preview:large","max-video-preview":"max-video-preview:-1"},"canonical":"https:\/\/gmiotto.it\/de\/schwimmende-photovoltaikanlage\/","og_locale":"de_DE","og_type":"article","og_title":"SCHWIMMENDE PHOTOVOLTAIKANLAGE - OTTO","og_description":"[vc_row equal_height=&#8220;yes&#8220;][vc_column width=&#8220;1\/2&#8243;][vc_column_text]Sie haben einen ruhigen Wasserspiegel und wissen nicht, was Sie damit machen k\u00f6nnten? Lassen Sie ihn mit einer schwimmenden Photovoltaikanlage Fr\u00fcchte bringen: Unsere W\u00fcrfel mit einer H\u00f6chsttragf\u00e4higkeit von 350 kg pro Quadratmeter sind die ideale L\u00f6sung, um die ganze Struktur, Photovoltaikmodule und Inverter inbegriffen, in aller Sicherheit auf dem Wasser schweben zu lassen.[\/vc_column_text][\/vc_column][vc_column &hellip;","og_url":"https:\/\/gmiotto.it\/de\/schwimmende-photovoltaikanlage\/","og_site_name":"OTTO","article_modified_time":"2019-02-08T08:48:30+00:00","twitter_card":"summary_large_image","twitter_misc":{"Gesch\u00e4tzte Lesezeit":"3\u00a0Minuten"},"schema":{"@context":"https:\/\/schema.org","@graph":[{"@type":"WebPage","@id":"https:\/\/gmiotto.it\/de\/schwimmende-photovoltaikanlage\/","url":"https:\/\/gmiotto.it\/de\/schwimmende-photovoltaikanlage\/","name":"SCHWIMMENDE PHOTOVOLTAIKANLAGE - OTTO","isPartOf":{"@id":"https:\/\/gmiotto.it\/#website"},"datePublished":"2019-02-08T08:33:34+00:00","dateModified":"2019-02-08T08:48:30+00:00","breadcrumb":{"@id":"https:\/\/gmiotto.it\/de\/schwimmende-photovoltaikanlage\/#breadcrumb"},"inLanguage":"de","potentialAction":[{"@type":"ReadAction","target":["https:\/\/gmiotto.it\/de\/schwimmende-photovoltaikanlage\/"]}]},{"@type":"BreadcrumbList","@id":"https:\/\/gmiotto.it\/de\/schwimmende-photovoltaikanlage\/#breadcrumb","itemListElement":[{"@type":"ListItem","position":1,"name":"Home","item":"https:\/\/gmiotto.it\/de\/"},{"@type":"ListItem","position":2,"name":"SCHWIMMENDE PHOTOVOLTAIKANLAGE"}]},{"@type":"WebSite","@id":"https:\/\/gmiotto.it\/#website","url":"https:\/\/gmiotto.it\/","name":"OTTO","description":"Pontili galleggianti modulari","publisher":{"@id":"https:\/\/gmiotto.it\/#organization"},"potentialAction":[{"@type":"SearchAction","target":{"@type":"EntryPoint","urlTemplate":"https:\/\/gmiotto.it\/?s={search_term_string}"},"query-input":{"@type":"PropertyValueSpecification","valueRequired":true,"valueName":"search_term_string"}}],"inLanguage":"de"},{"@type":"Organization","@id":"https:\/\/gmiotto.it\/#organization","name":"Otto sas di Miotto F. & C.","url":"https:\/\/gmiotto.it\/","logo":{"@type":"ImageObject","inLanguage":"de","@id":"https:\/\/gmiotto.it\/#\/schema\/logo\/image\/","url":"http:\/\/gmiotto.it\/wp-content\/uploads\/2018\/06\/logo_rina.png","contentUrl":"http:\/\/gmiotto.it\/wp-content\/uploads\/2018\/06\/logo_rina.png","width":277,"height":66,"caption":"Otto sas di Miotto F. & C."},"image":{"@id":"https:\/\/gmiotto.it\/#\/schema\/logo\/image\/"}}]}},"_links":{"self":[{"href":"https:\/\/gmiotto.it\/de\/wp-json\/wp\/v2\/pages\/6153","targetHints":{"allow":["GET"]}}],"collection":[{"href":"https:\/\/gmiotto.it\/de\/wp-json\/wp\/v2\/pages"}],"about":[{"href":"https:\/\/gmiotto.it\/de\/wp-json\/wp\/v2\/types\/page"}],"author":[{"embeddable":true,"href":"https:\/\/gmiotto.it\/de\/wp-json\/wp\/v2\/users\/1"}],"replies":[{"embeddable":true,"href":"https:\/\/gmiotto.it\/de\/wp-json\/wp\/v2\/comments?post=6153"}],"version-history":[{"count":0,"href":"https:\/\/gmiotto.it\/de\/wp-json\/wp\/v2\/pages\/6153\/revisions"}],"wp:attachment":[{"href":"https:\/\/gmiotto.it\/de\/wp-json\/wp\/v2\/media?parent=6153"}],"curies":[{"name":"wp","href":"https:\/\/api.w.org\/{rel}","templated":true}]}}