{"id":6165,"date":"2019-02-08T09:49:56","date_gmt":"2019-02-08T08:49:56","guid":{"rendered":"http:\/\/gmiotto.it\/fischerei-fischzucht\/"},"modified":"2019-02-08T09:52:33","modified_gmt":"2019-02-08T08:52:33","slug":"fischerei-fischzucht","status":"publish","type":"page","link":"https:\/\/gmiotto.it\/de\/fischerei-fischzucht\/","title":{"rendered":"FISCHEREI &#8211; FISCHZUCHT"},"content":{"rendered":"<div class=\"wpb-content-wrapper\"><p>[vc_row equal_height=&#8220;yes&#8220;][vc_column width=&#8220;1\/2&#8243;][vc_column_text]<span style=\"font-family: Times New Roman, serif;\"><span style=\"font-size: medium;\"><span style=\"color: #444444;\"><span style=\"font-family: Roboto, serif;\"><span lang=\"de-DE\">Sie haben eine Fischzucht und ben\u00f6tigen schwimmende Elemente als Auflage f\u00fcr Ihre Strukturen?<\/span><\/span><\/span><\/span><\/span><\/p>\n<p><span style=\"font-family: Times New Roman, serif;\"><span style=\"font-size: medium;\"><span style=\"color: #444444;\"><span style=\"font-family: Roboto, serif;\"><span lang=\"de-DE\">Mit unserem Baukastensystem k\u00f6nnen Sie alles umsetzen, was Sie brauchen.<\/span><\/span><\/span><\/span><\/span>[\/vc_column_text][\/vc_column][vc_column width=&#8220;1\/2&#8243;][vc_cta h2=&#8220;&#8220; h4=&#8220;F\u00fcr weitere Informationen klicken Sie hier. &#8220; txt_align=&#8220;center&#8220; add_button=&#8220;bottom&#8220; btn_title=&#8220;Fragen Sie um Informationen&#8220; btn_style=&#8220;outline&#8220; btn_color=&#8220;peacoc&#8220; btn_align=&#8220;center&#8220; add_icon=&#8220;left&#8220; i_type=&#8220;openiconic&#8220; i_icon_openiconic=&#8220;vc-oi vc-oi-info&#8220; i_color=&#8220;grey&#8220; i_background_style=&#8220;rounded&#8220; i_background_color=&#8220;peacoc&#8220; i_size=&#8220;lg&#8220; css_animation=&#8220;top-to-bottom&#8220; btn_el_class=&#8220;richiesta_info&#8220;][\/vc_cta][\/vc_column][\/vc_row][vc_row][vc_column][vc_media_grid element_width=&#8220;2&#8243; gap=&#8220;30&#8243; grid_id=&#8220;vc_gid:1549615831363-7150225e-8211-10&#8243; include=&#8220;3099,3100,3101,3102,3103,3104,3105,3112,3108,3109,3110&#8243;][\/vc_column][\/vc_row]<\/p>\n<\/div>","protected":false},"excerpt":{"rendered":"<p>[vc_row equal_height=&#8220;yes&#8220;][vc_column width=&#8220;1\/2&#8243;][vc_column_text]Sie haben eine Fischzucht und ben\u00f6tigen schwimmende Elemente als Auflage f\u00fcr Ihre Strukturen? Mit unserem Baukastensystem k\u00f6nnen Sie alles umsetzen, was Sie brauchen.[\/vc_column_text][\/vc_column][vc_column width=&#8220;1\/2&#8243;][vc_cta h2=&#8220;&#8220; h4=&#8220;F\u00fcr weitere Informationen klicken Sie hier. &#8220; txt_align=&#8220;center&#8220; add_button=&#8220;bottom&#8220; btn_title=&#8220;Fragen Sie um Informationen&#8220; btn_style=&#8220;outline&#8220; btn_color=&#8220;peacoc&#8220; btn_align=&#8220;center&#8220; add_icon=&#8220;left&#8220; i_type=&#8220;openiconic&#8220; i_icon_openiconic=&#8220;vc-oi vc-oi-info&#8220; i_color=&#8220;grey&#8220; i_background_style=&#8220;rounded&#8220; i_background_color=&#8220;peacoc&#8220; i_size=&#8220;lg&#8220; css_animation=&#8220;top-to-bottom&#8220; btn_el_class=&#8220;richiesta_info&#8220;][\/vc_cta][\/vc_column][\/vc_row][vc_row][vc_column][vc_media_grid element_width=&#8220;2&#8243; gap=&#8220;30&#8243; &hellip;<\/p>\n","protected":false},"author":1,"featured_media":0,"parent":0,"menu_order":0,"comment_status":"closed","ping_status":"closed","template":"","meta":{"footnotes":""},"class_list":["post-6165","page","type-page","status-publish","hentry","no-thumb"],"yoast_head":"<!-- This site is optimized with the Yoast SEO plugin v27.3 - https:\/\/yoast.com\/product\/yoast-seo-wordpress\/ -->\n<title>FISCHEREI - FISCHZUCHT - OTTO<\/title>\n<meta name=\"robots\" content=\"index, follow, max-snippet:-1, max-image-preview:large, max-video-preview:-1\" \/>\n<link rel=\"canonical\" href=\"https:\/\/gmiotto.it\/de\/fischerei-fischzucht\/\" \/>\n<meta property=\"og:locale\" content=\"de_DE\" \/>\n<meta property=\"og:type\" content=\"article\" \/>\n<meta property=\"og:title\" content=\"FISCHEREI - FISCHZUCHT - OTTO\" \/>\n<meta property=\"og:description\" content=\"[vc_row equal_height=&#8220;yes&#8220;][vc_column width=&#8220;1\/2&#8243;][vc_column_text]Sie haben eine Fischzucht und ben\u00f6tigen schwimmende Elemente als Auflage f\u00fcr Ihre Strukturen? Mit unserem Baukastensystem k\u00f6nnen Sie alles umsetzen, was Sie brauchen.[\/vc_column_text][\/vc_column][vc_column width=&#8220;1\/2&#8243;][vc_cta h2=&#8220;&#8220; h4=&#8220;F\u00fcr weitere Informationen klicken Sie hier. &#8220; txt_align=&#8220;center&#8220; add_button=&#8220;bottom&#8220; btn_title=&#8220;Fragen Sie um Informationen&#8220; btn_style=&#8220;outline&#8220; btn_color=&#8220;peacoc&#8220; btn_align=&#8220;center&#8220; add_icon=&#8220;left&#8220; i_type=&#8220;openiconic&#8220; i_icon_openiconic=&#8220;vc-oi vc-oi-info&#8220; i_color=&#8220;grey&#8220; i_background_style=&#8220;rounded&#8220; i_background_color=&#8220;peacoc&#8220; i_size=&#8220;lg&#8220; css_animation=&#8220;top-to-bottom&#8220; btn_el_class=&#8220;richiesta_info&#8220;][\/vc_cta][\/vc_column][\/vc_row][vc_row][vc_column][vc_media_grid element_width=&#8220;2&#8243; gap=&#8220;30&#8243; &hellip;\" \/>\n<meta property=\"og:url\" content=\"https:\/\/gmiotto.it\/de\/fischerei-fischzucht\/\" \/>\n<meta property=\"og:site_name\" content=\"OTTO\" \/>\n<meta property=\"article:modified_time\" content=\"2019-02-08T08:52:33+00:00\" \/>\n<meta name=\"twitter:card\" content=\"summary_large_image\" \/>\n<meta name=\"twitter:label1\" content=\"Gesch\u00e4tzte Lesezeit\" \/>\n\t<meta name=\"twitter:data1\" content=\"1\u00a0Minute\" \/>\n<script type=\"application\/ld+json\" class=\"yoast-schema-graph\">{\"@context\":\"https:\\\/\\\/schema.org\",\"@graph\":[{\"@type\":\"WebPage\",\"@id\":\"https:\\\/\\\/gmiotto.it\\\/de\\\/fischerei-fischzucht\\\/\",\"url\":\"https:\\\/\\\/gmiotto.it\\\/de\\\/fischerei-fischzucht\\\/\",\"name\":\"FISCHEREI - FISCHZUCHT - OTTO\",\"isPartOf\":{\"@id\":\"https:\\\/\\\/gmiotto.it\\\/#website\"},\"datePublished\":\"2019-02-08T08:49:56+00:00\",\"dateModified\":\"2019-02-08T08:52:33+00:00\",\"breadcrumb\":{\"@id\":\"https:\\\/\\\/gmiotto.it\\\/de\\\/fischerei-fischzucht\\\/#breadcrumb\"},\"inLanguage\":\"de\",\"potentialAction\":[{\"@type\":\"ReadAction\",\"target\":[\"https:\\\/\\\/gmiotto.it\\\/de\\\/fischerei-fischzucht\\\/\"]}]},{\"@type\":\"BreadcrumbList\",\"@id\":\"https:\\\/\\\/gmiotto.it\\\/de\\\/fischerei-fischzucht\\\/#breadcrumb\",\"itemListElement\":[{\"@type\":\"ListItem\",\"position\":1,\"name\":\"Home\",\"item\":\"https:\\\/\\\/gmiotto.it\\\/de\\\/\"},{\"@type\":\"ListItem\",\"position\":2,\"name\":\"FISCHEREI &#8211; FISCHZUCHT\"}]},{\"@type\":\"WebSite\",\"@id\":\"https:\\\/\\\/gmiotto.it\\\/#website\",\"url\":\"https:\\\/\\\/gmiotto.it\\\/\",\"name\":\"OTTO\",\"description\":\"Pontili galleggianti modulari\",\"publisher\":{\"@id\":\"https:\\\/\\\/gmiotto.it\\\/#organization\"},\"potentialAction\":[{\"@type\":\"SearchAction\",\"target\":{\"@type\":\"EntryPoint\",\"urlTemplate\":\"https:\\\/\\\/gmiotto.it\\\/?s={search_term_string}\"},\"query-input\":{\"@type\":\"PropertyValueSpecification\",\"valueRequired\":true,\"valueName\":\"search_term_string\"}}],\"inLanguage\":\"de\"},{\"@type\":\"Organization\",\"@id\":\"https:\\\/\\\/gmiotto.it\\\/#organization\",\"name\":\"Otto sas di Miotto F. & C.\",\"url\":\"https:\\\/\\\/gmiotto.it\\\/\",\"logo\":{\"@type\":\"ImageObject\",\"inLanguage\":\"de\",\"@id\":\"https:\\\/\\\/gmiotto.it\\\/#\\\/schema\\\/logo\\\/image\\\/\",\"url\":\"http:\\\/\\\/gmiotto.it\\\/wp-content\\\/uploads\\\/2018\\\/06\\\/logo_rina.png\",\"contentUrl\":\"http:\\\/\\\/gmiotto.it\\\/wp-content\\\/uploads\\\/2018\\\/06\\\/logo_rina.png\",\"width\":277,\"height\":66,\"caption\":\"Otto sas di Miotto F. & C.\"},\"image\":{\"@id\":\"https:\\\/\\\/gmiotto.it\\\/#\\\/schema\\\/logo\\\/image\\\/\"}}]}<\/script>\n<!-- \/ Yoast SEO plugin. -->","yoast_head_json":{"title":"FISCHEREI - FISCHZUCHT - OTTO","robots":{"index":"index","follow":"follow","max-snippet":"max-snippet:-1","max-image-preview":"max-image-preview:large","max-video-preview":"max-video-preview:-1"},"canonical":"https:\/\/gmiotto.it\/de\/fischerei-fischzucht\/","og_locale":"de_DE","og_type":"article","og_title":"FISCHEREI - FISCHZUCHT - OTTO","og_description":"[vc_row equal_height=&#8220;yes&#8220;][vc_column width=&#8220;1\/2&#8243;][vc_column_text]Sie haben eine Fischzucht und ben\u00f6tigen schwimmende Elemente als Auflage f\u00fcr Ihre Strukturen? Mit unserem Baukastensystem k\u00f6nnen Sie alles umsetzen, was Sie brauchen.[\/vc_column_text][\/vc_column][vc_column width=&#8220;1\/2&#8243;][vc_cta h2=&#8220;&#8220; h4=&#8220;F\u00fcr weitere Informationen klicken Sie hier. &#8220; txt_align=&#8220;center&#8220; add_button=&#8220;bottom&#8220; btn_title=&#8220;Fragen Sie um Informationen&#8220; btn_style=&#8220;outline&#8220; btn_color=&#8220;peacoc&#8220; btn_align=&#8220;center&#8220; add_icon=&#8220;left&#8220; i_type=&#8220;openiconic&#8220; i_icon_openiconic=&#8220;vc-oi vc-oi-info&#8220; i_color=&#8220;grey&#8220; i_background_style=&#8220;rounded&#8220; i_background_color=&#8220;peacoc&#8220; i_size=&#8220;lg&#8220; css_animation=&#8220;top-to-bottom&#8220; btn_el_class=&#8220;richiesta_info&#8220;][\/vc_cta][\/vc_column][\/vc_row][vc_row][vc_column][vc_media_grid element_width=&#8220;2&#8243; gap=&#8220;30&#8243; &hellip;","og_url":"https:\/\/gmiotto.it\/de\/fischerei-fischzucht\/","og_site_name":"OTTO","article_modified_time":"2019-02-08T08:52:33+00:00","twitter_card":"summary_large_image","twitter_misc":{"Gesch\u00e4tzte Lesezeit":"1\u00a0Minute"},"schema":{"@context":"https:\/\/schema.org","@graph":[{"@type":"WebPage","@id":"https:\/\/gmiotto.it\/de\/fischerei-fischzucht\/","url":"https:\/\/gmiotto.it\/de\/fischerei-fischzucht\/","name":"FISCHEREI - FISCHZUCHT - OTTO","isPartOf":{"@id":"https:\/\/gmiotto.it\/#website"},"datePublished":"2019-02-08T08:49:56+00:00","dateModified":"2019-02-08T08:52:33+00:00","breadcrumb":{"@id":"https:\/\/gmiotto.it\/de\/fischerei-fischzucht\/#breadcrumb"},"inLanguage":"de","potentialAction":[{"@type":"ReadAction","target":["https:\/\/gmiotto.it\/de\/fischerei-fischzucht\/"]}]},{"@type":"BreadcrumbList","@id":"https:\/\/gmiotto.it\/de\/fischerei-fischzucht\/#breadcrumb","itemListElement":[{"@type":"ListItem","position":1,"name":"Home","item":"https:\/\/gmiotto.it\/de\/"},{"@type":"ListItem","position":2,"name":"FISCHEREI &#8211; FISCHZUCHT"}]},{"@type":"WebSite","@id":"https:\/\/gmiotto.it\/#website","url":"https:\/\/gmiotto.it\/","name":"OTTO","description":"Pontili galleggianti modulari","publisher":{"@id":"https:\/\/gmiotto.it\/#organization"},"potentialAction":[{"@type":"SearchAction","target":{"@type":"EntryPoint","urlTemplate":"https:\/\/gmiotto.it\/?s={search_term_string}"},"query-input":{"@type":"PropertyValueSpecification","valueRequired":true,"valueName":"search_term_string"}}],"inLanguage":"de"},{"@type":"Organization","@id":"https:\/\/gmiotto.it\/#organization","name":"Otto sas di Miotto F. & C.","url":"https:\/\/gmiotto.it\/","logo":{"@type":"ImageObject","inLanguage":"de","@id":"https:\/\/gmiotto.it\/#\/schema\/logo\/image\/","url":"http:\/\/gmiotto.it\/wp-content\/uploads\/2018\/06\/logo_rina.png","contentUrl":"http:\/\/gmiotto.it\/wp-content\/uploads\/2018\/06\/logo_rina.png","width":277,"height":66,"caption":"Otto sas di Miotto F. & C."},"image":{"@id":"https:\/\/gmiotto.it\/#\/schema\/logo\/image\/"}}]}},"_links":{"self":[{"href":"https:\/\/gmiotto.it\/de\/wp-json\/wp\/v2\/pages\/6165","targetHints":{"allow":["GET"]}}],"collection":[{"href":"https:\/\/gmiotto.it\/de\/wp-json\/wp\/v2\/pages"}],"about":[{"href":"https:\/\/gmiotto.it\/de\/wp-json\/wp\/v2\/types\/page"}],"author":[{"embeddable":true,"href":"https:\/\/gmiotto.it\/de\/wp-json\/wp\/v2\/users\/1"}],"replies":[{"embeddable":true,"href":"https:\/\/gmiotto.it\/de\/wp-json\/wp\/v2\/comments?post=6165"}],"version-history":[{"count":0,"href":"https:\/\/gmiotto.it\/de\/wp-json\/wp\/v2\/pages\/6165\/revisions"}],"wp:attachment":[{"href":"https:\/\/gmiotto.it\/de\/wp-json\/wp\/v2\/media?parent=6165"}],"curies":[{"name":"wp","href":"https:\/\/api.w.org\/{rel}","templated":true}]}}