{"id":6168,"date":"2019-02-08T09:54:19","date_gmt":"2019-02-08T08:54:19","guid":{"rendered":"http:\/\/gmiotto.it\/elemente\/"},"modified":"2022-07-13T10:26:22","modified_gmt":"2022-07-13T08:26:22","slug":"elemente","status":"publish","type":"page","link":"https:\/\/gmiotto.it\/de\/elemente\/","title":{"rendered":"Elemente"},"content":{"rendered":"<div class=\"wpb-content-wrapper\"><p>[vc_row full_width=&#8220;stretch_row&#8220;][vc_column css_animation=&#8220;none&#8220; width=&#8220;2\/4&#8243;][layerslider_vc id=&#8220;2&#8243;][vc_empty_space][\/vc_column][vc_column width=&#8220;2\/4&#8243;][vc_row_inner equal_height=&#8220;yes&#8220; css=&#8220;.vc_custom_1498558188562{margin-right: 1px !important;}&#8220;][vc_column_inner width=&#8220;1\/4&#8243; offset=&#8220;vc_col-xs-6&#8243;][vc_single_image image=&#8220;4260&#8243;][\/vc_column_inner][vc_column_inner width=&#8220;3\/4&#8243; css=&#8220;.vc_custom_1498556521864{background-color: rgba(30,115,190,0.25) !important;*background-color: rgb(30,115,190) !important;}&#8220; offset=&#8220;vc_col-xs-6&#8243;][vc_column_text el_class=&#8220;no-text-margin&#8220;]<\/p>\n<p class=\"western\" lang=\"de-DE\"><span style=\"color: #333333;\"><span style=\"font-family: Arial, serif;\"><span style=\"font-size: large;\"><b>DOPPELELEMENT<\/b><\/span><\/span><\/span><\/p>\n<p class=\"western\" lang=\"de-DE\"><span style=\"color: #444444;\"><span style=\"font-family: Arial, serif;\"><span style=\"font-size: medium;\"><i>Art. 800<\/i><\/span><\/span><\/span><span style=\"color: #444444;\"><span style=\"font-family: Arial, serif;\"><span style=\"font-size: medium;\"><br \/>\n<\/span><\/span><\/span><span style=\"color: #444444;\"><span style=\"font-family: Arial, serif;\"><span style=\"font-size: medium;\"><i>50X100X40 cm 11 kg<\/i><\/span><\/span><\/span><span style=\"color: #444444;\"><span style=\"font-family: Arial, serif;\"><span style=\"font-size: medium;\"><br \/>\n<\/span><\/span><\/span><span style=\"color: #444444;\"><span style=\"font-family: Arial, serif;\"><span style=\"font-size: medium;\"><i>T\u00fcrkis<\/i><\/span><\/span><\/span>[\/vc_column_text][\/vc_column_inner][\/vc_row_inner][vc_empty_space][vc_row_inner equal_height=&#8220;yes&#8220; css=&#8220;.vc_custom_1498558258456{margin-right: 1px !important;}&#8220;][vc_column_inner width=&#8220;1\/4&#8243; offset=&#8220;vc_col-xs-6&#8243;][vc_single_image image=&#8220;4264&#8243;][\/vc_column_inner][vc_column_inner width=&#8220;3\/4&#8243; css=&#8220;.vc_custom_1498557268242{background-color: rgba(30,115,190,0.25) !important;*background-color: rgb(30,115,190) !important;}&#8220; offset=&#8220;vc_col-xs-6&#8243;][vc_column_text el_class=&#8220;no-text-margin&#8220;]<\/p>\n<p class=\"western\" lang=\"de-DE\"><span style=\"color: #333333;\"><span style=\"font-family: Arial, serif;\"><span style=\"font-size: large;\"><b>EINZELELEMENT<\/b><\/span><\/span><\/span><\/p>\n<p class=\"western\" lang=\"de-DE\"><span style=\"color: #444444;\"><span style=\"font-family: Arial, serif;\"><span style=\"font-size: medium;\"><i>Art. 801<\/i><\/span><\/span><\/span><span style=\"color: #444444;\"><span style=\"font-family: Arial, serif;\"><span style=\"font-size: medium;\"><br \/>\n<\/span><\/span><\/span><span style=\"color: #444444;\"><span style=\"font-family: Arial, serif;\"><span style=\"font-size: medium;\"><i>50X50X40 cm 6 kg<\/i><\/span><\/span><\/span><span style=\"color: #444444;\"><span style=\"font-family: Arial, serif;\"><span style=\"font-size: medium;\"><br \/>\n<\/span><\/span><\/span><span style=\"color: #444444;\"><span style=\"font-family: Arial, serif;\"><span style=\"font-size: medium;\"><i>T\u00fcrkis<\/i><\/span><\/span><\/span>[\/vc_column_text][\/vc_column_inner][\/vc_row_inner][vc_empty_space][vc_row_inner equal_height=&#8220;yes&#8220; css=&#8220;.vc_custom_1498558262246{margin-right: 1px !important;}&#8220;][vc_column_inner width=&#8220;1\/4&#8243; offset=&#8220;vc_col-xs-6&#8243;][vc_single_image image=&#8220;4248&#8243;][\/vc_column_inner][vc_column_inner width=&#8220;3\/4&#8243; css=&#8220;.vc_custom_1498556521864{background-color: rgba(30,115,190,0.25) !important;*background-color: rgb(30,115,190) !important;}&#8220; offset=&#8220;vc_col-xs-6&#8243;][vc_column_text el_class=&#8220;no-text-margin&#8220;]<span style=\"color: #333333;\"><span style=\"font-family: Arial, serif;\"><span style=\"font-size: large;\"><b>BOLZEN<\/b><\/span><\/span><\/span><\/p>\n<p class=\"western\" lang=\"de-DE\"><span style=\"color: #444444;\"><span style=\"font-family: Arial, serif;\"><span style=\"font-size: medium;\"><i>Art. 802<\/i><\/span><\/span><\/span><span style=\"color: #444444;\"><span style=\"font-family: Arial, serif;\"><span style=\"font-size: medium;\"><br \/>\n<\/span><\/span><\/span><span style=\"color: #444444;\"><span style=\"font-family: Arial, serif;\"><span style=\"font-size: medium;\"><i>0,6 kg<\/i><\/span><\/span><\/span><span style=\"color: #444444;\"><span style=\"font-family: Arial, serif;\"><span style=\"font-size: medium;\"><br \/>\n<\/span><\/span><\/span><span style=\"color: #444444;\"><span style=\"font-family: Arial, serif;\"><span style=\"font-size: medium;\"><i>T\u00fcrkis<\/i><\/span><\/span><\/span>[\/vc_column_text][\/vc_column_inner][\/vc_row_inner][vc_empty_space][vc_row_inner equal_height=&#8220;yes&#8220; css=&#8220;.vc_custom_1498558266149{margin-right: 1px !important;}&#8220;][vc_column_inner width=&#8220;1\/4&#8243; offset=&#8220;vc_col-xs-6&#8243;][vc_single_image image=&#8220;4252&#8243;][\/vc_column_inner][vc_column_inner width=&#8220;3\/4&#8243; css=&#8220;.vc_custom_1498556521864{background-color: rgba(30,115,190,0.25) !important;*background-color: rgb(30,115,190) !important;}&#8220; offset=&#8220;vc_col-xs-6&#8243;][vc_column_text el_class=&#8220;no-text-margin&#8220;]<span style=\"color: #333333;\"><span style=\"font-family: Arial, serif;\"><span style=\"font-size: large;\"><b>SCHRAUBE MIT MUTTER<\/b><\/span><\/span><\/span><\/p>\n<p class=\"western\" lang=\"de-DE\"><span style=\"color: #444444;\"><span style=\"font-family: Arial, serif;\"><span style=\"font-size: medium;\"><i>Art. 803<\/i><\/span><\/span><\/span><span style=\"color: #444444;\"><span style=\"font-family: Arial, serif;\"><span style=\"font-size: medium;\"><br \/>\n<\/span><\/span><\/span><span style=\"color: #444444;\"><span style=\"font-family: Arial, serif;\"><span style=\"font-size: medium;\"><i>0,3 kg<\/i><\/span><\/span><\/span><span style=\"color: #444444;\"><span style=\"font-family: Arial, serif;\"><span style=\"font-size: medium;\"><br \/>\n<\/span><\/span><\/span><span style=\"color: #444444;\"><span style=\"font-family: Arial, serif;\"><span style=\"font-size: medium;\"><i>Schwarz<\/i><\/span><\/span><\/span>[\/vc_column_text][\/vc_column_inner][\/vc_row_inner][vc_empty_space][vc_row_inner equal_height=&#8220;yes&#8220; css=&#8220;.vc_custom_1498558270369{margin-right: 1px !important;}&#8220;][vc_column_inner width=&#8220;1\/4&#8243; offset=&#8220;vc_col-xs-6&#8243;][vc_single_image image=&#8220;4256&#8243;][\/vc_column_inner][vc_column_inner width=&#8220;3\/4&#8243; css=&#8220;.vc_custom_1498556521864{background-color: rgba(30,115,190,0.25) !important;*background-color: rgb(30,115,190) !important;}&#8220; offset=&#8220;vc_col-xs-6&#8243;][vc_column_text el_class=&#8220;no-text-margin&#8220;]<span style=\"color: #333333;\"><span style=\"font-family: Arial, serif;\"><span style=\"font-size: large;\"><b>DOPPELTES DISTANZST\u00dcCK<\/b><\/span><\/span><\/span><\/p>\n<p class=\"western\" lang=\"de-DE\"><span style=\"color: #444444;\"><span style=\"font-family: Arial, serif;\"><span style=\"font-size: medium;\"><i>Art. 804<\/i><\/span><\/span><\/span><span style=\"color: #444444;\"><span style=\"font-family: Arial, serif;\"><span style=\"font-size: medium;\"><br \/>\n<\/span><\/span><\/span><span style=\"color: #444444;\"><span style=\"font-family: Arial, serif;\"><span style=\"font-size: medium;\"><i>32 mm 0,2 kg<\/i><\/span><\/span><\/span><span style=\"color: #444444;\"><span style=\"font-family: Arial, serif;\"><span style=\"font-size: medium;\"><br \/>\n<\/span><\/span><\/span><span style=\"color: #444444;\"><span style=\"font-family: Arial, serif;\"><span style=\"font-size: medium;\"><i>Schwarz<\/i><\/span><\/span><\/span>[\/vc_column_text][\/vc_column_inner][\/vc_row_inner][\/vc_column][\/vc_row][vc_row][vc_column][vc_empty_space][vc_column_text]<\/p>\n<p class=\"western\" lang=\"de-DE\"><span style=\"color: #444444;\"><span style=\"font-family: Arial, serif;\"><span style=\"font-size: medium;\">Die Hauptelemente des Systems Otto sind:<\/span><\/span><\/span><\/p>\n<ul>\n<li><span style=\"font-family: Calibri, serif;\"><span style=\"color: #444444;\"><span style=\"font-family: Arial, serif;\"><span style=\"font-size: medium;\"><span lang=\"de-DE\">Doppelw\u00fcrfel (100x50x40 cm)<\/span><\/span><\/span><\/span><\/span><\/li>\n<li><span style=\"font-family: Calibri, serif;\"><span style=\"color: #444444;\"><span style=\"font-family: Arial, serif;\"><span style=\"font-size: medium;\"><span lang=\"de-DE\">Einzelw\u00fcrfel (50x50x40 cm)<\/span><\/span><\/span><\/span><\/span><\/li>\n<li><span style=\"font-family: Calibri, serif;\"><span style=\"color: #444444;\"><span style=\"font-family: Arial, serif;\"><span style=\"font-size: medium;\"><span lang=\"de-DE\">Bolzen <\/span><\/span><\/span><\/span><\/span><\/li>\n<li><span style=\"font-family: Calibri, serif;\"><span style=\"color: #444444;\"><span style=\"font-family: Arial, serif;\"><span style=\"font-size: medium;\"><span lang=\"de-DE\">Schrauben<\/span><\/span><\/span><\/span><\/span><\/li>\n<li><span style=\"font-family: Calibri, serif;\"><span style=\"color: #444444;\"><span style=\"font-family: Arial, serif;\"><span style=\"font-size: medium;\"><span lang=\"de-DE\">Doppelte Distanzst\u00fccke<\/span><\/span><\/span><\/span><\/span><\/li>\n<\/ul>\n<p class=\"western\" lang=\"de-DE\"><span style=\"color: #444444;\"><span style=\"font-family: Arial, serif;\"><span style=\"font-size: medium;\">Alle W\u00fcrfel haben an den Ecken, wo sich die \u00d6sen befinden (die Doppelw\u00fcrfel auch in der Mitte) hervorstehende Punkte, die von 1 bis 4 reichen; dabei ist 1 der h\u00f6chste und 4 der niedrigste Punkt. Sie dienen dazu, die \u00d6senh\u00f6he anzuzeigen.<\/span><\/span><\/span><\/p>\n<p class=\"western\" lang=\"de-DE\"><span style=\"color: #444444;\"><span style=\"font-family: Arial, serif;\"><span style=\"font-size: medium;\">Beim Zusammenbauen m\u00fcssen die W\u00fcrfel so ausgerichtet sein, dass sich das Ventil bei allen an derselben Seite befindet.<\/span><\/span><\/span><\/p>\n<p class=\"western\" lang=\"de-DE\"><span style=\"color: #444444;\"><span style=\"font-family: Arial, serif;\"><span style=\"font-size: medium;\">Dort, wo sich die \u00d6sen nicht ber\u00fchren, muss das Distanzst\u00fcck eingef\u00fcgt werden. Dann k\u00f6nnen die W\u00fcrfel miteinander verbunden werden.<\/span><\/span><\/span><\/p>\n<p class=\"western\" lang=\"de-DE\"><span style=\"color: #444444;\"><span style=\"font-family: Arial, serif;\"><span style=\"font-size: medium;\">Mit den Bolzen werden die W\u00fcrfel aneinander befestigt. Die Bolzen werden in die L\u00f6cher gesteckt und mit dem entsprechenden Schl\u00fcssel um 45\u00b0 gedreht werden. Am Au\u00dfenrand werden hingegen die Schrauben mit Mutter verwendet.<\/span><\/span><\/span><\/p>\n<p>[\/vc_column_text][vc_empty_space][\/vc_column][\/vc_row][vc_row][vc_column width=&#8220;1\/2&#8243;][vc_empty_space][vc_column_text]<\/p>\n<p class=\"western\" lang=\"de-DE\" align=\"center\"><span style=\"color: #000000;\"><span style=\"font-family: Arial, serif;\"><span style=\"font-size: xx-large;\">BESTANDTEILE DER SCHWIMMENDEN MODULE OTTO<\/span><\/span><\/span><\/p>\n<p>[\/vc_column_text][vc_empty_space][\/vc_column][vc_column width=&#8220;1\/2&#8243;][vc_empty_space][vc_column_text]<\/p>\n<p class=\"western\" lang=\"de-DE\" align=\"center\"><span style=\"color: #000000;\"><span style=\"font-family: Arial, serif;\"><span style=\"font-size: xx-large;\">BEISPIELE SCHWIMMENDE MODULE OTTO<\/span><\/span><\/span><\/p>\n<p class=\"western\" lang=\"de-DE\" align=\"center\"><span style=\"color: #000000;\"><span style=\"font-family: Arial, serif;\"><span style=\"font-size: xx-large;\">MATERIAL<\/span><\/span><\/span><\/p>\n<p>[\/vc_column_text][vc_empty_space][\/vc_column][\/vc_row][vc_row][vc_column width=&#8220;1\/2&#8243;][vc_single_image image=&#8220;4272&#8243; img_size=&#8220;medium&#8220; add_caption=&#8220;yes&#8220; alignment=&#8220;center&#8220; style=&#8220;vc_box_border&#8220; onclick=&#8220;custom_link&#8220; img_link_target=&#8220;_blank&#8220; link=&#8220;http:\/\/gmiotto.it\/wp-content\/uploads\/2017\/06\/Componenti-2017.pdf&#8220;][\/vc_column][vc_column width=&#8220;1\/2&#8243;][vc_single_image image=&#8220;4296&#8243; img_size=&#8220;medium&#8220; add_caption=&#8220;yes&#8220; alignment=&#8220;center&#8220; style=&#8220;vc_box_border&#8220; onclick=&#8220;custom_link&#8220; img_link_target=&#8220;_blank&#8220; link=&#8220;http:\/\/gmiotto.it\/wp-content\/uploads\/2017\/06\/Esempi_ENG.pdf&#8220;][\/vc_column][\/vc_row]<\/p>\n<\/div>","protected":false},"excerpt":{"rendered":"<p>[vc_row full_width=&#8220;stretch_row&#8220;][vc_column css_animation=&#8220;none&#8220; width=&#8220;2\/4&#8243;][layerslider_vc id=&#8220;2&#8243;][vc_empty_space][\/vc_column][vc_column width=&#8220;2\/4&#8243;][vc_row_inner equal_height=&#8220;yes&#8220; css=&#8220;.vc_custom_1498558188562{margin-right: 1px !important;}&#8220;][vc_column_inner width=&#8220;1\/4&#8243; offset=&#8220;vc_col-xs-6&#8243;][vc_single_image image=&#8220;4260&#8243;][\/vc_column_inner][vc_column_inner width=&#8220;3\/4&#8243; css=&#8220;.vc_custom_1498556521864{background-color: rgba(30,115,190,0.25) !important;*background-color: rgb(30,115,190) !important;}&#8220; offset=&#8220;vc_col-xs-6&#8243;][vc_column_text el_class=&#8220;no-text-margin&#8220;] DOPPELELEMENT Art. 800 50X100X40 cm 11 kg T\u00fcrkis[\/vc_column_text][\/vc_column_inner][\/vc_row_inner][vc_empty_space][vc_row_inner equal_height=&#8220;yes&#8220; css=&#8220;.vc_custom_1498558258456{margin-right: 1px !important;}&#8220;][vc_column_inner width=&#8220;1\/4&#8243; offset=&#8220;vc_col-xs-6&#8243;][vc_single_image image=&#8220;4264&#8243;][\/vc_column_inner][vc_column_inner width=&#8220;3\/4&#8243; css=&#8220;.vc_custom_1498557268242{background-color: rgba(30,115,190,0.25) !important;*background-color: rgb(30,115,190) !important;}&#8220; offset=&#8220;vc_col-xs-6&#8243;][vc_column_text el_class=&#8220;no-text-margin&#8220;] EINZELELEMENT Art. 801 50X50X40 cm 6 kg T\u00fcrkis[\/vc_column_text][\/vc_column_inner][\/vc_row_inner][vc_empty_space][vc_row_inner equal_height=&#8220;yes&#8220; css=&#8220;.vc_custom_1498558262246{margin-right: 1px &hellip;<\/p>\n","protected":false},"author":1,"featured_media":0,"parent":0,"menu_order":0,"comment_status":"closed","ping_status":"closed","template":"","meta":{"footnotes":""},"class_list":["post-6168","page","type-page","status-publish","hentry","no-thumb"],"yoast_head":"<!-- This site is optimized with the Yoast SEO plugin v27.2 - https:\/\/yoast.com\/product\/yoast-seo-wordpress\/ -->\n<title>Elemente - OTTO<\/title>\n<meta name=\"robots\" content=\"index, follow, max-snippet:-1, max-image-preview:large, max-video-preview:-1\" \/>\n<link rel=\"canonical\" href=\"https:\/\/gmiotto.it\/de\/elemente\/\" \/>\n<meta property=\"og:locale\" content=\"de_DE\" \/>\n<meta property=\"og:type\" content=\"article\" \/>\n<meta property=\"og:title\" content=\"Elemente - OTTO\" \/>\n<meta property=\"og:description\" content=\"[vc_row full_width=&#8220;stretch_row&#8220;][vc_column css_animation=&#8220;none&#8220; width=&#8220;2\/4&#8243;][layerslider_vc id=&#8220;2&#8243;][vc_empty_space][\/vc_column][vc_column width=&#8220;2\/4&#8243;][vc_row_inner equal_height=&#8220;yes&#8220; css=&#8220;.vc_custom_1498558188562{margin-right: 1px !important;}&#8220;][vc_column_inner width=&#8220;1\/4&#8243; offset=&#8220;vc_col-xs-6&#8243;][vc_single_image image=&#8220;4260&#8243;][\/vc_column_inner][vc_column_inner width=&#8220;3\/4&#8243; css=&#8220;.vc_custom_1498556521864{background-color: rgba(30,115,190,0.25) !important;*background-color: rgb(30,115,190) !important;}&#8220; offset=&#8220;vc_col-xs-6&#8243;][vc_column_text el_class=&#8220;no-text-margin&#8220;] DOPPELELEMENT Art. 800 50X100X40 cm 11 kg T\u00fcrkis[\/vc_column_text][\/vc_column_inner][\/vc_row_inner][vc_empty_space][vc_row_inner equal_height=&#8220;yes&#8220; css=&#8220;.vc_custom_1498558258456{margin-right: 1px !important;}&#8220;][vc_column_inner width=&#8220;1\/4&#8243; offset=&#8220;vc_col-xs-6&#8243;][vc_single_image image=&#8220;4264&#8243;][\/vc_column_inner][vc_column_inner width=&#8220;3\/4&#8243; css=&#8220;.vc_custom_1498557268242{background-color: rgba(30,115,190,0.25) !important;*background-color: rgb(30,115,190) !important;}&#8220; offset=&#8220;vc_col-xs-6&#8243;][vc_column_text el_class=&#8220;no-text-margin&#8220;] EINZELELEMENT Art. 801 50X50X40 cm 6 kg T\u00fcrkis[\/vc_column_text][\/vc_column_inner][\/vc_row_inner][vc_empty_space][vc_row_inner equal_height=&#8220;yes&#8220; css=&#8220;.vc_custom_1498558262246{margin-right: 1px &hellip;\" \/>\n<meta property=\"og:url\" content=\"https:\/\/gmiotto.it\/de\/elemente\/\" \/>\n<meta property=\"og:site_name\" content=\"OTTO\" \/>\n<meta property=\"article:modified_time\" content=\"2022-07-13T08:26:22+00:00\" \/>\n<meta name=\"twitter:card\" content=\"summary_large_image\" \/>\n<meta name=\"twitter:label1\" content=\"Gesch\u00e4tzte Lesezeit\" \/>\n\t<meta name=\"twitter:data1\" content=\"3\u00a0Minuten\" \/>\n<script type=\"application\/ld+json\" class=\"yoast-schema-graph\">{\"@context\":\"https:\/\/schema.org\",\"@graph\":[{\"@type\":\"WebPage\",\"@id\":\"https:\/\/gmiotto.it\/de\/elemente\/\",\"url\":\"https:\/\/gmiotto.it\/de\/elemente\/\",\"name\":\"Elemente - OTTO\",\"isPartOf\":{\"@id\":\"https:\/\/gmiotto.it\/#website\"},\"datePublished\":\"2019-02-08T08:54:19+00:00\",\"dateModified\":\"2022-07-13T08:26:22+00:00\",\"breadcrumb\":{\"@id\":\"https:\/\/gmiotto.it\/de\/elemente\/#breadcrumb\"},\"inLanguage\":\"de\",\"potentialAction\":[{\"@type\":\"ReadAction\",\"target\":[\"https:\/\/gmiotto.it\/de\/elemente\/\"]}]},{\"@type\":\"BreadcrumbList\",\"@id\":\"https:\/\/gmiotto.it\/de\/elemente\/#breadcrumb\",\"itemListElement\":[{\"@type\":\"ListItem\",\"position\":1,\"name\":\"Home\",\"item\":\"https:\/\/gmiotto.it\/de\/\"},{\"@type\":\"ListItem\",\"position\":2,\"name\":\"Elemente\"}]},{\"@type\":\"WebSite\",\"@id\":\"https:\/\/gmiotto.it\/#website\",\"url\":\"https:\/\/gmiotto.it\/\",\"name\":\"OTTO\",\"description\":\"Pontili galleggianti modulari\",\"publisher\":{\"@id\":\"https:\/\/gmiotto.it\/#organization\"},\"potentialAction\":[{\"@type\":\"SearchAction\",\"target\":{\"@type\":\"EntryPoint\",\"urlTemplate\":\"https:\/\/gmiotto.it\/?s={search_term_string}\"},\"query-input\":{\"@type\":\"PropertyValueSpecification\",\"valueRequired\":true,\"valueName\":\"search_term_string\"}}],\"inLanguage\":\"de\"},{\"@type\":\"Organization\",\"@id\":\"https:\/\/gmiotto.it\/#organization\",\"name\":\"Otto sas di Miotto F. & C.\",\"url\":\"https:\/\/gmiotto.it\/\",\"logo\":{\"@type\":\"ImageObject\",\"inLanguage\":\"de\",\"@id\":\"https:\/\/gmiotto.it\/#\/schema\/logo\/image\/\",\"url\":\"http:\/\/gmiotto.it\/wp-content\/uploads\/2018\/06\/logo_rina.png\",\"contentUrl\":\"http:\/\/gmiotto.it\/wp-content\/uploads\/2018\/06\/logo_rina.png\",\"width\":277,\"height\":66,\"caption\":\"Otto sas di Miotto F. & C.\"},\"image\":{\"@id\":\"https:\/\/gmiotto.it\/#\/schema\/logo\/image\/\"}}]}<\/script>\n<!-- \/ Yoast SEO plugin. -->","yoast_head_json":{"title":"Elemente - OTTO","robots":{"index":"index","follow":"follow","max-snippet":"max-snippet:-1","max-image-preview":"max-image-preview:large","max-video-preview":"max-video-preview:-1"},"canonical":"https:\/\/gmiotto.it\/de\/elemente\/","og_locale":"de_DE","og_type":"article","og_title":"Elemente - OTTO","og_description":"[vc_row full_width=&#8220;stretch_row&#8220;][vc_column css_animation=&#8220;none&#8220; width=&#8220;2\/4&#8243;][layerslider_vc id=&#8220;2&#8243;][vc_empty_space][\/vc_column][vc_column width=&#8220;2\/4&#8243;][vc_row_inner equal_height=&#8220;yes&#8220; css=&#8220;.vc_custom_1498558188562{margin-right: 1px !important;}&#8220;][vc_column_inner width=&#8220;1\/4&#8243; offset=&#8220;vc_col-xs-6&#8243;][vc_single_image image=&#8220;4260&#8243;][\/vc_column_inner][vc_column_inner width=&#8220;3\/4&#8243; css=&#8220;.vc_custom_1498556521864{background-color: rgba(30,115,190,0.25) !important;*background-color: rgb(30,115,190) !important;}&#8220; offset=&#8220;vc_col-xs-6&#8243;][vc_column_text el_class=&#8220;no-text-margin&#8220;] DOPPELELEMENT Art. 800 50X100X40 cm 11 kg T\u00fcrkis[\/vc_column_text][\/vc_column_inner][\/vc_row_inner][vc_empty_space][vc_row_inner equal_height=&#8220;yes&#8220; css=&#8220;.vc_custom_1498558258456{margin-right: 1px !important;}&#8220;][vc_column_inner width=&#8220;1\/4&#8243; offset=&#8220;vc_col-xs-6&#8243;][vc_single_image image=&#8220;4264&#8243;][\/vc_column_inner][vc_column_inner width=&#8220;3\/4&#8243; css=&#8220;.vc_custom_1498557268242{background-color: rgba(30,115,190,0.25) !important;*background-color: rgb(30,115,190) !important;}&#8220; offset=&#8220;vc_col-xs-6&#8243;][vc_column_text el_class=&#8220;no-text-margin&#8220;] EINZELELEMENT Art. 801 50X50X40 cm 6 kg T\u00fcrkis[\/vc_column_text][\/vc_column_inner][\/vc_row_inner][vc_empty_space][vc_row_inner equal_height=&#8220;yes&#8220; css=&#8220;.vc_custom_1498558262246{margin-right: 1px &hellip;","og_url":"https:\/\/gmiotto.it\/de\/elemente\/","og_site_name":"OTTO","article_modified_time":"2022-07-13T08:26:22+00:00","twitter_card":"summary_large_image","twitter_misc":{"Gesch\u00e4tzte Lesezeit":"3\u00a0Minuten"},"schema":{"@context":"https:\/\/schema.org","@graph":[{"@type":"WebPage","@id":"https:\/\/gmiotto.it\/de\/elemente\/","url":"https:\/\/gmiotto.it\/de\/elemente\/","name":"Elemente - OTTO","isPartOf":{"@id":"https:\/\/gmiotto.it\/#website"},"datePublished":"2019-02-08T08:54:19+00:00","dateModified":"2022-07-13T08:26:22+00:00","breadcrumb":{"@id":"https:\/\/gmiotto.it\/de\/elemente\/#breadcrumb"},"inLanguage":"de","potentialAction":[{"@type":"ReadAction","target":["https:\/\/gmiotto.it\/de\/elemente\/"]}]},{"@type":"BreadcrumbList","@id":"https:\/\/gmiotto.it\/de\/elemente\/#breadcrumb","itemListElement":[{"@type":"ListItem","position":1,"name":"Home","item":"https:\/\/gmiotto.it\/de\/"},{"@type":"ListItem","position":2,"name":"Elemente"}]},{"@type":"WebSite","@id":"https:\/\/gmiotto.it\/#website","url":"https:\/\/gmiotto.it\/","name":"OTTO","description":"Pontili galleggianti modulari","publisher":{"@id":"https:\/\/gmiotto.it\/#organization"},"potentialAction":[{"@type":"SearchAction","target":{"@type":"EntryPoint","urlTemplate":"https:\/\/gmiotto.it\/?s={search_term_string}"},"query-input":{"@type":"PropertyValueSpecification","valueRequired":true,"valueName":"search_term_string"}}],"inLanguage":"de"},{"@type":"Organization","@id":"https:\/\/gmiotto.it\/#organization","name":"Otto sas di Miotto F. & C.","url":"https:\/\/gmiotto.it\/","logo":{"@type":"ImageObject","inLanguage":"de","@id":"https:\/\/gmiotto.it\/#\/schema\/logo\/image\/","url":"http:\/\/gmiotto.it\/wp-content\/uploads\/2018\/06\/logo_rina.png","contentUrl":"http:\/\/gmiotto.it\/wp-content\/uploads\/2018\/06\/logo_rina.png","width":277,"height":66,"caption":"Otto sas di Miotto F. & C."},"image":{"@id":"https:\/\/gmiotto.it\/#\/schema\/logo\/image\/"}}]}},"_links":{"self":[{"href":"https:\/\/gmiotto.it\/de\/wp-json\/wp\/v2\/pages\/6168","targetHints":{"allow":["GET"]}}],"collection":[{"href":"https:\/\/gmiotto.it\/de\/wp-json\/wp\/v2\/pages"}],"about":[{"href":"https:\/\/gmiotto.it\/de\/wp-json\/wp\/v2\/types\/page"}],"author":[{"embeddable":true,"href":"https:\/\/gmiotto.it\/de\/wp-json\/wp\/v2\/users\/1"}],"replies":[{"embeddable":true,"href":"https:\/\/gmiotto.it\/de\/wp-json\/wp\/v2\/comments?post=6168"}],"version-history":[{"count":0,"href":"https:\/\/gmiotto.it\/de\/wp-json\/wp\/v2\/pages\/6168\/revisions"}],"wp:attachment":[{"href":"https:\/\/gmiotto.it\/de\/wp-json\/wp\/v2\/media?parent=6168"}],"curies":[{"name":"wp","href":"https:\/\/api.w.org\/{rel}","templated":true}]}}