{"id":6198,"date":"2019-02-08T15:23:02","date_gmt":"2019-02-08T14:23:02","guid":{"rendered":"http:\/\/gmiotto.it\/privacy-cookies-policy\/"},"modified":"2019-02-08T15:26:32","modified_gmt":"2019-02-08T14:26:32","slug":"privacy-cookies-policy","status":"publish","type":"page","link":"https:\/\/gmiotto.it\/de\/privacy-cookies-policy\/","title":{"rendered":"DATENSCHUTZ- UND COOKIES-POLITIK"},"content":{"rendered":"<div class=\"wpb-content-wrapper\"><p>[vc_row][vc_column][vc_column_text]<\/p>\n<div id=\"main\" class=\"clearfix \">\n<div class=\"avada-row\">\n<div id=\"content\">\n<div id=\"post-996\" class=\"post-996 page type-page status-publish hentry\">\n<div class=\"post-content\">\n<div id=\"content\">\n<div class=\"inner\">\n<p>Gesetzesdekret Nr. 196\/2003, Art. 7 &#8211; Recht auf Zugang zu personenbezogenen Daten und anderen Rechten.<\/p>\n<p>Die interessierte Partei hat das Recht, die Existenz von personenbezogenen Daten, auch wenn sie noch nicht registriert sind, und ihre Kommunikation in verst\u00e4ndlicher Form zu best\u00e4tigen.<\/p>\n<ol>\n<li>Der Interessent hat das Recht, die Angabe zu erhalten:<br \/>\ndie Herkunft der personenbezogenen Daten;<br \/>\ndie Zwecke und Methoden der Verarbeitung;<br \/>\nder Logik im Falle einer Behandlung, die mit Hilfe elektronischer Instrumente durchgef\u00fchrt wird;<\/li>\n<li>Angaben zur Identit\u00e4t des Inhabers, der Verantwortlichen und des benannten Vertreters gem\u00e4\u00df Artikel 5 Absatz 2;<br \/>\ndie Personen oder Kategorien von Personen, denen die personenbezogenen Daten mitgeteilt werden k\u00f6nnen, oder die von ihnen als bestellte Vertreter im Staatsgebiet, von Managern oder Beauftragten erfahren werden.<\/li>\n<li>Der Interessent hat das Recht zu erhalten:<br \/>\nAktualisierung, Berichtigung oder bei Interesse Integration von Daten;<br \/>\ndie L\u00f6schung, Umwandlung in anonyme Form oder Sperrung von unrechtm\u00e4\u00dfig verarbeiteten Daten, einschlie\u00dflich Daten, deren Aufbewahrung f\u00fcr die Zwecke, f\u00fcr die die Daten erhoben oder sp\u00e4ter verarbeitet wurden, nicht erforderlich ist;<br \/>\ndie Bescheinigung, dass die in den Buchstaben a) und b) genannten Vorg\u00e4nge auch in Bezug auf deren Inhalt auf die Personen aufmerksam gemacht wurden, denen die Daten \u00fcbermittelt oder verbreitet wurden, es sei denn, diese Erf\u00fcllung ist unm\u00f6glich o bedeutet die Verwendung von Mitteln, die offensichtlich nicht dem Schutzrecht entsprechen.<\/li>\n<li>Der Interessent hat ein Widerspruchsrecht ganz oder teilweise:<br \/>\naus legitimen Gr\u00fcnden auf die Verarbeitung der ihn betreffenden personenbezogenen Daten, auch wenn diese f\u00fcr den Zweck der Erhebung relevant sind;<br \/>\ndie Verarbeitung personenbezogener Daten, die ihn betreffen, zum Senden von Werbematerial oder Direktverkaufsmaterial oder zur Durchf\u00fchrung von Marktforschung oder kommerzieller Kommunikation.<\/li>\n<\/ol>\n<p><strong>Navigationsdaten<\/strong><br \/>\nDiese Datenkategorie umfasst die IP-Adressen der Computer, die von Benutzern verwendet werden, die eine Verbindung mit dem Standort herstellen, die Adressen der angeforderten Ressourcen in URI-Notation (Uniform Resource Identifier) \u200b\u200bund andere Parameter, die mit dem http-Protokoll verbunden sind und sich auf das Betriebssystem und die Umgebung beziehen Computer des Benutzers Diese Daten werden ausschlie\u00dflich zu dem Zweck verwendet, anonyme statistische Informationen \u00fcber die Nutzung der Website zu erhalten und deren ordnungsgem\u00e4\u00dfe Funktion zu \u00fcberpr\u00fcfen. Die Daten k\u00f6nnten zur Ermittlung der Verantwortlichkeit im Falle hypothetischer Computerstraftaten gegen die Website verwendet werden.<\/p>\n<p><strong>Daten, die der Benutzer freiwillig zur Verf\u00fcgung stellt<\/strong><br \/>\nDie freiwillige, freiwillige und freiwillige Versendung von E-Mails an die auf dieser Website angegebenen Adressen erfordert den anschlie\u00dfenden Erwerb der Absenderadresse, die zur Beantwortung von Anfragen erforderlich ist, sowie aller anderen in der Nachricht enthaltenen pers\u00f6nlichen Daten.<\/p>\n<p><strong>Cookie-Richtlinie<\/strong><br \/>\nCookies sind Computerdateien oder Teildaten, die auf Ihrem Computer gespeichert werden k\u00f6nnen (oder andere Ger\u00e4te, die im Internet surfen k\u00f6nnen, z. B. Smartphones oder Tablets), wenn Sie eine Website besuchen. In der Regel enth\u00e4lt ein Cookie den Namen der Website, von der das Cookie stammt, das &#8222;lebenswichtige Leben&#8220; des Cookies (dh wie lange es auf Ihrem Ger\u00e4t verbleibt) und einen Wert, der in der Regel eine zuf\u00e4llig generierte eindeutige Nummer ist .<\/p>\n<p><strong>Wof\u00fcr verwenden wir Cookies?<\/strong><br \/>\nWir verwenden Cookies, um unsere Website optimal nutzen zu k\u00f6nnen. Cookies k\u00f6nnen auch dazu verwendet werden, Ihre zuk\u00fcnftigen Erfahrungen und Aktivit\u00e4ten auf unserer Website zu beschleunigen. Wir verwenden Cookies auch, um anonyme aggregierte Statistiken zu erstellen, anhand derer wir verstehen k\u00f6nnen, wie Menschen unsere Website nutzen, und um Struktur und Inhalt zu verbessern. Wir k\u00f6nnen Sie durch diese Informationen nicht pers\u00f6nlich identifizieren.<\/p>\n<p><strong>Welche Arten von Cookies verwenden wir?<\/strong><br \/>\nEs k\u00f6nnen zwei Arten von Cookies verwendet werden: &#8222;Sitzungscookies&#8220; und &#8222;permanente Cookies&#8220;. Die &#8222;Session-Cookies&#8220; sind tempor\u00e4re Cookies, die auf Ihrem Ger\u00e4t verbleiben, bis Sie die Website verlassen. Ein &#8222;persistenter Cookie&#8220; verbleibt viel l\u00e4nger auf Ihrem Ger\u00e4t oder bis Sie ihn manuell l\u00f6schen (wie lange der Cookie auf Ihrem Ger\u00e4t verbleibt, h\u00e4ngt von der Dauer oder der &#8222;Lebensdauer&#8220; des betreffenden Cookies und den Einstellungen Ihres Browsers ab).<\/p>\n<p>Einige der von Ihnen besuchten Seiten erfassen m\u00f6glicherweise auch Informationen \u00fcber &#8222;Pixel-Tags&#8220; (auch als &#8222;klare Gifs&#8220; bezeichnet), die mit Dritten geteilt werden k\u00f6nnen, die direkt unsere Werbeaktivit\u00e4ten und die Website-Entwicklung unterst\u00fctzen. So k\u00f6nnen beispielsweise Informationen \u00fcber die Nutzung der Website gespeichert werden, welche Seiten wie oft angezeigt werden und Sie Ihre Werbung \u00fcber andere Websites (Remarketing) anzeigen k\u00f6nnen, auf jeden Fall, ohne Ihre personenbezogenen Daten zu erhalten.<\/p>\n<\/div>\n<\/div>\n<\/div>\n<\/div>\n<\/div>\n<\/div>\n<\/div>\n<p>[\/vc_column_text][\/vc_column][\/vc_row]<\/p>\n<\/div>","protected":false},"excerpt":{"rendered":"<p>[vc_row][vc_column][vc_column_text] Gesetzesdekret Nr. 196\/2003, Art. 7 &#8211; Recht auf Zugang zu personenbezogenen Daten und anderen Rechten. Die interessierte Partei hat das Recht, die Existenz von personenbezogenen Daten, auch wenn sie noch nicht registriert sind, und ihre Kommunikation in verst\u00e4ndlicher Form zu best\u00e4tigen. Der Interessent hat das Recht, die Angabe zu erhalten: die Herkunft der personenbezogenen &hellip;<\/p>\n","protected":false},"author":1,"featured_media":0,"parent":0,"menu_order":0,"comment_status":"closed","ping_status":"closed","template":"","meta":{"footnotes":""},"class_list":["post-6198","page","type-page","status-publish","hentry","no-thumb"],"yoast_head":"<!-- This site is optimized with the Yoast SEO plugin v27.2 - https:\/\/yoast.com\/product\/yoast-seo-wordpress\/ -->\n<title>DATENSCHUTZ- UND COOKIES-POLITIK - OTTO<\/title>\n<meta name=\"robots\" content=\"index, follow, max-snippet:-1, max-image-preview:large, max-video-preview:-1\" \/>\n<link rel=\"canonical\" href=\"https:\/\/gmiotto.it\/de\/privacy-cookies-policy\/\" \/>\n<meta property=\"og:locale\" content=\"de_DE\" \/>\n<meta property=\"og:type\" content=\"article\" \/>\n<meta property=\"og:title\" content=\"DATENSCHUTZ- UND COOKIES-POLITIK - OTTO\" \/>\n<meta property=\"og:description\" content=\"[vc_row][vc_column][vc_column_text] Gesetzesdekret Nr. 196\/2003, Art. 7 &#8211; Recht auf Zugang zu personenbezogenen Daten und anderen Rechten. Die interessierte Partei hat das Recht, die Existenz von personenbezogenen Daten, auch wenn sie noch nicht registriert sind, und ihre Kommunikation in verst\u00e4ndlicher Form zu best\u00e4tigen. Der Interessent hat das Recht, die Angabe zu erhalten: die Herkunft der personenbezogenen &hellip;\" \/>\n<meta property=\"og:url\" content=\"https:\/\/gmiotto.it\/de\/privacy-cookies-policy\/\" \/>\n<meta property=\"og:site_name\" content=\"OTTO\" \/>\n<meta property=\"article:modified_time\" content=\"2019-02-08T14:26:32+00:00\" \/>\n<meta name=\"twitter:card\" content=\"summary_large_image\" \/>\n<meta name=\"twitter:label1\" content=\"Gesch\u00e4tzte Lesezeit\" \/>\n\t<meta name=\"twitter:data1\" content=\"4\u00a0Minuten\" \/>\n<script type=\"application\/ld+json\" class=\"yoast-schema-graph\">{\"@context\":\"https:\/\/schema.org\",\"@graph\":[{\"@type\":\"WebPage\",\"@id\":\"https:\/\/gmiotto.it\/de\/privacy-cookies-policy\/\",\"url\":\"https:\/\/gmiotto.it\/de\/privacy-cookies-policy\/\",\"name\":\"DATENSCHUTZ- UND COOKIES-POLITIK - OTTO\",\"isPartOf\":{\"@id\":\"https:\/\/gmiotto.it\/#website\"},\"datePublished\":\"2019-02-08T14:23:02+00:00\",\"dateModified\":\"2019-02-08T14:26:32+00:00\",\"breadcrumb\":{\"@id\":\"https:\/\/gmiotto.it\/de\/privacy-cookies-policy\/#breadcrumb\"},\"inLanguage\":\"de\",\"potentialAction\":[{\"@type\":\"ReadAction\",\"target\":[\"https:\/\/gmiotto.it\/de\/privacy-cookies-policy\/\"]}]},{\"@type\":\"BreadcrumbList\",\"@id\":\"https:\/\/gmiotto.it\/de\/privacy-cookies-policy\/#breadcrumb\",\"itemListElement\":[{\"@type\":\"ListItem\",\"position\":1,\"name\":\"Home\",\"item\":\"https:\/\/gmiotto.it\/de\/\"},{\"@type\":\"ListItem\",\"position\":2,\"name\":\"DATENSCHUTZ- UND COOKIES-POLITIK\"}]},{\"@type\":\"WebSite\",\"@id\":\"https:\/\/gmiotto.it\/#website\",\"url\":\"https:\/\/gmiotto.it\/\",\"name\":\"OTTO\",\"description\":\"Pontili galleggianti modulari\",\"publisher\":{\"@id\":\"https:\/\/gmiotto.it\/#organization\"},\"potentialAction\":[{\"@type\":\"SearchAction\",\"target\":{\"@type\":\"EntryPoint\",\"urlTemplate\":\"https:\/\/gmiotto.it\/?s={search_term_string}\"},\"query-input\":{\"@type\":\"PropertyValueSpecification\",\"valueRequired\":true,\"valueName\":\"search_term_string\"}}],\"inLanguage\":\"de\"},{\"@type\":\"Organization\",\"@id\":\"https:\/\/gmiotto.it\/#organization\",\"name\":\"Otto sas di Miotto F. & C.\",\"url\":\"https:\/\/gmiotto.it\/\",\"logo\":{\"@type\":\"ImageObject\",\"inLanguage\":\"de\",\"@id\":\"https:\/\/gmiotto.it\/#\/schema\/logo\/image\/\",\"url\":\"http:\/\/gmiotto.it\/wp-content\/uploads\/2018\/06\/logo_rina.png\",\"contentUrl\":\"http:\/\/gmiotto.it\/wp-content\/uploads\/2018\/06\/logo_rina.png\",\"width\":277,\"height\":66,\"caption\":\"Otto sas di Miotto F. & C.\"},\"image\":{\"@id\":\"https:\/\/gmiotto.it\/#\/schema\/logo\/image\/\"}}]}<\/script>\n<!-- \/ Yoast SEO plugin. -->","yoast_head_json":{"title":"DATENSCHUTZ- UND COOKIES-POLITIK - OTTO","robots":{"index":"index","follow":"follow","max-snippet":"max-snippet:-1","max-image-preview":"max-image-preview:large","max-video-preview":"max-video-preview:-1"},"canonical":"https:\/\/gmiotto.it\/de\/privacy-cookies-policy\/","og_locale":"de_DE","og_type":"article","og_title":"DATENSCHUTZ- UND COOKIES-POLITIK - OTTO","og_description":"[vc_row][vc_column][vc_column_text] Gesetzesdekret Nr. 196\/2003, Art. 7 &#8211; Recht auf Zugang zu personenbezogenen Daten und anderen Rechten. Die interessierte Partei hat das Recht, die Existenz von personenbezogenen Daten, auch wenn sie noch nicht registriert sind, und ihre Kommunikation in verst\u00e4ndlicher Form zu best\u00e4tigen. Der Interessent hat das Recht, die Angabe zu erhalten: die Herkunft der personenbezogenen &hellip;","og_url":"https:\/\/gmiotto.it\/de\/privacy-cookies-policy\/","og_site_name":"OTTO","article_modified_time":"2019-02-08T14:26:32+00:00","twitter_card":"summary_large_image","twitter_misc":{"Gesch\u00e4tzte Lesezeit":"4\u00a0Minuten"},"schema":{"@context":"https:\/\/schema.org","@graph":[{"@type":"WebPage","@id":"https:\/\/gmiotto.it\/de\/privacy-cookies-policy\/","url":"https:\/\/gmiotto.it\/de\/privacy-cookies-policy\/","name":"DATENSCHUTZ- UND COOKIES-POLITIK - OTTO","isPartOf":{"@id":"https:\/\/gmiotto.it\/#website"},"datePublished":"2019-02-08T14:23:02+00:00","dateModified":"2019-02-08T14:26:32+00:00","breadcrumb":{"@id":"https:\/\/gmiotto.it\/de\/privacy-cookies-policy\/#breadcrumb"},"inLanguage":"de","potentialAction":[{"@type":"ReadAction","target":["https:\/\/gmiotto.it\/de\/privacy-cookies-policy\/"]}]},{"@type":"BreadcrumbList","@id":"https:\/\/gmiotto.it\/de\/privacy-cookies-policy\/#breadcrumb","itemListElement":[{"@type":"ListItem","position":1,"name":"Home","item":"https:\/\/gmiotto.it\/de\/"},{"@type":"ListItem","position":2,"name":"DATENSCHUTZ- UND COOKIES-POLITIK"}]},{"@type":"WebSite","@id":"https:\/\/gmiotto.it\/#website","url":"https:\/\/gmiotto.it\/","name":"OTTO","description":"Pontili galleggianti modulari","publisher":{"@id":"https:\/\/gmiotto.it\/#organization"},"potentialAction":[{"@type":"SearchAction","target":{"@type":"EntryPoint","urlTemplate":"https:\/\/gmiotto.it\/?s={search_term_string}"},"query-input":{"@type":"PropertyValueSpecification","valueRequired":true,"valueName":"search_term_string"}}],"inLanguage":"de"},{"@type":"Organization","@id":"https:\/\/gmiotto.it\/#organization","name":"Otto sas di Miotto F. & C.","url":"https:\/\/gmiotto.it\/","logo":{"@type":"ImageObject","inLanguage":"de","@id":"https:\/\/gmiotto.it\/#\/schema\/logo\/image\/","url":"http:\/\/gmiotto.it\/wp-content\/uploads\/2018\/06\/logo_rina.png","contentUrl":"http:\/\/gmiotto.it\/wp-content\/uploads\/2018\/06\/logo_rina.png","width":277,"height":66,"caption":"Otto sas di Miotto F. & C."},"image":{"@id":"https:\/\/gmiotto.it\/#\/schema\/logo\/image\/"}}]}},"_links":{"self":[{"href":"https:\/\/gmiotto.it\/de\/wp-json\/wp\/v2\/pages\/6198","targetHints":{"allow":["GET"]}}],"collection":[{"href":"https:\/\/gmiotto.it\/de\/wp-json\/wp\/v2\/pages"}],"about":[{"href":"https:\/\/gmiotto.it\/de\/wp-json\/wp\/v2\/types\/page"}],"author":[{"embeddable":true,"href":"https:\/\/gmiotto.it\/de\/wp-json\/wp\/v2\/users\/1"}],"replies":[{"embeddable":true,"href":"https:\/\/gmiotto.it\/de\/wp-json\/wp\/v2\/comments?post=6198"}],"version-history":[{"count":0,"href":"https:\/\/gmiotto.it\/de\/wp-json\/wp\/v2\/pages\/6198\/revisions"}],"wp:attachment":[{"href":"https:\/\/gmiotto.it\/de\/wp-json\/wp\/v2\/media?parent=6198"}],"curies":[{"name":"wp","href":"https:\/\/api.w.org\/{rel}","templated":true}]}}