{"id":5860,"date":"2017-08-17T10:40:55","date_gmt":"2017-08-17T08:40:55","guid":{"rendered":"http:\/\/gmiotto.it\/montaje-de-cubos-flotantes\/"},"modified":"2022-07-13T10:51:26","modified_gmt":"2022-07-13T08:51:26","slug":"montaje-de-cubos-flotantes","status":"publish","type":"page","link":"https:\/\/gmiotto.it\/es\/montaje-de-cubos-flotantes\/","title":{"rendered":"Montaje de cubos flotantes"},"content":{"rendered":"<div class=\"wpb-content-wrapper\"><p>[vc_row][vc_column][vc_video link=\u00bbhttps:\/\/www.youtube.com\/watch?v=UtVYHCGjbVo\u00bb][\/vc_column][\/vc_row][vc_row][vc_column][vc_cta h2=\u00bbHaga clic aqu\u00ed y descargue el PDF con instrucciones\u00bb h2_font_container=\u00bbtag:h2|font_size:28px|text_align:left\u00bb h2_use_theme_fonts=\u00bbyes\u00bb txt_align=\u00bbcenter\u00bb shape=\u00bbsquare\u00bb add_icon=\u00bbright\u00bb i_icon_fontawesome=\u00bbfar fa-file-pdf\u00bb i_color=\u00bbjuicy_pink\u00bb i_background_style=\u00bbrounded\u00bb i_background_color=\u00bbwhite\u00bb i_size=\u00bblg\u00bb i_css_animation=\u00bbfadeInLeft\u00bb use_custom_fonts_h2=\u00bbtrue\u00bb i_on_border=\u00bbtrue\u00bb i_link=\u00bburl:http%3A%2F%2Fgmiotto.it%2Fwp-content%2Fuploads%2F2017%2F07%2FIstruzioni_cubi_galleggianti_it.pdf|target:_blank\u00bb][\/vc_cta][\/vc_column][\/vc_row][vc_row][vc_column width=\u00bb1\/3&#8243;][vc_column_text]<\/p>\n<h5>Montaje del C\u00e1ncamo Standard [Art. 814]<\/h5>\n<p>[\/vc_column_text][vc_raw_html]JTNDaWZyYW1lJTIwd2lkdGglM0QlMjI1NjAlMjIlMjBoZWlnaHQlM0QlMjIzMTUlMjIlMjBzcmMlM0QlMjJodHRwcyUzQSUyRiUyRnd3dy55b3V0dWJlLmNvbSUyRmVtYmVkJTJGV2RaMjlHcGZ6VnMlM0ZyZWwlM0QwJTI2YW1wJTNCY29udHJvbHMlM0QwJTIyJTIwZnJhbWVib3JkZXIlM0QlMjIwJTIyJTIwYWxsb3clM0QlMjJhdXRvcGxheSUzQiUyMGVuY3J5cHRlZC1tZWRpYSUyMiUyMGFsbG93ZnVsbHNjcmVlbiUzRSUzQyUyRmlmcmFtZSUzRQ==[\/vc_raw_html][\/vc_column][vc_column width=\u00bb1\/3&#8243;][vc_column_text]<\/p>\n<h5>Montaje del Gran C\u00e1ncamo [Art. 814b]<\/h5>\n<p>[\/vc_column_text][vc_raw_html]JTNDaWZyYW1lJTIwd2lkdGglM0QlMjI1NjAlMjIlMjBoZWlnaHQlM0QlMjIzMTUlMjIlMjBzcmMlM0QlMjJodHRwcyUzQSUyRiUyRnd3dy55b3V0dWJlLmNvbSUyRmVtYmVkJTJGb3h3M2YxSkVqVG8lM0ZyZWwlM0QwJTI2YW1wJTNCY29udHJvbHMlM0QwJTIyJTIwZnJhbWVib3JkZXIlM0QlMjIwJTIyJTIwYWxsb3clM0QlMjJhdXRvcGxheSUzQiUyMGVuY3J5cHRlZC1tZWRpYSUyMiUyMGFsbG93ZnVsbHNjcmVlbiUzRSUzQyUyRmlmcmFtZSUzRQ==[\/vc_raw_html][\/vc_column][vc_column width=\u00bb1\/3&#8243;][vc_column_text]<\/p>\n<h5>Montaje del C\u00e1ncamo Peqe\u00f1o [Art. 814c]<\/h5>\n<p>[\/vc_column_text][vc_raw_html]JTNDaWZyYW1lJTIwd2lkdGglM0QlMjI1NjAlMjIlMjBoZWlnaHQlM0QlMjIzMTUlMjIlMjBzcmMlM0QlMjJodHRwcyUzQSUyRiUyRnd3dy55b3V0dWJlLmNvbSUyRmVtYmVkJTJGV3VGUzZHNFhLWVElM0ZyZWwlM0QwJTI2YW1wJTNCY29udHJvbHMlM0QwJTIyJTIwZnJhbWVib3JkZXIlM0QlMjIwJTIyJTIwYWxsb3clM0QlMjJhdXRvcGxheSUzQiUyMGVuY3J5cHRlZC1tZWRpYSUyMiUyMGFsbG93ZnVsbHNjcmVlbiUzRSUzQyUyRmlmcmFtZSUzRQ==[\/vc_raw_html][\/vc_column][\/vc_row][vc_row][vc_column width=\u00bb1\/3&#8243;][vc_column_text]<\/p>\n<h5>Montaje del Palo Lateral [Art. 818 \/ 818b]<\/h5>\n<p>[\/vc_column_text][vc_raw_html]JTNDaWZyYW1lJTIwd2lkdGglM0QlMjI1NjAlMjIlMjBoZWlnaHQlM0QlMjIzMTUlMjIlMjBzcmMlM0QlMjJodHRwcyUzQSUyRiUyRnd3dy55b3V0dWJlLmNvbSUyRmVtYmVkJTJGeURNdzFDN1gxeTQlM0ZyZWwlM0QwJTI2YW1wJTNCY29udHJvbHMlM0QwJTIyJTIwZnJhbWVib3JkZXIlM0QlMjIwJTIyJTIwYWxsb3clM0QlMjJhdXRvcGxheSUzQiUyMGVuY3J5cHRlZC1tZWRpYSUyMiUyMGFsbG93ZnVsbHNjcmVlbiUzRSUzQyUyRmlmcmFtZSUzRQ==[\/vc_raw_html][\/vc_column][vc_column width=\u00bb1\/3&#8243;][vc_column_text]<\/p>\n<h5>Montaje del Palo Angular INOX [Art. 819]<\/h5>\n<p>[\/vc_column_text][vc_raw_html]JTNDaWZyYW1lJTIwd2lkdGglM0QlMjI1NjAlMjIlMjBoZWlnaHQlM0QlMjIzMTUlMjIlMjBzcmMlM0QlMjJodHRwcyUzQSUyRiUyRnd3dy55b3V0dWJlLmNvbSUyRmVtYmVkJTJGbmU2VlhYU1YtTkElM0ZyZWwlM0QwJTI2YW1wJTNCY29udHJvbHMlM0QwJTIyJTIwZnJhbWVib3JkZXIlM0QlMjIwJTIyJTIwYWxsb3clM0QlMjJhdXRvcGxheSUzQiUyMGVuY3J5cHRlZC1tZWRpYSUyMiUyMGFsbG93ZnVsbHNjcmVlbiUzRSUzQyUyRmlmcmFtZSUzRQ==[\/vc_raw_html][\/vc_column][vc_column width=\u00bb1\/3&#8243;][vc_column_text]<\/p>\n<h5>Montaje del Palo Angular Galvanizado [Art. 819b]<\/h5>\n<p>[\/vc_column_text][vc_raw_html]JTNDaWZyYW1lJTIwd2lkdGglM0QlMjI1NjAlMjIlMjBoZWlnaHQlM0QlMjIzMTUlMjIlMjBzcmMlM0QlMjJodHRwcyUzQSUyRiUyRnd3dy55b3V0dWJlLmNvbSUyRmVtYmVkJTJGcXc0RDd4d3diM3clM0ZyZWwlM0QwJTI2YW1wJTNCY29udHJvbHMlM0QwJTIyJTIwZnJhbWVib3JkZXIlM0QlMjIwJTIyJTIwYWxsb3clM0QlMjJhdXRvcGxheSUzQiUyMGVuY3J5cHRlZC1tZWRpYSUyMiUyMGFsbG93ZnVsbHNjcmVlbiUzRSUzQyUyRmlmcmFtZSUzRQ==[\/vc_raw_html][\/vc_column][\/vc_row][vc_row][vc_column width=\u00bb1\/3&#8243;][vc_column_text]<\/p>\n<h5>Montaje del Bolardo Lateral [Art. 820 \/ 820b]<\/h5>\n<p>[\/vc_column_text][vc_raw_html]JTNDaWZyYW1lJTIwd2lkdGglM0QlMjI1NjAlMjIlMjBoZWlnaHQlM0QlMjIzMTUlMjIlMjBzcmMlM0QlMjJodHRwcyUzQSUyRiUyRnd3dy55b3V0dWJlLmNvbSUyRmVtYmVkJTJGQnljSGdYTWE2cU0lM0ZyZWwlM0QwJTI2YW1wJTNCY29udHJvbHMlM0QwJTIyJTIwZnJhbWVib3JkZXIlM0QlMjIwJTIyJTIwYWxsb3clM0QlMjJhdXRvcGxheSUzQiUyMGVuY3J5cHRlZC1tZWRpYSUyMiUyMGFsbG93ZnVsbHNjcmVlbiUzRSUzQyUyRmlmcmFtZSUzRQ==[\/vc_raw_html][\/vc_column][vc_column width=\u00bb1\/3&#8243;][vc_column_text]<\/p>\n<h5>Montaje de la Escala INOX [Art. 821]<\/h5>\n<p>[\/vc_column_text][vc_raw_html]JTNDaWZyYW1lJTIwd2lkdGglM0QlMjI1NjAlMjIlMjBoZWlnaHQlM0QlMjIzMTUlMjIlMjBzcmMlM0QlMjJodHRwcyUzQSUyRiUyRnd3dy55b3V0dWJlLmNvbSUyRmVtYmVkJTJGQ3d6UUNQbW9kZzQlM0ZyZWwlM0QwJTI2YW1wJTNCY29udHJvbHMlM0QwJTIyJTIwZnJhbWVib3JkZXIlM0QlMjIwJTIyJTIwYWxsb3clM0QlMjJhdXRvcGxheSUzQiUyMGVuY3J5cHRlZC1tZWRpYSUyMiUyMGFsbG93ZnVsbHNjcmVlbiUzRSUzQyUyRmlmcmFtZSUzRQ==[\/vc_raw_html][\/vc_column][vc_column width=\u00bb1\/3&#8243;][vc_column_text]<\/p>\n<h5>Montaje del Fender o del Pile Guide [Art. 849\/850]<\/h5>\n<p>[\/vc_column_text][vc_raw_html]JTNDaWZyYW1lJTIwd2lkdGglM0QlMjI1NjAlMjIlMjBoZWlnaHQlM0QlMjIzMTUlMjIlMjBzcmMlM0QlMjJodHRwcyUzQSUyRiUyRnd3dy55b3V0dWJlLmNvbSUyRmVtYmVkJTJGal95VVBTcXpuOEElM0ZyZWwlM0QwJTI2YW1wJTNCY29udHJvbHMlM0QwJTIyJTIwZnJhbWVib3JkZXIlM0QlMjIwJTIyJTIwYWxsb3clM0QlMjJhdXRvcGxheSUzQiUyMGVuY3J5cHRlZC1tZWRpYSUyMiUyMGFsbG93ZnVsbHNjcmVlbiUzRSUzQyUyRmlmcmFtZSUzRQ==[\/vc_raw_html][\/vc_column][\/vc_row][vc_row][vc_column width=\u00bb1\/2&#8243;][vc_column_text]<strong>PRODUCCI\u00d3N Y CALIDAD OTTO<\/strong><\/p>\n<p>Los cubos flotantes Otto se fabrican con uno de los mejores materiales de polipropileno para inyecci\u00f3n \/ soplo:<br \/>\nEl HDPE 56020S certificado por TOTAL asegura una densidad molecular de 0,954 gr\/cm2. El punto de fusi\u00f3n MFI determina la cantidad de material fundido en la unidad de tiempo con boquilla calentada a 190\u00b0 y el peso de 21,6Kg.<br \/>\nPara dar una idea de la densidad molecular, hay que considerar que se necesitan 10min para inyectar 2gr. de ese material. La f\u00f3rmula est\u00e1ndar de punto de fusi\u00f3n es MFI (190\u00b0: 21,6 KG = 2gr X 10 minutos).<br \/>\nLos productos OTTO se fabrican con material original (no se utiliza material reciclado).<br \/>\nNuestra experiencia, madurada durante muchos a\u00f1os, asegura que el sistema OTTO le dar\u00e1 muchos beneficios para su negocio.<\/p>\n<p><strong>TAPONES DE LLENADO\/CIERRE<\/strong><\/p>\n<p>Nuestro tap\u00f3n de cierre tiene un hilo que permite el paso del aire para permitir que el aire interno se expanda y se equilibre con el aire exterior antes de que se posicione.<br \/>\nUna vez que el cubo est\u00e1 posicionado, el cierre del tap\u00f3n es asegurado por un sello.<\/p>\n<p>El mismo agujero se utiliza para insertar el agua a seg\u00fan del nivel de flotabilidad que se desea.<\/p>\n<p><strong>FONDO C<\/strong><strong>\u00d3<\/strong><strong>NCAVO OTTO<\/strong><\/p>\n<p>El fondo c\u00f3ncavo garantiza una mejor adherencia a la superficie del agua.<\/p>\n<p><strong>TORNILLO DE AJUSTE LATERAL<\/strong><\/p>\n<p>Sulla parte inferiore delle asole del cubo sono ricavate delle piccole tacche per l&#8217;anti-svitamento dei dadi. Questo per due motivi: En la parte inferior de las tuercas del cubo hay peque\u00f1as muescas para las tuercas no se desatornillen. Eso tine dos razones:<\/p>\n<ol>\n<li>Para que no se desatornillen con mar remolido<\/li>\n<li>Funciona de antirrobo.<\/li>\n<\/ol>\n<p>&nbsp;<\/p>\n<p><strong>PERNOS DE CONEXI\u00d3N<\/strong><\/p>\n<p>Tienen un sistema comprobado de \u00e1reas \/ aletas para asegurar un bloqueo \u00f3ptimo.<\/p>\n<p>Los pernos se pueden bloquear y desbloquear con su clave especial.<\/p>\n<p><strong>POR QU<\/strong><strong>\u00c9<\/strong><strong> ELEGIR OTTO<\/strong><\/p>\n<p>El sistema modular Otto es extremadamente flexible. Nuestros clientes utilizan los elementos flotantes Otto, hoy como una balsa de trabajo, ma\u00f1ana como un muelle o muelle de ba\u00f1o, y la pr\u00f3xima temporada como una plataforma \/ plataforma flotante o cultivo de peces.<br \/>\nUn uso no descarta el otro. Nuestro cliente nunca se equivoca si nos elege, tanto en el tama\u00f1o como en el uso.<\/p>\n<p align=\"justify\">De la misma manera que es f\u00e1cil de montar nuestro producto es tan f\u00e1cil de desmontar: en lugar de pieza por pieza, tal vez en bloques de un cierto tama\u00f1o que se puede arrastrar a la costa apilados para su reutilizaci\u00f3n en la temporada siguiente.<\/p>\n<p>Las <strong>instrucciones de montaje se incluyen en cada entrega<\/strong> y permiten que sea independiente. Por supuesto, podemos ofrecerle nuestra supervisi\u00f3n durante el montaje, si es necesario.<\/p>\n<p>Antes de montar las piezas, hay que cerrar las tapas de llenado con una llave especial.<\/p>\n<p align=\"justify\">[\/vc_column_text][\/vc_column][vc_column width=\u00bb1\/2&#8243;][vc_cta h2=\u00bb\u00bb h4=\u00bbPara m\u00e1s informaci\u00f3n haga clic aqu\u00ed.\u00bb txt_align=\u00bbcenter\u00bb add_button=\u00bbbottom\u00bb btn_title=\u00bbSolicitud de informaci\u00f3n\u00bb btn_style=\u00bboutline\u00bb btn_color=\u00bbpeacoc\u00bb btn_align=\u00bbcenter\u00bb add_icon=\u00bbleft\u00bb i_type=\u00bbopeniconic\u00bb i_icon_openiconic=\u00bbvc-oi vc-oi-info\u00bb i_color=\u00bbgrey\u00bb i_background_style=\u00bbrounded\u00bb i_background_color=\u00bbpeacoc\u00bb i_size=\u00bblg\u00bb css_animation=\u00bbtop-to-bottom\u00bb btn_el_class=\u00bbrichiesta_info\u00bb][\/vc_cta][vc_column_text]La empresa OTTO, lleva a\u00f1os realizando muelles, plataformas y pasarelas modulares, utilizzando cubos de polietileno flotantes.<\/p>\n<p>Unos ejemplos de uso de nuestros cubos:<\/p>\n<p>&#8211; Barreras de protecci\u00f3n<\/p>\n<p>&#8211; Atenuadores de olas<\/p>\n<p>&#8211; D\u00e1rsenas<\/p>\n<p>&#8211; Muelles<\/p>\n<p>&#8211; Acuicultura<\/p>\n<p>&#8211; Cultivos de peces<\/p>\n<p>&#8211; Eventos en el agua<\/p>\n<p>&#8211; Plataformas flotantes<\/p>\n<p>&#8211; Piscinas flotantes<\/p>\n<p>&#8211; Piscinas flotantes con agua purificada<\/p>\n<p>&#8211; Instalaciones fotovoltaicas flotantes<\/p>\n<p>&#8211; Establecimientos de ba\u00f1o<\/p>\n<p>&#8211; Pasarelas flotantes<\/p>\n<p>&#8211; Balsas<\/p>\n<p>&#8211; Pontones<\/p>\n<p>&#8211; Parques acu\u00e1ticos<\/p>\n<p>&#8211; Astilleros<\/p>\n<p>&#8211; Fuegos artificiales<\/p>\n<p>&#8211; Geolog\u00eda marina<\/p>\n<p>&#8211; Carreteras flotantes<\/p>\n<p>&#8211; Trabajos marinos<\/p>\n<p>&#8211; Campos de golf flotantes<\/p>\n<p>&#8211; Carriles de aceleraci\u00f3n<\/p>\n<p align=\"justify\">&#8211; Trampolines de esqu\u00ed acu\u00e1tico<\/p>\n<p>El sistema <strong>Otto<\/strong> puede ser \u00fatil en muchos desastres:<\/p>\n<p>&#8211; Inundaciones<\/p>\n<p>&#8211; Operaciones de lucha contra incendios<\/p>\n<p>&#8211; Polic\u00eda mar\u00edtima<\/p>\n<p>&#8211; Protecci\u00f3n civil[\/vc_column_text][\/vc_column][\/vc_row][vc_row disable_element=\u00bbyes\u00bb][vc_column][vc_media_grid element_width=\u00bb2&#8243; gap=\u00bb30&#8243; item=\u00bb3217&#8243; grid_id=\u00bbvc_gid:1657702214936-187b766e11c4c6ee3835a36649c80a8c-5&#8243; include=\u00bb3761,3757,3753,3765,3769,3773,3777,3785,3781,3797,3793,3789,3801,3805,3821,3817,3813,3809,3717,3713,3709,3749,3745,3741,3737,3733,3729&#8243;][\/vc_column][\/vc_row][vc_row disable_element=\u00bbyes\u00bb][vc_column][vc_column_text]<\/p>\n<h3 style=\"text-align: left;\"><span id=\"result_box\" class=\"short_text\" lang=\"es\">Instrucciones de montaje cubos flotantes <span class=\"\">Otto<\/span><\/span><\/h3>\n<p style=\"text-align: left;\"><span id=\"result_box\" class=\"\" lang=\"es\">PDF con instrucciones para el montaje de cubos flotantes <span class=\"\">Otto<\/span><span class=\"\">.<\/span><\/span><\/p>\n<p align=\"justify\">[\/vc_column_text][\/vc_column][\/vc_row][vc_row disable_element=\u00bbyes\u00bb][vc_column][vc_single_image image=\u00bb3705&#8243; img_size=\u00bbfull\u00bb alignment=\u00bbcenter\u00bb style=\u00bbvc_box_border\u00bb onclick=\u00bbcustom_link\u00bb img_link_target=\u00bb_blank\u00bb link=\u00bbhttp:\/\/gmiotto.it\/wp-content\/uploads\/2017\/07\/Istruzioni_cubi_galleggianti_it.pdf\u00bb][\/vc_column][\/vc_row]<\/p>\n<\/div>","protected":false},"excerpt":{"rendered":"<p>[vc_row][vc_column][vc_video link=\u00bbhttps:\/\/www.youtube.com\/watch?v=UtVYHCGjbVo\u00bb][\/vc_column][\/vc_row][vc_row][vc_column][vc_cta h2=\u00bbHaga clic aqu\u00ed y descargue el PDF con instrucciones\u00bb h2_font_container=\u00bbtag:h2|font_size:28px|text_align:left\u00bb h2_use_theme_fonts=\u00bbyes\u00bb txt_align=\u00bbcenter\u00bb shape=\u00bbsquare\u00bb add_icon=\u00bbright\u00bb i_icon_fontawesome=\u00bbfar fa-file-pdf\u00bb i_color=\u00bbjuicy_pink\u00bb i_background_style=\u00bbrounded\u00bb i_background_color=\u00bbwhite\u00bb i_size=\u00bblg\u00bb i_css_animation=\u00bbfadeInLeft\u00bb use_custom_fonts_h2=\u00bbtrue\u00bb i_on_border=\u00bbtrue\u00bb i_link=\u00bburl:http%3A%2F%2Fgmiotto.it%2Fwp-content%2Fuploads%2F2017%2F07%2FIstruzioni_cubi_galleggianti_it.pdf|target:_blank\u00bb][\/vc_cta][\/vc_column][\/vc_row][vc_row][vc_column width=\u00bb1\/3&#8243;][vc_column_text] Montaje del C\u00e1ncamo Standard [Art. 814] [\/vc_column_text][vc_raw_html]JTNDaWZyYW1lJTIwd2lkdGglM0QlMjI1NjAlMjIlMjBoZWlnaHQlM0QlMjIzMTUlMjIlMjBzcmMlM0QlMjJodHRwcyUzQSUyRiUyRnd3dy55b3V0dWJlLmNvbSUyRmVtYmVkJTJGV2RaMjlHcGZ6VnMlM0ZyZWwlM0QwJTI2YW1wJTNCY29udHJvbHMlM0QwJTIyJTIwZnJhbWVib3JkZXIlM0QlMjIwJTIyJTIwYWxsb3clM0QlMjJhdXRvcGxheSUzQiUyMGVuY3J5cHRlZC1tZWRpYSUyMiUyMGFsbG93ZnVsbHNjcmVlbiUzRSUzQyUyRmlmcmFtZSUzRQ==[\/vc_raw_html][\/vc_column][vc_column width=\u00bb1\/3&#8243;][vc_column_text] Montaje del Gran C\u00e1ncamo [Art. 814b] [\/vc_column_text][vc_raw_html]JTNDaWZyYW1lJTIwd2lkdGglM0QlMjI1NjAlMjIlMjBoZWlnaHQlM0QlMjIzMTUlMjIlMjBzcmMlM0QlMjJodHRwcyUzQSUyRiUyRnd3dy55b3V0dWJlLmNvbSUyRmVtYmVkJTJGb3h3M2YxSkVqVG8lM0ZyZWwlM0QwJTI2YW1wJTNCY29udHJvbHMlM0QwJTIyJTIwZnJhbWVib3JkZXIlM0QlMjIwJTIyJTIwYWxsb3clM0QlMjJhdXRvcGxheSUzQiUyMGVuY3J5cHRlZC1tZWRpYSUyMiUyMGFsbG93ZnVsbHNjcmVlbiUzRSUzQyUyRmlmcmFtZSUzRQ==[\/vc_raw_html][\/vc_column][vc_column width=\u00bb1\/3&#8243;][vc_column_text] Montaje del C\u00e1ncamo Peqe\u00f1o [Art. 814c] [\/vc_column_text][vc_raw_html]JTNDaWZyYW1lJTIwd2lkdGglM0QlMjI1NjAlMjIlMjBoZWlnaHQlM0QlMjIzMTUlMjIlMjBzcmMlM0QlMjJodHRwcyUzQSUyRiUyRnd3dy55b3V0dWJlLmNvbSUyRmVtYmVkJTJGV3VGUzZHNFhLWVElM0ZyZWwlM0QwJTI2YW1wJTNCY29udHJvbHMlM0QwJTIyJTIwZnJhbWVib3JkZXIlM0QlMjIwJTIyJTIwYWxsb3clM0QlMjJhdXRvcGxheSUzQiUyMGVuY3J5cHRlZC1tZWRpYSUyMiUyMGFsbG93ZnVsbHNjcmVlbiUzRSUzQyUyRmlmcmFtZSUzRQ==[\/vc_raw_html][\/vc_column][\/vc_row][vc_row][vc_column width=\u00bb1\/3&#8243;][vc_column_text] Montaje del Palo Lateral &hellip;<\/p>\n","protected":false},"author":1,"featured_media":0,"parent":0,"menu_order":0,"comment_status":"closed","ping_status":"closed","template":"","meta":{"footnotes":""},"class_list":["post-5860","page","type-page","status-publish","hentry","no-thumb"],"yoast_head":"<!-- This site is optimized with the Yoast SEO plugin v27.3 - https:\/\/yoast.com\/product\/yoast-seo-wordpress\/ -->\n<title>Montaje de cubos flotantes - OTTO<\/title>\n<meta name=\"robots\" content=\"index, follow, max-snippet:-1, max-image-preview:large, max-video-preview:-1\" \/>\n<link rel=\"canonical\" href=\"https:\/\/gmiotto.it\/es\/montaje-de-cubos-flotantes\/\" \/>\n<meta property=\"og:locale\" content=\"es_ES\" \/>\n<meta property=\"og:type\" content=\"article\" \/>\n<meta property=\"og:title\" content=\"Montaje de cubos flotantes - OTTO\" \/>\n<meta property=\"og:description\" content=\"[vc_row][vc_column][vc_video link=\u00bbhttps:\/\/www.youtube.com\/watch?v=UtVYHCGjbVo\u00bb][\/vc_column][\/vc_row][vc_row][vc_column][vc_cta h2=\u00bbHaga clic aqu\u00ed y descargue el PDF con instrucciones\u00bb h2_font_container=\u00bbtag:h2|font_size:28px|text_align:left\u00bb h2_use_theme_fonts=\u00bbyes\u00bb txt_align=\u00bbcenter\u00bb shape=\u00bbsquare\u00bb add_icon=\u00bbright\u00bb i_icon_fontawesome=\u00bbfar fa-file-pdf\u00bb i_color=\u00bbjuicy_pink\u00bb i_background_style=\u00bbrounded\u00bb i_background_color=\u00bbwhite\u00bb i_size=\u00bblg\u00bb i_css_animation=\u00bbfadeInLeft\u00bb use_custom_fonts_h2=\u00bbtrue\u00bb i_on_border=\u00bbtrue\u00bb i_link=\u00bburl:http%3A%2F%2Fgmiotto.it%2Fwp-content%2Fuploads%2F2017%2F07%2FIstruzioni_cubi_galleggianti_it.pdf|target:_blank\u00bb][\/vc_cta][\/vc_column][\/vc_row][vc_row][vc_column width=\u00bb1\/3&#8243;][vc_column_text] Montaje del C\u00e1ncamo Standard [Art. 814] [\/vc_column_text][vc_raw_html]JTNDaWZyYW1lJTIwd2lkdGglM0QlMjI1NjAlMjIlMjBoZWlnaHQlM0QlMjIzMTUlMjIlMjBzcmMlM0QlMjJodHRwcyUzQSUyRiUyRnd3dy55b3V0dWJlLmNvbSUyRmVtYmVkJTJGV2RaMjlHcGZ6VnMlM0ZyZWwlM0QwJTI2YW1wJTNCY29udHJvbHMlM0QwJTIyJTIwZnJhbWVib3JkZXIlM0QlMjIwJTIyJTIwYWxsb3clM0QlMjJhdXRvcGxheSUzQiUyMGVuY3J5cHRlZC1tZWRpYSUyMiUyMGFsbG93ZnVsbHNjcmVlbiUzRSUzQyUyRmlmcmFtZSUzRQ==[\/vc_raw_html][\/vc_column][vc_column width=\u00bb1\/3&#8243;][vc_column_text] Montaje del Gran C\u00e1ncamo [Art. 814b] [\/vc_column_text][vc_raw_html]JTNDaWZyYW1lJTIwd2lkdGglM0QlMjI1NjAlMjIlMjBoZWlnaHQlM0QlMjIzMTUlMjIlMjBzcmMlM0QlMjJodHRwcyUzQSUyRiUyRnd3dy55b3V0dWJlLmNvbSUyRmVtYmVkJTJGb3h3M2YxSkVqVG8lM0ZyZWwlM0QwJTI2YW1wJTNCY29udHJvbHMlM0QwJTIyJTIwZnJhbWVib3JkZXIlM0QlMjIwJTIyJTIwYWxsb3clM0QlMjJhdXRvcGxheSUzQiUyMGVuY3J5cHRlZC1tZWRpYSUyMiUyMGFsbG93ZnVsbHNjcmVlbiUzRSUzQyUyRmlmcmFtZSUzRQ==[\/vc_raw_html][\/vc_column][vc_column width=\u00bb1\/3&#8243;][vc_column_text] Montaje del C\u00e1ncamo Peqe\u00f1o [Art. 814c] [\/vc_column_text][vc_raw_html]JTNDaWZyYW1lJTIwd2lkdGglM0QlMjI1NjAlMjIlMjBoZWlnaHQlM0QlMjIzMTUlMjIlMjBzcmMlM0QlMjJodHRwcyUzQSUyRiUyRnd3dy55b3V0dWJlLmNvbSUyRmVtYmVkJTJGV3VGUzZHNFhLWVElM0ZyZWwlM0QwJTI2YW1wJTNCY29udHJvbHMlM0QwJTIyJTIwZnJhbWVib3JkZXIlM0QlMjIwJTIyJTIwYWxsb3clM0QlMjJhdXRvcGxheSUzQiUyMGVuY3J5cHRlZC1tZWRpYSUyMiUyMGFsbG93ZnVsbHNjcmVlbiUzRSUzQyUyRmlmcmFtZSUzRQ==[\/vc_raw_html][\/vc_column][\/vc_row][vc_row][vc_column width=\u00bb1\/3&#8243;][vc_column_text] Montaje del Palo Lateral &hellip;\" \/>\n<meta property=\"og:url\" content=\"https:\/\/gmiotto.it\/es\/montaje-de-cubos-flotantes\/\" \/>\n<meta property=\"og:site_name\" content=\"OTTO\" \/>\n<meta property=\"article:modified_time\" content=\"2022-07-13T08:51:26+00:00\" \/>\n<meta name=\"twitter:card\" content=\"summary_large_image\" \/>\n<meta name=\"twitter:label1\" content=\"Tiempo de lectura\" \/>\n\t<meta name=\"twitter:data1\" content=\"7 minutos\" \/>\n<script type=\"application\/ld+json\" class=\"yoast-schema-graph\">{\"@context\":\"https:\\\/\\\/schema.org\",\"@graph\":[{\"@type\":\"WebPage\",\"@id\":\"https:\\\/\\\/gmiotto.it\\\/es\\\/montaje-de-cubos-flotantes\\\/\",\"url\":\"https:\\\/\\\/gmiotto.it\\\/es\\\/montaje-de-cubos-flotantes\\\/\",\"name\":\"Montaje de cubos flotantes - OTTO\",\"isPartOf\":{\"@id\":\"https:\\\/\\\/gmiotto.it\\\/#website\"},\"datePublished\":\"2017-08-17T08:40:55+00:00\",\"dateModified\":\"2022-07-13T08:51:26+00:00\",\"breadcrumb\":{\"@id\":\"https:\\\/\\\/gmiotto.it\\\/es\\\/montaje-de-cubos-flotantes\\\/#breadcrumb\"},\"inLanguage\":\"es\",\"potentialAction\":[{\"@type\":\"ReadAction\",\"target\":[\"https:\\\/\\\/gmiotto.it\\\/es\\\/montaje-de-cubos-flotantes\\\/\"]}]},{\"@type\":\"BreadcrumbList\",\"@id\":\"https:\\\/\\\/gmiotto.it\\\/es\\\/montaje-de-cubos-flotantes\\\/#breadcrumb\",\"itemListElement\":[{\"@type\":\"ListItem\",\"position\":1,\"name\":\"Home\",\"item\":\"https:\\\/\\\/gmiotto.it\\\/es\\\/\"},{\"@type\":\"ListItem\",\"position\":2,\"name\":\"Montaje de cubos flotantes\"}]},{\"@type\":\"WebSite\",\"@id\":\"https:\\\/\\\/gmiotto.it\\\/#website\",\"url\":\"https:\\\/\\\/gmiotto.it\\\/\",\"name\":\"OTTO\",\"description\":\"Pontili galleggianti modulari\",\"publisher\":{\"@id\":\"https:\\\/\\\/gmiotto.it\\\/#organization\"},\"potentialAction\":[{\"@type\":\"SearchAction\",\"target\":{\"@type\":\"EntryPoint\",\"urlTemplate\":\"https:\\\/\\\/gmiotto.it\\\/?s={search_term_string}\"},\"query-input\":{\"@type\":\"PropertyValueSpecification\",\"valueRequired\":true,\"valueName\":\"search_term_string\"}}],\"inLanguage\":\"es\"},{\"@type\":\"Organization\",\"@id\":\"https:\\\/\\\/gmiotto.it\\\/#organization\",\"name\":\"Otto sas di Miotto F. & C.\",\"url\":\"https:\\\/\\\/gmiotto.it\\\/\",\"logo\":{\"@type\":\"ImageObject\",\"inLanguage\":\"es\",\"@id\":\"https:\\\/\\\/gmiotto.it\\\/#\\\/schema\\\/logo\\\/image\\\/\",\"url\":\"http:\\\/\\\/gmiotto.it\\\/wp-content\\\/uploads\\\/2018\\\/06\\\/logo_rina.png\",\"contentUrl\":\"http:\\\/\\\/gmiotto.it\\\/wp-content\\\/uploads\\\/2018\\\/06\\\/logo_rina.png\",\"width\":277,\"height\":66,\"caption\":\"Otto sas di Miotto F. & C.\"},\"image\":{\"@id\":\"https:\\\/\\\/gmiotto.it\\\/#\\\/schema\\\/logo\\\/image\\\/\"}}]}<\/script>\n<!-- \/ Yoast SEO plugin. -->","yoast_head_json":{"title":"Montaje de cubos flotantes - OTTO","robots":{"index":"index","follow":"follow","max-snippet":"max-snippet:-1","max-image-preview":"max-image-preview:large","max-video-preview":"max-video-preview:-1"},"canonical":"https:\/\/gmiotto.it\/es\/montaje-de-cubos-flotantes\/","og_locale":"es_ES","og_type":"article","og_title":"Montaje de cubos flotantes - OTTO","og_description":"[vc_row][vc_column][vc_video link=\u00bbhttps:\/\/www.youtube.com\/watch?v=UtVYHCGjbVo\u00bb][\/vc_column][\/vc_row][vc_row][vc_column][vc_cta h2=\u00bbHaga clic aqu\u00ed y descargue el PDF con instrucciones\u00bb h2_font_container=\u00bbtag:h2|font_size:28px|text_align:left\u00bb h2_use_theme_fonts=\u00bbyes\u00bb txt_align=\u00bbcenter\u00bb shape=\u00bbsquare\u00bb add_icon=\u00bbright\u00bb i_icon_fontawesome=\u00bbfar fa-file-pdf\u00bb i_color=\u00bbjuicy_pink\u00bb i_background_style=\u00bbrounded\u00bb i_background_color=\u00bbwhite\u00bb i_size=\u00bblg\u00bb i_css_animation=\u00bbfadeInLeft\u00bb use_custom_fonts_h2=\u00bbtrue\u00bb i_on_border=\u00bbtrue\u00bb i_link=\u00bburl:http%3A%2F%2Fgmiotto.it%2Fwp-content%2Fuploads%2F2017%2F07%2FIstruzioni_cubi_galleggianti_it.pdf|target:_blank\u00bb][\/vc_cta][\/vc_column][\/vc_row][vc_row][vc_column width=\u00bb1\/3&#8243;][vc_column_text] Montaje del C\u00e1ncamo Standard [Art. 814] [\/vc_column_text][vc_raw_html]JTNDaWZyYW1lJTIwd2lkdGglM0QlMjI1NjAlMjIlMjBoZWlnaHQlM0QlMjIzMTUlMjIlMjBzcmMlM0QlMjJodHRwcyUzQSUyRiUyRnd3dy55b3V0dWJlLmNvbSUyRmVtYmVkJTJGV2RaMjlHcGZ6VnMlM0ZyZWwlM0QwJTI2YW1wJTNCY29udHJvbHMlM0QwJTIyJTIwZnJhbWVib3JkZXIlM0QlMjIwJTIyJTIwYWxsb3clM0QlMjJhdXRvcGxheSUzQiUyMGVuY3J5cHRlZC1tZWRpYSUyMiUyMGFsbG93ZnVsbHNjcmVlbiUzRSUzQyUyRmlmcmFtZSUzRQ==[\/vc_raw_html][\/vc_column][vc_column width=\u00bb1\/3&#8243;][vc_column_text] Montaje del Gran C\u00e1ncamo [Art. 814b] [\/vc_column_text][vc_raw_html]JTNDaWZyYW1lJTIwd2lkdGglM0QlMjI1NjAlMjIlMjBoZWlnaHQlM0QlMjIzMTUlMjIlMjBzcmMlM0QlMjJodHRwcyUzQSUyRiUyRnd3dy55b3V0dWJlLmNvbSUyRmVtYmVkJTJGb3h3M2YxSkVqVG8lM0ZyZWwlM0QwJTI2YW1wJTNCY29udHJvbHMlM0QwJTIyJTIwZnJhbWVib3JkZXIlM0QlMjIwJTIyJTIwYWxsb3clM0QlMjJhdXRvcGxheSUzQiUyMGVuY3J5cHRlZC1tZWRpYSUyMiUyMGFsbG93ZnVsbHNjcmVlbiUzRSUzQyUyRmlmcmFtZSUzRQ==[\/vc_raw_html][\/vc_column][vc_column width=\u00bb1\/3&#8243;][vc_column_text] Montaje del C\u00e1ncamo Peqe\u00f1o [Art. 814c] [\/vc_column_text][vc_raw_html]JTNDaWZyYW1lJTIwd2lkdGglM0QlMjI1NjAlMjIlMjBoZWlnaHQlM0QlMjIzMTUlMjIlMjBzcmMlM0QlMjJodHRwcyUzQSUyRiUyRnd3dy55b3V0dWJlLmNvbSUyRmVtYmVkJTJGV3VGUzZHNFhLWVElM0ZyZWwlM0QwJTI2YW1wJTNCY29udHJvbHMlM0QwJTIyJTIwZnJhbWVib3JkZXIlM0QlMjIwJTIyJTIwYWxsb3clM0QlMjJhdXRvcGxheSUzQiUyMGVuY3J5cHRlZC1tZWRpYSUyMiUyMGFsbG93ZnVsbHNjcmVlbiUzRSUzQyUyRmlmcmFtZSUzRQ==[\/vc_raw_html][\/vc_column][\/vc_row][vc_row][vc_column width=\u00bb1\/3&#8243;][vc_column_text] Montaje del Palo Lateral &hellip;","og_url":"https:\/\/gmiotto.it\/es\/montaje-de-cubos-flotantes\/","og_site_name":"OTTO","article_modified_time":"2022-07-13T08:51:26+00:00","twitter_card":"summary_large_image","twitter_misc":{"Tiempo de lectura":"7 minutos"},"schema":{"@context":"https:\/\/schema.org","@graph":[{"@type":"WebPage","@id":"https:\/\/gmiotto.it\/es\/montaje-de-cubos-flotantes\/","url":"https:\/\/gmiotto.it\/es\/montaje-de-cubos-flotantes\/","name":"Montaje de cubos flotantes - OTTO","isPartOf":{"@id":"https:\/\/gmiotto.it\/#website"},"datePublished":"2017-08-17T08:40:55+00:00","dateModified":"2022-07-13T08:51:26+00:00","breadcrumb":{"@id":"https:\/\/gmiotto.it\/es\/montaje-de-cubos-flotantes\/#breadcrumb"},"inLanguage":"es","potentialAction":[{"@type":"ReadAction","target":["https:\/\/gmiotto.it\/es\/montaje-de-cubos-flotantes\/"]}]},{"@type":"BreadcrumbList","@id":"https:\/\/gmiotto.it\/es\/montaje-de-cubos-flotantes\/#breadcrumb","itemListElement":[{"@type":"ListItem","position":1,"name":"Home","item":"https:\/\/gmiotto.it\/es\/"},{"@type":"ListItem","position":2,"name":"Montaje de cubos flotantes"}]},{"@type":"WebSite","@id":"https:\/\/gmiotto.it\/#website","url":"https:\/\/gmiotto.it\/","name":"OTTO","description":"Pontili galleggianti modulari","publisher":{"@id":"https:\/\/gmiotto.it\/#organization"},"potentialAction":[{"@type":"SearchAction","target":{"@type":"EntryPoint","urlTemplate":"https:\/\/gmiotto.it\/?s={search_term_string}"},"query-input":{"@type":"PropertyValueSpecification","valueRequired":true,"valueName":"search_term_string"}}],"inLanguage":"es"},{"@type":"Organization","@id":"https:\/\/gmiotto.it\/#organization","name":"Otto sas di Miotto F. & C.","url":"https:\/\/gmiotto.it\/","logo":{"@type":"ImageObject","inLanguage":"es","@id":"https:\/\/gmiotto.it\/#\/schema\/logo\/image\/","url":"http:\/\/gmiotto.it\/wp-content\/uploads\/2018\/06\/logo_rina.png","contentUrl":"http:\/\/gmiotto.it\/wp-content\/uploads\/2018\/06\/logo_rina.png","width":277,"height":66,"caption":"Otto sas di Miotto F. & C."},"image":{"@id":"https:\/\/gmiotto.it\/#\/schema\/logo\/image\/"}}]}},"_links":{"self":[{"href":"https:\/\/gmiotto.it\/es\/wp-json\/wp\/v2\/pages\/5860","targetHints":{"allow":["GET"]}}],"collection":[{"href":"https:\/\/gmiotto.it\/es\/wp-json\/wp\/v2\/pages"}],"about":[{"href":"https:\/\/gmiotto.it\/es\/wp-json\/wp\/v2\/types\/page"}],"author":[{"embeddable":true,"href":"https:\/\/gmiotto.it\/es\/wp-json\/wp\/v2\/users\/1"}],"replies":[{"embeddable":true,"href":"https:\/\/gmiotto.it\/es\/wp-json\/wp\/v2\/comments?post=5860"}],"version-history":[{"count":0,"href":"https:\/\/gmiotto.it\/es\/wp-json\/wp\/v2\/pages\/5860\/revisions"}],"wp:attachment":[{"href":"https:\/\/gmiotto.it\/es\/wp-json\/wp\/v2\/media?parent=5860"}],"curies":[{"name":"wp","href":"https:\/\/api.w.org\/{rel}","templated":true}]}}