{"id":5862,"date":"2017-08-17T10:45:05","date_gmt":"2017-08-17T08:45:05","guid":{"rendered":"http:\/\/gmiotto.it\/casitas-flotantes\/"},"modified":"2017-08-17T10:45:05","modified_gmt":"2017-08-17T08:45:05","slug":"casitas-flotantes","status":"publish","type":"page","link":"https:\/\/gmiotto.it\/es\/casitas-flotantes\/","title":{"rendered":"Casitas flotantes"},"content":{"rendered":"<div class=\"wpb-content-wrapper\"><p>[vc_row equal_height=\u00bbyes\u00bb][vc_column width=\u00bb1\/2&#8243;][vc_column_text]Plataformas flottante Otto, con una capacidad de carga m\u00e1xima de 350 Kg por metro cuadrado, son ideales para hacer estructuras flotantes para el apoyo de casitas prefabricadas, cabinas de trabajo, quioscos y plataformas cubiertas para eventos.[\/vc_column_text][\/vc_column][vc_column width=\u00bb1\/2&#8243;][vc_cta h2=\u00bb\u00bb h4=\u00bbPara m\u00e1s informaci\u00f3n haga clic aqu\u00ed.\u00bb txt_align=\u00bbcenter\u00bb add_button=\u00bbbottom\u00bb btn_title=\u00bbSolicitud de informaci\u00f3n\u00bb btn_style=\u00bboutline\u00bb btn_color=\u00bbpeacoc\u00bb btn_align=\u00bbcenter\u00bb add_icon=\u00bbleft\u00bb i_type=\u00bbopeniconic\u00bb i_icon_openiconic=\u00bbvc-oi vc-oi-info\u00bb i_color=\u00bbgrey\u00bb i_background_style=\u00bbrounded\u00bb i_background_color=\u00bbpeacoc\u00bb i_size=\u00bblg\u00bb css_animation=\u00bbtop-to-bottom\u00bb btn_el_class=\u00bbrichiesta_info\u00bb][\/vc_cta][\/vc_column][\/vc_row][vc_row][vc_column][vc_media_grid element_width=\u00bb2&#8243; gap=\u00bb30&#8243; grid_id=\u00bbvc_gid:1499855117089-cac23d11-c10c-8&#8243; include=\u00bb3075,3076,3077,3078,3079,3080,3081&#8243;][\/vc_column][\/vc_row]<\/p>\n<\/div>","protected":false},"excerpt":{"rendered":"<p>[vc_row equal_height=\u00bbyes\u00bb][vc_column width=\u00bb1\/2&#8243;][vc_column_text]Plataformas flottante Otto, con una capacidad de carga m\u00e1xima de 350 Kg por metro cuadrado, son ideales para hacer estructuras flotantes para el apoyo de casitas prefabricadas, cabinas de trabajo, quioscos y plataformas cubiertas para eventos.[\/vc_column_text][\/vc_column][vc_column width=\u00bb1\/2&#8243;][vc_cta h2=\u00bb\u00bb h4=\u00bbPara m\u00e1s informaci\u00f3n haga clic aqu\u00ed.\u00bb txt_align=\u00bbcenter\u00bb add_button=\u00bbbottom\u00bb btn_title=\u00bbSolicitud de informaci\u00f3n\u00bb btn_style=\u00bboutline\u00bb btn_color=\u00bbpeacoc\u00bb btn_align=\u00bbcenter\u00bb add_icon=\u00bbleft\u00bb &hellip;<\/p>\n","protected":false},"author":1,"featured_media":0,"parent":0,"menu_order":0,"comment_status":"closed","ping_status":"closed","template":"","meta":{"footnotes":""},"class_list":["post-5862","page","type-page","status-publish","hentry","no-thumb"],"yoast_head":"<!-- This site is optimized with the Yoast SEO plugin v27.2 - https:\/\/yoast.com\/product\/yoast-seo-wordpress\/ -->\n<title>Casitas flotantes - OTTO<\/title>\n<meta name=\"robots\" content=\"index, follow, max-snippet:-1, max-image-preview:large, max-video-preview:-1\" \/>\n<link rel=\"canonical\" href=\"https:\/\/gmiotto.it\/es\/casitas-flotantes\/\" \/>\n<meta property=\"og:locale\" content=\"es_ES\" \/>\n<meta property=\"og:type\" content=\"article\" \/>\n<meta property=\"og:title\" content=\"Casitas flotantes - OTTO\" \/>\n<meta property=\"og:description\" content=\"[vc_row equal_height=\u00bbyes\u00bb][vc_column width=\u00bb1\/2&#8243;][vc_column_text]Plataformas flottante Otto, con una capacidad de carga m\u00e1xima de 350 Kg por metro cuadrado, son ideales para hacer estructuras flotantes para el apoyo de casitas prefabricadas, cabinas de trabajo, quioscos y plataformas cubiertas para eventos.[\/vc_column_text][\/vc_column][vc_column width=\u00bb1\/2&#8243;][vc_cta h2=\u00bb\u00bb h4=\u00bbPara m\u00e1s informaci\u00f3n haga clic aqu\u00ed.\u00bb txt_align=\u00bbcenter\u00bb add_button=\u00bbbottom\u00bb btn_title=\u00bbSolicitud de informaci\u00f3n\u00bb btn_style=\u00bboutline\u00bb btn_color=\u00bbpeacoc\u00bb btn_align=\u00bbcenter\u00bb add_icon=\u00bbleft\u00bb &hellip;\" \/>\n<meta property=\"og:url\" content=\"https:\/\/gmiotto.it\/es\/casitas-flotantes\/\" \/>\n<meta property=\"og:site_name\" content=\"OTTO\" \/>\n<meta name=\"twitter:card\" content=\"summary_large_image\" \/>\n<meta name=\"twitter:label1\" content=\"Tiempo de lectura\" \/>\n\t<meta name=\"twitter:data1\" content=\"1 minuto\" \/>\n<script type=\"application\/ld+json\" class=\"yoast-schema-graph\">{\"@context\":\"https:\/\/schema.org\",\"@graph\":[{\"@type\":\"WebPage\",\"@id\":\"https:\/\/gmiotto.it\/es\/casitas-flotantes\/\",\"url\":\"https:\/\/gmiotto.it\/es\/casitas-flotantes\/\",\"name\":\"Casitas flotantes - OTTO\",\"isPartOf\":{\"@id\":\"https:\/\/gmiotto.it\/#website\"},\"datePublished\":\"2017-08-17T08:45:05+00:00\",\"breadcrumb\":{\"@id\":\"https:\/\/gmiotto.it\/es\/casitas-flotantes\/#breadcrumb\"},\"inLanguage\":\"es\",\"potentialAction\":[{\"@type\":\"ReadAction\",\"target\":[\"https:\/\/gmiotto.it\/es\/casitas-flotantes\/\"]}]},{\"@type\":\"BreadcrumbList\",\"@id\":\"https:\/\/gmiotto.it\/es\/casitas-flotantes\/#breadcrumb\",\"itemListElement\":[{\"@type\":\"ListItem\",\"position\":1,\"name\":\"Home\",\"item\":\"https:\/\/gmiotto.it\/es\/\"},{\"@type\":\"ListItem\",\"position\":2,\"name\":\"Casitas flotantes\"}]},{\"@type\":\"WebSite\",\"@id\":\"https:\/\/gmiotto.it\/#website\",\"url\":\"https:\/\/gmiotto.it\/\",\"name\":\"OTTO\",\"description\":\"Pontili galleggianti modulari\",\"publisher\":{\"@id\":\"https:\/\/gmiotto.it\/#organization\"},\"potentialAction\":[{\"@type\":\"SearchAction\",\"target\":{\"@type\":\"EntryPoint\",\"urlTemplate\":\"https:\/\/gmiotto.it\/?s={search_term_string}\"},\"query-input\":{\"@type\":\"PropertyValueSpecification\",\"valueRequired\":true,\"valueName\":\"search_term_string\"}}],\"inLanguage\":\"es\"},{\"@type\":\"Organization\",\"@id\":\"https:\/\/gmiotto.it\/#organization\",\"name\":\"Otto sas di Miotto F. & C.\",\"url\":\"https:\/\/gmiotto.it\/\",\"logo\":{\"@type\":\"ImageObject\",\"inLanguage\":\"es\",\"@id\":\"https:\/\/gmiotto.it\/#\/schema\/logo\/image\/\",\"url\":\"http:\/\/gmiotto.it\/wp-content\/uploads\/2018\/06\/logo_rina.png\",\"contentUrl\":\"http:\/\/gmiotto.it\/wp-content\/uploads\/2018\/06\/logo_rina.png\",\"width\":277,\"height\":66,\"caption\":\"Otto sas di Miotto F. & C.\"},\"image\":{\"@id\":\"https:\/\/gmiotto.it\/#\/schema\/logo\/image\/\"}}]}<\/script>\n<!-- \/ Yoast SEO plugin. -->","yoast_head_json":{"title":"Casitas flotantes - OTTO","robots":{"index":"index","follow":"follow","max-snippet":"max-snippet:-1","max-image-preview":"max-image-preview:large","max-video-preview":"max-video-preview:-1"},"canonical":"https:\/\/gmiotto.it\/es\/casitas-flotantes\/","og_locale":"es_ES","og_type":"article","og_title":"Casitas flotantes - OTTO","og_description":"[vc_row equal_height=\u00bbyes\u00bb][vc_column width=\u00bb1\/2&#8243;][vc_column_text]Plataformas flottante Otto, con una capacidad de carga m\u00e1xima de 350 Kg por metro cuadrado, son ideales para hacer estructuras flotantes para el apoyo de casitas prefabricadas, cabinas de trabajo, quioscos y plataformas cubiertas para eventos.[\/vc_column_text][\/vc_column][vc_column width=\u00bb1\/2&#8243;][vc_cta h2=\u00bb\u00bb h4=\u00bbPara m\u00e1s informaci\u00f3n haga clic aqu\u00ed.\u00bb txt_align=\u00bbcenter\u00bb add_button=\u00bbbottom\u00bb btn_title=\u00bbSolicitud de informaci\u00f3n\u00bb btn_style=\u00bboutline\u00bb btn_color=\u00bbpeacoc\u00bb btn_align=\u00bbcenter\u00bb add_icon=\u00bbleft\u00bb &hellip;","og_url":"https:\/\/gmiotto.it\/es\/casitas-flotantes\/","og_site_name":"OTTO","twitter_card":"summary_large_image","twitter_misc":{"Tiempo de lectura":"1 minuto"},"schema":{"@context":"https:\/\/schema.org","@graph":[{"@type":"WebPage","@id":"https:\/\/gmiotto.it\/es\/casitas-flotantes\/","url":"https:\/\/gmiotto.it\/es\/casitas-flotantes\/","name":"Casitas flotantes - OTTO","isPartOf":{"@id":"https:\/\/gmiotto.it\/#website"},"datePublished":"2017-08-17T08:45:05+00:00","breadcrumb":{"@id":"https:\/\/gmiotto.it\/es\/casitas-flotantes\/#breadcrumb"},"inLanguage":"es","potentialAction":[{"@type":"ReadAction","target":["https:\/\/gmiotto.it\/es\/casitas-flotantes\/"]}]},{"@type":"BreadcrumbList","@id":"https:\/\/gmiotto.it\/es\/casitas-flotantes\/#breadcrumb","itemListElement":[{"@type":"ListItem","position":1,"name":"Home","item":"https:\/\/gmiotto.it\/es\/"},{"@type":"ListItem","position":2,"name":"Casitas flotantes"}]},{"@type":"WebSite","@id":"https:\/\/gmiotto.it\/#website","url":"https:\/\/gmiotto.it\/","name":"OTTO","description":"Pontili galleggianti modulari","publisher":{"@id":"https:\/\/gmiotto.it\/#organization"},"potentialAction":[{"@type":"SearchAction","target":{"@type":"EntryPoint","urlTemplate":"https:\/\/gmiotto.it\/?s={search_term_string}"},"query-input":{"@type":"PropertyValueSpecification","valueRequired":true,"valueName":"search_term_string"}}],"inLanguage":"es"},{"@type":"Organization","@id":"https:\/\/gmiotto.it\/#organization","name":"Otto sas di Miotto F. & C.","url":"https:\/\/gmiotto.it\/","logo":{"@type":"ImageObject","inLanguage":"es","@id":"https:\/\/gmiotto.it\/#\/schema\/logo\/image\/","url":"http:\/\/gmiotto.it\/wp-content\/uploads\/2018\/06\/logo_rina.png","contentUrl":"http:\/\/gmiotto.it\/wp-content\/uploads\/2018\/06\/logo_rina.png","width":277,"height":66,"caption":"Otto sas di Miotto F. & C."},"image":{"@id":"https:\/\/gmiotto.it\/#\/schema\/logo\/image\/"}}]}},"_links":{"self":[{"href":"https:\/\/gmiotto.it\/es\/wp-json\/wp\/v2\/pages\/5862","targetHints":{"allow":["GET"]}}],"collection":[{"href":"https:\/\/gmiotto.it\/es\/wp-json\/wp\/v2\/pages"}],"about":[{"href":"https:\/\/gmiotto.it\/es\/wp-json\/wp\/v2\/types\/page"}],"author":[{"embeddable":true,"href":"https:\/\/gmiotto.it\/es\/wp-json\/wp\/v2\/users\/1"}],"replies":[{"embeddable":true,"href":"https:\/\/gmiotto.it\/es\/wp-json\/wp\/v2\/comments?post=5862"}],"version-history":[{"count":0,"href":"https:\/\/gmiotto.it\/es\/wp-json\/wp\/v2\/pages\/5862\/revisions"}],"wp:attachment":[{"href":"https:\/\/gmiotto.it\/es\/wp-json\/wp\/v2\/media?parent=5862"}],"curies":[{"name":"wp","href":"https:\/\/api.w.org\/{rel}","templated":true}]}}