{"id":5865,"date":"2017-08-17T11:02:21","date_gmt":"2017-08-17T09:02:21","guid":{"rendered":"http:\/\/gmiotto.it\/elementos\/"},"modified":"2022-07-13T10:11:06","modified_gmt":"2022-07-13T08:11:06","slug":"elementos-2","status":"publish","type":"page","link":"https:\/\/gmiotto.it\/es\/elementos-2\/","title":{"rendered":"Elementos"},"content":{"rendered":"<div class=\"wpb-content-wrapper\"><p>[vc_row full_width=\u00bbstretch_row\u00bb][vc_column css_animation=\u00bbnone\u00bb width=\u00bb2\/4&#8243;][layerslider_vc id=\u00bb2&#8243;][vc_empty_space][\/vc_column][vc_column width=\u00bb2\/4&#8243;][vc_row_inner equal_height=\u00bbyes\u00bb css=\u00bb.vc_custom_1498558188562{margin-right: 1px !important;}\u00bb][vc_column_inner width=\u00bb1\/4&#8243; offset=\u00bbvc_col-xs-6&#8243;][vc_single_image image=\u00bb4261&#8243;][\/vc_column_inner][vc_column_inner width=\u00bb3\/4&#8243; css=\u00bb.vc_custom_1498556521864{background-color: rgba(30,115,190,0.25) !important;*background-color: rgb(30,115,190) !important;}\u00bb offset=\u00bbvc_col-xs-6&#8243;][vc_column_text el_class=\u00bbno-text-margin\u00bb]<\/p>\n<h5>Cubos dobles<\/h5>\n<p><em>art. 800<\/em><br \/>\n<em>50X100X40cm 11 Kg<\/em><br \/>\n<em>Turquesa<\/em>[\/vc_column_text][\/vc_column_inner][\/vc_row_inner][vc_empty_space][vc_row_inner equal_height=\u00bbyes\u00bb css=\u00bb.vc_custom_1498558258456{margin-right: 1px !important;}\u00bb][vc_column_inner width=\u00bb1\/4&#8243; offset=\u00bbvc_col-xs-6&#8243;][vc_single_image image=\u00bb4265&#8243;][\/vc_column_inner][vc_column_inner width=\u00bb3\/4&#8243; css=\u00bb.vc_custom_1498557268242{background-color: rgba(30,115,190,0.25) !important;*background-color: rgb(30,115,190) !important;}\u00bb offset=\u00bbvc_col-xs-6&#8243;][vc_column_text el_class=\u00bbno-text-margin\u00bb]<\/p>\n<h5>Cubos individuales<\/h5>\n<p><em>art. 801<\/em><br \/>\n<em>50X50X40cm 6 Kg<\/em><br \/>\n<em>Turquesa<\/em>[\/vc_column_text][\/vc_column_inner][\/vc_row_inner][vc_empty_space][vc_row_inner equal_height=\u00bbyes\u00bb css=\u00bb.vc_custom_1498558262246{margin-right: 1px !important;}\u00bb][vc_column_inner width=\u00bb1\/4&#8243; offset=\u00bbvc_col-xs-6&#8243;][vc_single_image image=\u00bb4249&#8243;][\/vc_column_inner][vc_column_inner width=\u00bb3\/4&#8243; css=\u00bb.vc_custom_1498556521864{background-color: rgba(30,115,190,0.25) !important;*background-color: rgb(30,115,190) !important;}\u00bb offset=\u00bbvc_col-xs-6&#8243;][vc_column_text el_class=\u00bbno-text-margin\u00bb]<\/p>\n<h5>Pernos<\/h5>\n<p><em>art. 802<\/em><br \/>\n<em>0,6 Kg<\/em><br \/>\n<em>Turquesa<\/em>[\/vc_column_text][\/vc_column_inner][\/vc_row_inner][vc_empty_space][vc_row_inner equal_height=\u00bbyes\u00bb css=\u00bb.vc_custom_1498558266149{margin-right: 1px !important;}\u00bb][vc_column_inner width=\u00bb1\/4&#8243; offset=\u00bbvc_col-xs-6&#8243;][vc_single_image image=\u00bb4253&#8243;][\/vc_column_inner][vc_column_inner width=\u00bb3\/4&#8243; css=\u00bb.vc_custom_1498556521864{background-color: rgba(30,115,190,0.25) !important;*background-color: rgb(30,115,190) !important;}\u00bb offset=\u00bbvc_col-xs-6&#8243;][vc_column_text el_class=\u00bbno-text-margin\u00bb]<\/p>\n<h5>Tornillos<\/h5>\n<p><em>art. 803<\/em><br \/>\n<em>0,3 Kg<\/em><br \/>\n<em>Negro<\/em>[\/vc_column_text][\/vc_column_inner][\/vc_row_inner][vc_empty_space][vc_row_inner equal_height=\u00bbyes\u00bb css=\u00bb.vc_custom_1498558270369{margin-right: 1px !important;}\u00bb][vc_column_inner width=\u00bb1\/4&#8243; offset=\u00bbvc_col-xs-6&#8243;][vc_single_image image=\u00bb4257&#8243;][\/vc_column_inner][vc_column_inner width=\u00bb3\/4&#8243; css=\u00bb.vc_custom_1498556521864{background-color: rgba(30,115,190,0.25) !important;*background-color: rgb(30,115,190) !important;}\u00bb offset=\u00bbvc_col-xs-6&#8243;][vc_column_text el_class=\u00bbno-text-margin\u00bb]<\/p>\n<h5>Espaciadores dobles<\/h5>\n<p><em>art. 804<\/em><br \/>\n<em>32mm 0,2 Kg<\/em><br \/>\n<em>Negro<\/em>[\/vc_column_text][\/vc_column_inner][\/vc_row_inner][\/vc_column][\/vc_row][vc_row][vc_column][vc_empty_space][vc_column_text]Elementos<\/p>\n<p>Los elementos principale del sistema Otto sono:<\/p>\n<ul>\n<li>Los cubos dobles (100x50x40cm)<\/li>\n<li>Los cubos individuales (50x50x40cm)<\/li>\n<li>Los pernos<\/li>\n<li>Los tornillos<\/li>\n<li>Los espaciadores dobles<\/li>\n<\/ul>\n<p>Todos los cubos tienen en las esquinas donde est\u00e1n las tuercas (los cubos dobles tambi\u00e9n en el centro) unos puntos en realce que van de 1 a 4, donde 1 es el m\u00e1s alto y 4 el m\u00e1s bajo. Indican la altura de la tuerca.<\/p>\n<p>Para montar los cubos hay que poterlo todos con la v\u00e1lvula en el mismo lado.<\/p>\n<p>Donde las tuercas no se tocan, hay que insertar el espaciador as\u00ed que los cubos se unen.<\/p>\n<p>Para fijar los cubos se usan los pernos que se insertan en los orificios y giran 45 \u00b0 con la llave apropiada. En el per\u00edmetro exterior, se utilizan los tornillos con tuerca.[\/vc_column_text][vc_empty_space][\/vc_column][\/vc_row][vc_row][vc_column width=\u00bb1\/2&#8243;][vc_empty_space][vc_column_text]<\/p>\n<h3 style=\"text-align: center;\">Componentes flotantes Otto<\/h3>\n<p>[\/vc_column_text][vc_empty_space][\/vc_column][vc_column width=\u00bb1\/2&#8243;][vc_empty_space][vc_column_text]<\/p>\n<h3 style=\"text-align: center;\">E<span id=\"result_box\" class=\"short_text\" lang=\"es\">jemplos <span class=\"\">flotantes<\/span><\/span><\/h3>\n<p>[\/vc_column_text][vc_empty_space][\/vc_column][\/vc_row][vc_row][vc_column width=\u00bb1\/2&#8243;][vc_single_image image=\u00bb4273&#8243; img_size=\u00bbmedium\u00bb add_caption=\u00bbyes\u00bb alignment=\u00bbcenter\u00bb style=\u00bbvc_box_border\u00bb onclick=\u00bbcustom_link\u00bb img_link_target=\u00bb_blank\u00bb link=\u00bbhttp:\/\/gmiotto.it\/wp-content\/uploads\/2017\/06\/Componenti-2017.pdf\u00bb][\/vc_column][vc_column width=\u00bb1\/2&#8243;][vc_single_image image=\u00bb4297&#8243; img_size=\u00bbmedium\u00bb add_caption=\u00bbyes\u00bb alignment=\u00bbcenter\u00bb style=\u00bbvc_box_border\u00bb onclick=\u00bbcustom_link\u00bb img_link_target=\u00bb_blank\u00bb link=\u00bbhttp:\/\/gmiotto.it\/wp_gmiotto\/wp-content\/uploads\/2017\/06\/Esempi_ITA.pdf\u00bb][\/vc_column][\/vc_row]<\/p>\n<\/div>","protected":false},"excerpt":{"rendered":"<p>[vc_row full_width=\u00bbstretch_row\u00bb][vc_column css_animation=\u00bbnone\u00bb width=\u00bb2\/4&#8243;][layerslider_vc id=\u00bb2&#8243;][vc_empty_space][\/vc_column][vc_column width=\u00bb2\/4&#8243;][vc_row_inner equal_height=\u00bbyes\u00bb css=\u00bb.vc_custom_1498558188562{margin-right: 1px !important;}\u00bb][vc_column_inner width=\u00bb1\/4&#8243; offset=\u00bbvc_col-xs-6&#8243;][vc_single_image image=\u00bb4261&#8243;][\/vc_column_inner][vc_column_inner width=\u00bb3\/4&#8243; css=\u00bb.vc_custom_1498556521864{background-color: rgba(30,115,190,0.25) !important;*background-color: rgb(30,115,190) !important;}\u00bb offset=\u00bbvc_col-xs-6&#8243;][vc_column_text el_class=\u00bbno-text-margin\u00bb] Cubos dobles art. 800 50X100X40cm 11 Kg Turquesa[\/vc_column_text][\/vc_column_inner][\/vc_row_inner][vc_empty_space][vc_row_inner equal_height=\u00bbyes\u00bb css=\u00bb.vc_custom_1498558258456{margin-right: 1px !important;}\u00bb][vc_column_inner width=\u00bb1\/4&#8243; offset=\u00bbvc_col-xs-6&#8243;][vc_single_image image=\u00bb4265&#8243;][\/vc_column_inner][vc_column_inner width=\u00bb3\/4&#8243; css=\u00bb.vc_custom_1498557268242{background-color: rgba(30,115,190,0.25) !important;*background-color: rgb(30,115,190) !important;}\u00bb offset=\u00bbvc_col-xs-6&#8243;][vc_column_text el_class=\u00bbno-text-margin\u00bb] Cubos individuales art. 801 50X50X40cm 6 Kg Turquesa[\/vc_column_text][\/vc_column_inner][\/vc_row_inner][vc_empty_space][vc_row_inner equal_height=\u00bbyes\u00bb css=\u00bb.vc_custom_1498558262246{margin-right: 1px &hellip;<\/p>\n","protected":false},"author":1,"featured_media":0,"parent":0,"menu_order":0,"comment_status":"closed","ping_status":"closed","template":"","meta":{"footnotes":""},"class_list":["post-5865","page","type-page","status-publish","hentry","no-thumb"],"yoast_head":"<!-- This site is optimized with the Yoast SEO plugin v27.3 - https:\/\/yoast.com\/product\/yoast-seo-wordpress\/ -->\n<title>Elementos - OTTO<\/title>\n<meta name=\"robots\" content=\"index, follow, max-snippet:-1, max-image-preview:large, max-video-preview:-1\" \/>\n<link rel=\"canonical\" href=\"https:\/\/gmiotto.it\/es\/elementos-2\/\" \/>\n<meta property=\"og:locale\" content=\"es_ES\" \/>\n<meta property=\"og:type\" content=\"article\" \/>\n<meta property=\"og:title\" content=\"Elementos - OTTO\" \/>\n<meta property=\"og:description\" content=\"[vc_row full_width=\u00bbstretch_row\u00bb][vc_column css_animation=\u00bbnone\u00bb width=\u00bb2\/4&#8243;][layerslider_vc id=\u00bb2&#8243;][vc_empty_space][\/vc_column][vc_column width=\u00bb2\/4&#8243;][vc_row_inner equal_height=\u00bbyes\u00bb css=\u00bb.vc_custom_1498558188562{margin-right: 1px !important;}\u00bb][vc_column_inner width=\u00bb1\/4&#8243; offset=\u00bbvc_col-xs-6&#8243;][vc_single_image image=\u00bb4261&#8243;][\/vc_column_inner][vc_column_inner width=\u00bb3\/4&#8243; css=\u00bb.vc_custom_1498556521864{background-color: rgba(30,115,190,0.25) !important;*background-color: rgb(30,115,190) !important;}\u00bb offset=\u00bbvc_col-xs-6&#8243;][vc_column_text el_class=\u00bbno-text-margin\u00bb] Cubos dobles art. 800 50X100X40cm 11 Kg Turquesa[\/vc_column_text][\/vc_column_inner][\/vc_row_inner][vc_empty_space][vc_row_inner equal_height=\u00bbyes\u00bb css=\u00bb.vc_custom_1498558258456{margin-right: 1px !important;}\u00bb][vc_column_inner width=\u00bb1\/4&#8243; offset=\u00bbvc_col-xs-6&#8243;][vc_single_image image=\u00bb4265&#8243;][\/vc_column_inner][vc_column_inner width=\u00bb3\/4&#8243; css=\u00bb.vc_custom_1498557268242{background-color: rgba(30,115,190,0.25) !important;*background-color: rgb(30,115,190) !important;}\u00bb offset=\u00bbvc_col-xs-6&#8243;][vc_column_text el_class=\u00bbno-text-margin\u00bb] Cubos individuales art. 801 50X50X40cm 6 Kg Turquesa[\/vc_column_text][\/vc_column_inner][\/vc_row_inner][vc_empty_space][vc_row_inner equal_height=\u00bbyes\u00bb css=\u00bb.vc_custom_1498558262246{margin-right: 1px &hellip;\" \/>\n<meta property=\"og:url\" content=\"https:\/\/gmiotto.it\/es\/elementos-2\/\" \/>\n<meta property=\"og:site_name\" content=\"OTTO\" \/>\n<meta property=\"article:modified_time\" content=\"2022-07-13T08:11:06+00:00\" \/>\n<meta name=\"twitter:card\" content=\"summary_large_image\" \/>\n<meta name=\"twitter:label1\" content=\"Tiempo de lectura\" \/>\n\t<meta name=\"twitter:data1\" content=\"3 minutos\" \/>\n<script type=\"application\/ld+json\" class=\"yoast-schema-graph\">{\"@context\":\"https:\\\/\\\/schema.org\",\"@graph\":[{\"@type\":\"WebPage\",\"@id\":\"https:\\\/\\\/gmiotto.it\\\/es\\\/elementos-2\\\/\",\"url\":\"https:\\\/\\\/gmiotto.it\\\/es\\\/elementos-2\\\/\",\"name\":\"Elementos - OTTO\",\"isPartOf\":{\"@id\":\"https:\\\/\\\/gmiotto.it\\\/#website\"},\"datePublished\":\"2017-08-17T09:02:21+00:00\",\"dateModified\":\"2022-07-13T08:11:06+00:00\",\"breadcrumb\":{\"@id\":\"https:\\\/\\\/gmiotto.it\\\/es\\\/elementos-2\\\/#breadcrumb\"},\"inLanguage\":\"es\",\"potentialAction\":[{\"@type\":\"ReadAction\",\"target\":[\"https:\\\/\\\/gmiotto.it\\\/es\\\/elementos-2\\\/\"]}]},{\"@type\":\"BreadcrumbList\",\"@id\":\"https:\\\/\\\/gmiotto.it\\\/es\\\/elementos-2\\\/#breadcrumb\",\"itemListElement\":[{\"@type\":\"ListItem\",\"position\":1,\"name\":\"Home\",\"item\":\"https:\\\/\\\/gmiotto.it\\\/es\\\/\"},{\"@type\":\"ListItem\",\"position\":2,\"name\":\"Elementos\"}]},{\"@type\":\"WebSite\",\"@id\":\"https:\\\/\\\/gmiotto.it\\\/#website\",\"url\":\"https:\\\/\\\/gmiotto.it\\\/\",\"name\":\"OTTO\",\"description\":\"Pontili galleggianti modulari\",\"publisher\":{\"@id\":\"https:\\\/\\\/gmiotto.it\\\/#organization\"},\"potentialAction\":[{\"@type\":\"SearchAction\",\"target\":{\"@type\":\"EntryPoint\",\"urlTemplate\":\"https:\\\/\\\/gmiotto.it\\\/?s={search_term_string}\"},\"query-input\":{\"@type\":\"PropertyValueSpecification\",\"valueRequired\":true,\"valueName\":\"search_term_string\"}}],\"inLanguage\":\"es\"},{\"@type\":\"Organization\",\"@id\":\"https:\\\/\\\/gmiotto.it\\\/#organization\",\"name\":\"Otto sas di Miotto F. & C.\",\"url\":\"https:\\\/\\\/gmiotto.it\\\/\",\"logo\":{\"@type\":\"ImageObject\",\"inLanguage\":\"es\",\"@id\":\"https:\\\/\\\/gmiotto.it\\\/#\\\/schema\\\/logo\\\/image\\\/\",\"url\":\"http:\\\/\\\/gmiotto.it\\\/wp-content\\\/uploads\\\/2018\\\/06\\\/logo_rina.png\",\"contentUrl\":\"http:\\\/\\\/gmiotto.it\\\/wp-content\\\/uploads\\\/2018\\\/06\\\/logo_rina.png\",\"width\":277,\"height\":66,\"caption\":\"Otto sas di Miotto F. & C.\"},\"image\":{\"@id\":\"https:\\\/\\\/gmiotto.it\\\/#\\\/schema\\\/logo\\\/image\\\/\"}}]}<\/script>\n<!-- \/ Yoast SEO plugin. -->","yoast_head_json":{"title":"Elementos - OTTO","robots":{"index":"index","follow":"follow","max-snippet":"max-snippet:-1","max-image-preview":"max-image-preview:large","max-video-preview":"max-video-preview:-1"},"canonical":"https:\/\/gmiotto.it\/es\/elementos-2\/","og_locale":"es_ES","og_type":"article","og_title":"Elementos - OTTO","og_description":"[vc_row full_width=\u00bbstretch_row\u00bb][vc_column css_animation=\u00bbnone\u00bb width=\u00bb2\/4&#8243;][layerslider_vc id=\u00bb2&#8243;][vc_empty_space][\/vc_column][vc_column width=\u00bb2\/4&#8243;][vc_row_inner equal_height=\u00bbyes\u00bb css=\u00bb.vc_custom_1498558188562{margin-right: 1px !important;}\u00bb][vc_column_inner width=\u00bb1\/4&#8243; offset=\u00bbvc_col-xs-6&#8243;][vc_single_image image=\u00bb4261&#8243;][\/vc_column_inner][vc_column_inner width=\u00bb3\/4&#8243; css=\u00bb.vc_custom_1498556521864{background-color: rgba(30,115,190,0.25) !important;*background-color: rgb(30,115,190) !important;}\u00bb offset=\u00bbvc_col-xs-6&#8243;][vc_column_text el_class=\u00bbno-text-margin\u00bb] Cubos dobles art. 800 50X100X40cm 11 Kg Turquesa[\/vc_column_text][\/vc_column_inner][\/vc_row_inner][vc_empty_space][vc_row_inner equal_height=\u00bbyes\u00bb css=\u00bb.vc_custom_1498558258456{margin-right: 1px !important;}\u00bb][vc_column_inner width=\u00bb1\/4&#8243; offset=\u00bbvc_col-xs-6&#8243;][vc_single_image image=\u00bb4265&#8243;][\/vc_column_inner][vc_column_inner width=\u00bb3\/4&#8243; css=\u00bb.vc_custom_1498557268242{background-color: rgba(30,115,190,0.25) !important;*background-color: rgb(30,115,190) !important;}\u00bb offset=\u00bbvc_col-xs-6&#8243;][vc_column_text el_class=\u00bbno-text-margin\u00bb] Cubos individuales art. 801 50X50X40cm 6 Kg Turquesa[\/vc_column_text][\/vc_column_inner][\/vc_row_inner][vc_empty_space][vc_row_inner equal_height=\u00bbyes\u00bb css=\u00bb.vc_custom_1498558262246{margin-right: 1px &hellip;","og_url":"https:\/\/gmiotto.it\/es\/elementos-2\/","og_site_name":"OTTO","article_modified_time":"2022-07-13T08:11:06+00:00","twitter_card":"summary_large_image","twitter_misc":{"Tiempo de lectura":"3 minutos"},"schema":{"@context":"https:\/\/schema.org","@graph":[{"@type":"WebPage","@id":"https:\/\/gmiotto.it\/es\/elementos-2\/","url":"https:\/\/gmiotto.it\/es\/elementos-2\/","name":"Elementos - OTTO","isPartOf":{"@id":"https:\/\/gmiotto.it\/#website"},"datePublished":"2017-08-17T09:02:21+00:00","dateModified":"2022-07-13T08:11:06+00:00","breadcrumb":{"@id":"https:\/\/gmiotto.it\/es\/elementos-2\/#breadcrumb"},"inLanguage":"es","potentialAction":[{"@type":"ReadAction","target":["https:\/\/gmiotto.it\/es\/elementos-2\/"]}]},{"@type":"BreadcrumbList","@id":"https:\/\/gmiotto.it\/es\/elementos-2\/#breadcrumb","itemListElement":[{"@type":"ListItem","position":1,"name":"Home","item":"https:\/\/gmiotto.it\/es\/"},{"@type":"ListItem","position":2,"name":"Elementos"}]},{"@type":"WebSite","@id":"https:\/\/gmiotto.it\/#website","url":"https:\/\/gmiotto.it\/","name":"OTTO","description":"Pontili galleggianti modulari","publisher":{"@id":"https:\/\/gmiotto.it\/#organization"},"potentialAction":[{"@type":"SearchAction","target":{"@type":"EntryPoint","urlTemplate":"https:\/\/gmiotto.it\/?s={search_term_string}"},"query-input":{"@type":"PropertyValueSpecification","valueRequired":true,"valueName":"search_term_string"}}],"inLanguage":"es"},{"@type":"Organization","@id":"https:\/\/gmiotto.it\/#organization","name":"Otto sas di Miotto F. & C.","url":"https:\/\/gmiotto.it\/","logo":{"@type":"ImageObject","inLanguage":"es","@id":"https:\/\/gmiotto.it\/#\/schema\/logo\/image\/","url":"http:\/\/gmiotto.it\/wp-content\/uploads\/2018\/06\/logo_rina.png","contentUrl":"http:\/\/gmiotto.it\/wp-content\/uploads\/2018\/06\/logo_rina.png","width":277,"height":66,"caption":"Otto sas di Miotto F. & C."},"image":{"@id":"https:\/\/gmiotto.it\/#\/schema\/logo\/image\/"}}]}},"_links":{"self":[{"href":"https:\/\/gmiotto.it\/es\/wp-json\/wp\/v2\/pages\/5865","targetHints":{"allow":["GET"]}}],"collection":[{"href":"https:\/\/gmiotto.it\/es\/wp-json\/wp\/v2\/pages"}],"about":[{"href":"https:\/\/gmiotto.it\/es\/wp-json\/wp\/v2\/types\/page"}],"author":[{"embeddable":true,"href":"https:\/\/gmiotto.it\/es\/wp-json\/wp\/v2\/users\/1"}],"replies":[{"embeddable":true,"href":"https:\/\/gmiotto.it\/es\/wp-json\/wp\/v2\/comments?post=5865"}],"version-history":[{"count":0,"href":"https:\/\/gmiotto.it\/es\/wp-json\/wp\/v2\/pages\/5865\/revisions"}],"wp:attachment":[{"href":"https:\/\/gmiotto.it\/es\/wp-json\/wp\/v2\/media?parent=5865"}],"curies":[{"name":"wp","href":"https:\/\/api.w.org\/{rel}","templated":true}]}}