{"id":5866,"date":"2017-08-17T11:06:36","date_gmt":"2017-08-17T09:06:36","guid":{"rendered":"http:\/\/gmiotto.it\/eventos-acuaticos\/"},"modified":"2025-03-31T17:19:39","modified_gmt":"2025-03-31T15:19:39","slug":"eventos-acuaticos","status":"publish","type":"page","link":"https:\/\/gmiotto.it\/es\/eventos-acuaticos\/","title":{"rendered":"Eventos acu\u00e1ticos"},"content":{"rendered":"<div class=\"wpb-content-wrapper\"><p>[vc_row equal_height=\u00bbyes\u00bb][vc_column width=\u00bb1\/2&#8243;][vc_column_text]Plataformas flotantes Otto, f\u00e1ciles de montar y desmontar y transportar son ideales para crear estructuras flotantes para eventos acu\u00e1ticos, eventos deportivos, conciertos y creaciones art\u00edsticas.[\/vc_column_text][\/vc_column][vc_column width=\u00bb1\/2&#8243;][vc_raw_html]JTNDaWZyYW1lJTIwd2lkdGglM0QlMjI1NjAlMjIlMjBoZWlnaHQlM0QlMjIzMTUlMjIlMjBzcmMlM0QlMjJodHRwcyUzQSUyRiUyRnd3dy55b3V0dWJlLmNvbSUyRmVtYmVkJTJGWXRINDhlaWxIY2clM0ZyZWwlM0QwJTI2YW1wJTNCY29udHJvbHMlM0QwJTIyJTIwZnJhbWVib3JkZXIlM0QlMjIwJTIyJTIwYWxsb3clM0QlMjJhdXRvcGxheSUzQiUyMGVuY3J5cHRlZC1tZWRpYSUyMiUyMGFsbG93ZnVsbHNjcmVlbiUzRSUzQyUyRmlmcmFtZSUzRQ==[\/vc_raw_html][\/vc_column][\/vc_row][vc_row][vc_column][vc_media_grid element_width=\u00bb2&#8243; gap=\u00bb30&#8243; grid_id=\u00bbvc_gid:1743434351926-85815f5a9d57699bb41c6f3dd437e76f-0&#8243; include=\u00bb5169,5173,5177,5181,5185,5189,5193,5197,5201,5205,5209,5213,5217,5221,5225,5229,5233,5237,5241,5245,5249,5253,5257,5261,5265,5269,5273&#8243;][\/vc_column][\/vc_row]<\/p>\n<\/div>","protected":false},"excerpt":{"rendered":"<p>[vc_row equal_height=\u00bbyes\u00bb][vc_column width=\u00bb1\/2&#8243;][vc_column_text]Plataformas flotantes Otto, f\u00e1ciles de montar y desmontar y transportar son ideales para crear estructuras flotantes para eventos acu\u00e1ticos, eventos deportivos, conciertos y creaciones art\u00edsticas.[\/vc_column_text][\/vc_column][vc_column width=\u00bb1\/2&#8243;][vc_raw_html]JTNDaWZyYW1lJTIwd2lkdGglM0QlMjI1NjAlMjIlMjBoZWlnaHQlM0QlMjIzMTUlMjIlMjBzcmMlM0QlMjJodHRwcyUzQSUyRiUyRnd3dy55b3V0dWJlLmNvbSUyRmVtYmVkJTJGWXRINDhlaWxIY2clM0ZyZWwlM0QwJTI2YW1wJTNCY29udHJvbHMlM0QwJTIyJTIwZnJhbWVib3JkZXIlM0QlMjIwJTIyJTIwYWxsb3clM0QlMjJhdXRvcGxheSUzQiUyMGVuY3J5cHRlZC1tZWRpYSUyMiUyMGFsbG93ZnVsbHNjcmVlbiUzRSUzQyUyRmlmcmFtZSUzRQ==[\/vc_raw_html][\/vc_column][\/vc_row][vc_row][vc_column][vc_media_grid element_width=\u00bb2&#8243; gap=\u00bb30&#8243; grid_id=\u00bbvc_gid:1743434351926-85815f5a9d57699bb41c6f3dd437e76f-0&#8243; include=\u00bb5169,5173,5177,5181,5185,5189,5193,5197,5201,5205,5209,5213,5217,5221,5225,5229,5233,5237,5241,5245,5249,5253,5257,5261,5265,5269,5273&#8243;][\/vc_column][\/vc_row]<\/p>\n","protected":false},"author":1,"featured_media":0,"parent":0,"menu_order":0,"comment_status":"closed","ping_status":"closed","template":"","meta":{"footnotes":""},"class_list":["post-5866","page","type-page","status-publish","hentry","no-thumb"],"yoast_head":"<!-- This site is optimized with the Yoast SEO plugin v27.3 - https:\/\/yoast.com\/product\/yoast-seo-wordpress\/ -->\n<title>Eventos acu\u00e1ticos - OTTO<\/title>\n<meta name=\"robots\" content=\"index, follow, max-snippet:-1, max-image-preview:large, max-video-preview:-1\" \/>\n<link rel=\"canonical\" href=\"https:\/\/gmiotto.it\/es\/eventos-acuaticos\/\" \/>\n<meta property=\"og:locale\" content=\"es_ES\" \/>\n<meta property=\"og:type\" content=\"article\" \/>\n<meta property=\"og:title\" content=\"Eventos acu\u00e1ticos - OTTO\" \/>\n<meta property=\"og:description\" content=\"[vc_row equal_height=\u00bbyes\u00bb][vc_column width=\u00bb1\/2&#8243;][vc_column_text]Plataformas flotantes Otto, f\u00e1ciles de montar y desmontar y transportar son ideales para crear estructuras flotantes para eventos acu\u00e1ticos, eventos deportivos, conciertos y creaciones art\u00edsticas.[\/vc_column_text][\/vc_column][vc_column width=\u00bb1\/2&#8243;][vc_raw_html]JTNDaWZyYW1lJTIwd2lkdGglM0QlMjI1NjAlMjIlMjBoZWlnaHQlM0QlMjIzMTUlMjIlMjBzcmMlM0QlMjJodHRwcyUzQSUyRiUyRnd3dy55b3V0dWJlLmNvbSUyRmVtYmVkJTJGWXRINDhlaWxIY2clM0ZyZWwlM0QwJTI2YW1wJTNCY29udHJvbHMlM0QwJTIyJTIwZnJhbWVib3JkZXIlM0QlMjIwJTIyJTIwYWxsb3clM0QlMjJhdXRvcGxheSUzQiUyMGVuY3J5cHRlZC1tZWRpYSUyMiUyMGFsbG93ZnVsbHNjcmVlbiUzRSUzQyUyRmlmcmFtZSUzRQ==[\/vc_raw_html][\/vc_column][\/vc_row][vc_row][vc_column][vc_media_grid element_width=\u00bb2&#8243; gap=\u00bb30&#8243; grid_id=\u00bbvc_gid:1743434351926-85815f5a9d57699bb41c6f3dd437e76f-0&#8243; include=\u00bb5169,5173,5177,5181,5185,5189,5193,5197,5201,5205,5209,5213,5217,5221,5225,5229,5233,5237,5241,5245,5249,5253,5257,5261,5265,5269,5273&#8243;][\/vc_column][\/vc_row]\" \/>\n<meta property=\"og:url\" content=\"https:\/\/gmiotto.it\/es\/eventos-acuaticos\/\" \/>\n<meta property=\"og:site_name\" content=\"OTTO\" \/>\n<meta property=\"article:modified_time\" content=\"2025-03-31T15:19:39+00:00\" \/>\n<meta name=\"twitter:card\" content=\"summary_large_image\" \/>\n<meta name=\"twitter:label1\" content=\"Tiempo de lectura\" \/>\n\t<meta name=\"twitter:data1\" content=\"1 minuto\" \/>\n<script type=\"application\/ld+json\" class=\"yoast-schema-graph\">{\"@context\":\"https:\\\/\\\/schema.org\",\"@graph\":[{\"@type\":\"WebPage\",\"@id\":\"https:\\\/\\\/gmiotto.it\\\/es\\\/eventos-acuaticos\\\/\",\"url\":\"https:\\\/\\\/gmiotto.it\\\/es\\\/eventos-acuaticos\\\/\",\"name\":\"Eventos acu\u00e1ticos - OTTO\",\"isPartOf\":{\"@id\":\"https:\\\/\\\/gmiotto.it\\\/#website\"},\"datePublished\":\"2017-08-17T09:06:36+00:00\",\"dateModified\":\"2025-03-31T15:19:39+00:00\",\"breadcrumb\":{\"@id\":\"https:\\\/\\\/gmiotto.it\\\/es\\\/eventos-acuaticos\\\/#breadcrumb\"},\"inLanguage\":\"es\",\"potentialAction\":[{\"@type\":\"ReadAction\",\"target\":[\"https:\\\/\\\/gmiotto.it\\\/es\\\/eventos-acuaticos\\\/\"]}]},{\"@type\":\"BreadcrumbList\",\"@id\":\"https:\\\/\\\/gmiotto.it\\\/es\\\/eventos-acuaticos\\\/#breadcrumb\",\"itemListElement\":[{\"@type\":\"ListItem\",\"position\":1,\"name\":\"Home\",\"item\":\"https:\\\/\\\/gmiotto.it\\\/es\\\/\"},{\"@type\":\"ListItem\",\"position\":2,\"name\":\"Eventos acu\u00e1ticos\"}]},{\"@type\":\"WebSite\",\"@id\":\"https:\\\/\\\/gmiotto.it\\\/#website\",\"url\":\"https:\\\/\\\/gmiotto.it\\\/\",\"name\":\"OTTO\",\"description\":\"Pontili galleggianti modulari\",\"publisher\":{\"@id\":\"https:\\\/\\\/gmiotto.it\\\/#organization\"},\"potentialAction\":[{\"@type\":\"SearchAction\",\"target\":{\"@type\":\"EntryPoint\",\"urlTemplate\":\"https:\\\/\\\/gmiotto.it\\\/?s={search_term_string}\"},\"query-input\":{\"@type\":\"PropertyValueSpecification\",\"valueRequired\":true,\"valueName\":\"search_term_string\"}}],\"inLanguage\":\"es\"},{\"@type\":\"Organization\",\"@id\":\"https:\\\/\\\/gmiotto.it\\\/#organization\",\"name\":\"Otto sas di Miotto F. & C.\",\"url\":\"https:\\\/\\\/gmiotto.it\\\/\",\"logo\":{\"@type\":\"ImageObject\",\"inLanguage\":\"es\",\"@id\":\"https:\\\/\\\/gmiotto.it\\\/#\\\/schema\\\/logo\\\/image\\\/\",\"url\":\"http:\\\/\\\/gmiotto.it\\\/wp-content\\\/uploads\\\/2018\\\/06\\\/logo_rina.png\",\"contentUrl\":\"http:\\\/\\\/gmiotto.it\\\/wp-content\\\/uploads\\\/2018\\\/06\\\/logo_rina.png\",\"width\":277,\"height\":66,\"caption\":\"Otto sas di Miotto F. & C.\"},\"image\":{\"@id\":\"https:\\\/\\\/gmiotto.it\\\/#\\\/schema\\\/logo\\\/image\\\/\"}}]}<\/script>\n<!-- \/ Yoast SEO plugin. -->","yoast_head_json":{"title":"Eventos acu\u00e1ticos - OTTO","robots":{"index":"index","follow":"follow","max-snippet":"max-snippet:-1","max-image-preview":"max-image-preview:large","max-video-preview":"max-video-preview:-1"},"canonical":"https:\/\/gmiotto.it\/es\/eventos-acuaticos\/","og_locale":"es_ES","og_type":"article","og_title":"Eventos acu\u00e1ticos - OTTO","og_description":"[vc_row equal_height=\u00bbyes\u00bb][vc_column width=\u00bb1\/2&#8243;][vc_column_text]Plataformas flotantes Otto, f\u00e1ciles de montar y desmontar y transportar son ideales para crear estructuras flotantes para eventos acu\u00e1ticos, eventos deportivos, conciertos y creaciones art\u00edsticas.[\/vc_column_text][\/vc_column][vc_column width=\u00bb1\/2&#8243;][vc_raw_html]JTNDaWZyYW1lJTIwd2lkdGglM0QlMjI1NjAlMjIlMjBoZWlnaHQlM0QlMjIzMTUlMjIlMjBzcmMlM0QlMjJodHRwcyUzQSUyRiUyRnd3dy55b3V0dWJlLmNvbSUyRmVtYmVkJTJGWXRINDhlaWxIY2clM0ZyZWwlM0QwJTI2YW1wJTNCY29udHJvbHMlM0QwJTIyJTIwZnJhbWVib3JkZXIlM0QlMjIwJTIyJTIwYWxsb3clM0QlMjJhdXRvcGxheSUzQiUyMGVuY3J5cHRlZC1tZWRpYSUyMiUyMGFsbG93ZnVsbHNjcmVlbiUzRSUzQyUyRmlmcmFtZSUzRQ==[\/vc_raw_html][\/vc_column][\/vc_row][vc_row][vc_column][vc_media_grid element_width=\u00bb2&#8243; gap=\u00bb30&#8243; grid_id=\u00bbvc_gid:1743434351926-85815f5a9d57699bb41c6f3dd437e76f-0&#8243; include=\u00bb5169,5173,5177,5181,5185,5189,5193,5197,5201,5205,5209,5213,5217,5221,5225,5229,5233,5237,5241,5245,5249,5253,5257,5261,5265,5269,5273&#8243;][\/vc_column][\/vc_row]","og_url":"https:\/\/gmiotto.it\/es\/eventos-acuaticos\/","og_site_name":"OTTO","article_modified_time":"2025-03-31T15:19:39+00:00","twitter_card":"summary_large_image","twitter_misc":{"Tiempo de lectura":"1 minuto"},"schema":{"@context":"https:\/\/schema.org","@graph":[{"@type":"WebPage","@id":"https:\/\/gmiotto.it\/es\/eventos-acuaticos\/","url":"https:\/\/gmiotto.it\/es\/eventos-acuaticos\/","name":"Eventos acu\u00e1ticos - OTTO","isPartOf":{"@id":"https:\/\/gmiotto.it\/#website"},"datePublished":"2017-08-17T09:06:36+00:00","dateModified":"2025-03-31T15:19:39+00:00","breadcrumb":{"@id":"https:\/\/gmiotto.it\/es\/eventos-acuaticos\/#breadcrumb"},"inLanguage":"es","potentialAction":[{"@type":"ReadAction","target":["https:\/\/gmiotto.it\/es\/eventos-acuaticos\/"]}]},{"@type":"BreadcrumbList","@id":"https:\/\/gmiotto.it\/es\/eventos-acuaticos\/#breadcrumb","itemListElement":[{"@type":"ListItem","position":1,"name":"Home","item":"https:\/\/gmiotto.it\/es\/"},{"@type":"ListItem","position":2,"name":"Eventos acu\u00e1ticos"}]},{"@type":"WebSite","@id":"https:\/\/gmiotto.it\/#website","url":"https:\/\/gmiotto.it\/","name":"OTTO","description":"Pontili galleggianti modulari","publisher":{"@id":"https:\/\/gmiotto.it\/#organization"},"potentialAction":[{"@type":"SearchAction","target":{"@type":"EntryPoint","urlTemplate":"https:\/\/gmiotto.it\/?s={search_term_string}"},"query-input":{"@type":"PropertyValueSpecification","valueRequired":true,"valueName":"search_term_string"}}],"inLanguage":"es"},{"@type":"Organization","@id":"https:\/\/gmiotto.it\/#organization","name":"Otto sas di Miotto F. & C.","url":"https:\/\/gmiotto.it\/","logo":{"@type":"ImageObject","inLanguage":"es","@id":"https:\/\/gmiotto.it\/#\/schema\/logo\/image\/","url":"http:\/\/gmiotto.it\/wp-content\/uploads\/2018\/06\/logo_rina.png","contentUrl":"http:\/\/gmiotto.it\/wp-content\/uploads\/2018\/06\/logo_rina.png","width":277,"height":66,"caption":"Otto sas di Miotto F. & C."},"image":{"@id":"https:\/\/gmiotto.it\/#\/schema\/logo\/image\/"}}]}},"_links":{"self":[{"href":"https:\/\/gmiotto.it\/es\/wp-json\/wp\/v2\/pages\/5866","targetHints":{"allow":["GET"]}}],"collection":[{"href":"https:\/\/gmiotto.it\/es\/wp-json\/wp\/v2\/pages"}],"about":[{"href":"https:\/\/gmiotto.it\/es\/wp-json\/wp\/v2\/types\/page"}],"author":[{"embeddable":true,"href":"https:\/\/gmiotto.it\/es\/wp-json\/wp\/v2\/users\/1"}],"replies":[{"embeddable":true,"href":"https:\/\/gmiotto.it\/es\/wp-json\/wp\/v2\/comments?post=5866"}],"version-history":[{"count":0,"href":"https:\/\/gmiotto.it\/es\/wp-json\/wp\/v2\/pages\/5866\/revisions"}],"wp:attachment":[{"href":"https:\/\/gmiotto.it\/es\/wp-json\/wp\/v2\/media?parent=5866"}],"curies":[{"name":"wp","href":"https:\/\/api.w.org\/{rel}","templated":true}]}}