{"id":5868,"date":"2017-08-17T11:26:44","date_gmt":"2017-08-17T09:26:44","guid":{"rendered":"http:\/\/gmiotto.it\/fotovoltaico-flotante\/"},"modified":"2017-08-17T11:26:44","modified_gmt":"2017-08-17T09:26:44","slug":"fotovoltaico-flotante","status":"publish","type":"page","link":"https:\/\/gmiotto.it\/es\/fotovoltaico-flotante\/","title":{"rendered":"Fotovoltaico flotante"},"content":{"rendered":"<div class=\"wpb-content-wrapper\"><p>[vc_row equal_height=\u00bbyes\u00bb][vc_column width=\u00bb1\/2&#8243;][vc_column_text]\u00bfTen\u00e9is un espejo de agua tranquila y no sab\u00e9is c\u00f3mo usarlo?<\/p>\n<p>&nbsp;<\/p>\n<p>Hacenlo producir con un sistema fotovoltaico flotante, nuestros cubos con una capacidad de carga m\u00e1xima de 350Kg por metro cuadrado son ideales para hacer flotar con seguridad toda la estructura, paneles e inversores.[\/vc_column_text][\/vc_column][vc_column width=\u00bb1\/2&#8243;][vc_cta h2=\u00bb\u00bb h4=\u00bbPara m\u00e1s informaci\u00f3n haga clic aqu\u00ed.\u00bb txt_align=\u00bbcenter\u00bb add_button=\u00bbbottom\u00bb btn_title=\u00bbSolicitud de informaci\u00f3n\u00bb btn_style=\u00bboutline\u00bb btn_color=\u00bbpeacoc\u00bb btn_align=\u00bbcenter\u00bb add_icon=\u00bbleft\u00bb i_type=\u00bbopeniconic\u00bb i_icon_openiconic=\u00bbvc-oi vc-oi-info\u00bb i_color=\u00bbgrey\u00bb i_background_style=\u00bbrounded\u00bb i_background_color=\u00bbpeacoc\u00bb i_size=\u00bblg\u00bb css_animation=\u00bbtop-to-bottom\u00bb btn_el_class=\u00bbrichiesta_info\u00bb][\/vc_cta][\/vc_column][\/vc_row][vc_row][vc_column][vc_media_grid element_width=\u00bb2&#8243; gap=\u00bb30&#8243; grid_id=\u00bbvc_gid:1499855245006-738fedaa-adbe-6&#8243; include=\u00bb3084,3085,3086,3087,3088,3089,3090,3091,3092,3093,3094,3095&#8243;][\/vc_column][\/vc_row][vc_row content_placement=\u00bbmiddle\u00bb][vc_column][vc_column_text][\/vc_column_text][vc_empty_space][\/vc_column][\/vc_row][vc_row][vc_column][vc_column_text]<\/p>\n<h3><span class=\"\" lang=\"es\">Ejemplos de <span class=\"\">plataforma flotante<\/span>\u00a0 <span class=\"\">Otto<\/span> <\/span><span id=\"result_box\" class=\"\" lang=\"es\"><span class=\"\">para <\/span><\/span><span id=\"result_box\" class=\"\" lang=\"es\"><span class=\"\">fotovoltaico<\/span><\/span><\/h3>\n<p>[\/vc_column_text][\/vc_column][\/vc_row][vc_row content_placement=\u00bbmiddle\u00bb][vc_column width=\u00bb1\/3&#8243;][vc_media_grid element_width=\u00bb12&#8243; gap=\u00bb0&#8243; item=\u00bbmediaGrid_ScaleWithRotation\u00bb grid_id=\u00bbvc_gid:1499855245009-c9d85637-1016-1&#8243; include=\u00bb2150&#8243;][\/vc_column][vc_column width=\u00bb1\/3&#8243;][vc_media_grid element_width=\u00bb12&#8243; gap=\u00bb0&#8243; item=\u00bbmediaGrid_ScaleWithRotation\u00bb grid_id=\u00bbvc_gid:1499855245011-59304756-794b-8&#8243; include=\u00bb2156&#8243;][\/vc_column][vc_column width=\u00bb1\/3&#8243;][vc_media_grid element_width=\u00bb12&#8243; gap=\u00bb0&#8243; item=\u00bbmediaGrid_ScaleWithRotation\u00bb grid_id=\u00bbvc_gid:1499855245012-cfa449c1-691e-1&#8243; include=\u00bb2157&#8243;][\/vc_column][\/vc_row][vc_row][vc_column width=\u00bb1\/3&#8243;][vc_column_text]<\/p>\n<p style=\"text-align: center;\"><span id=\"result_box\" class=\"\" lang=\"es\">Esquema de <span class=\"\">plataforma flotante<\/span><br \/>\nOtto por 114 <span class=\"\">paneles fotovoltaicos<\/span><\/span><\/p>\n<p>[\/vc_column_text][\/vc_column][vc_column width=\u00bb1\/3&#8243;][vc_column_text]<\/p>\n<p style=\"text-align: center;\">E<span id=\"result_box\" class=\"\" lang=\"es\"><span class=\"\">squema de<\/span> plataforma flotante Otto para<br \/>\n768 <span class=\"\">paneles fotovoltaicos<\/span> e 16 inversores<br \/>\npara una planta fotovoltaica de <span class=\"\">200<\/span> <span class=\"\">kW<\/span><\/span><\/p>\n<p>[\/vc_column_text][\/vc_column][vc_column width=\u00bb1\/3&#8243;][vc_column_text]<\/p>\n<p style=\"text-align: center;\"><span id=\"result_box\" class=\"\" lang=\"es\">Esquema de <span class=\"\">plataforma flotante<\/span> Otto<br \/>\n<span class=\"\">modelo b\u00e1sico para la<\/span> instalaci\u00f3n<br \/>\nde 37,44 <span class=\"\">kW<\/span><span class=\"\">.<\/span><\/span><\/p>\n<p>[\/vc_column_text][\/vc_column][\/vc_row]<\/p>\n<\/div>","protected":false},"excerpt":{"rendered":"<p>[vc_row equal_height=\u00bbyes\u00bb][vc_column width=\u00bb1\/2&#8243;][vc_column_text]\u00bfTen\u00e9is un espejo de agua tranquila y no sab\u00e9is c\u00f3mo usarlo? &nbsp; Hacenlo producir con un sistema fotovoltaico flotante, nuestros cubos con una capacidad de carga m\u00e1xima de 350Kg por metro cuadrado son ideales para hacer flotar con seguridad toda la estructura, paneles e inversores.[\/vc_column_text][\/vc_column][vc_column width=\u00bb1\/2&#8243;][vc_cta h2=\u00bb\u00bb h4=\u00bbPara m\u00e1s informaci\u00f3n haga clic aqu\u00ed.\u00bb &hellip;<\/p>\n","protected":false},"author":1,"featured_media":0,"parent":0,"menu_order":0,"comment_status":"closed","ping_status":"closed","template":"","meta":{"footnotes":""},"class_list":["post-5868","page","type-page","status-publish","hentry","no-thumb"],"yoast_head":"<!-- This site is optimized with the Yoast SEO plugin v27.3 - https:\/\/yoast.com\/product\/yoast-seo-wordpress\/ -->\n<title>Fotovoltaico flotante - OTTO<\/title>\n<meta name=\"robots\" content=\"index, follow, max-snippet:-1, max-image-preview:large, max-video-preview:-1\" \/>\n<link rel=\"canonical\" href=\"https:\/\/gmiotto.it\/es\/fotovoltaico-flotante\/\" \/>\n<meta property=\"og:locale\" content=\"es_ES\" \/>\n<meta property=\"og:type\" content=\"article\" \/>\n<meta property=\"og:title\" content=\"Fotovoltaico flotante - OTTO\" \/>\n<meta property=\"og:description\" content=\"[vc_row equal_height=\u00bbyes\u00bb][vc_column width=\u00bb1\/2&#8243;][vc_column_text]\u00bfTen\u00e9is un espejo de agua tranquila y no sab\u00e9is c\u00f3mo usarlo? &nbsp; Hacenlo producir con un sistema fotovoltaico flotante, nuestros cubos con una capacidad de carga m\u00e1xima de 350Kg por metro cuadrado son ideales para hacer flotar con seguridad toda la estructura, paneles e inversores.[\/vc_column_text][\/vc_column][vc_column width=\u00bb1\/2&#8243;][vc_cta h2=\u00bb\u00bb h4=\u00bbPara m\u00e1s informaci\u00f3n haga clic aqu\u00ed.\u00bb &hellip;\" \/>\n<meta property=\"og:url\" content=\"https:\/\/gmiotto.it\/es\/fotovoltaico-flotante\/\" \/>\n<meta property=\"og:site_name\" content=\"OTTO\" \/>\n<meta name=\"twitter:card\" content=\"summary_large_image\" \/>\n<meta name=\"twitter:label1\" content=\"Tiempo de lectura\" \/>\n\t<meta name=\"twitter:data1\" content=\"2 minutos\" \/>\n<script type=\"application\/ld+json\" class=\"yoast-schema-graph\">{\"@context\":\"https:\\\/\\\/schema.org\",\"@graph\":[{\"@type\":\"WebPage\",\"@id\":\"https:\\\/\\\/gmiotto.it\\\/es\\\/fotovoltaico-flotante\\\/\",\"url\":\"https:\\\/\\\/gmiotto.it\\\/es\\\/fotovoltaico-flotante\\\/\",\"name\":\"Fotovoltaico flotante - OTTO\",\"isPartOf\":{\"@id\":\"https:\\\/\\\/gmiotto.it\\\/#website\"},\"datePublished\":\"2017-08-17T09:26:44+00:00\",\"breadcrumb\":{\"@id\":\"https:\\\/\\\/gmiotto.it\\\/es\\\/fotovoltaico-flotante\\\/#breadcrumb\"},\"inLanguage\":\"es\",\"potentialAction\":[{\"@type\":\"ReadAction\",\"target\":[\"https:\\\/\\\/gmiotto.it\\\/es\\\/fotovoltaico-flotante\\\/\"]}]},{\"@type\":\"BreadcrumbList\",\"@id\":\"https:\\\/\\\/gmiotto.it\\\/es\\\/fotovoltaico-flotante\\\/#breadcrumb\",\"itemListElement\":[{\"@type\":\"ListItem\",\"position\":1,\"name\":\"Home\",\"item\":\"https:\\\/\\\/gmiotto.it\\\/es\\\/\"},{\"@type\":\"ListItem\",\"position\":2,\"name\":\"Fotovoltaico flotante\"}]},{\"@type\":\"WebSite\",\"@id\":\"https:\\\/\\\/gmiotto.it\\\/#website\",\"url\":\"https:\\\/\\\/gmiotto.it\\\/\",\"name\":\"OTTO\",\"description\":\"Pontili galleggianti modulari\",\"publisher\":{\"@id\":\"https:\\\/\\\/gmiotto.it\\\/#organization\"},\"potentialAction\":[{\"@type\":\"SearchAction\",\"target\":{\"@type\":\"EntryPoint\",\"urlTemplate\":\"https:\\\/\\\/gmiotto.it\\\/?s={search_term_string}\"},\"query-input\":{\"@type\":\"PropertyValueSpecification\",\"valueRequired\":true,\"valueName\":\"search_term_string\"}}],\"inLanguage\":\"es\"},{\"@type\":\"Organization\",\"@id\":\"https:\\\/\\\/gmiotto.it\\\/#organization\",\"name\":\"Otto sas di Miotto F. & C.\",\"url\":\"https:\\\/\\\/gmiotto.it\\\/\",\"logo\":{\"@type\":\"ImageObject\",\"inLanguage\":\"es\",\"@id\":\"https:\\\/\\\/gmiotto.it\\\/#\\\/schema\\\/logo\\\/image\\\/\",\"url\":\"http:\\\/\\\/gmiotto.it\\\/wp-content\\\/uploads\\\/2018\\\/06\\\/logo_rina.png\",\"contentUrl\":\"http:\\\/\\\/gmiotto.it\\\/wp-content\\\/uploads\\\/2018\\\/06\\\/logo_rina.png\",\"width\":277,\"height\":66,\"caption\":\"Otto sas di Miotto F. & C.\"},\"image\":{\"@id\":\"https:\\\/\\\/gmiotto.it\\\/#\\\/schema\\\/logo\\\/image\\\/\"}}]}<\/script>\n<!-- \/ Yoast SEO plugin. -->","yoast_head_json":{"title":"Fotovoltaico flotante - OTTO","robots":{"index":"index","follow":"follow","max-snippet":"max-snippet:-1","max-image-preview":"max-image-preview:large","max-video-preview":"max-video-preview:-1"},"canonical":"https:\/\/gmiotto.it\/es\/fotovoltaico-flotante\/","og_locale":"es_ES","og_type":"article","og_title":"Fotovoltaico flotante - OTTO","og_description":"[vc_row equal_height=\u00bbyes\u00bb][vc_column width=\u00bb1\/2&#8243;][vc_column_text]\u00bfTen\u00e9is un espejo de agua tranquila y no sab\u00e9is c\u00f3mo usarlo? &nbsp; Hacenlo producir con un sistema fotovoltaico flotante, nuestros cubos con una capacidad de carga m\u00e1xima de 350Kg por metro cuadrado son ideales para hacer flotar con seguridad toda la estructura, paneles e inversores.[\/vc_column_text][\/vc_column][vc_column width=\u00bb1\/2&#8243;][vc_cta h2=\u00bb\u00bb h4=\u00bbPara m\u00e1s informaci\u00f3n haga clic aqu\u00ed.\u00bb &hellip;","og_url":"https:\/\/gmiotto.it\/es\/fotovoltaico-flotante\/","og_site_name":"OTTO","twitter_card":"summary_large_image","twitter_misc":{"Tiempo de lectura":"2 minutos"},"schema":{"@context":"https:\/\/schema.org","@graph":[{"@type":"WebPage","@id":"https:\/\/gmiotto.it\/es\/fotovoltaico-flotante\/","url":"https:\/\/gmiotto.it\/es\/fotovoltaico-flotante\/","name":"Fotovoltaico flotante - OTTO","isPartOf":{"@id":"https:\/\/gmiotto.it\/#website"},"datePublished":"2017-08-17T09:26:44+00:00","breadcrumb":{"@id":"https:\/\/gmiotto.it\/es\/fotovoltaico-flotante\/#breadcrumb"},"inLanguage":"es","potentialAction":[{"@type":"ReadAction","target":["https:\/\/gmiotto.it\/es\/fotovoltaico-flotante\/"]}]},{"@type":"BreadcrumbList","@id":"https:\/\/gmiotto.it\/es\/fotovoltaico-flotante\/#breadcrumb","itemListElement":[{"@type":"ListItem","position":1,"name":"Home","item":"https:\/\/gmiotto.it\/es\/"},{"@type":"ListItem","position":2,"name":"Fotovoltaico flotante"}]},{"@type":"WebSite","@id":"https:\/\/gmiotto.it\/#website","url":"https:\/\/gmiotto.it\/","name":"OTTO","description":"Pontili galleggianti modulari","publisher":{"@id":"https:\/\/gmiotto.it\/#organization"},"potentialAction":[{"@type":"SearchAction","target":{"@type":"EntryPoint","urlTemplate":"https:\/\/gmiotto.it\/?s={search_term_string}"},"query-input":{"@type":"PropertyValueSpecification","valueRequired":true,"valueName":"search_term_string"}}],"inLanguage":"es"},{"@type":"Organization","@id":"https:\/\/gmiotto.it\/#organization","name":"Otto sas di Miotto F. & C.","url":"https:\/\/gmiotto.it\/","logo":{"@type":"ImageObject","inLanguage":"es","@id":"https:\/\/gmiotto.it\/#\/schema\/logo\/image\/","url":"http:\/\/gmiotto.it\/wp-content\/uploads\/2018\/06\/logo_rina.png","contentUrl":"http:\/\/gmiotto.it\/wp-content\/uploads\/2018\/06\/logo_rina.png","width":277,"height":66,"caption":"Otto sas di Miotto F. & C."},"image":{"@id":"https:\/\/gmiotto.it\/#\/schema\/logo\/image\/"}}]}},"_links":{"self":[{"href":"https:\/\/gmiotto.it\/es\/wp-json\/wp\/v2\/pages\/5868","targetHints":{"allow":["GET"]}}],"collection":[{"href":"https:\/\/gmiotto.it\/es\/wp-json\/wp\/v2\/pages"}],"about":[{"href":"https:\/\/gmiotto.it\/es\/wp-json\/wp\/v2\/types\/page"}],"author":[{"embeddable":true,"href":"https:\/\/gmiotto.it\/es\/wp-json\/wp\/v2\/users\/1"}],"replies":[{"embeddable":true,"href":"https:\/\/gmiotto.it\/es\/wp-json\/wp\/v2\/comments?post=5868"}],"version-history":[{"count":0,"href":"https:\/\/gmiotto.it\/es\/wp-json\/wp\/v2\/pages\/5868\/revisions"}],"wp:attachment":[{"href":"https:\/\/gmiotto.it\/es\/wp-json\/wp\/v2\/media?parent=5868"}],"curies":[{"name":"wp","href":"https:\/\/api.w.org\/{rel}","templated":true}]}}