{"id":5869,"date":"2017-08-17T11:38:04","date_gmt":"2017-08-17T09:38:04","guid":{"rendered":"http:\/\/gmiotto.it\/home\/"},"modified":"2018-07-13T15:39:46","modified_gmt":"2018-07-13T13:39:46","slug":"home","status":"publish","type":"page","link":"https:\/\/gmiotto.it\/es\/","title":{"rendered":"Home"},"content":{"rendered":"<div class=\"wpb-content-wrapper\"><p>[vc_row][vc_column][vc_column_text]<\/p>\n<h1 style=\"text-align: center;\">SISTEMA \u00abOTTO\u00bb<\/h1>\n<p>[\/vc_column_text][layerslider_vc id=\u00bb1&#8243;][\/vc_column][\/vc_row][vc_section][vc_row][vc_column][vc_empty_space][vc_text_separator title=\u00bbMODULOS FLOTANTES OTTO\u00bb][vc_empty_space][\/vc_column][\/vc_row][vc_row][vc_column width=\u00bb1\/2&#8243;][vc_column_text]Los elementos flotantes modulares OTTO, derivados de una patente militar, son en curso de certificaci\u00f3n RINA y testados en la UNIVERSIDAD DE PADOVA.<\/p>\n<p>Est\u00e1n hechos en color turquesa (para grandes cantidades es posible cambiar el color) que se integra con el color del agua y en dos formas b\u00e1sicas:<\/p>\n<ul>\n<li>El m\u00f3dulo doble de 100cm x 50cm altura 40cm;<\/li>\n<li>El m\u00f3dulo individual de 50 cm x 50cm alto 40 cm.<\/li>\n<\/ul>\n<p>&nbsp;<\/p>\n<p>Cada bloque est\u00e1 hecho en un \u00fanica imprenta con aire comprimido en el interior que permite que el material de alta densidad molecular se expanda uniformemente en el molde y con el mismo grosor en todas partes.<\/p>\n<p>El material utilizado se llama POLIETILENE HDPE 56020 S de TOTAL<\/p>\n<p>Densidad ISO 1183=0,952 g\/cm3<\/p>\n<p>CERTIFICADO ITALIANO Decreto Ministerial del 21-03-1973 actualizado el 26-04-1993, D.M. N \u00b0 220 y actualizada el 28 de marzo de 2003 con D.M. N \u00b0 123.<\/p>\n<p>Esta materia prima, utilizada para la construcci\u00f3n de nuestros elementos, es extremadamente resistente a todas las influencias marinas, salinas y \u00e1cidas, y tambi\u00e9n se puede utilizar para la comida.<\/p>\n<p>Es resistente a los rayos UV y es v\u00e1lido en una gama de temperaturas de -60 \u00b0 a +80 \u00b0 grados cent\u00edgrados, tambi\u00e9n f\u00e1cilmente reciclable<\/p>\n<p>Su capacidad flotante se define prudentemente en 350 Kg por metro cuadrado.<\/p>\n<p>Este producto est\u00e1 garantizado por lo menos 3 a\u00f1os. (Sistemas fotovoltaicos 20 a\u00f1os)<\/p>\n<p>El montaje entre los diferentes bloques se realiza a trav\u00e9s de un perno que se gira con una llave especial de 45 grados, uniendo los anillos marcados 1 a 4, bloque\u00e1ndolos entre s\u00ed para hacer de los elementos un \u00fanico cuerpo que flota sobre la ola.<\/p>\n<p>La plancha de pasos es antideslizante, especialmente dise\u00f1ada para caminar incluso los pies descalzos sin perder el agarre y todos los bordes est\u00e1n biselados para evitar riesgos. La forma ergon\u00f3mica de todos los accesorios, perfeccionados a lo largo de los a\u00f1os, permite a muchas personas de todo el mundo de divertirse con nuestros productos, de forma segura y sin preocupaciones.<\/p>\n<p>Todos los m\u00f3dulos son \u00fanicos y por lo tanto indivisibles, var\u00edan en forma y tama\u00f1o, son s\u00f3lidos, el\u00e1sticos e impermeables. Los m\u00f3dulos tienen tuercas para que se unen para construir todas las formas imaginables y se pueden separar en vista de su reutilizaci\u00f3n. Y es su facilidad de montaje, desmontaje y almacenamiento que lo hacen famosos en todo el mundo por la simplicidad con la que es posible realizar plataformas flotantes de cualquier tama\u00f1o y forma.[\/vc_column_text][\/vc_column][vc_column width=\u00bb1\/2&#8243;][vc_column_text]Si trat\u00e9is de pensar en la construcci\u00f3n de un embarcadero rectangular para entrar en el barco, pero luego cambi\u00e1is de idea y dese\u00e1is hacer una peque\u00f1a balsa para poner en el mar, con nuestros productos no ten\u00e9is que renunciar a cualquiera de ellos, s\u00f3lo hay que desensamblar los elementos y volver a montarlos de acuerdo a las necesidades. Y si ma\u00f1ana quer\u00e9is ampliar o mejorar la plataforma, solo hay que tomar los elementos que os fatan.<\/p>\n<p><iframe loading=\"lazy\" src=\"https:\/\/www.youtube.com\/embed\/ktg1GegkzVU?rel=0\" width=\"560\" height=\"315\" frameborder=\"0\" allowfullscreen=\"allowfullscreen\"><span style=\"display: inline-block; width: 0px; overflow: hidden; line-height: 0;\" data-mce-type=\"bookmark\" class=\"mce_SELRES_start\">\ufeff<\/span><\/iframe><\/p>\n<p>Con los elementos flotantes modulares Otto es f\u00e1cil realizar:<\/p>\n<ul>\n<li>Muelles<\/li>\n<li>Puertos<\/li>\n<li>D\u00e1rsenas<\/li>\n<li>Pontones<\/li>\n<li>Pasarelas flotantes<\/li>\n<li>Muelles de pesca<\/li>\n<li>Piscinas flotantes<\/li>\n<li>Piscinas flotantes con agua purificada<\/li>\n<li>Plataformas de apoyo para motocicletas y peque\u00f1as embarcaciones<\/li>\n<li>Plataformas para bombas hidr\u00e1ulicas<\/li>\n<li>Barreras de protecci\u00f3n<\/li>\n<li>Balsas<\/li>\n<li>Plataformas para eventos acu\u00e1ticos<\/li>\n<li>Plataformas para el lanzamiento de fuegos artificiales.<\/li>\n<li>Plantas fotovoltaicas flotantes<\/li>\n<li>Instalaciones de cultivo de peces<\/li>\n<li>Etc. etc.<\/li>\n<\/ul>\n<p>Tambi\u00e9n hay que recuerdar que todas las instalaciones est\u00e1n totalmente integrados en el medio ambiente, ya que son removibles, no tienen ning\u00fan impacto ambiental dado que pueden ser eliminados sin dejar huella y reutilizadas para otros usos.[\/vc_column_text][\/vc_column][\/vc_row][\/vc_section][vc_row][vc_column][vc_empty_space][vc_separator][vc_empty_space][\/vc_column][\/vc_row][vc_row gap=\u00bb30&#8243; equal_height=\u00bbyes\u00bb content_placement=\u00bbmiddle\u00bb][vc_column css_animation=\u00bbslideInDown\u00bb width=\u00bb1\/3&#8243; css=\u00bb.vc_custom_1498750481412{background-image: url(http:\/\/gmiotto.it\/wp-content\/uploads\/2016\/10\/Foto-Pontili.jpg?id=2841) !important;background-position: center !important;background-repeat: no-repeat !important;background-size: cover !important;}\u00bb][vc_cta h2=\u00bbMuelles\u00bb h2_font_container=\u00bbfont_size:32px|color:%23ffffff\u00bb h2_google_fonts=\u00bbfont_family:Cabin%3Aregular%2Citalic%2C500%2C500italic%2C600%2C600italic%2C700%2C700italic|font_style:400%20regular%3A400%3Anormal\u00bb txt_align=\u00bbcenter\u00bb shape=\u00bbsquare\u00bb style=\u00bbcustom\u00bb add_button=\u00bbbottom\u00bb btn_title=\u00bbVedi articoli\u00bb btn_style=\u00bbcustom\u00bb btn_custom_background=\u00bbrgba(30,115,190,0.77)\u00bb btn_custom_text=\u00bb#ffffff\u00bb btn_shape=\u00bbsquare\u00bb btn_size=\u00bbsm\u00bb btn_align=\u00bbcenter\u00bb btn_i_icon_fontawesome=\u00bbfa fa-eye\u00bb btn_css_animation=\u00bbfadeIn\u00bb use_custom_fonts_h2=\u00bbtrue\u00bb btn_add_icon=\u00bbtrue\u00bb custom_text=\u00bb#ffffff\u00bb custom_background=\u00bbrgba(0,0,0,0.25)\u00bb el_class=\u00bbno-border\u00bb css=\u00bb.vc_custom_1504186520083{margin-top: 25px !important;margin-bottom: 25px !important;background-position: center !important;background-repeat: no-repeat !important;background-size: contain !important;}\u00bb h2_el_class=\u00bbtext-shadow\u00bb btn_link=\u00bburl:http%3A%2F%2Fgmiotto.it%2Fes%2Fmuelles-y-paserelas%2F|||\u00bb][\/vc_cta][\/vc_column][vc_column css_animation=\u00bbslideInUp\u00bb width=\u00bb1\/3&#8243; css=\u00bb.vc_custom_1498750518073{background-image: url(http:\/\/gmiotto.it\/wp-content\/uploads\/2016\/10\/Foto-Piattaforme.jpg?id=2844) !important;background-position: center !important;background-repeat: no-repeat !important;background-size: cover !important;}\u00bb][vc_cta h2=\u00bbPlataformas\u00bb h2_font_container=\u00bbfont_size:32px|color:%23ffffff\u00bb h2_google_fonts=\u00bbfont_family:Cabin%3Aregular%2Citalic%2C500%2C500italic%2C600%2C600italic%2C700%2C700italic|font_style:400%20regular%3A400%3Anormal\u00bb txt_align=\u00bbcenter\u00bb shape=\u00bbsquare\u00bb style=\u00bbcustom\u00bb add_button=\u00bbbottom\u00bb btn_title=\u00bbVedi articoli\u00bb btn_style=\u00bbcustom\u00bb btn_custom_background=\u00bbrgba(30,115,190,0.77)\u00bb btn_custom_text=\u00bb#ffffff\u00bb btn_shape=\u00bbsquare\u00bb btn_size=\u00bbsm\u00bb btn_align=\u00bbcenter\u00bb btn_i_icon_fontawesome=\u00bbfa fa-eye\u00bb btn_css_animation=\u00bbfadeIn\u00bb use_custom_fonts_h2=\u00bbtrue\u00bb btn_add_icon=\u00bbtrue\u00bb custom_text=\u00bb#ffffff\u00bb custom_background=\u00bbrgba(0,0,0,0.25)\u00bb el_class=\u00bbno-border \u00bb css=\u00bb.vc_custom_1504186540353{margin-top: 25px !important;margin-bottom: 25px !important;background-position: center !important;background-repeat: no-repeat !important;background-size: contain !important;}\u00bb h2_el_class=\u00bbtext-shadow\u00bb btn_link=\u00bburl:http%3A%2F%2Fgmiotto.it%2Fes%2Fpiattaforme-balneari%2F|||\u00bb][\/vc_cta][\/vc_column][vc_column css_animation=\u00bbslideInDown\u00bb width=\u00bb1\/3&#8243; css=\u00bb.vc_custom_1498750558639{background-image: url(http:\/\/gmiotto.it\/wp-content\/uploads\/2016\/10\/Foto-Lavoro-sullacqua.jpg?id=2846) !important;background-position: center !important;background-repeat: no-repeat !important;background-size: cover !important;}\u00bb][vc_cta h2=\u00bbTrabajos en el agua\u00bb h2_font_container=\u00bbfont_size:24px|color:%23ffffff\u00bb h2_google_fonts=\u00bbfont_family:Cabin%3Aregular%2Citalic%2C500%2C500italic%2C600%2C600italic%2C700%2C700italic|font_style:400%20regular%3A400%3Anormal\u00bb txt_align=\u00bbcenter\u00bb shape=\u00bbsquare\u00bb style=\u00bbcustom\u00bb add_button=\u00bbbottom\u00bb btn_title=\u00bbVedi articoli\u00bb btn_style=\u00bbcustom\u00bb btn_custom_background=\u00bbrgba(30,115,190,0.77)\u00bb btn_custom_text=\u00bb#ffffff\u00bb btn_shape=\u00bbsquare\u00bb btn_size=\u00bbsm\u00bb btn_align=\u00bbcenter\u00bb btn_i_icon_fontawesome=\u00bbfa fa-eye\u00bb btn_css_animation=\u00bbfadeIn\u00bb use_custom_fonts_h2=\u00bbtrue\u00bb btn_add_icon=\u00bbtrue\u00bb custom_text=\u00bb#ffffff\u00bb custom_background=\u00bbrgba(0,0,0,0.25)\u00bb el_class=\u00bbno-border\u00bb css=\u00bb.vc_custom_1504186553640{margin-top: 25px !important;margin-bottom: 25px !important;background-position: center !important;background-repeat: no-repeat !important;background-size: contain !important;}\u00bb h2_el_class=\u00bbtext-shadow\u00bb btn_link=\u00bburl:http%3A%2F%2Fgmiotto.it%2Fes%2Fpiattaforme-per-lavori-acqua%2F|||\u00bb][\/vc_cta][\/vc_column][\/vc_row]<\/p>\n<\/div>","protected":false},"excerpt":{"rendered":"<p>[vc_row][vc_column][vc_column_text] SISTEMA \u00abOTTO\u00bb [\/vc_column_text][layerslider_vc id=\u00bb1&#8243;][\/vc_column][\/vc_row][vc_section][vc_row][vc_column][vc_empty_space][vc_text_separator title=\u00bbMODULOS FLOTANTES OTTO\u00bb][vc_empty_space][\/vc_column][\/vc_row][vc_row][vc_column width=\u00bb1\/2&#8243;][vc_column_text]Los elementos flotantes modulares OTTO, derivados de una patente militar, son en curso de certificaci\u00f3n RINA y testados en la UNIVERSIDAD DE PADOVA. Est\u00e1n hechos en color turquesa (para grandes cantidades es posible cambiar el color) que se integra con el color del agua y en dos &hellip;<\/p>\n","protected":false},"author":1,"featured_media":0,"parent":0,"menu_order":0,"comment_status":"closed","ping_status":"closed","template":"","meta":{"footnotes":""},"class_list":["post-5869","page","type-page","status-publish","hentry","no-thumb"],"yoast_head":"<!-- This site is optimized with the Yoast SEO plugin v27.2 - https:\/\/yoast.com\/product\/yoast-seo-wordpress\/ -->\n<title>Home - OTTO<\/title>\n<meta name=\"robots\" content=\"index, follow, max-snippet:-1, max-image-preview:large, max-video-preview:-1\" \/>\n<link rel=\"canonical\" href=\"https:\/\/gmiotto.it\/es\/\" \/>\n<meta property=\"og:locale\" content=\"es_ES\" \/>\n<meta property=\"og:type\" content=\"article\" \/>\n<meta property=\"og:title\" content=\"Home - OTTO\" \/>\n<meta property=\"og:description\" content=\"[vc_row][vc_column][vc_column_text] SISTEMA \u00abOTTO\u00bb [\/vc_column_text][layerslider_vc id=\u00bb1&#8243;][\/vc_column][\/vc_row][vc_section][vc_row][vc_column][vc_empty_space][vc_text_separator title=\u00bbMODULOS FLOTANTES OTTO\u00bb][vc_empty_space][\/vc_column][\/vc_row][vc_row][vc_column width=\u00bb1\/2&#8243;][vc_column_text]Los elementos flotantes modulares OTTO, derivados de una patente militar, son en curso de certificaci\u00f3n RINA y testados en la UNIVERSIDAD DE PADOVA. Est\u00e1n hechos en color turquesa (para grandes cantidades es posible cambiar el color) que se integra con el color del agua y en dos &hellip;\" \/>\n<meta property=\"og:url\" content=\"https:\/\/gmiotto.it\/es\/\" \/>\n<meta property=\"og:site_name\" content=\"OTTO\" \/>\n<meta property=\"article:modified_time\" content=\"2018-07-13T13:39:46+00:00\" \/>\n<meta name=\"twitter:card\" content=\"summary_large_image\" \/>\n<meta name=\"twitter:label1\" content=\"Tiempo de lectura\" \/>\n\t<meta name=\"twitter:data1\" content=\"6 minutos\" \/>\n<script type=\"application\/ld+json\" class=\"yoast-schema-graph\">{\"@context\":\"https:\/\/schema.org\",\"@graph\":[{\"@type\":\"WebPage\",\"@id\":\"https:\/\/gmiotto.it\/es\/\",\"url\":\"https:\/\/gmiotto.it\/es\/\",\"name\":\"Home - OTTO\",\"isPartOf\":{\"@id\":\"https:\/\/gmiotto.it\/#website\"},\"datePublished\":\"2017-08-17T09:38:04+00:00\",\"dateModified\":\"2018-07-13T13:39:46+00:00\",\"breadcrumb\":{\"@id\":\"https:\/\/gmiotto.it\/es\/#breadcrumb\"},\"inLanguage\":\"es\",\"potentialAction\":[{\"@type\":\"ReadAction\",\"target\":[\"https:\/\/gmiotto.it\/es\/\"]}]},{\"@type\":\"BreadcrumbList\",\"@id\":\"https:\/\/gmiotto.it\/es\/#breadcrumb\",\"itemListElement\":[{\"@type\":\"ListItem\",\"position\":1,\"name\":\"Home\",\"item\":\"https:\/\/gmiotto.it\/es\/\"},{\"@type\":\"ListItem\",\"position\":2,\"name\":\"Home\"}]},{\"@type\":\"WebSite\",\"@id\":\"https:\/\/gmiotto.it\/#website\",\"url\":\"https:\/\/gmiotto.it\/\",\"name\":\"OTTO\",\"description\":\"Pontili galleggianti modulari\",\"publisher\":{\"@id\":\"https:\/\/gmiotto.it\/#organization\"},\"potentialAction\":[{\"@type\":\"SearchAction\",\"target\":{\"@type\":\"EntryPoint\",\"urlTemplate\":\"https:\/\/gmiotto.it\/?s={search_term_string}\"},\"query-input\":{\"@type\":\"PropertyValueSpecification\",\"valueRequired\":true,\"valueName\":\"search_term_string\"}}],\"inLanguage\":\"es\"},{\"@type\":\"Organization\",\"@id\":\"https:\/\/gmiotto.it\/#organization\",\"name\":\"Otto sas di Miotto F. & C.\",\"url\":\"https:\/\/gmiotto.it\/\",\"logo\":{\"@type\":\"ImageObject\",\"inLanguage\":\"es\",\"@id\":\"https:\/\/gmiotto.it\/#\/schema\/logo\/image\/\",\"url\":\"http:\/\/gmiotto.it\/wp-content\/uploads\/2018\/06\/logo_rina.png\",\"contentUrl\":\"http:\/\/gmiotto.it\/wp-content\/uploads\/2018\/06\/logo_rina.png\",\"width\":277,\"height\":66,\"caption\":\"Otto sas di Miotto F. & C.\"},\"image\":{\"@id\":\"https:\/\/gmiotto.it\/#\/schema\/logo\/image\/\"}}]}<\/script>\n<!-- \/ Yoast SEO plugin. -->","yoast_head_json":{"title":"Home - OTTO","robots":{"index":"index","follow":"follow","max-snippet":"max-snippet:-1","max-image-preview":"max-image-preview:large","max-video-preview":"max-video-preview:-1"},"canonical":"https:\/\/gmiotto.it\/es\/","og_locale":"es_ES","og_type":"article","og_title":"Home - OTTO","og_description":"[vc_row][vc_column][vc_column_text] SISTEMA \u00abOTTO\u00bb [\/vc_column_text][layerslider_vc id=\u00bb1&#8243;][\/vc_column][\/vc_row][vc_section][vc_row][vc_column][vc_empty_space][vc_text_separator title=\u00bbMODULOS FLOTANTES OTTO\u00bb][vc_empty_space][\/vc_column][\/vc_row][vc_row][vc_column width=\u00bb1\/2&#8243;][vc_column_text]Los elementos flotantes modulares OTTO, derivados de una patente militar, son en curso de certificaci\u00f3n RINA y testados en la UNIVERSIDAD DE PADOVA. Est\u00e1n hechos en color turquesa (para grandes cantidades es posible cambiar el color) que se integra con el color del agua y en dos &hellip;","og_url":"https:\/\/gmiotto.it\/es\/","og_site_name":"OTTO","article_modified_time":"2018-07-13T13:39:46+00:00","twitter_card":"summary_large_image","twitter_misc":{"Tiempo de lectura":"6 minutos"},"schema":{"@context":"https:\/\/schema.org","@graph":[{"@type":"WebPage","@id":"https:\/\/gmiotto.it\/es\/","url":"https:\/\/gmiotto.it\/es\/","name":"Home - OTTO","isPartOf":{"@id":"https:\/\/gmiotto.it\/#website"},"datePublished":"2017-08-17T09:38:04+00:00","dateModified":"2018-07-13T13:39:46+00:00","breadcrumb":{"@id":"https:\/\/gmiotto.it\/es\/#breadcrumb"},"inLanguage":"es","potentialAction":[{"@type":"ReadAction","target":["https:\/\/gmiotto.it\/es\/"]}]},{"@type":"BreadcrumbList","@id":"https:\/\/gmiotto.it\/es\/#breadcrumb","itemListElement":[{"@type":"ListItem","position":1,"name":"Home","item":"https:\/\/gmiotto.it\/es\/"},{"@type":"ListItem","position":2,"name":"Home"}]},{"@type":"WebSite","@id":"https:\/\/gmiotto.it\/#website","url":"https:\/\/gmiotto.it\/","name":"OTTO","description":"Pontili galleggianti modulari","publisher":{"@id":"https:\/\/gmiotto.it\/#organization"},"potentialAction":[{"@type":"SearchAction","target":{"@type":"EntryPoint","urlTemplate":"https:\/\/gmiotto.it\/?s={search_term_string}"},"query-input":{"@type":"PropertyValueSpecification","valueRequired":true,"valueName":"search_term_string"}}],"inLanguage":"es"},{"@type":"Organization","@id":"https:\/\/gmiotto.it\/#organization","name":"Otto sas di Miotto F. & C.","url":"https:\/\/gmiotto.it\/","logo":{"@type":"ImageObject","inLanguage":"es","@id":"https:\/\/gmiotto.it\/#\/schema\/logo\/image\/","url":"http:\/\/gmiotto.it\/wp-content\/uploads\/2018\/06\/logo_rina.png","contentUrl":"http:\/\/gmiotto.it\/wp-content\/uploads\/2018\/06\/logo_rina.png","width":277,"height":66,"caption":"Otto sas di Miotto F. & C."},"image":{"@id":"https:\/\/gmiotto.it\/#\/schema\/logo\/image\/"}}]}},"_links":{"self":[{"href":"https:\/\/gmiotto.it\/es\/wp-json\/wp\/v2\/pages\/5869","targetHints":{"allow":["GET"]}}],"collection":[{"href":"https:\/\/gmiotto.it\/es\/wp-json\/wp\/v2\/pages"}],"about":[{"href":"https:\/\/gmiotto.it\/es\/wp-json\/wp\/v2\/types\/page"}],"author":[{"embeddable":true,"href":"https:\/\/gmiotto.it\/es\/wp-json\/wp\/v2\/users\/1"}],"replies":[{"embeddable":true,"href":"https:\/\/gmiotto.it\/es\/wp-json\/wp\/v2\/comments?post=5869"}],"version-history":[{"count":0,"href":"https:\/\/gmiotto.it\/es\/wp-json\/wp\/v2\/pages\/5869\/revisions"}],"wp:attachment":[{"href":"https:\/\/gmiotto.it\/es\/wp-json\/wp\/v2\/media?parent=5869"}],"curies":[{"name":"wp","href":"https:\/\/api.w.org\/{rel}","templated":true}]}}