{"id":5871,"date":"2017-08-17T11:41:57","date_gmt":"2017-08-17T09:41:57","guid":{"rendered":"http:\/\/gmiotto.it\/material\/"},"modified":"2022-07-13T10:31:09","modified_gmt":"2022-07-13T08:31:09","slug":"material","status":"publish","type":"page","link":"https:\/\/gmiotto.it\/es\/material\/","title":{"rendered":"Material"},"content":{"rendered":"<div class=\"wpb-content-wrapper\"><p>[vc_row full_width=\u00bbstretch_row\u00bb][vc_column css_animation=\u00bbnone\u00bb][vc_column_text]Los cubos flotantes Otto est\u00e1n hechos con materia prima y no con pl\u00e1stico reciclado, y eso nos permite tener la mejor calidad del mercado y siempre garantizar los m\u00e1s altos est\u00e1ndares de nuestros productos.<\/p>\n<p>El material utilizado para su producci\u00f3n es POLIETHYLENE &#8211; HDPE 56020S de TOTAL perfectamente compatible con el estandard europeo (UE) 2016\/1416. Lo mejor para la producci\u00f3n por inyecci\u00f3n \/ soplado.<\/p>\n<p>El HDPE 56020S certificado por TOTAL que garantiza una densidad molecular de 0,952 gr \/ c m2. El punto de fusi\u00f3n MFI determina la cantidad de material fundido en la unidad de tiempo con una tobera calentada a 190 \u00b0 y el peso preestablecido de Kg. 21.6.<\/p>\n<p>Para dar una idea de la densidad molecular, hay que considerar que se necesitan 10min para inyectar 2 gr. de ese material. La f\u00f3rmula est\u00e1ndar de punto de fusi\u00f3n es MFI (190 \u00b0: 21,6 KG = 2gr X 10 minutos).<\/p>\n<p>Densidad ISO 1183=0,952 g\/cm<sup>2<\/sup><\/p>\n<p>Certificado en Italia por Decreto Ministerial de 21\/03\/1973 ectualizado en 26\/04\/1993, D.M. N\u00b0220 y actualizado el 28\/03\/2003 con D.M. N\u00b0123<\/p>\n<p>Sus caracter\u00edsticas son ideales para el sistema de cubos flotantes Otto, que permite que nuestros elementos sean s\u00f3lidos, el\u00e1sticos y resistentes a los impactos.<\/p>\n<p>Esta materia prima, utilizada para la construcci\u00f3n de nuestros elementos, es extremadamente duradera, \u00f3ptima para todas los esfuerzos marinos, tanto para sal \/ agua dulce como para \u00e1cidos. Tambi\u00e9n es utilizable para el uso alimentario, perfectamente resistente a los rayos UV, que no se pueden deformar en una gama de temperaturas que van desde -60\u00b0 a +80\u00b0 cent\u00edgrados y sobre todo es tambi\u00e9n f\u00e1cilmente reciclable.<\/p>\n<p>&nbsp;<\/p>\n<p>M\u00e1s informaciones sobre este POLYETHYLENE se pueden descargar aqu\u00ed abajo.[\/vc_column_text][vc_empty_space][\/vc_column][\/vc_row][vc_row][vc_column][vc_column_text]<\/p>\n<h3><span id=\"result_box\" class=\"short_text\" lang=\"es\"><span class=\"\">Materiales<\/span> <span class=\"\">descargables<\/span><\/span><\/h3>\n<p>[\/vc_column_text][vc_empty_space][\/vc_column][\/vc_row][vc_row][vc_column width=\u00bb1\/4&#8243;][vc_single_image image=\u00bb4345&#8243; img_size=\u00bbfull\u00bb alignment=\u00bbcenter\u00bb style=\u00bbvc_box_border\u00bb onclick=\u00bbcustom_link\u00bb img_link_target=\u00bb_blank\u00bb link=\u00bbhttp:\/\/gmiotto.it\/wp-content\/uploads\/2017\/06\/3-HDPE_56020S_Sicurezza.pdf\u00bb][\/vc_column][vc_column width=\u00bb1\/4&#8243;][vc_single_image image=\u00bb4341&#8243; img_size=\u00bbfull\u00bb alignment=\u00bbcenter\u00bb style=\u00bbvc_box_border\u00bb onclick=\u00bbcustom_link\u00bb img_link_target=\u00bb_blank\u00bb link=\u00bbhttp:\/\/gmiotto.it\/wp-content\/uploads\/2017\/06\/1-HDPE_56020S.pdf\u00bb][\/vc_column][vc_column width=\u00bb1\/4&#8243;][vc_single_image image=\u00bb4337&#8243; img_size=\u00bbfull\u00bb alignment=\u00bbcenter\u00bb style=\u00bbvc_box_border\u00bb onclick=\u00bbcustom_link\u00bb img_link_target=\u00bb_blank\u00bb link=\u00bbhttp:\/\/gmiotto.it\/wp-content\/uploads\/2017\/06\/4-HDPE_56020S_Safety.pdf\u00bb][\/vc_column][\/vc_row]<\/p>\n<\/div>","protected":false},"excerpt":{"rendered":"<p>[vc_row full_width=\u00bbstretch_row\u00bb][vc_column css_animation=\u00bbnone\u00bb][vc_column_text]Los cubos flotantes Otto est\u00e1n hechos con materia prima y no con pl\u00e1stico reciclado, y eso nos permite tener la mejor calidad del mercado y siempre garantizar los m\u00e1s altos est\u00e1ndares de nuestros productos. El material utilizado para su producci\u00f3n es POLIETHYLENE &#8211; HDPE 56020S de TOTAL perfectamente compatible con el estandard europeo &hellip;<\/p>\n","protected":false},"author":1,"featured_media":0,"parent":0,"menu_order":0,"comment_status":"closed","ping_status":"closed","template":"","meta":{"footnotes":""},"class_list":["post-5871","page","type-page","status-publish","hentry","no-thumb"],"yoast_head":"<!-- This site is optimized with the Yoast SEO plugin v27.2 - https:\/\/yoast.com\/product\/yoast-seo-wordpress\/ -->\n<title>Material - OTTO<\/title>\n<meta name=\"robots\" content=\"index, follow, max-snippet:-1, max-image-preview:large, max-video-preview:-1\" \/>\n<link rel=\"canonical\" href=\"https:\/\/gmiotto.it\/es\/material\/\" \/>\n<meta property=\"og:locale\" content=\"es_ES\" \/>\n<meta property=\"og:type\" content=\"article\" \/>\n<meta property=\"og:title\" content=\"Material - OTTO\" \/>\n<meta property=\"og:description\" content=\"[vc_row full_width=\u00bbstretch_row\u00bb][vc_column css_animation=\u00bbnone\u00bb][vc_column_text]Los cubos flotantes Otto est\u00e1n hechos con materia prima y no con pl\u00e1stico reciclado, y eso nos permite tener la mejor calidad del mercado y siempre garantizar los m\u00e1s altos est\u00e1ndares de nuestros productos. El material utilizado para su producci\u00f3n es POLIETHYLENE &#8211; HDPE 56020S de TOTAL perfectamente compatible con el estandard europeo &hellip;\" \/>\n<meta property=\"og:url\" content=\"https:\/\/gmiotto.it\/es\/material\/\" \/>\n<meta property=\"og:site_name\" content=\"OTTO\" \/>\n<meta property=\"article:modified_time\" content=\"2022-07-13T08:31:09+00:00\" \/>\n<meta name=\"twitter:card\" content=\"summary_large_image\" \/>\n<meta name=\"twitter:label1\" content=\"Tiempo de lectura\" \/>\n\t<meta name=\"twitter:data1\" content=\"2 minutos\" \/>\n<script type=\"application\/ld+json\" class=\"yoast-schema-graph\">{\"@context\":\"https:\/\/schema.org\",\"@graph\":[{\"@type\":\"WebPage\",\"@id\":\"https:\/\/gmiotto.it\/es\/material\/\",\"url\":\"https:\/\/gmiotto.it\/es\/material\/\",\"name\":\"Material - OTTO\",\"isPartOf\":{\"@id\":\"https:\/\/gmiotto.it\/#website\"},\"datePublished\":\"2017-08-17T09:41:57+00:00\",\"dateModified\":\"2022-07-13T08:31:09+00:00\",\"breadcrumb\":{\"@id\":\"https:\/\/gmiotto.it\/es\/material\/#breadcrumb\"},\"inLanguage\":\"es\",\"potentialAction\":[{\"@type\":\"ReadAction\",\"target\":[\"https:\/\/gmiotto.it\/es\/material\/\"]}]},{\"@type\":\"BreadcrumbList\",\"@id\":\"https:\/\/gmiotto.it\/es\/material\/#breadcrumb\",\"itemListElement\":[{\"@type\":\"ListItem\",\"position\":1,\"name\":\"Home\",\"item\":\"https:\/\/gmiotto.it\/es\/\"},{\"@type\":\"ListItem\",\"position\":2,\"name\":\"Material\"}]},{\"@type\":\"WebSite\",\"@id\":\"https:\/\/gmiotto.it\/#website\",\"url\":\"https:\/\/gmiotto.it\/\",\"name\":\"OTTO\",\"description\":\"Pontili galleggianti modulari\",\"publisher\":{\"@id\":\"https:\/\/gmiotto.it\/#organization\"},\"potentialAction\":[{\"@type\":\"SearchAction\",\"target\":{\"@type\":\"EntryPoint\",\"urlTemplate\":\"https:\/\/gmiotto.it\/?s={search_term_string}\"},\"query-input\":{\"@type\":\"PropertyValueSpecification\",\"valueRequired\":true,\"valueName\":\"search_term_string\"}}],\"inLanguage\":\"es\"},{\"@type\":\"Organization\",\"@id\":\"https:\/\/gmiotto.it\/#organization\",\"name\":\"Otto sas di Miotto F. & C.\",\"url\":\"https:\/\/gmiotto.it\/\",\"logo\":{\"@type\":\"ImageObject\",\"inLanguage\":\"es\",\"@id\":\"https:\/\/gmiotto.it\/#\/schema\/logo\/image\/\",\"url\":\"http:\/\/gmiotto.it\/wp-content\/uploads\/2018\/06\/logo_rina.png\",\"contentUrl\":\"http:\/\/gmiotto.it\/wp-content\/uploads\/2018\/06\/logo_rina.png\",\"width\":277,\"height\":66,\"caption\":\"Otto sas di Miotto F. & C.\"},\"image\":{\"@id\":\"https:\/\/gmiotto.it\/#\/schema\/logo\/image\/\"}}]}<\/script>\n<!-- \/ Yoast SEO plugin. -->","yoast_head_json":{"title":"Material - OTTO","robots":{"index":"index","follow":"follow","max-snippet":"max-snippet:-1","max-image-preview":"max-image-preview:large","max-video-preview":"max-video-preview:-1"},"canonical":"https:\/\/gmiotto.it\/es\/material\/","og_locale":"es_ES","og_type":"article","og_title":"Material - OTTO","og_description":"[vc_row full_width=\u00bbstretch_row\u00bb][vc_column css_animation=\u00bbnone\u00bb][vc_column_text]Los cubos flotantes Otto est\u00e1n hechos con materia prima y no con pl\u00e1stico reciclado, y eso nos permite tener la mejor calidad del mercado y siempre garantizar los m\u00e1s altos est\u00e1ndares de nuestros productos. El material utilizado para su producci\u00f3n es POLIETHYLENE &#8211; HDPE 56020S de TOTAL perfectamente compatible con el estandard europeo &hellip;","og_url":"https:\/\/gmiotto.it\/es\/material\/","og_site_name":"OTTO","article_modified_time":"2022-07-13T08:31:09+00:00","twitter_card":"summary_large_image","twitter_misc":{"Tiempo de lectura":"2 minutos"},"schema":{"@context":"https:\/\/schema.org","@graph":[{"@type":"WebPage","@id":"https:\/\/gmiotto.it\/es\/material\/","url":"https:\/\/gmiotto.it\/es\/material\/","name":"Material - OTTO","isPartOf":{"@id":"https:\/\/gmiotto.it\/#website"},"datePublished":"2017-08-17T09:41:57+00:00","dateModified":"2022-07-13T08:31:09+00:00","breadcrumb":{"@id":"https:\/\/gmiotto.it\/es\/material\/#breadcrumb"},"inLanguage":"es","potentialAction":[{"@type":"ReadAction","target":["https:\/\/gmiotto.it\/es\/material\/"]}]},{"@type":"BreadcrumbList","@id":"https:\/\/gmiotto.it\/es\/material\/#breadcrumb","itemListElement":[{"@type":"ListItem","position":1,"name":"Home","item":"https:\/\/gmiotto.it\/es\/"},{"@type":"ListItem","position":2,"name":"Material"}]},{"@type":"WebSite","@id":"https:\/\/gmiotto.it\/#website","url":"https:\/\/gmiotto.it\/","name":"OTTO","description":"Pontili galleggianti modulari","publisher":{"@id":"https:\/\/gmiotto.it\/#organization"},"potentialAction":[{"@type":"SearchAction","target":{"@type":"EntryPoint","urlTemplate":"https:\/\/gmiotto.it\/?s={search_term_string}"},"query-input":{"@type":"PropertyValueSpecification","valueRequired":true,"valueName":"search_term_string"}}],"inLanguage":"es"},{"@type":"Organization","@id":"https:\/\/gmiotto.it\/#organization","name":"Otto sas di Miotto F. & C.","url":"https:\/\/gmiotto.it\/","logo":{"@type":"ImageObject","inLanguage":"es","@id":"https:\/\/gmiotto.it\/#\/schema\/logo\/image\/","url":"http:\/\/gmiotto.it\/wp-content\/uploads\/2018\/06\/logo_rina.png","contentUrl":"http:\/\/gmiotto.it\/wp-content\/uploads\/2018\/06\/logo_rina.png","width":277,"height":66,"caption":"Otto sas di Miotto F. & C."},"image":{"@id":"https:\/\/gmiotto.it\/#\/schema\/logo\/image\/"}}]}},"_links":{"self":[{"href":"https:\/\/gmiotto.it\/es\/wp-json\/wp\/v2\/pages\/5871","targetHints":{"allow":["GET"]}}],"collection":[{"href":"https:\/\/gmiotto.it\/es\/wp-json\/wp\/v2\/pages"}],"about":[{"href":"https:\/\/gmiotto.it\/es\/wp-json\/wp\/v2\/types\/page"}],"author":[{"embeddable":true,"href":"https:\/\/gmiotto.it\/es\/wp-json\/wp\/v2\/users\/1"}],"replies":[{"embeddable":true,"href":"https:\/\/gmiotto.it\/es\/wp-json\/wp\/v2\/comments?post=5871"}],"version-history":[{"count":0,"href":"https:\/\/gmiotto.it\/es\/wp-json\/wp\/v2\/pages\/5871\/revisions"}],"wp:attachment":[{"href":"https:\/\/gmiotto.it\/es\/wp-json\/wp\/v2\/media?parent=5871"}],"curies":[{"name":"wp","href":"https:\/\/api.w.org\/{rel}","templated":true}]}}