{"id":5878,"date":"2017-08-17T13:37:04","date_gmt":"2017-08-17T11:37:04","guid":{"rendered":"http:\/\/gmiotto.it\/sistemas-de-anclaje-otto\/"},"modified":"2017-08-17T13:37:04","modified_gmt":"2017-08-17T11:37:04","slug":"sistemas-de-anclaje-otto","status":"publish","type":"page","link":"https:\/\/gmiotto.it\/es\/sistemas-de-anclaje-otto\/","title":{"rendered":"Sistemas de anclaje Otto"},"content":{"rendered":"<div class=\"wpb-content-wrapper\"><p>[vc_section el_class=\u00bbpanel panel-default\u00bb][vc_row][vc_column width=\u00bb1\/2&#8243;][vc_column_text]<\/p>\n<h3><strong>Sistemas de anclaje Otto<\/strong><\/h3>\n<p>&nbsp;<\/p>\n<p>La empresa <strong>Otto<\/strong> es l\u00edder entre los fabricantes de <strong>cubos flotantes producidos en Italia<\/strong>, es el productor italiano m\u00e1s importante del mundo.<\/p>\n<p>Los <strong>cubos flotantes<\/strong> de polietileno de alta calidad TOTAL HDPE 56020S densidad molecular 0,954 g \/ cm2.<\/p>\n<p>Pueden tener muchos usos como <strong>pasarelas<\/strong>, y organizar <strong>eventos acu<\/strong><strong>\u00e1<\/strong><strong>ticos<\/strong>, <strong>puertos<\/strong>, <strong>muelles<\/strong>, <strong>piscinas flotantes<\/strong>, <strong>plataformas de trabajo<\/strong>, <strong>cultivos de peces<\/strong>, <strong>plantas fotovoltaicas<\/strong>, <strong>casas flotantes<\/strong>, etc.<\/p>\n<p>Los productos <strong>Otto nacen para resistir al mar abierto<\/strong>, por supuesto el problema nace en el <strong>anclaje<\/strong>, y por eso hemos estudiado varios sistemas que, de vez en vez, tienen que ser utilizados para resolver el problema.<\/p>\n<p>Por esta raz\u00f3n proporcionamos una ficha que se debe llenar para dar a nuestra oficina t\u00e9cnica informaciones \u00fatiles y suficiente para sugerir <strong>los sistemas de anclaje<\/strong> m\u00e1s apropiados para el usuario final.[\/vc_column_text][vc_column_text]<\/p>\n<p style=\"text-align: center;\"><a class=\"link\" href=\"http:\/\/gmiotto.it\/sistemi-ancoraggio\/scheda_ancoraggio_it.pdf\" target=\"_blank\" rel=\"noopener\"><img decoding=\"async\" class=\"aligncenter\" src=\"http:\/\/gmiotto.it\/images\/icona-pdf.gif\" alt=\"Questionario per la progettazione dell' ancoraggio\" border=\"0\" \/>download ficha de fondeadero<\/a><\/p>\n<p>[\/vc_column_text][\/vc_column][vc_column width=\u00bb1\/2&#8243;][vc_column_text]<\/p>\n<p style=\"text-align: center;\"><strong>Sistemas de anclaje Otto<\/strong><\/p>\n<p>[\/vc_column_text][vc_media_grid element_width=\u00bb3&#8243; gap=\u00bb30&#8243; item=\u00bbmediaGrid_ScaleWithRotation\u00bb grid_id=\u00bbvc_gid:1498033790769-7d38ca90-b8fb-6&#8243; include=\u00bb2187,2188,2189,2201,2200,2199,2190,2191,2193,2194,2196,2197,2198,2202,2203,2192&#8243;][\/vc_column][\/vc_row][\/vc_section]<\/p>\n<\/div>","protected":false},"excerpt":{"rendered":"<p>[vc_section el_class=\u00bbpanel panel-default\u00bb][vc_row][vc_column width=\u00bb1\/2&#8243;][vc_column_text] Sistemas de anclaje Otto &nbsp; La empresa Otto es l\u00edder entre los fabricantes de cubos flotantes producidos en Italia, es el productor italiano m\u00e1s importante del mundo. Los cubos flotantes de polietileno de alta calidad TOTAL HDPE 56020S densidad molecular 0,954 g \/ cm2. Pueden tener muchos usos como pasarelas, y &hellip;<\/p>\n","protected":false},"author":1,"featured_media":0,"parent":0,"menu_order":0,"comment_status":"closed","ping_status":"closed","template":"","meta":{"footnotes":""},"class_list":["post-5878","page","type-page","status-publish","hentry","no-thumb"],"yoast_head":"<!-- This site is optimized with the Yoast SEO plugin v27.4 - https:\/\/yoast.com\/product\/yoast-seo-wordpress\/ -->\n<title>Sistemas de anclaje Otto - OTTO<\/title>\n<meta name=\"robots\" content=\"index, follow, max-snippet:-1, max-image-preview:large, max-video-preview:-1\" \/>\n<link rel=\"canonical\" href=\"https:\/\/gmiotto.it\/es\/sistemas-de-anclaje-otto\/\" \/>\n<meta property=\"og:locale\" content=\"es_ES\" \/>\n<meta property=\"og:type\" content=\"article\" \/>\n<meta property=\"og:title\" content=\"Sistemas de anclaje Otto - OTTO\" \/>\n<meta property=\"og:description\" content=\"[vc_section el_class=\u00bbpanel panel-default\u00bb][vc_row][vc_column width=\u00bb1\/2&#8243;][vc_column_text] Sistemas de anclaje Otto &nbsp; La empresa Otto es l\u00edder entre los fabricantes de cubos flotantes producidos en Italia, es el productor italiano m\u00e1s importante del mundo. Los cubos flotantes de polietileno de alta calidad TOTAL HDPE 56020S densidad molecular 0,954 g \/ cm2. Pueden tener muchos usos como pasarelas, y &hellip;\" \/>\n<meta property=\"og:url\" content=\"https:\/\/gmiotto.it\/es\/sistemas-de-anclaje-otto\/\" \/>\n<meta property=\"og:site_name\" content=\"OTTO\" \/>\n<meta property=\"og:image\" content=\"http:\/\/gmiotto.it\/images\/icona-pdf.gif\" \/>\n<meta name=\"twitter:card\" content=\"summary_large_image\" \/>\n<meta name=\"twitter:label1\" content=\"Tiempo de lectura\" \/>\n\t<meta name=\"twitter:data1\" content=\"1 minuto\" \/>\n<script type=\"application\/ld+json\" class=\"yoast-schema-graph\">{\"@context\":\"https:\\\/\\\/schema.org\",\"@graph\":[{\"@type\":\"WebPage\",\"@id\":\"https:\\\/\\\/gmiotto.it\\\/es\\\/sistemas-de-anclaje-otto\\\/\",\"url\":\"https:\\\/\\\/gmiotto.it\\\/es\\\/sistemas-de-anclaje-otto\\\/\",\"name\":\"Sistemas de anclaje Otto - OTTO\",\"isPartOf\":{\"@id\":\"https:\\\/\\\/gmiotto.it\\\/#website\"},\"primaryImageOfPage\":{\"@id\":\"https:\\\/\\\/gmiotto.it\\\/es\\\/sistemas-de-anclaje-otto\\\/#primaryimage\"},\"image\":{\"@id\":\"https:\\\/\\\/gmiotto.it\\\/es\\\/sistemas-de-anclaje-otto\\\/#primaryimage\"},\"thumbnailUrl\":\"http:\\\/\\\/gmiotto.it\\\/images\\\/icona-pdf.gif\",\"datePublished\":\"2017-08-17T11:37:04+00:00\",\"breadcrumb\":{\"@id\":\"https:\\\/\\\/gmiotto.it\\\/es\\\/sistemas-de-anclaje-otto\\\/#breadcrumb\"},\"inLanguage\":\"es\",\"potentialAction\":[{\"@type\":\"ReadAction\",\"target\":[\"https:\\\/\\\/gmiotto.it\\\/es\\\/sistemas-de-anclaje-otto\\\/\"]}]},{\"@type\":\"ImageObject\",\"inLanguage\":\"es\",\"@id\":\"https:\\\/\\\/gmiotto.it\\\/es\\\/sistemas-de-anclaje-otto\\\/#primaryimage\",\"url\":\"http:\\\/\\\/gmiotto.it\\\/images\\\/icona-pdf.gif\",\"contentUrl\":\"http:\\\/\\\/gmiotto.it\\\/images\\\/icona-pdf.gif\"},{\"@type\":\"BreadcrumbList\",\"@id\":\"https:\\\/\\\/gmiotto.it\\\/es\\\/sistemas-de-anclaje-otto\\\/#breadcrumb\",\"itemListElement\":[{\"@type\":\"ListItem\",\"position\":1,\"name\":\"Home\",\"item\":\"https:\\\/\\\/gmiotto.it\\\/es\\\/\"},{\"@type\":\"ListItem\",\"position\":2,\"name\":\"Sistemas de anclaje Otto\"}]},{\"@type\":\"WebSite\",\"@id\":\"https:\\\/\\\/gmiotto.it\\\/#website\",\"url\":\"https:\\\/\\\/gmiotto.it\\\/\",\"name\":\"OTTO\",\"description\":\"Pontili galleggianti modulari\",\"publisher\":{\"@id\":\"https:\\\/\\\/gmiotto.it\\\/#organization\"},\"potentialAction\":[{\"@type\":\"SearchAction\",\"target\":{\"@type\":\"EntryPoint\",\"urlTemplate\":\"https:\\\/\\\/gmiotto.it\\\/?s={search_term_string}\"},\"query-input\":{\"@type\":\"PropertyValueSpecification\",\"valueRequired\":true,\"valueName\":\"search_term_string\"}}],\"inLanguage\":\"es\"},{\"@type\":\"Organization\",\"@id\":\"https:\\\/\\\/gmiotto.it\\\/#organization\",\"name\":\"Otto sas di Miotto F. & C.\",\"url\":\"https:\\\/\\\/gmiotto.it\\\/\",\"logo\":{\"@type\":\"ImageObject\",\"inLanguage\":\"es\",\"@id\":\"https:\\\/\\\/gmiotto.it\\\/#\\\/schema\\\/logo\\\/image\\\/\",\"url\":\"http:\\\/\\\/gmiotto.it\\\/wp-content\\\/uploads\\\/2018\\\/06\\\/logo_rina.png\",\"contentUrl\":\"http:\\\/\\\/gmiotto.it\\\/wp-content\\\/uploads\\\/2018\\\/06\\\/logo_rina.png\",\"width\":277,\"height\":66,\"caption\":\"Otto sas di Miotto F. & C.\"},\"image\":{\"@id\":\"https:\\\/\\\/gmiotto.it\\\/#\\\/schema\\\/logo\\\/image\\\/\"}}]}<\/script>\n<!-- \/ Yoast SEO plugin. -->","yoast_head_json":{"title":"Sistemas de anclaje Otto - OTTO","robots":{"index":"index","follow":"follow","max-snippet":"max-snippet:-1","max-image-preview":"max-image-preview:large","max-video-preview":"max-video-preview:-1"},"canonical":"https:\/\/gmiotto.it\/es\/sistemas-de-anclaje-otto\/","og_locale":"es_ES","og_type":"article","og_title":"Sistemas de anclaje Otto - OTTO","og_description":"[vc_section el_class=\u00bbpanel panel-default\u00bb][vc_row][vc_column width=\u00bb1\/2&#8243;][vc_column_text] Sistemas de anclaje Otto &nbsp; La empresa Otto es l\u00edder entre los fabricantes de cubos flotantes producidos en Italia, es el productor italiano m\u00e1s importante del mundo. Los cubos flotantes de polietileno de alta calidad TOTAL HDPE 56020S densidad molecular 0,954 g \/ cm2. Pueden tener muchos usos como pasarelas, y &hellip;","og_url":"https:\/\/gmiotto.it\/es\/sistemas-de-anclaje-otto\/","og_site_name":"OTTO","og_image":[{"url":"http:\/\/gmiotto.it\/images\/icona-pdf.gif","type":"","width":"","height":""}],"twitter_card":"summary_large_image","twitter_misc":{"Tiempo de lectura":"1 minuto"},"schema":{"@context":"https:\/\/schema.org","@graph":[{"@type":"WebPage","@id":"https:\/\/gmiotto.it\/es\/sistemas-de-anclaje-otto\/","url":"https:\/\/gmiotto.it\/es\/sistemas-de-anclaje-otto\/","name":"Sistemas de anclaje Otto - OTTO","isPartOf":{"@id":"https:\/\/gmiotto.it\/#website"},"primaryImageOfPage":{"@id":"https:\/\/gmiotto.it\/es\/sistemas-de-anclaje-otto\/#primaryimage"},"image":{"@id":"https:\/\/gmiotto.it\/es\/sistemas-de-anclaje-otto\/#primaryimage"},"thumbnailUrl":"http:\/\/gmiotto.it\/images\/icona-pdf.gif","datePublished":"2017-08-17T11:37:04+00:00","breadcrumb":{"@id":"https:\/\/gmiotto.it\/es\/sistemas-de-anclaje-otto\/#breadcrumb"},"inLanguage":"es","potentialAction":[{"@type":"ReadAction","target":["https:\/\/gmiotto.it\/es\/sistemas-de-anclaje-otto\/"]}]},{"@type":"ImageObject","inLanguage":"es","@id":"https:\/\/gmiotto.it\/es\/sistemas-de-anclaje-otto\/#primaryimage","url":"http:\/\/gmiotto.it\/images\/icona-pdf.gif","contentUrl":"http:\/\/gmiotto.it\/images\/icona-pdf.gif"},{"@type":"BreadcrumbList","@id":"https:\/\/gmiotto.it\/es\/sistemas-de-anclaje-otto\/#breadcrumb","itemListElement":[{"@type":"ListItem","position":1,"name":"Home","item":"https:\/\/gmiotto.it\/es\/"},{"@type":"ListItem","position":2,"name":"Sistemas de anclaje Otto"}]},{"@type":"WebSite","@id":"https:\/\/gmiotto.it\/#website","url":"https:\/\/gmiotto.it\/","name":"OTTO","description":"Pontili galleggianti modulari","publisher":{"@id":"https:\/\/gmiotto.it\/#organization"},"potentialAction":[{"@type":"SearchAction","target":{"@type":"EntryPoint","urlTemplate":"https:\/\/gmiotto.it\/?s={search_term_string}"},"query-input":{"@type":"PropertyValueSpecification","valueRequired":true,"valueName":"search_term_string"}}],"inLanguage":"es"},{"@type":"Organization","@id":"https:\/\/gmiotto.it\/#organization","name":"Otto sas di Miotto F. & C.","url":"https:\/\/gmiotto.it\/","logo":{"@type":"ImageObject","inLanguage":"es","@id":"https:\/\/gmiotto.it\/#\/schema\/logo\/image\/","url":"http:\/\/gmiotto.it\/wp-content\/uploads\/2018\/06\/logo_rina.png","contentUrl":"http:\/\/gmiotto.it\/wp-content\/uploads\/2018\/06\/logo_rina.png","width":277,"height":66,"caption":"Otto sas di Miotto F. & C."},"image":{"@id":"https:\/\/gmiotto.it\/#\/schema\/logo\/image\/"}}]}},"_links":{"self":[{"href":"https:\/\/gmiotto.it\/es\/wp-json\/wp\/v2\/pages\/5878","targetHints":{"allow":["GET"]}}],"collection":[{"href":"https:\/\/gmiotto.it\/es\/wp-json\/wp\/v2\/pages"}],"about":[{"href":"https:\/\/gmiotto.it\/es\/wp-json\/wp\/v2\/types\/page"}],"author":[{"embeddable":true,"href":"https:\/\/gmiotto.it\/es\/wp-json\/wp\/v2\/users\/1"}],"replies":[{"embeddable":true,"href":"https:\/\/gmiotto.it\/es\/wp-json\/wp\/v2\/comments?post=5878"}],"version-history":[{"count":0,"href":"https:\/\/gmiotto.it\/es\/wp-json\/wp\/v2\/pages\/5878\/revisions"}],"wp:attachment":[{"href":"https:\/\/gmiotto.it\/es\/wp-json\/wp\/v2\/media?parent=5878"}],"curies":[{"name":"wp","href":"https:\/\/api.w.org\/{rel}","templated":true}]}}