{"id":5820,"date":"2017-08-14T10:32:27","date_gmt":"2017-08-14T08:32:27","guid":{"rendered":"http:\/\/gmiotto.it\/assemblage-cubes-flottants\/"},"modified":"2022-07-13T10:49:55","modified_gmt":"2022-07-13T08:49:55","slug":"assemblage-cubes-flottants","status":"publish","type":"page","link":"https:\/\/gmiotto.it\/fr\/assemblage-cubes-flottants\/","title":{"rendered":"Assemblage cubes flottants"},"content":{"rendered":"<div class=\"wpb-content-wrapper\"><p>[vc_row][vc_column][vc_video link=\u00a0\u00bbhttps:\/\/www.youtube.com\/watch?v=UtVYHCGjbVo\u00a0\u00bb][\/vc_column][\/vc_row][vc_row][vc_column][vc_cta h2=\u00a0\u00bbCliquez ici et t\u00e9l\u00e9chargez le PDF avec les instructions\u00a0\u00bb h2_font_container=\u00a0\u00bbtag:h2|font_size:28px|text_align:left\u00a0\u00bb h2_use_theme_fonts=\u00a0\u00bbyes\u00a0\u00bb txt_align=\u00a0\u00bbcenter\u00a0\u00bb shape=\u00a0\u00bbsquare\u00a0\u00bb add_icon=\u00a0\u00bbright\u00a0\u00bb i_icon_fontawesome=\u00a0\u00bbfar fa-file-pdf\u00a0\u00bb i_color=\u00a0\u00bbjuicy_pink\u00a0\u00bb i_background_style=\u00a0\u00bbrounded\u00a0\u00bb i_background_color=\u00a0\u00bbwhite\u00a0\u00bb i_size=\u00a0\u00bblg\u00a0\u00bb i_css_animation=\u00a0\u00bbfadeInLeft\u00a0\u00bb use_custom_fonts_h2=\u00a0\u00bbtrue\u00a0\u00bb i_on_border=\u00a0\u00bbtrue\u00a0\u00bb i_link=\u00a0\u00bburl:http%3A%2F%2Fgmiotto.it%2Fwp-content%2Fuploads%2F2017%2F07%2FIstruzioni_cubi_galleggianti_it.pdf|target:_blank\u00a0\u00bb][\/vc_cta][\/vc_column][\/vc_row][vc_row][vc_column width=\u00a0\u00bb1\/3&Prime;][vc_column_text]<\/p>\n<h5>Assemblage du Dispositif de Mouillage Standard [Art. 814]<\/h5>\n<p>[\/vc_column_text][vc_raw_html]JTNDaWZyYW1lJTIwd2lkdGglM0QlMjI1NjAlMjIlMjBoZWlnaHQlM0QlMjIzMTUlMjIlMjBzcmMlM0QlMjJodHRwcyUzQSUyRiUyRnd3dy55b3V0dWJlLmNvbSUyRmVtYmVkJTJGV2RaMjlHcGZ6VnMlM0ZyZWwlM0QwJTI2YW1wJTNCY29udHJvbHMlM0QwJTIyJTIwZnJhbWVib3JkZXIlM0QlMjIwJTIyJTIwYWxsb3clM0QlMjJhdXRvcGxheSUzQiUyMGVuY3J5cHRlZC1tZWRpYSUyMiUyMGFsbG93ZnVsbHNjcmVlbiUzRSUzQyUyRmlmcmFtZSUzRQ==[\/vc_raw_html][\/vc_column][vc_column width=\u00a0\u00bb1\/3&Prime;][vc_column_text]<\/p>\n<h5>Assemblage du Dispositif de Mouillage Grand [Art. 814b]<\/h5>\n<p>[\/vc_column_text][vc_raw_html]JTNDaWZyYW1lJTIwd2lkdGglM0QlMjI1NjAlMjIlMjBoZWlnaHQlM0QlMjIzMTUlMjIlMjBzcmMlM0QlMjJodHRwcyUzQSUyRiUyRnd3dy55b3V0dWJlLmNvbSUyRmVtYmVkJTJGb3h3M2YxSkVqVG8lM0ZyZWwlM0QwJTI2YW1wJTNCY29udHJvbHMlM0QwJTIyJTIwZnJhbWVib3JkZXIlM0QlMjIwJTIyJTIwYWxsb3clM0QlMjJhdXRvcGxheSUzQiUyMGVuY3J5cHRlZC1tZWRpYSUyMiUyMGFsbG93ZnVsbHNjcmVlbiUzRSUzQyUyRmlmcmFtZSUzRQ==[\/vc_raw_html][\/vc_column][vc_column width=\u00a0\u00bb1\/3&Prime;][vc_column_text]<\/p>\n<h5>Assemblage du Dispositif de Mouillage Petit [Art. 814c]<\/h5>\n<p>[\/vc_column_text][vc_raw_html]JTNDaWZyYW1lJTIwd2lkdGglM0QlMjI1NjAlMjIlMjBoZWlnaHQlM0QlMjIzMTUlMjIlMjBzcmMlM0QlMjJodHRwcyUzQSUyRiUyRnd3dy55b3V0dWJlLmNvbSUyRmVtYmVkJTJGV3VGUzZHNFhLWVElM0ZyZWwlM0QwJTI2YW1wJTNCY29udHJvbHMlM0QwJTIyJTIwZnJhbWVib3JkZXIlM0QlMjIwJTIyJTIwYWxsb3clM0QlMjJhdXRvcGxheSUzQiUyMGVuY3J5cHRlZC1tZWRpYSUyMiUyMGFsbG93ZnVsbHNjcmVlbiUzRSUzQyUyRmlmcmFtZSUzRQ==[\/vc_raw_html][\/vc_column][\/vc_row][vc_row][vc_column width=\u00a0\u00bb1\/3&Prime;][vc_column_text]<\/p>\n<h5>Assemblage du Pal INOX ou Galvanis\u00e9 [Art. 818 \/ 818b]<\/h5>\n<p>[\/vc_column_text][vc_raw_html]JTNDaWZyYW1lJTIwd2lkdGglM0QlMjI1NjAlMjIlMjBoZWlnaHQlM0QlMjIzMTUlMjIlMjBzcmMlM0QlMjJodHRwcyUzQSUyRiUyRnd3dy55b3V0dWJlLmNvbSUyRmVtYmVkJTJGeURNdzFDN1gxeTQlM0ZyZWwlM0QwJTI2YW1wJTNCY29udHJvbHMlM0QwJTIyJTIwZnJhbWVib3JkZXIlM0QlMjIwJTIyJTIwYWxsb3clM0QlMjJhdXRvcGxheSUzQiUyMGVuY3J5cHRlZC1tZWRpYSUyMiUyMGFsbG93ZnVsbHNjcmVlbiUzRSUzQyUyRmlmcmFtZSUzRQ==[\/vc_raw_html][\/vc_column][vc_column width=\u00a0\u00bb1\/3&Prime;][vc_column_text]<\/p>\n<h5>Assemblage su Pal Angulaire INOX [Art. 819]<\/h5>\n<p>[\/vc_column_text][vc_raw_html]JTNDaWZyYW1lJTIwd2lkdGglM0QlMjI1NjAlMjIlMjBoZWlnaHQlM0QlMjIzMTUlMjIlMjBzcmMlM0QlMjJodHRwcyUzQSUyRiUyRnd3dy55b3V0dWJlLmNvbSUyRmVtYmVkJTJGbmU2VlhYU1YtTkElM0ZyZWwlM0QwJTI2YW1wJTNCY29udHJvbHMlM0QwJTIyJTIwZnJhbWVib3JkZXIlM0QlMjIwJTIyJTIwYWxsb3clM0QlMjJhdXRvcGxheSUzQiUyMGVuY3J5cHRlZC1tZWRpYSUyMiUyMGFsbG93ZnVsbHNjcmVlbiUzRSUzQyUyRmlmcmFtZSUzRQ==[\/vc_raw_html][\/vc_column][vc_column width=\u00a0\u00bb1\/3&Prime;][vc_column_text]<\/p>\n<h5>Assemblage su Pal Angulaire Galvanis\u00e9 [Art. 819b]<\/h5>\n<p>[\/vc_column_text][vc_raw_html]JTNDaWZyYW1lJTIwd2lkdGglM0QlMjI1NjAlMjIlMjBoZWlnaHQlM0QlMjIzMTUlMjIlMjBzcmMlM0QlMjJodHRwcyUzQSUyRiUyRnd3dy55b3V0dWJlLmNvbSUyRmVtYmVkJTJGcXc0RDd4d3diM3clM0ZyZWwlM0QwJTI2YW1wJTNCY29udHJvbHMlM0QwJTIyJTIwZnJhbWVib3JkZXIlM0QlMjIwJTIyJTIwYWxsb3clM0QlMjJhdXRvcGxheSUzQiUyMGVuY3J5cHRlZC1tZWRpYSUyMiUyMGFsbG93ZnVsbHNjcmVlbiUzRSUzQyUyRmlmcmFtZSUzRQ==[\/vc_raw_html][\/vc_column][\/vc_row][vc_row][vc_column width=\u00a0\u00bb1\/3&Prime;][vc_column_text]<\/p>\n<h5>Assemblage du Taquette d&rsquo;Ammarage [Art. 820 \/ 820b]<\/h5>\n<p>[\/vc_column_text][vc_raw_html]JTNDaWZyYW1lJTIwd2lkdGglM0QlMjI1NjAlMjIlMjBoZWlnaHQlM0QlMjIzMTUlMjIlMjBzcmMlM0QlMjJodHRwcyUzQSUyRiUyRnd3dy55b3V0dWJlLmNvbSUyRmVtYmVkJTJGQnljSGdYTWE2cU0lM0ZyZWwlM0QwJTI2YW1wJTNCY29udHJvbHMlM0QwJTIyJTIwZnJhbWVib3JkZXIlM0QlMjIwJTIyJTIwYWxsb3clM0QlMjJhdXRvcGxheSUzQiUyMGVuY3J5cHRlZC1tZWRpYSUyMiUyMGFsbG93ZnVsbHNjcmVlbiUzRSUzQyUyRmlmcmFtZSUzRQ==[\/vc_raw_html][\/vc_column][vc_column width=\u00a0\u00bb1\/3&Prime;][vc_column_text]<\/p>\n<h5>Assemblage du Echelle INOX [Art. 821]<\/h5>\n<p>[\/vc_column_text][vc_raw_html]JTNDaWZyYW1lJTIwd2lkdGglM0QlMjI1NjAlMjIlMjBoZWlnaHQlM0QlMjIzMTUlMjIlMjBzcmMlM0QlMjJodHRwcyUzQSUyRiUyRnd3dy55b3V0dWJlLmNvbSUyRmVtYmVkJTJGQ3d6UUNQbW9kZzQlM0ZyZWwlM0QwJTI2YW1wJTNCY29udHJvbHMlM0QwJTIyJTIwZnJhbWVib3JkZXIlM0QlMjIwJTIyJTIwYWxsb3clM0QlMjJhdXRvcGxheSUzQiUyMGVuY3J5cHRlZC1tZWRpYSUyMiUyMGFsbG93ZnVsbHNjcmVlbiUzRSUzQyUyRmlmcmFtZSUzRQ==[\/vc_raw_html][\/vc_column][vc_column width=\u00a0\u00bb1\/3&Prime;][vc_column_text]<\/p>\n<h5 class=\"small\">Assemblage du Guidage pour Pole\/Fender Galvanis\u00e9 [Art. 849\/850]<\/h5>\n<p>[\/vc_column_text][vc_raw_html]JTNDaWZyYW1lJTIwd2lkdGglM0QlMjI1NjAlMjIlMjBoZWlnaHQlM0QlMjIzMTUlMjIlMjBzcmMlM0QlMjJodHRwcyUzQSUyRiUyRnd3dy55b3V0dWJlLmNvbSUyRmVtYmVkJTJGal95VVBTcXpuOEElM0ZyZWwlM0QwJTI2YW1wJTNCY29udHJvbHMlM0QwJTIyJTIwZnJhbWVib3JkZXIlM0QlMjIwJTIyJTIwYWxsb3clM0QlMjJhdXRvcGxheSUzQiUyMGVuY3J5cHRlZC1tZWRpYSUyMiUyMGFsbG93ZnVsbHNjcmVlbiUzRSUzQyUyRmlmcmFtZSUzRQ==[\/vc_raw_html][\/vc_column][\/vc_row][vc_row][vc_column width=\u00a0\u00bb1\/2&Prime;][vc_column_text]<\/p>\n<h3>PRODUCTION ET QUALIT\u00c9S OTTO<\/h3>\n<p>Les cubes flottants Huit sont r\u00e9alis\u00e9s avec un des meilleurs mat\u00e9riaux pour la production de polypropylene par injection et par soufflage:<\/p>\n<p>La mati\u00e8re HDPE 56020S certifi\u00e9s par TOTAL garantit une densit\u00e9 mol\u00e9culaire de 0,954 g \/ cm2 Le point de fusion MFI d\u00e9terminant la quantit\u00e9 de mati\u00e8re fondue par unit\u00e9 de temps avec la buse chauff\u00e9e \u00e0 190 \u00b0 et dispos\u00e9 kg de poids 21,6.<\/p>\n<p>Pour donner une id\u00e9e de la densit\u00e9 mol\u00e9culaire, il faut consid\u00e9rer que sont n\u00e9cessaires 10min \u00e0 injecter 2 gr. de ce mat\u00e9riau. La formule standard de point de fusion est de MFI (190 \u00b0. 21,6 KG = 2g x 10 minutes).<\/p>\n<p>Tous les produits OTTO sont construits avec du mat\u00e9riel original (ne pas utilis\u00e9 des mat\u00e9riaux recycl\u00e9s).<\/p>\n<p>Notre exp\u00e9rience, acquise au fil de nombreuses ann\u00e9es, assure que le syst\u00e8me OTTO, vous donnera de nombreux avantages pour votre entreprise.<\/p>\n<h3>BOUCHONS DE REMPLISSAGE ET DE FERMETURE<\/h3>\n<p>Notre bouchon de fermeture a un fil qui permet le passage de l&rsquo;air. pour laisser \u00e0 l&rsquo;air \u00e0 l&rsquo;int\u00e9rieur de se dilater et s&rsquo;\u00e9quilibrer avec l&rsquo;ext\u00e9rieur avant le positionnement.<\/p>\n<p>Une fois que le cube est positionn\u00e9 le bouchon de fermeture est assur\u00e9e par un joint.<\/p>\n<p>Le m\u00eame trou est utilis\u00e9 pour l&rsquo;insertion d&rsquo;eau en fonction du niveau de flottabilit\u00e9 que vous voulez.<\/p>\n<h3>FOND CONCAVE OTTO<\/h3>\n<p>Le fond concave Otto assure une meilleure adh\u00e9rence \u00e0 la surface de l&rsquo;eau.<\/p>\n<h3>VIS DE FIXATION LAT\u00c9RALES<\/h3>\n<p>Sur le fond des fentes de cube, il y a de petites encoches pour l\u2019 anti-d\u00e9vissage de les \u00e9crous. Pour deux raisons:<\/p>\n<ol>\n<li>Parce qu&rsquo;ils ne peuvent pas d\u00e9visser avec la mer agit\u00e9e.<\/li>\n<li>Ils agissent comme anti vol.<\/li>\n<\/ol>\n<p>&nbsp;<\/p>\n<h3>CONNECTEUR<\/h3>\n<p>Ils ont un syst\u00e8me \u00e9prouv\u00e9 des secteurs \/ ailettes pour assurer un verrouillage optimal.<\/p>\n<p>Ces broches peuvent \u00eatre verrouill\u00e9es et d\u00e9verrouill\u00e9es avec leur cl\u00e9.<\/p>\n<h3>POURQUOI CHOISIR OTTO<\/h3>\n<p>Le syst\u00e8me modulaire Otto est extr\u00eamement flexible. Nos clients utilisent les \u00e9l\u00e9ments flottants Otto aujourd&rsquo;hui comme comme une radeau, demain comme un ponton, et la prochaine saison comme en tant que plate-forme \u00e9tape \/ flottante ou la pisciculture.<\/p>\n<p>Un type d&rsquo;utilisateur n&rsquo;exclut pas une autre. Notre client donc jamais fait mal dans le choix par la taille ou par utilisation.<\/p>\n<p>Comment \u00ea facile \u00e0 monter, notre produit \u00ea aussi simple \u00e0 d\u00e9monter; plut\u00f4t que pi\u00e8ce par pi\u00e8ce, peut-\u00eatre dans des blocs d&rsquo;une certaine taille, qui peut \u00eatre lav\u00e9 \u00e0 terre empil\u00e9s pour une r\u00e9utilisation dans la saison suivante.<\/p>\n<p>Les instructions de montage sont inclus dans chaque livraison et vous permettre d&rsquo;\u00eatre autonome. Il est \u00e9vident que nous pouvons offrir notre supervision lors du montage.<\/p>\n<p>Avant d&rsquo;assembler les \u00e9l\u00e9ments, vous devez fermer les bouchons de remplissage avec la cl\u00e9 appropri\u00e9e.[\/vc_column_text][\/vc_column][vc_column width=\u00a0\u00bb1\/2&Prime;][vc_cta h2=\u00a0\u00bb\u00a0\u00bb h4=\u00a0\u00bbPour plus d&rsquo;informations cliquez ici.\u00a0\u00bb txt_align=\u00a0\u00bbcenter\u00a0\u00bb add_button=\u00a0\u00bbbottom\u00a0\u00bb btn_title=\u00a0\u00bbDemande d&rsquo;information\u00a0\u00bb btn_style=\u00a0\u00bboutline\u00a0\u00bb btn_color=\u00a0\u00bbpeacoc\u00a0\u00bb btn_align=\u00a0\u00bbcenter\u00a0\u00bb add_icon=\u00a0\u00bbleft\u00a0\u00bb i_type=\u00a0\u00bbopeniconic\u00a0\u00bb i_icon_openiconic=\u00a0\u00bbvc-oi vc-oi-info\u00a0\u00bb i_color=\u00a0\u00bbgrey\u00a0\u00bb i_background_style=\u00a0\u00bbrounded\u00a0\u00bb i_background_color=\u00a0\u00bbpeacoc\u00a0\u00bb i_size=\u00a0\u00bblg\u00a0\u00bb css_animation=\u00a0\u00bbtop-to-bottom\u00a0\u00bb btn_el_class=\u00a0\u00bbrichiesta_info\u00a0\u00bb][\/vc_cta][vc_column_text]La soci\u00e9t\u00e9 OTTO, r\u00e9alis\u00e9 pendant des ann\u00e9es, des plates-formes et embarcad\u00e8res passerelles modulaires, en utilisant des cubes flottants poly\u00e9thyl\u00e8ne.<\/p>\n<p>Voici quelques exemples d&rsquo;utilisation de nos cubes:<\/p>\n<ul>\n<li>Barri\u00e8res de protection<\/li>\n<li>Vague de att\u00e9nuateurs<\/li>\n<li>Docks<\/li>\n<li>Quais<\/li>\n<li>Aquaculture<\/li>\n<li>\u00c9v\u00e9nements sur l\u2019eau<\/li>\n<li>Plates-formes flottantes<\/li>\n<li>Piscines flottantes<\/li>\n<li>Piscines flottantes avec l&rsquo;eau purifi\u00e9e<\/li>\n<li>Syst\u00e8mes flottants photovolta\u00efques<\/li>\n<li>Stations baln\u00e9aires<\/li>\n<li>Passerelles flottant<\/li>\n<li>Radeaux<\/li>\n<li>Pontons<\/li>\n<li>Parcs pour jeux d&rsquo;eau<\/li>\n<li>Chantiers navals<\/li>\n<li>Plates-formes pour le lancement de feux d&rsquo;artifice<\/li>\n<li>G\u00e9ologie marine<\/li>\n<li>Routes flottant<\/li>\n<li>Travail maritime<\/li>\n<li>Cours de golf flottant<\/li>\n<li>Trampolines pour le ski nautique<\/li>\n<\/ul>\n<p>Le syst\u00e8me Otto peut aider \u00e0 de nombreuses catastrophes:<\/p>\n<ul>\n<li>Inondations<\/li>\n<li>Op\u00e9rations des services d&rsquo;incendie<\/li>\n<li>Policie maritime<\/li>\n<li>D\u00e9fense civile[\/vc_column_text][\/vc_column][\/vc_row][vc_row disable_element=\u00a0\u00bbyes\u00a0\u00bb][vc_column][vc_media_grid element_width=\u00a0\u00bb2&Prime; gap=\u00a0\u00bb30&Prime; item=\u00a0\u00bb3217&Prime; grid_id=\u00a0\u00bbvc_gid:1657702145446-91365fbf0908e980f6a8059e08eba49e-4&Prime; include=\u00a0\u00bb3759,3755,3751,3763,3767,3771,3775,3783,3779,3795,3791,3787,3799,3803,3819,3815,3811,3807,3715,3711,3707,3747,3743,3739,3735,3731,3727&Prime;][\/vc_column][\/vc_row][vc_row disable_element=\u00a0\u00bbyes\u00a0\u00bb][vc_column][vc_column_text]<\/li>\n<\/ul>\n<h3 style=\"text-align: left;\"><strong><span class=\"short_text\" lang=\"fr\">Instructions de montage des <\/span><\/strong><strong><span id=\"result_box\" class=\"short_text\" lang=\"fr\">cubes <\/span><\/strong><\/h3>\n<h3 style=\"text-align: left;\"><strong><span id=\"result_box\" class=\"short_text\" lang=\"fr\">flottants <span class=\"\">Otto<\/span><\/span><\/strong><\/h3>\n<p style=\"text-align: left;\"><span id=\"result_box\" class=\"\" lang=\"fr\"><span class=\"\">PDF<\/span> <span class=\"\">avec les instructions<\/span> <span class=\"\">pour l&rsquo;assemblage<\/span> de cubes flottants <span class=\"\">Otto<\/span><span class=\"\">.<\/span><\/span><\/p>\n<p align=\"justify\">[\/vc_column_text][\/vc_column][\/vc_row][vc_row disable_element=\u00a0\u00bbyes\u00a0\u00bb][vc_column][vc_single_image image=\u00a0\u00bb3703&Prime; img_size=\u00a0\u00bbfull\u00a0\u00bb alignment=\u00a0\u00bbcenter\u00a0\u00bb style=\u00a0\u00bbvc_box_border\u00a0\u00bb onclick=\u00a0\u00bbcustom_link\u00a0\u00bb img_link_target=\u00a0\u00bb_blank\u00a0\u00bb link=\u00a0\u00bbhttp:\/\/gmiotto.it\/wp-content\/uploads\/2017\/07\/Istruzioni_cubi_galleggianti_it.pdf\u00a0\u00bb][\/vc_column][\/vc_row][vc_row][vc_column][vc_column_text][\/vc_column_text][\/vc_column][\/vc_row]<\/p>\n<\/div>","protected":false},"excerpt":{"rendered":"<p>[vc_row][vc_column][vc_video link=\u00a0\u00bbhttps:\/\/www.youtube.com\/watch?v=UtVYHCGjbVo\u00a0\u00bb][\/vc_column][\/vc_row][vc_row][vc_column][vc_cta h2=\u00a0\u00bbCliquez ici et t\u00e9l\u00e9chargez le PDF avec les instructions\u00a0\u00bb h2_font_container=\u00a0\u00bbtag:h2|font_size:28px|text_align:left\u00a0\u00bb h2_use_theme_fonts=\u00a0\u00bbyes\u00a0\u00bb txt_align=\u00a0\u00bbcenter\u00a0\u00bb shape=\u00a0\u00bbsquare\u00a0\u00bb add_icon=\u00a0\u00bbright\u00a0\u00bb i_icon_fontawesome=\u00a0\u00bbfar fa-file-pdf\u00a0\u00bb i_color=\u00a0\u00bbjuicy_pink\u00a0\u00bb i_background_style=\u00a0\u00bbrounded\u00a0\u00bb i_background_color=\u00a0\u00bbwhite\u00a0\u00bb i_size=\u00a0\u00bblg\u00a0\u00bb i_css_animation=\u00a0\u00bbfadeInLeft\u00a0\u00bb use_custom_fonts_h2=\u00a0\u00bbtrue\u00a0\u00bb i_on_border=\u00a0\u00bbtrue\u00a0\u00bb i_link=\u00a0\u00bburl:http%3A%2F%2Fgmiotto.it%2Fwp-content%2Fuploads%2F2017%2F07%2FIstruzioni_cubi_galleggianti_it.pdf|target:_blank\u00a0\u00bb][\/vc_cta][\/vc_column][\/vc_row][vc_row][vc_column width=\u00a0\u00bb1\/3&Prime;][vc_column_text] Assemblage du Dispositif de Mouillage Standard [Art. 814] [\/vc_column_text][vc_raw_html]JTNDaWZyYW1lJTIwd2lkdGglM0QlMjI1NjAlMjIlMjBoZWlnaHQlM0QlMjIzMTUlMjIlMjBzcmMlM0QlMjJodHRwcyUzQSUyRiUyRnd3dy55b3V0dWJlLmNvbSUyRmVtYmVkJTJGV2RaMjlHcGZ6VnMlM0ZyZWwlM0QwJTI2YW1wJTNCY29udHJvbHMlM0QwJTIyJTIwZnJhbWVib3JkZXIlM0QlMjIwJTIyJTIwYWxsb3clM0QlMjJhdXRvcGxheSUzQiUyMGVuY3J5cHRlZC1tZWRpYSUyMiUyMGFsbG93ZnVsbHNjcmVlbiUzRSUzQyUyRmlmcmFtZSUzRQ==[\/vc_raw_html][\/vc_column][vc_column width=\u00a0\u00bb1\/3&Prime;][vc_column_text] Assemblage du Dispositif de Mouillage Grand [Art. 814b] [\/vc_column_text][vc_raw_html]JTNDaWZyYW1lJTIwd2lkdGglM0QlMjI1NjAlMjIlMjBoZWlnaHQlM0QlMjIzMTUlMjIlMjBzcmMlM0QlMjJodHRwcyUzQSUyRiUyRnd3dy55b3V0dWJlLmNvbSUyRmVtYmVkJTJGb3h3M2YxSkVqVG8lM0ZyZWwlM0QwJTI2YW1wJTNCY29udHJvbHMlM0QwJTIyJTIwZnJhbWVib3JkZXIlM0QlMjIwJTIyJTIwYWxsb3clM0QlMjJhdXRvcGxheSUzQiUyMGVuY3J5cHRlZC1tZWRpYSUyMiUyMGFsbG93ZnVsbHNjcmVlbiUzRSUzQyUyRmlmcmFtZSUzRQ==[\/vc_raw_html][\/vc_column][vc_column width=\u00a0\u00bb1\/3&Prime;][vc_column_text] Assemblage du Dispositif de Mouillage Petit [Art. 814c] &hellip;<\/p>\n","protected":false},"author":1,"featured_media":0,"parent":0,"menu_order":0,"comment_status":"closed","ping_status":"closed","template":"","meta":{"footnotes":""},"class_list":["post-5820","page","type-page","status-publish","hentry","no-thumb"],"yoast_head":"<!-- This site is optimized with the Yoast SEO plugin v27.2 - https:\/\/yoast.com\/product\/yoast-seo-wordpress\/ -->\n<title>Assemblage cubes flottants - OTTO<\/title>\n<meta name=\"robots\" content=\"index, follow, max-snippet:-1, max-image-preview:large, max-video-preview:-1\" \/>\n<link rel=\"canonical\" href=\"https:\/\/gmiotto.it\/fr\/assemblage-cubes-flottants\/\" \/>\n<meta property=\"og:locale\" content=\"fr_FR\" \/>\n<meta property=\"og:type\" content=\"article\" \/>\n<meta property=\"og:title\" content=\"Assemblage cubes flottants - OTTO\" \/>\n<meta property=\"og:description\" content=\"[vc_row][vc_column][vc_video link=\u00a0\u00bbhttps:\/\/www.youtube.com\/watch?v=UtVYHCGjbVo\u00a0\u00bb][\/vc_column][\/vc_row][vc_row][vc_column][vc_cta h2=\u00a0\u00bbCliquez ici et t\u00e9l\u00e9chargez le PDF avec les instructions\u00a0\u00bb h2_font_container=\u00a0\u00bbtag:h2|font_size:28px|text_align:left\u00a0\u00bb h2_use_theme_fonts=\u00a0\u00bbyes\u00a0\u00bb txt_align=\u00a0\u00bbcenter\u00a0\u00bb shape=\u00a0\u00bbsquare\u00a0\u00bb add_icon=\u00a0\u00bbright\u00a0\u00bb i_icon_fontawesome=\u00a0\u00bbfar fa-file-pdf\u00a0\u00bb i_color=\u00a0\u00bbjuicy_pink\u00a0\u00bb i_background_style=\u00a0\u00bbrounded\u00a0\u00bb i_background_color=\u00a0\u00bbwhite\u00a0\u00bb i_size=\u00a0\u00bblg\u00a0\u00bb i_css_animation=\u00a0\u00bbfadeInLeft\u00a0\u00bb use_custom_fonts_h2=\u00a0\u00bbtrue\u00a0\u00bb i_on_border=\u00a0\u00bbtrue\u00a0\u00bb i_link=\u00a0\u00bburl:http%3A%2F%2Fgmiotto.it%2Fwp-content%2Fuploads%2F2017%2F07%2FIstruzioni_cubi_galleggianti_it.pdf|target:_blank\u00a0\u00bb][\/vc_cta][\/vc_column][\/vc_row][vc_row][vc_column width=\u00a0\u00bb1\/3&Prime;][vc_column_text] Assemblage du Dispositif de Mouillage Standard [Art. 814] [\/vc_column_text][vc_raw_html]JTNDaWZyYW1lJTIwd2lkdGglM0QlMjI1NjAlMjIlMjBoZWlnaHQlM0QlMjIzMTUlMjIlMjBzcmMlM0QlMjJodHRwcyUzQSUyRiUyRnd3dy55b3V0dWJlLmNvbSUyRmVtYmVkJTJGV2RaMjlHcGZ6VnMlM0ZyZWwlM0QwJTI2YW1wJTNCY29udHJvbHMlM0QwJTIyJTIwZnJhbWVib3JkZXIlM0QlMjIwJTIyJTIwYWxsb3clM0QlMjJhdXRvcGxheSUzQiUyMGVuY3J5cHRlZC1tZWRpYSUyMiUyMGFsbG93ZnVsbHNjcmVlbiUzRSUzQyUyRmlmcmFtZSUzRQ==[\/vc_raw_html][\/vc_column][vc_column width=\u00a0\u00bb1\/3&Prime;][vc_column_text] Assemblage du Dispositif de Mouillage Grand [Art. 814b] [\/vc_column_text][vc_raw_html]JTNDaWZyYW1lJTIwd2lkdGglM0QlMjI1NjAlMjIlMjBoZWlnaHQlM0QlMjIzMTUlMjIlMjBzcmMlM0QlMjJodHRwcyUzQSUyRiUyRnd3dy55b3V0dWJlLmNvbSUyRmVtYmVkJTJGb3h3M2YxSkVqVG8lM0ZyZWwlM0QwJTI2YW1wJTNCY29udHJvbHMlM0QwJTIyJTIwZnJhbWVib3JkZXIlM0QlMjIwJTIyJTIwYWxsb3clM0QlMjJhdXRvcGxheSUzQiUyMGVuY3J5cHRlZC1tZWRpYSUyMiUyMGFsbG93ZnVsbHNjcmVlbiUzRSUzQyUyRmlmcmFtZSUzRQ==[\/vc_raw_html][\/vc_column][vc_column width=\u00a0\u00bb1\/3&Prime;][vc_column_text] Assemblage du Dispositif de Mouillage Petit [Art. 814c] &hellip;\" \/>\n<meta property=\"og:url\" content=\"https:\/\/gmiotto.it\/fr\/assemblage-cubes-flottants\/\" \/>\n<meta property=\"og:site_name\" content=\"OTTO\" \/>\n<meta property=\"article:modified_time\" content=\"2022-07-13T08:49:55+00:00\" \/>\n<meta name=\"twitter:card\" content=\"summary_large_image\" \/>\n<meta name=\"twitter:label1\" content=\"Dur\u00e9e de lecture estim\u00e9e\" \/>\n\t<meta name=\"twitter:data1\" content=\"7 minutes\" \/>\n<script type=\"application\/ld+json\" class=\"yoast-schema-graph\">{\"@context\":\"https:\/\/schema.org\",\"@graph\":[{\"@type\":\"WebPage\",\"@id\":\"https:\/\/gmiotto.it\/fr\/assemblage-cubes-flottants\/\",\"url\":\"https:\/\/gmiotto.it\/fr\/assemblage-cubes-flottants\/\",\"name\":\"Assemblage cubes flottants - OTTO\",\"isPartOf\":{\"@id\":\"https:\/\/gmiotto.it\/#website\"},\"datePublished\":\"2017-08-14T08:32:27+00:00\",\"dateModified\":\"2022-07-13T08:49:55+00:00\",\"breadcrumb\":{\"@id\":\"https:\/\/gmiotto.it\/fr\/assemblage-cubes-flottants\/#breadcrumb\"},\"inLanguage\":\"fr-FR\",\"potentialAction\":[{\"@type\":\"ReadAction\",\"target\":[\"https:\/\/gmiotto.it\/fr\/assemblage-cubes-flottants\/\"]}]},{\"@type\":\"BreadcrumbList\",\"@id\":\"https:\/\/gmiotto.it\/fr\/assemblage-cubes-flottants\/#breadcrumb\",\"itemListElement\":[{\"@type\":\"ListItem\",\"position\":1,\"name\":\"Home\",\"item\":\"https:\/\/gmiotto.it\/fr\/\"},{\"@type\":\"ListItem\",\"position\":2,\"name\":\"Assemblage cubes flottants\"}]},{\"@type\":\"WebSite\",\"@id\":\"https:\/\/gmiotto.it\/#website\",\"url\":\"https:\/\/gmiotto.it\/\",\"name\":\"OTTO\",\"description\":\"Pontili galleggianti modulari\",\"publisher\":{\"@id\":\"https:\/\/gmiotto.it\/#organization\"},\"potentialAction\":[{\"@type\":\"SearchAction\",\"target\":{\"@type\":\"EntryPoint\",\"urlTemplate\":\"https:\/\/gmiotto.it\/?s={search_term_string}\"},\"query-input\":{\"@type\":\"PropertyValueSpecification\",\"valueRequired\":true,\"valueName\":\"search_term_string\"}}],\"inLanguage\":\"fr-FR\"},{\"@type\":\"Organization\",\"@id\":\"https:\/\/gmiotto.it\/#organization\",\"name\":\"Otto sas di Miotto F. & C.\",\"url\":\"https:\/\/gmiotto.it\/\",\"logo\":{\"@type\":\"ImageObject\",\"inLanguage\":\"fr-FR\",\"@id\":\"https:\/\/gmiotto.it\/#\/schema\/logo\/image\/\",\"url\":\"http:\/\/gmiotto.it\/wp-content\/uploads\/2018\/06\/logo_rina.png\",\"contentUrl\":\"http:\/\/gmiotto.it\/wp-content\/uploads\/2018\/06\/logo_rina.png\",\"width\":277,\"height\":66,\"caption\":\"Otto sas di Miotto F. & C.\"},\"image\":{\"@id\":\"https:\/\/gmiotto.it\/#\/schema\/logo\/image\/\"}}]}<\/script>\n<!-- \/ Yoast SEO plugin. -->","yoast_head_json":{"title":"Assemblage cubes flottants - OTTO","robots":{"index":"index","follow":"follow","max-snippet":"max-snippet:-1","max-image-preview":"max-image-preview:large","max-video-preview":"max-video-preview:-1"},"canonical":"https:\/\/gmiotto.it\/fr\/assemblage-cubes-flottants\/","og_locale":"fr_FR","og_type":"article","og_title":"Assemblage cubes flottants - OTTO","og_description":"[vc_row][vc_column][vc_video link=\u00a0\u00bbhttps:\/\/www.youtube.com\/watch?v=UtVYHCGjbVo\u00a0\u00bb][\/vc_column][\/vc_row][vc_row][vc_column][vc_cta h2=\u00a0\u00bbCliquez ici et t\u00e9l\u00e9chargez le PDF avec les instructions\u00a0\u00bb h2_font_container=\u00a0\u00bbtag:h2|font_size:28px|text_align:left\u00a0\u00bb h2_use_theme_fonts=\u00a0\u00bbyes\u00a0\u00bb txt_align=\u00a0\u00bbcenter\u00a0\u00bb shape=\u00a0\u00bbsquare\u00a0\u00bb add_icon=\u00a0\u00bbright\u00a0\u00bb i_icon_fontawesome=\u00a0\u00bbfar fa-file-pdf\u00a0\u00bb i_color=\u00a0\u00bbjuicy_pink\u00a0\u00bb i_background_style=\u00a0\u00bbrounded\u00a0\u00bb i_background_color=\u00a0\u00bbwhite\u00a0\u00bb i_size=\u00a0\u00bblg\u00a0\u00bb i_css_animation=\u00a0\u00bbfadeInLeft\u00a0\u00bb use_custom_fonts_h2=\u00a0\u00bbtrue\u00a0\u00bb i_on_border=\u00a0\u00bbtrue\u00a0\u00bb i_link=\u00a0\u00bburl:http%3A%2F%2Fgmiotto.it%2Fwp-content%2Fuploads%2F2017%2F07%2FIstruzioni_cubi_galleggianti_it.pdf|target:_blank\u00a0\u00bb][\/vc_cta][\/vc_column][\/vc_row][vc_row][vc_column width=\u00a0\u00bb1\/3&Prime;][vc_column_text] Assemblage du Dispositif de Mouillage Standard [Art. 814] [\/vc_column_text][vc_raw_html]JTNDaWZyYW1lJTIwd2lkdGglM0QlMjI1NjAlMjIlMjBoZWlnaHQlM0QlMjIzMTUlMjIlMjBzcmMlM0QlMjJodHRwcyUzQSUyRiUyRnd3dy55b3V0dWJlLmNvbSUyRmVtYmVkJTJGV2RaMjlHcGZ6VnMlM0ZyZWwlM0QwJTI2YW1wJTNCY29udHJvbHMlM0QwJTIyJTIwZnJhbWVib3JkZXIlM0QlMjIwJTIyJTIwYWxsb3clM0QlMjJhdXRvcGxheSUzQiUyMGVuY3J5cHRlZC1tZWRpYSUyMiUyMGFsbG93ZnVsbHNjcmVlbiUzRSUzQyUyRmlmcmFtZSUzRQ==[\/vc_raw_html][\/vc_column][vc_column width=\u00a0\u00bb1\/3&Prime;][vc_column_text] Assemblage du Dispositif de Mouillage Grand [Art. 814b] [\/vc_column_text][vc_raw_html]JTNDaWZyYW1lJTIwd2lkdGglM0QlMjI1NjAlMjIlMjBoZWlnaHQlM0QlMjIzMTUlMjIlMjBzcmMlM0QlMjJodHRwcyUzQSUyRiUyRnd3dy55b3V0dWJlLmNvbSUyRmVtYmVkJTJGb3h3M2YxSkVqVG8lM0ZyZWwlM0QwJTI2YW1wJTNCY29udHJvbHMlM0QwJTIyJTIwZnJhbWVib3JkZXIlM0QlMjIwJTIyJTIwYWxsb3clM0QlMjJhdXRvcGxheSUzQiUyMGVuY3J5cHRlZC1tZWRpYSUyMiUyMGFsbG93ZnVsbHNjcmVlbiUzRSUzQyUyRmlmcmFtZSUzRQ==[\/vc_raw_html][\/vc_column][vc_column width=\u00a0\u00bb1\/3&Prime;][vc_column_text] Assemblage du Dispositif de Mouillage Petit [Art. 814c] &hellip;","og_url":"https:\/\/gmiotto.it\/fr\/assemblage-cubes-flottants\/","og_site_name":"OTTO","article_modified_time":"2022-07-13T08:49:55+00:00","twitter_card":"summary_large_image","twitter_misc":{"Dur\u00e9e de lecture estim\u00e9e":"7 minutes"},"schema":{"@context":"https:\/\/schema.org","@graph":[{"@type":"WebPage","@id":"https:\/\/gmiotto.it\/fr\/assemblage-cubes-flottants\/","url":"https:\/\/gmiotto.it\/fr\/assemblage-cubes-flottants\/","name":"Assemblage cubes flottants - OTTO","isPartOf":{"@id":"https:\/\/gmiotto.it\/#website"},"datePublished":"2017-08-14T08:32:27+00:00","dateModified":"2022-07-13T08:49:55+00:00","breadcrumb":{"@id":"https:\/\/gmiotto.it\/fr\/assemblage-cubes-flottants\/#breadcrumb"},"inLanguage":"fr-FR","potentialAction":[{"@type":"ReadAction","target":["https:\/\/gmiotto.it\/fr\/assemblage-cubes-flottants\/"]}]},{"@type":"BreadcrumbList","@id":"https:\/\/gmiotto.it\/fr\/assemblage-cubes-flottants\/#breadcrumb","itemListElement":[{"@type":"ListItem","position":1,"name":"Home","item":"https:\/\/gmiotto.it\/fr\/"},{"@type":"ListItem","position":2,"name":"Assemblage cubes flottants"}]},{"@type":"WebSite","@id":"https:\/\/gmiotto.it\/#website","url":"https:\/\/gmiotto.it\/","name":"OTTO","description":"Pontili galleggianti modulari","publisher":{"@id":"https:\/\/gmiotto.it\/#organization"},"potentialAction":[{"@type":"SearchAction","target":{"@type":"EntryPoint","urlTemplate":"https:\/\/gmiotto.it\/?s={search_term_string}"},"query-input":{"@type":"PropertyValueSpecification","valueRequired":true,"valueName":"search_term_string"}}],"inLanguage":"fr-FR"},{"@type":"Organization","@id":"https:\/\/gmiotto.it\/#organization","name":"Otto sas di Miotto F. & C.","url":"https:\/\/gmiotto.it\/","logo":{"@type":"ImageObject","inLanguage":"fr-FR","@id":"https:\/\/gmiotto.it\/#\/schema\/logo\/image\/","url":"http:\/\/gmiotto.it\/wp-content\/uploads\/2018\/06\/logo_rina.png","contentUrl":"http:\/\/gmiotto.it\/wp-content\/uploads\/2018\/06\/logo_rina.png","width":277,"height":66,"caption":"Otto sas di Miotto F. & C."},"image":{"@id":"https:\/\/gmiotto.it\/#\/schema\/logo\/image\/"}}]}},"_links":{"self":[{"href":"https:\/\/gmiotto.it\/fr\/wp-json\/wp\/v2\/pages\/5820","targetHints":{"allow":["GET"]}}],"collection":[{"href":"https:\/\/gmiotto.it\/fr\/wp-json\/wp\/v2\/pages"}],"about":[{"href":"https:\/\/gmiotto.it\/fr\/wp-json\/wp\/v2\/types\/page"}],"author":[{"embeddable":true,"href":"https:\/\/gmiotto.it\/fr\/wp-json\/wp\/v2\/users\/1"}],"replies":[{"embeddable":true,"href":"https:\/\/gmiotto.it\/fr\/wp-json\/wp\/v2\/comments?post=5820"}],"version-history":[{"count":0,"href":"https:\/\/gmiotto.it\/fr\/wp-json\/wp\/v2\/pages\/5820\/revisions"}],"wp:attachment":[{"href":"https:\/\/gmiotto.it\/fr\/wp-json\/wp\/v2\/media?parent=5820"}],"curies":[{"name":"wp","href":"https:\/\/api.w.org\/{rel}","templated":true}]}}