{"id":5825,"date":"2017-08-14T11:05:03","date_gmt":"2017-08-14T09:05:03","guid":{"rendered":"http:\/\/gmiotto.it\/elements\/"},"modified":"2017-08-30T15:46:25","modified_gmt":"2017-08-30T13:46:25","slug":"elements","status":"publish","type":"page","link":"https:\/\/gmiotto.it\/fr\/elements\/","title":{"rendered":"\u00c9l\u00e9ments"},"content":{"rendered":"<div class=\"wpb-content-wrapper\"><p>[vc_row full_width=\u00a0\u00bbstretch_row\u00a0\u00bb][vc_column css_animation=\u00a0\u00bbnone\u00a0\u00bb width=\u00a0\u00bb2\/4&Prime;][layerslider_vc id=\u00a0\u00bb2&Prime;][vc_empty_space 0=\u00a0\u00bb\u00a0\u00bb][\/vc_column][vc_column width=\u00a0\u00bb2\/4&Prime;][vc_row_inner equal_height=\u00a0\u00bbyes\u00a0\u00bb css=\u00a0\u00bb.vc_custom_1498558188562{margin-right: 1px !important;}\u00a0\u00bb][vc_column_inner width=\u00a0\u00bb1\/4&Prime; offset=\u00a0\u00bbvc_col-xs-6&Prime;][vc_single_image image=\u00a0\u00bb2647&Prime;][\/vc_column_inner][vc_column_inner width=\u00a0\u00bb3\/4&Prime; css=\u00a0\u00bb.vc_custom_1498556521864{background-color: rgba(30,115,190,0.25) !important;*background-color: rgb(30,115,190) !important;}\u00a0\u00bb offset=\u00a0\u00bbvc_col-xs-6&Prime;][vc_column_text 0=\u00a0\u00bb\u00a0\u00bb el_class=\u00a0\u00bbno-text-margin\u00a0\u00bb]<\/p>\n<h5>Les cubes doubles<\/h5>\n<p><em>art. 800<\/em><br \/>\n<em>50X100X40cm 11 Kg<\/em><br \/>\n<em>Turquoise<\/em>[\/vc_column_text][\/vc_column_inner][\/vc_row_inner][vc_empty_space 0=\u00a0\u00bb\u00a0\u00bb][vc_row_inner equal_height=\u00a0\u00bbyes\u00a0\u00bb css=\u00a0\u00bb.vc_custom_1498558258456{margin-right: 1px !important;}\u00a0\u00bb][vc_column_inner width=\u00a0\u00bb1\/4&Prime; offset=\u00a0\u00bbvc_col-xs-6&Prime;][vc_single_image image=\u00a0\u00bb2648&Prime;][\/vc_column_inner][vc_column_inner width=\u00a0\u00bb3\/4&Prime; css=\u00a0\u00bb.vc_custom_1498557268242{background-color: rgba(30,115,190,0.25) !important;*background-color: rgb(30,115,190) !important;}\u00a0\u00bb offset=\u00a0\u00bbvc_col-xs-6&Prime;][vc_column_text 0=\u00a0\u00bb\u00a0\u00bb el_class=\u00a0\u00bbno-text-margin\u00a0\u00bb]<\/p>\n<h5>Les cubes seules<\/h5>\n<p><em>art. 801<\/em><br \/>\n<em>50X50X40cm 6 Kg<\/em><br \/>\n<em>Turquoise<\/em>[\/vc_column_text][\/vc_column_inner][\/vc_row_inner][vc_empty_space 0=\u00a0\u00bb\u00a0\u00bb][vc_row_inner equal_height=\u00a0\u00bbyes\u00a0\u00bb css=\u00a0\u00bb.vc_custom_1498558262246{margin-right: 1px !important;}\u00a0\u00bb][vc_column_inner width=\u00a0\u00bb1\/4&Prime; offset=\u00a0\u00bbvc_col-xs-6&Prime;][vc_single_image image=\u00a0\u00bb2644&Prime;][\/vc_column_inner][vc_column_inner width=\u00a0\u00bb3\/4&Prime; css=\u00a0\u00bb.vc_custom_1498556521864{background-color: rgba(30,115,190,0.25) !important;*background-color: rgb(30,115,190) !important;}\u00a0\u00bb offset=\u00a0\u00bbvc_col-xs-6&Prime;][vc_column_text 0=\u00a0\u00bb\u00a0\u00bb el_class=\u00a0\u00bbno-text-margin\u00a0\u00bb]<\/p>\n<h5>Les connecteurs<\/h5>\n<p><em>art. 802<\/em><br \/>\n<em>0,6 Kg<\/em><br \/>\n<em>Turquoise<\/em>[\/vc_column_text][\/vc_column_inner][\/vc_row_inner][vc_empty_space 0=\u00a0\u00bb\u00a0\u00bb][vc_row_inner equal_height=\u00a0\u00bbyes\u00a0\u00bb css=\u00a0\u00bb.vc_custom_1498558266149{margin-right: 1px !important;}\u00a0\u00bb][vc_column_inner width=\u00a0\u00bb1\/4&Prime; offset=\u00a0\u00bbvc_col-xs-6&Prime;][vc_single_image image=\u00a0\u00bb2645&Prime;][\/vc_column_inner][vc_column_inner width=\u00a0\u00bb3\/4&Prime; css=\u00a0\u00bb.vc_custom_1498556521864{background-color: rgba(30,115,190,0.25) !important;*background-color: rgb(30,115,190) !important;}\u00a0\u00bb offset=\u00a0\u00bbvc_col-xs-6&Prime;][vc_column_text 0=\u00a0\u00bb\u00a0\u00bb el_class=\u00a0\u00bbno-text-margin\u00a0\u00bb]<\/p>\n<h5>Les vis avec \u00e9crou<\/h5>\n<p><em>art. 803<\/em><br \/>\n<em>0,3 Kg<\/em><br \/>\n<em>Noir<\/em>[\/vc_column_text][\/vc_column_inner][\/vc_row_inner][vc_empty_space 0=\u00a0\u00bb\u00a0\u00bb][vc_row_inner equal_height=\u00a0\u00bbyes\u00a0\u00bb css=\u00a0\u00bb.vc_custom_1498558270369{margin-right: 1px !important;}\u00a0\u00bb][vc_column_inner width=\u00a0\u00bb1\/4&Prime; offset=\u00a0\u00bbvc_col-xs-6&Prime;][vc_single_image image=\u00a0\u00bb2646&Prime;][\/vc_column_inner][vc_column_inner width=\u00a0\u00bb3\/4&Prime; css=\u00a0\u00bb.vc_custom_1498556521864{background-color: rgba(30,115,190,0.25) !important;*background-color: rgb(30,115,190) !important;}\u00a0\u00bb offset=\u00a0\u00bbvc_col-xs-6&Prime;][vc_column_text 0=\u00a0\u00bb\u00a0\u00bb el_class=\u00a0\u00bbno-text-margin\u00a0\u00bb]<\/p>\n<h5>Les spacers grandes<\/h5>\n<p><em>art. 804<\/em><br \/>\n<em>32mm 0,2 Kg<\/em><br \/>\n<em>Noir<\/em>[\/vc_column_text][\/vc_column_inner][\/vc_row_inner][\/vc_column][\/vc_row][vc_row 0=\u00a0\u00bb\u00a0\u00bb][vc_column 0=\u00a0\u00bb\u00a0\u00bb][vc_empty_space 0=\u00a0\u00bb\u00a0\u00bb][vc_column_text 0=\u00a0\u00bb\u00a0\u00bb]\u00c9l\u00e9ments<\/p>\n<p>Les principaux \u00e9l\u00e9ments du syst\u00e8me Otto sont:<\/p>\n<ul>\n<li>Les cubes doubles (100x50x40cm)<\/li>\n<li>Les cubes seules (50x50x40cm)<\/li>\n<li>Les connecteurs<\/li>\n<li>Les vis avec \u00e9crou<\/li>\n<li>Les spacers grandes<\/li>\n<\/ul>\n<p>&nbsp;<\/p>\n<p>Tous les cubes, dans les coins o\u00f9 il y a des fentes (les cubes doubles m\u00eame au milieu) ont des points en relief allant de 1 \u00e0 4, 1 \u00e9tant la plus haute et 4 la plus faible, ils servent \u00e0 indiquer la hauteur de la fente.<\/p>\n<p>&nbsp;<\/p>\n<p>Pour assembler, les cubes vont tous dispos\u00e9s avec la valve du m\u00eame c\u00f4t\u00e9.<\/p>\n<p>Lorsque les fentes ne touchent pas les uns sur les autres, vous devez entrer le spacer, donc unir les cubes.<\/p>\n<p>&nbsp;<\/p>\n<p>Pour fixer les cubes entre eux, vous utilisez les connecteur qui vont ins\u00e9r\u00e9s dans les trous et tourn\u00e9 de 45 \u00b0 avec la cl\u00e9 appropri\u00e9e. Dans le p\u00e9rim\u00e8tre ext\u00e9rieur doit \u00eatre utilis\u00e9 les vis avec \u00e9crou.[\/vc_column_text][vc_empty_space 0=\u00a0\u00bb\u00a0\u00bb][\/vc_column][\/vc_row][vc_row 0=\u00a0\u00bb\u00a0\u00bb][vc_column 0=\u00a0\u00bb\u00a0\u00bb width=\u00a0\u00bb1\/2&Prime;][vc_empty_space 0=\u00a0\u00bb\u00a0\u00bb][vc_column_text 0=\u00a0\u00bb\u00a0\u00bb]<\/p>\n<h3 style=\"text-align: center;\">\u00c9l\u00e9ments du syst\u00e8me Otto<\/h3>\n<p>[\/vc_column_text][vc_empty_space 0=\u00a0\u00bb\u00a0\u00bb][\/vc_column][vc_column width=\u00a0\u00bb1\/2&Prime;][vc_empty_space 0=\u00a0\u00bb\u00a0\u00bb][vc_column_text 0=\u00a0\u00bb\u00a0\u00bb]<\/p>\n<h3 style=\"text-align: center;\"><span id=\"result_box\" class=\"short_text\" lang=\"fr\">Des exemples de flottant <span class=\"\">Otto<\/span><\/span><\/h3>\n<p>[\/vc_column_text][vc_empty_space 0=\u00a0\u00bb\u00a0\u00bb][\/vc_column][\/vc_row][vc_row][vc_column width=\u00a0\u00bb1\/2&Prime;][vc_single_image image=\u00a0\u00bb2678&Prime; img_size=\u00a0\u00bbmedium\u00a0\u00bb add_caption=\u00a0\u00bbyes\u00a0\u00bb alignment=\u00a0\u00bbcenter\u00a0\u00bb style=\u00a0\u00bbvc_box_border\u00a0\u00bb onclick=\u00a0\u00bbcustom_link\u00a0\u00bb img_link_target=\u00a0\u00bb_blank\u00a0\u00bb link=\u00a0\u00bb..\/wp-content\/uploads\/2017\/06\/Componenti-2017.pdf\u00a0\u00bb][\/vc_column][vc_column width=\u00a0\u00bb1\/2&Prime;][vc_single_image image=\u00a0\u00bb2695&Prime; img_size=\u00a0\u00bbmedium\u00a0\u00bb add_caption=\u00a0\u00bbyes\u00a0\u00bb alignment=\u00a0\u00bbcenter\u00a0\u00bb style=\u00a0\u00bbvc_box_border\u00a0\u00bb onclick=\u00a0\u00bbcustom_link\u00a0\u00bb img_link_target=\u00a0\u00bb_blank\u00a0\u00bb link=\u00a0\u00bb..\/wp_gmiotto\/wp-content\/uploads\/2017\/06\/Esempi_ITA.pdf\u00a0\u00bb][\/vc_column][\/vc_row]<\/p>\n<\/div>","protected":false},"excerpt":{"rendered":"<p>[vc_row full_width=\u00a0\u00bbstretch_row\u00a0\u00bb][vc_column css_animation=\u00a0\u00bbnone\u00a0\u00bb width=\u00a0\u00bb2\/4&Prime;][layerslider_vc id=\u00a0\u00bb2&Prime;][vc_empty_space 0=\u00a0\u00bb\u00a0\u00bb][\/vc_column][vc_column width=\u00a0\u00bb2\/4&Prime;][vc_row_inner equal_height=\u00a0\u00bbyes\u00a0\u00bb css=\u00a0\u00bb.vc_custom_1498558188562{margin-right: 1px !important;}\u00a0\u00bb][vc_column_inner width=\u00a0\u00bb1\/4&Prime; offset=\u00a0\u00bbvc_col-xs-6&Prime;][vc_single_image image=\u00a0\u00bb2647&Prime;][\/vc_column_inner][vc_column_inner width=\u00a0\u00bb3\/4&Prime; css=\u00a0\u00bb.vc_custom_1498556521864{background-color: rgba(30,115,190,0.25) !important;*background-color: rgb(30,115,190) !important;}\u00a0\u00bb offset=\u00a0\u00bbvc_col-xs-6&Prime;][vc_column_text 0=\u00a0\u00bb\u00a0\u00bb el_class=\u00a0\u00bbno-text-margin\u00a0\u00bb] Les cubes doubles art. 800 50X100X40cm 11 Kg Turquoise[\/vc_column_text][\/vc_column_inner][\/vc_row_inner][vc_empty_space 0=\u00a0\u00bb\u00a0\u00bb][vc_row_inner equal_height=\u00a0\u00bbyes\u00a0\u00bb css=\u00a0\u00bb.vc_custom_1498558258456{margin-right: 1px !important;}\u00a0\u00bb][vc_column_inner width=\u00a0\u00bb1\/4&Prime; offset=\u00a0\u00bbvc_col-xs-6&Prime;][vc_single_image image=\u00a0\u00bb2648&Prime;][\/vc_column_inner][vc_column_inner width=\u00a0\u00bb3\/4&Prime; css=\u00a0\u00bb.vc_custom_1498557268242{background-color: rgba(30,115,190,0.25) !important;*background-color: rgb(30,115,190) !important;}\u00a0\u00bb offset=\u00a0\u00bbvc_col-xs-6&Prime;][vc_column_text 0=\u00a0\u00bb\u00a0\u00bb el_class=\u00a0\u00bbno-text-margin\u00a0\u00bb] Les cubes seules art. 801 50X50X40cm &hellip;<\/p>\n","protected":false},"author":1,"featured_media":0,"parent":0,"menu_order":0,"comment_status":"closed","ping_status":"closed","template":"","meta":{"footnotes":""},"class_list":["post-5825","page","type-page","status-publish","hentry","no-thumb"],"yoast_head":"<!-- This site is optimized with the Yoast SEO plugin v27.2 - https:\/\/yoast.com\/product\/yoast-seo-wordpress\/ -->\n<title>\u00c9l\u00e9ments - OTTO<\/title>\n<meta name=\"robots\" content=\"index, follow, max-snippet:-1, max-image-preview:large, max-video-preview:-1\" \/>\n<link rel=\"canonical\" href=\"https:\/\/gmiotto.it\/fr\/elements\/\" \/>\n<meta property=\"og:locale\" content=\"fr_FR\" \/>\n<meta property=\"og:type\" content=\"article\" \/>\n<meta property=\"og:title\" content=\"\u00c9l\u00e9ments - OTTO\" \/>\n<meta property=\"og:description\" content=\"[vc_row full_width=\u00a0\u00bbstretch_row\u00a0\u00bb][vc_column css_animation=\u00a0\u00bbnone\u00a0\u00bb width=\u00a0\u00bb2\/4&Prime;][layerslider_vc id=\u00a0\u00bb2&Prime;][vc_empty_space 0=\u00a0\u00bb\u00a0\u00bb][\/vc_column][vc_column width=\u00a0\u00bb2\/4&Prime;][vc_row_inner equal_height=\u00a0\u00bbyes\u00a0\u00bb css=\u00a0\u00bb.vc_custom_1498558188562{margin-right: 1px !important;}\u00a0\u00bb][vc_column_inner width=\u00a0\u00bb1\/4&Prime; offset=\u00a0\u00bbvc_col-xs-6&Prime;][vc_single_image image=\u00a0\u00bb2647&Prime;][\/vc_column_inner][vc_column_inner width=\u00a0\u00bb3\/4&Prime; css=\u00a0\u00bb.vc_custom_1498556521864{background-color: rgba(30,115,190,0.25) !important;*background-color: rgb(30,115,190) !important;}\u00a0\u00bb offset=\u00a0\u00bbvc_col-xs-6&Prime;][vc_column_text 0=\u00a0\u00bb\u00a0\u00bb el_class=\u00a0\u00bbno-text-margin\u00a0\u00bb] Les cubes doubles art. 800 50X100X40cm 11 Kg Turquoise[\/vc_column_text][\/vc_column_inner][\/vc_row_inner][vc_empty_space 0=\u00a0\u00bb\u00a0\u00bb][vc_row_inner equal_height=\u00a0\u00bbyes\u00a0\u00bb css=\u00a0\u00bb.vc_custom_1498558258456{margin-right: 1px !important;}\u00a0\u00bb][vc_column_inner width=\u00a0\u00bb1\/4&Prime; offset=\u00a0\u00bbvc_col-xs-6&Prime;][vc_single_image image=\u00a0\u00bb2648&Prime;][\/vc_column_inner][vc_column_inner width=\u00a0\u00bb3\/4&Prime; css=\u00a0\u00bb.vc_custom_1498557268242{background-color: rgba(30,115,190,0.25) !important;*background-color: rgb(30,115,190) !important;}\u00a0\u00bb offset=\u00a0\u00bbvc_col-xs-6&Prime;][vc_column_text 0=\u00a0\u00bb\u00a0\u00bb el_class=\u00a0\u00bbno-text-margin\u00a0\u00bb] Les cubes seules art. 801 50X50X40cm &hellip;\" \/>\n<meta property=\"og:url\" content=\"https:\/\/gmiotto.it\/fr\/elements\/\" \/>\n<meta property=\"og:site_name\" content=\"OTTO\" \/>\n<meta property=\"article:modified_time\" content=\"2017-08-30T13:46:25+00:00\" \/>\n<meta name=\"twitter:card\" content=\"summary_large_image\" \/>\n<meta name=\"twitter:label1\" content=\"Dur\u00e9e de lecture estim\u00e9e\" \/>\n\t<meta name=\"twitter:data1\" content=\"3 minutes\" \/>\n<script type=\"application\/ld+json\" class=\"yoast-schema-graph\">{\"@context\":\"https:\/\/schema.org\",\"@graph\":[{\"@type\":\"WebPage\",\"@id\":\"https:\/\/gmiotto.it\/fr\/elements\/\",\"url\":\"https:\/\/gmiotto.it\/fr\/elements\/\",\"name\":\"\u00c9l\u00e9ments - OTTO\",\"isPartOf\":{\"@id\":\"https:\/\/gmiotto.it\/#website\"},\"datePublished\":\"2017-08-14T09:05:03+00:00\",\"dateModified\":\"2017-08-30T13:46:25+00:00\",\"breadcrumb\":{\"@id\":\"https:\/\/gmiotto.it\/fr\/elements\/#breadcrumb\"},\"inLanguage\":\"fr-FR\",\"potentialAction\":[{\"@type\":\"ReadAction\",\"target\":[\"https:\/\/gmiotto.it\/fr\/elements\/\"]}]},{\"@type\":\"BreadcrumbList\",\"@id\":\"https:\/\/gmiotto.it\/fr\/elements\/#breadcrumb\",\"itemListElement\":[{\"@type\":\"ListItem\",\"position\":1,\"name\":\"Home\",\"item\":\"https:\/\/gmiotto.it\/fr\/\"},{\"@type\":\"ListItem\",\"position\":2,\"name\":\"\u00c9l\u00e9ments\"}]},{\"@type\":\"WebSite\",\"@id\":\"https:\/\/gmiotto.it\/#website\",\"url\":\"https:\/\/gmiotto.it\/\",\"name\":\"OTTO\",\"description\":\"Pontili galleggianti modulari\",\"publisher\":{\"@id\":\"https:\/\/gmiotto.it\/#organization\"},\"potentialAction\":[{\"@type\":\"SearchAction\",\"target\":{\"@type\":\"EntryPoint\",\"urlTemplate\":\"https:\/\/gmiotto.it\/?s={search_term_string}\"},\"query-input\":{\"@type\":\"PropertyValueSpecification\",\"valueRequired\":true,\"valueName\":\"search_term_string\"}}],\"inLanguage\":\"fr-FR\"},{\"@type\":\"Organization\",\"@id\":\"https:\/\/gmiotto.it\/#organization\",\"name\":\"Otto sas di Miotto F. & C.\",\"url\":\"https:\/\/gmiotto.it\/\",\"logo\":{\"@type\":\"ImageObject\",\"inLanguage\":\"fr-FR\",\"@id\":\"https:\/\/gmiotto.it\/#\/schema\/logo\/image\/\",\"url\":\"http:\/\/gmiotto.it\/wp-content\/uploads\/2018\/06\/logo_rina.png\",\"contentUrl\":\"http:\/\/gmiotto.it\/wp-content\/uploads\/2018\/06\/logo_rina.png\",\"width\":277,\"height\":66,\"caption\":\"Otto sas di Miotto F. & C.\"},\"image\":{\"@id\":\"https:\/\/gmiotto.it\/#\/schema\/logo\/image\/\"}}]}<\/script>\n<!-- \/ Yoast SEO plugin. -->","yoast_head_json":{"title":"\u00c9l\u00e9ments - OTTO","robots":{"index":"index","follow":"follow","max-snippet":"max-snippet:-1","max-image-preview":"max-image-preview:large","max-video-preview":"max-video-preview:-1"},"canonical":"https:\/\/gmiotto.it\/fr\/elements\/","og_locale":"fr_FR","og_type":"article","og_title":"\u00c9l\u00e9ments - OTTO","og_description":"[vc_row full_width=\u00a0\u00bbstretch_row\u00a0\u00bb][vc_column css_animation=\u00a0\u00bbnone\u00a0\u00bb width=\u00a0\u00bb2\/4&Prime;][layerslider_vc id=\u00a0\u00bb2&Prime;][vc_empty_space 0=\u00a0\u00bb\u00a0\u00bb][\/vc_column][vc_column width=\u00a0\u00bb2\/4&Prime;][vc_row_inner equal_height=\u00a0\u00bbyes\u00a0\u00bb css=\u00a0\u00bb.vc_custom_1498558188562{margin-right: 1px !important;}\u00a0\u00bb][vc_column_inner width=\u00a0\u00bb1\/4&Prime; offset=\u00a0\u00bbvc_col-xs-6&Prime;][vc_single_image image=\u00a0\u00bb2647&Prime;][\/vc_column_inner][vc_column_inner width=\u00a0\u00bb3\/4&Prime; css=\u00a0\u00bb.vc_custom_1498556521864{background-color: rgba(30,115,190,0.25) !important;*background-color: rgb(30,115,190) !important;}\u00a0\u00bb offset=\u00a0\u00bbvc_col-xs-6&Prime;][vc_column_text 0=\u00a0\u00bb\u00a0\u00bb el_class=\u00a0\u00bbno-text-margin\u00a0\u00bb] Les cubes doubles art. 800 50X100X40cm 11 Kg Turquoise[\/vc_column_text][\/vc_column_inner][\/vc_row_inner][vc_empty_space 0=\u00a0\u00bb\u00a0\u00bb][vc_row_inner equal_height=\u00a0\u00bbyes\u00a0\u00bb css=\u00a0\u00bb.vc_custom_1498558258456{margin-right: 1px !important;}\u00a0\u00bb][vc_column_inner width=\u00a0\u00bb1\/4&Prime; offset=\u00a0\u00bbvc_col-xs-6&Prime;][vc_single_image image=\u00a0\u00bb2648&Prime;][\/vc_column_inner][vc_column_inner width=\u00a0\u00bb3\/4&Prime; css=\u00a0\u00bb.vc_custom_1498557268242{background-color: rgba(30,115,190,0.25) !important;*background-color: rgb(30,115,190) !important;}\u00a0\u00bb offset=\u00a0\u00bbvc_col-xs-6&Prime;][vc_column_text 0=\u00a0\u00bb\u00a0\u00bb el_class=\u00a0\u00bbno-text-margin\u00a0\u00bb] Les cubes seules art. 801 50X50X40cm &hellip;","og_url":"https:\/\/gmiotto.it\/fr\/elements\/","og_site_name":"OTTO","article_modified_time":"2017-08-30T13:46:25+00:00","twitter_card":"summary_large_image","twitter_misc":{"Dur\u00e9e de lecture estim\u00e9e":"3 minutes"},"schema":{"@context":"https:\/\/schema.org","@graph":[{"@type":"WebPage","@id":"https:\/\/gmiotto.it\/fr\/elements\/","url":"https:\/\/gmiotto.it\/fr\/elements\/","name":"\u00c9l\u00e9ments - OTTO","isPartOf":{"@id":"https:\/\/gmiotto.it\/#website"},"datePublished":"2017-08-14T09:05:03+00:00","dateModified":"2017-08-30T13:46:25+00:00","breadcrumb":{"@id":"https:\/\/gmiotto.it\/fr\/elements\/#breadcrumb"},"inLanguage":"fr-FR","potentialAction":[{"@type":"ReadAction","target":["https:\/\/gmiotto.it\/fr\/elements\/"]}]},{"@type":"BreadcrumbList","@id":"https:\/\/gmiotto.it\/fr\/elements\/#breadcrumb","itemListElement":[{"@type":"ListItem","position":1,"name":"Home","item":"https:\/\/gmiotto.it\/fr\/"},{"@type":"ListItem","position":2,"name":"\u00c9l\u00e9ments"}]},{"@type":"WebSite","@id":"https:\/\/gmiotto.it\/#website","url":"https:\/\/gmiotto.it\/","name":"OTTO","description":"Pontili galleggianti modulari","publisher":{"@id":"https:\/\/gmiotto.it\/#organization"},"potentialAction":[{"@type":"SearchAction","target":{"@type":"EntryPoint","urlTemplate":"https:\/\/gmiotto.it\/?s={search_term_string}"},"query-input":{"@type":"PropertyValueSpecification","valueRequired":true,"valueName":"search_term_string"}}],"inLanguage":"fr-FR"},{"@type":"Organization","@id":"https:\/\/gmiotto.it\/#organization","name":"Otto sas di Miotto F. & C.","url":"https:\/\/gmiotto.it\/","logo":{"@type":"ImageObject","inLanguage":"fr-FR","@id":"https:\/\/gmiotto.it\/#\/schema\/logo\/image\/","url":"http:\/\/gmiotto.it\/wp-content\/uploads\/2018\/06\/logo_rina.png","contentUrl":"http:\/\/gmiotto.it\/wp-content\/uploads\/2018\/06\/logo_rina.png","width":277,"height":66,"caption":"Otto sas di Miotto F. & C."},"image":{"@id":"https:\/\/gmiotto.it\/#\/schema\/logo\/image\/"}}]}},"_links":{"self":[{"href":"https:\/\/gmiotto.it\/fr\/wp-json\/wp\/v2\/pages\/5825","targetHints":{"allow":["GET"]}}],"collection":[{"href":"https:\/\/gmiotto.it\/fr\/wp-json\/wp\/v2\/pages"}],"about":[{"href":"https:\/\/gmiotto.it\/fr\/wp-json\/wp\/v2\/types\/page"}],"author":[{"embeddable":true,"href":"https:\/\/gmiotto.it\/fr\/wp-json\/wp\/v2\/users\/1"}],"replies":[{"embeddable":true,"href":"https:\/\/gmiotto.it\/fr\/wp-json\/wp\/v2\/comments?post=5825"}],"version-history":[{"count":0,"href":"https:\/\/gmiotto.it\/fr\/wp-json\/wp\/v2\/pages\/5825\/revisions"}],"wp:attachment":[{"href":"https:\/\/gmiotto.it\/fr\/wp-json\/wp\/v2\/media?parent=5825"}],"curies":[{"name":"wp","href":"https:\/\/api.w.org\/{rel}","templated":true}]}}