{"id":5826,"date":"2017-08-14T11:09:52","date_gmt":"2017-08-14T09:09:52","guid":{"rendered":"http:\/\/gmiotto.it\/evenements-sur-leau\/"},"modified":"2025-03-31T17:19:22","modified_gmt":"2025-03-31T15:19:22","slug":"evenements-sur-leau","status":"publish","type":"page","link":"https:\/\/gmiotto.it\/fr\/evenements-sur-leau\/","title":{"rendered":"\u00c9v\u00e9nements sur l\u2019eau"},"content":{"rendered":"<div class=\"wpb-content-wrapper\"><p>[vc_row equal_height=\u00a0\u00bbyes\u00a0\u00bb][vc_column width=\u00a0\u00bb1\/2&Prime;][vc_column_text]Les plates-formes flottantes Otto, sont faciles \u00e0 assembler, \u00e0 d\u00e9monter et \u00e0 transporter sont id\u00e9ales pour cr\u00e9er des structures flottantes pour les \u00e9v\u00e9nements de l&rsquo;eau, des \u00e9v\u00e9nements sportifs, des concerts, et aussi pour des r\u00e9alisations artistiques.[\/vc_column_text][\/vc_column][vc_column width=\u00a0\u00bb1\/2&Prime;][vc_raw_html]JTNDaWZyYW1lJTIwd2lkdGglM0QlMjI1NjAlMjIlMjBoZWlnaHQlM0QlMjIzMTUlMjIlMjBzcmMlM0QlMjJodHRwcyUzQSUyRiUyRnd3dy55b3V0dWJlLmNvbSUyRmVtYmVkJTJGWXRINDhlaWxIY2clM0ZyZWwlM0QwJTI2YW1wJTNCY29udHJvbHMlM0QwJTIyJTIwZnJhbWVib3JkZXIlM0QlMjIwJTIyJTIwYWxsb3clM0QlMjJhdXRvcGxheSUzQiUyMGVuY3J5cHRlZC1tZWRpYSUyMiUyMGFsbG93ZnVsbHNjcmVlbiUzRSUzQyUyRmlmcmFtZSUzRQ==[\/vc_raw_html][\/vc_column][\/vc_row][vc_row][vc_column][vc_media_grid element_width=\u00a0\u00bb2&Prime; gap=\u00a0\u00bb30&Prime; grid_id=\u00a0\u00bbvc_gid:1743434347376-cfa6b9a2081e41c68e7b041e748ef5a2-10&Prime; include=\u00a0\u00bb5167,5171,5175,5179,5183,5187,5191,5195,5199,5203,5207,5211,5215,5219,5223,5227,5231,5235,5239,5243,5247,5251,5255,5259,5263,5267,5271&Prime;][\/vc_column][\/vc_row]<\/p>\n<\/div>","protected":false},"excerpt":{"rendered":"<p>[vc_row equal_height=\u00a0\u00bbyes\u00a0\u00bb][vc_column width=\u00a0\u00bb1\/2&Prime;][vc_column_text]Les plates-formes flottantes Otto, sont faciles \u00e0 assembler, \u00e0 d\u00e9monter et \u00e0 transporter sont id\u00e9ales pour cr\u00e9er des structures flottantes pour les \u00e9v\u00e9nements de l&rsquo;eau, des \u00e9v\u00e9nements sportifs, des concerts, et aussi pour des r\u00e9alisations artistiques.[\/vc_column_text][\/vc_column][vc_column width=\u00a0\u00bb1\/2&Prime;][vc_raw_html]JTNDaWZyYW1lJTIwd2lkdGglM0QlMjI1NjAlMjIlMjBoZWlnaHQlM0QlMjIzMTUlMjIlMjBzcmMlM0QlMjJodHRwcyUzQSUyRiUyRnd3dy55b3V0dWJlLmNvbSUyRmVtYmVkJTJGWXRINDhlaWxIY2clM0ZyZWwlM0QwJTI2YW1wJTNCY29udHJvbHMlM0QwJTIyJTIwZnJhbWVib3JkZXIlM0QlMjIwJTIyJTIwYWxsb3clM0QlMjJhdXRvcGxheSUzQiUyMGVuY3J5cHRlZC1tZWRpYSUyMiUyMGFsbG93ZnVsbHNjcmVlbiUzRSUzQyUyRmlmcmFtZSUzRQ==[\/vc_raw_html][\/vc_column][\/vc_row][vc_row][vc_column][vc_media_grid element_width=\u00a0\u00bb2&Prime; gap=\u00a0\u00bb30&Prime; grid_id=\u00a0\u00bbvc_gid:1743434347376-cfa6b9a2081e41c68e7b041e748ef5a2-10&Prime; include=\u00a0\u00bb5167,5171,5175,5179,5183,5187,5191,5195,5199,5203,5207,5211,5215,5219,5223,5227,5231,5235,5239,5243,5247,5251,5255,5259,5263,5267,5271&Prime;][\/vc_column][\/vc_row]<\/p>\n","protected":false},"author":1,"featured_media":0,"parent":0,"menu_order":0,"comment_status":"closed","ping_status":"closed","template":"","meta":{"footnotes":""},"class_list":["post-5826","page","type-page","status-publish","hentry","no-thumb"],"yoast_head":"<!-- This site is optimized with the Yoast SEO plugin v27.3 - https:\/\/yoast.com\/product\/yoast-seo-wordpress\/ -->\n<title>\u00c9v\u00e9nements sur l\u2019eau - OTTO<\/title>\n<meta name=\"robots\" content=\"index, follow, max-snippet:-1, max-image-preview:large, max-video-preview:-1\" \/>\n<link rel=\"canonical\" href=\"https:\/\/gmiotto.it\/fr\/evenements-sur-leau\/\" \/>\n<meta property=\"og:locale\" content=\"fr_FR\" \/>\n<meta property=\"og:type\" content=\"article\" \/>\n<meta property=\"og:title\" content=\"\u00c9v\u00e9nements sur l\u2019eau - OTTO\" \/>\n<meta property=\"og:description\" content=\"[vc_row equal_height=\u00a0\u00bbyes\u00a0\u00bb][vc_column width=\u00a0\u00bb1\/2&Prime;][vc_column_text]Les plates-formes flottantes Otto, sont faciles \u00e0 assembler, \u00e0 d\u00e9monter et \u00e0 transporter sont id\u00e9ales pour cr\u00e9er des structures flottantes pour les \u00e9v\u00e9nements de l&rsquo;eau, des \u00e9v\u00e9nements sportifs, des concerts, et aussi pour des r\u00e9alisations artistiques.[\/vc_column_text][\/vc_column][vc_column width=\u00a0\u00bb1\/2&Prime;][vc_raw_html]JTNDaWZyYW1lJTIwd2lkdGglM0QlMjI1NjAlMjIlMjBoZWlnaHQlM0QlMjIzMTUlMjIlMjBzcmMlM0QlMjJodHRwcyUzQSUyRiUyRnd3dy55b3V0dWJlLmNvbSUyRmVtYmVkJTJGWXRINDhlaWxIY2clM0ZyZWwlM0QwJTI2YW1wJTNCY29udHJvbHMlM0QwJTIyJTIwZnJhbWVib3JkZXIlM0QlMjIwJTIyJTIwYWxsb3clM0QlMjJhdXRvcGxheSUzQiUyMGVuY3J5cHRlZC1tZWRpYSUyMiUyMGFsbG93ZnVsbHNjcmVlbiUzRSUzQyUyRmlmcmFtZSUzRQ==[\/vc_raw_html][\/vc_column][\/vc_row][vc_row][vc_column][vc_media_grid element_width=\u00a0\u00bb2&Prime; gap=\u00a0\u00bb30&Prime; grid_id=\u00a0\u00bbvc_gid:1743434347376-cfa6b9a2081e41c68e7b041e748ef5a2-10&Prime; include=\u00a0\u00bb5167,5171,5175,5179,5183,5187,5191,5195,5199,5203,5207,5211,5215,5219,5223,5227,5231,5235,5239,5243,5247,5251,5255,5259,5263,5267,5271&Prime;][\/vc_column][\/vc_row]\" \/>\n<meta property=\"og:url\" content=\"https:\/\/gmiotto.it\/fr\/evenements-sur-leau\/\" \/>\n<meta property=\"og:site_name\" content=\"OTTO\" \/>\n<meta property=\"article:modified_time\" content=\"2025-03-31T15:19:22+00:00\" \/>\n<meta name=\"twitter:card\" content=\"summary_large_image\" \/>\n<meta name=\"twitter:label1\" content=\"Dur\u00e9e de lecture estim\u00e9e\" \/>\n\t<meta name=\"twitter:data1\" content=\"1 minute\" \/>\n<script type=\"application\/ld+json\" class=\"yoast-schema-graph\">{\"@context\":\"https:\\\/\\\/schema.org\",\"@graph\":[{\"@type\":\"WebPage\",\"@id\":\"https:\\\/\\\/gmiotto.it\\\/fr\\\/evenements-sur-leau\\\/\",\"url\":\"https:\\\/\\\/gmiotto.it\\\/fr\\\/evenements-sur-leau\\\/\",\"name\":\"\u00c9v\u00e9nements sur l\u2019eau - OTTO\",\"isPartOf\":{\"@id\":\"https:\\\/\\\/gmiotto.it\\\/#website\"},\"datePublished\":\"2017-08-14T09:09:52+00:00\",\"dateModified\":\"2025-03-31T15:19:22+00:00\",\"breadcrumb\":{\"@id\":\"https:\\\/\\\/gmiotto.it\\\/fr\\\/evenements-sur-leau\\\/#breadcrumb\"},\"inLanguage\":\"fr-FR\",\"potentialAction\":[{\"@type\":\"ReadAction\",\"target\":[\"https:\\\/\\\/gmiotto.it\\\/fr\\\/evenements-sur-leau\\\/\"]}]},{\"@type\":\"BreadcrumbList\",\"@id\":\"https:\\\/\\\/gmiotto.it\\\/fr\\\/evenements-sur-leau\\\/#breadcrumb\",\"itemListElement\":[{\"@type\":\"ListItem\",\"position\":1,\"name\":\"Home\",\"item\":\"https:\\\/\\\/gmiotto.it\\\/fr\\\/\"},{\"@type\":\"ListItem\",\"position\":2,\"name\":\"\u00c9v\u00e9nements sur l\u2019eau\"}]},{\"@type\":\"WebSite\",\"@id\":\"https:\\\/\\\/gmiotto.it\\\/#website\",\"url\":\"https:\\\/\\\/gmiotto.it\\\/\",\"name\":\"OTTO\",\"description\":\"Pontili galleggianti modulari\",\"publisher\":{\"@id\":\"https:\\\/\\\/gmiotto.it\\\/#organization\"},\"potentialAction\":[{\"@type\":\"SearchAction\",\"target\":{\"@type\":\"EntryPoint\",\"urlTemplate\":\"https:\\\/\\\/gmiotto.it\\\/?s={search_term_string}\"},\"query-input\":{\"@type\":\"PropertyValueSpecification\",\"valueRequired\":true,\"valueName\":\"search_term_string\"}}],\"inLanguage\":\"fr-FR\"},{\"@type\":\"Organization\",\"@id\":\"https:\\\/\\\/gmiotto.it\\\/#organization\",\"name\":\"Otto sas di Miotto F. & C.\",\"url\":\"https:\\\/\\\/gmiotto.it\\\/\",\"logo\":{\"@type\":\"ImageObject\",\"inLanguage\":\"fr-FR\",\"@id\":\"https:\\\/\\\/gmiotto.it\\\/#\\\/schema\\\/logo\\\/image\\\/\",\"url\":\"http:\\\/\\\/gmiotto.it\\\/wp-content\\\/uploads\\\/2018\\\/06\\\/logo_rina.png\",\"contentUrl\":\"http:\\\/\\\/gmiotto.it\\\/wp-content\\\/uploads\\\/2018\\\/06\\\/logo_rina.png\",\"width\":277,\"height\":66,\"caption\":\"Otto sas di Miotto F. & C.\"},\"image\":{\"@id\":\"https:\\\/\\\/gmiotto.it\\\/#\\\/schema\\\/logo\\\/image\\\/\"}}]}<\/script>\n<!-- \/ Yoast SEO plugin. -->","yoast_head_json":{"title":"\u00c9v\u00e9nements sur l\u2019eau - OTTO","robots":{"index":"index","follow":"follow","max-snippet":"max-snippet:-1","max-image-preview":"max-image-preview:large","max-video-preview":"max-video-preview:-1"},"canonical":"https:\/\/gmiotto.it\/fr\/evenements-sur-leau\/","og_locale":"fr_FR","og_type":"article","og_title":"\u00c9v\u00e9nements sur l\u2019eau - OTTO","og_description":"[vc_row equal_height=\u00a0\u00bbyes\u00a0\u00bb][vc_column width=\u00a0\u00bb1\/2&Prime;][vc_column_text]Les plates-formes flottantes Otto, sont faciles \u00e0 assembler, \u00e0 d\u00e9monter et \u00e0 transporter sont id\u00e9ales pour cr\u00e9er des structures flottantes pour les \u00e9v\u00e9nements de l&rsquo;eau, des \u00e9v\u00e9nements sportifs, des concerts, et aussi pour des r\u00e9alisations artistiques.[\/vc_column_text][\/vc_column][vc_column width=\u00a0\u00bb1\/2&Prime;][vc_raw_html]JTNDaWZyYW1lJTIwd2lkdGglM0QlMjI1NjAlMjIlMjBoZWlnaHQlM0QlMjIzMTUlMjIlMjBzcmMlM0QlMjJodHRwcyUzQSUyRiUyRnd3dy55b3V0dWJlLmNvbSUyRmVtYmVkJTJGWXRINDhlaWxIY2clM0ZyZWwlM0QwJTI2YW1wJTNCY29udHJvbHMlM0QwJTIyJTIwZnJhbWVib3JkZXIlM0QlMjIwJTIyJTIwYWxsb3clM0QlMjJhdXRvcGxheSUzQiUyMGVuY3J5cHRlZC1tZWRpYSUyMiUyMGFsbG93ZnVsbHNjcmVlbiUzRSUzQyUyRmlmcmFtZSUzRQ==[\/vc_raw_html][\/vc_column][\/vc_row][vc_row][vc_column][vc_media_grid element_width=\u00a0\u00bb2&Prime; gap=\u00a0\u00bb30&Prime; grid_id=\u00a0\u00bbvc_gid:1743434347376-cfa6b9a2081e41c68e7b041e748ef5a2-10&Prime; include=\u00a0\u00bb5167,5171,5175,5179,5183,5187,5191,5195,5199,5203,5207,5211,5215,5219,5223,5227,5231,5235,5239,5243,5247,5251,5255,5259,5263,5267,5271&Prime;][\/vc_column][\/vc_row]","og_url":"https:\/\/gmiotto.it\/fr\/evenements-sur-leau\/","og_site_name":"OTTO","article_modified_time":"2025-03-31T15:19:22+00:00","twitter_card":"summary_large_image","twitter_misc":{"Dur\u00e9e de lecture estim\u00e9e":"1 minute"},"schema":{"@context":"https:\/\/schema.org","@graph":[{"@type":"WebPage","@id":"https:\/\/gmiotto.it\/fr\/evenements-sur-leau\/","url":"https:\/\/gmiotto.it\/fr\/evenements-sur-leau\/","name":"\u00c9v\u00e9nements sur l\u2019eau - OTTO","isPartOf":{"@id":"https:\/\/gmiotto.it\/#website"},"datePublished":"2017-08-14T09:09:52+00:00","dateModified":"2025-03-31T15:19:22+00:00","breadcrumb":{"@id":"https:\/\/gmiotto.it\/fr\/evenements-sur-leau\/#breadcrumb"},"inLanguage":"fr-FR","potentialAction":[{"@type":"ReadAction","target":["https:\/\/gmiotto.it\/fr\/evenements-sur-leau\/"]}]},{"@type":"BreadcrumbList","@id":"https:\/\/gmiotto.it\/fr\/evenements-sur-leau\/#breadcrumb","itemListElement":[{"@type":"ListItem","position":1,"name":"Home","item":"https:\/\/gmiotto.it\/fr\/"},{"@type":"ListItem","position":2,"name":"\u00c9v\u00e9nements sur l\u2019eau"}]},{"@type":"WebSite","@id":"https:\/\/gmiotto.it\/#website","url":"https:\/\/gmiotto.it\/","name":"OTTO","description":"Pontili galleggianti modulari","publisher":{"@id":"https:\/\/gmiotto.it\/#organization"},"potentialAction":[{"@type":"SearchAction","target":{"@type":"EntryPoint","urlTemplate":"https:\/\/gmiotto.it\/?s={search_term_string}"},"query-input":{"@type":"PropertyValueSpecification","valueRequired":true,"valueName":"search_term_string"}}],"inLanguage":"fr-FR"},{"@type":"Organization","@id":"https:\/\/gmiotto.it\/#organization","name":"Otto sas di Miotto F. & C.","url":"https:\/\/gmiotto.it\/","logo":{"@type":"ImageObject","inLanguage":"fr-FR","@id":"https:\/\/gmiotto.it\/#\/schema\/logo\/image\/","url":"http:\/\/gmiotto.it\/wp-content\/uploads\/2018\/06\/logo_rina.png","contentUrl":"http:\/\/gmiotto.it\/wp-content\/uploads\/2018\/06\/logo_rina.png","width":277,"height":66,"caption":"Otto sas di Miotto F. & C."},"image":{"@id":"https:\/\/gmiotto.it\/#\/schema\/logo\/image\/"}}]}},"_links":{"self":[{"href":"https:\/\/gmiotto.it\/fr\/wp-json\/wp\/v2\/pages\/5826","targetHints":{"allow":["GET"]}}],"collection":[{"href":"https:\/\/gmiotto.it\/fr\/wp-json\/wp\/v2\/pages"}],"about":[{"href":"https:\/\/gmiotto.it\/fr\/wp-json\/wp\/v2\/types\/page"}],"author":[{"embeddable":true,"href":"https:\/\/gmiotto.it\/fr\/wp-json\/wp\/v2\/users\/1"}],"replies":[{"embeddable":true,"href":"https:\/\/gmiotto.it\/fr\/wp-json\/wp\/v2\/comments?post=5826"}],"version-history":[{"count":0,"href":"https:\/\/gmiotto.it\/fr\/wp-json\/wp\/v2\/pages\/5826\/revisions"}],"wp:attachment":[{"href":"https:\/\/gmiotto.it\/fr\/wp-json\/wp\/v2\/media?parent=5826"}],"curies":[{"name":"wp","href":"https:\/\/api.w.org\/{rel}","templated":true}]}}