{"id":5828,"date":"2017-08-14T11:23:51","date_gmt":"2017-08-14T09:23:51","guid":{"rendered":"http:\/\/gmiotto.it\/systeme-photovoltaique-flottant\/"},"modified":"2017-08-14T11:23:51","modified_gmt":"2017-08-14T09:23:51","slug":"systeme-photovoltaique-flottant","status":"publish","type":"page","link":"https:\/\/gmiotto.it\/fr\/systeme-photovoltaique-flottant\/","title":{"rendered":"Syst\u00e8me photovolta\u00efque flottant"},"content":{"rendered":"<div class=\"wpb-content-wrapper\"><p>[vc_row equal_height=\u00a0\u00bbyes\u00a0\u00bb][vc_column width=\u00a0\u00bb1\/2&Prime;][vc_column_text]Vous avez un plan d&rsquo;eau calme qui ne sait pas comment utiliser?<\/p>\n<p>Fait un bon usage avec un syst\u00e8me photovolta\u00efque flottant, notre cubes avec une capacit\u00e9 de charge maximale 350 kg par m\u00e8tre carr\u00e9 sont id\u00e9ales pour faire flotter en toute s\u00e9curit\u00e9 la structure, compris les panneaux et des onduleurs.[\/vc_column_text][\/vc_column][vc_column width=\u00a0\u00bb1\/2&Prime;][vc_cta h2=\u00a0\u00bb\u00a0\u00bb h4=\u00a0\u00bbPour plus d&rsquo;informations cliquez ici.\u00a0\u00bb txt_align=\u00a0\u00bbcenter\u00a0\u00bb add_button=\u00a0\u00bbbottom\u00a0\u00bb btn_title=\u00a0\u00bbDemande d&rsquo;information\u00a0\u00bb btn_style=\u00a0\u00bboutline\u00a0\u00bb btn_color=\u00a0\u00bbpeacoc\u00a0\u00bb btn_align=\u00a0\u00bbcenter\u00a0\u00bb add_icon=\u00a0\u00bbleft\u00a0\u00bb i_type=\u00a0\u00bbopeniconic\u00a0\u00bb i_icon_openiconic=\u00a0\u00bbvc-oi vc-oi-info\u00a0\u00bb i_color=\u00a0\u00bbgrey\u00a0\u00bb i_background_style=\u00a0\u00bbrounded\u00a0\u00bb i_background_color=\u00a0\u00bbpeacoc\u00a0\u00bb i_size=\u00a0\u00bblg\u00a0\u00bb css_animation=\u00a0\u00bbtop-to-bottom\u00a0\u00bb btn_el_class=\u00a0\u00bbrichiesta_info\u00a0\u00bb][\/vc_cta][\/vc_column][\/vc_row][vc_row][vc_column][vc_media_grid element_width=\u00a0\u00bb2&Prime; gap=\u00a0\u00bb30&Prime; grid_id=\u00a0\u00bbvc_gid:1499855245006-738fedaa-adbe-6&Prime; include=\u00a0\u00bb3084,3085,3086,3087,3088,3089,3090,3091,3092,3093,3094,3095&Prime;][\/vc_column][\/vc_row][vc_row content_placement=\u00a0\u00bbmiddle\u00a0\u00bb][vc_column][vc_column_text]<\/p>\n<p>[\/vc_column_text][vc_empty_space][\/vc_column][\/vc_row][vc_row][vc_column][vc_column_text]<\/p>\n<h3><span id=\"result_box\" class=\"\" lang=\"fr\"><span class=\"\">Exemples de<\/span> plate-forme flottante Otto pour <span class=\"\">installation photovolta\u00efque<\/span><\/span><\/h3>\n<p>[\/vc_column_text][\/vc_column][\/vc_row][vc_row content_placement=\u00a0\u00bbmiddle\u00a0\u00bb][vc_column width=\u00a0\u00bb1\/3&Prime;][vc_media_grid element_width=\u00a0\u00bb12&Prime; gap=\u00a0\u00bb0&Prime; item=\u00a0\u00bbmediaGrid_ScaleWithRotation\u00a0\u00bb grid_id=\u00a0\u00bbvc_gid:1499855245009-c9d85637-1016-1&Prime; include=\u00a0\u00bb2150&Prime;][\/vc_column][vc_column width=\u00a0\u00bb1\/3&Prime;][vc_media_grid element_width=\u00a0\u00bb12&Prime; gap=\u00a0\u00bb0&Prime; item=\u00a0\u00bbmediaGrid_ScaleWithRotation\u00a0\u00bb grid_id=\u00a0\u00bbvc_gid:1499855245011-59304756-794b-8&Prime; include=\u00a0\u00bb2156&Prime;][\/vc_column][vc_column width=\u00a0\u00bb1\/3&Prime;][vc_media_grid element_width=\u00a0\u00bb12&Prime; gap=\u00a0\u00bb0&Prime; item=\u00a0\u00bbmediaGrid_ScaleWithRotation\u00a0\u00bb grid_id=\u00a0\u00bbvc_gid:1499855245012-cfa449c1-691e-1&Prime; include=\u00a0\u00bb2157&Prime;][\/vc_column][\/vc_row][vc_row][vc_column width=\u00a0\u00bb1\/3&Prime;][vc_column_text]<\/p>\n<p style=\"text-align: center;\"><span id=\"result_box\" class=\"\" lang=\"fr\">Syst\u00e8me de plate-forme flottant<br \/>\nOtto pour 114 <span class=\"\">panneaux photovolta\u00efques<\/span><\/span><\/p>\n<p>[\/vc_column_text][\/vc_column][vc_column width=\u00a0\u00bb1\/3&Prime;][vc_column_text]<\/p>\n<p style=\"text-align: center;\"><span id=\"result_box\" class=\"\" lang=\"fr\">Syst\u00e8me de <span class=\"\">plate-forme flottante<\/span> Otto avec<br \/>\n768 panneaux photovolta\u00efques <span class=\"\">et 16 onduleurs<\/span><br \/>\npour une installation photovolta\u00efque de 200 <span class=\"\">kW<\/span><\/span><\/p>\n<p>[\/vc_column_text][\/vc_column][vc_column width=\u00a0\u00bb1\/3&Prime;][vc_column_text]<\/p>\n<p style=\"text-align: center;\"><span id=\"result_box\" class=\"\" lang=\"fr\">Syst\u00e8me de plate-forme flottante Otto<br \/>\n<span class=\"\">mod\u00e8le de base pour<\/span> l&rsquo;installation de <span class=\"\">37,44<\/span> <span class=\"\">kW.<\/span><\/span><\/p>\n<p>[\/vc_column_text][\/vc_column][\/vc_row]<\/p>\n<\/div>","protected":false},"excerpt":{"rendered":"<p>[vc_row equal_height=\u00a0\u00bbyes\u00a0\u00bb][vc_column width=\u00a0\u00bb1\/2&Prime;][vc_column_text]Vous avez un plan d&rsquo;eau calme qui ne sait pas comment utiliser? Fait un bon usage avec un syst\u00e8me photovolta\u00efque flottant, notre cubes avec une capacit\u00e9 de charge maximale 350 kg par m\u00e8tre carr\u00e9 sont id\u00e9ales pour faire flotter en toute s\u00e9curit\u00e9 la structure, compris les panneaux et des onduleurs.[\/vc_column_text][\/vc_column][vc_column width=\u00a0\u00bb1\/2&Prime;][vc_cta h2=\u00a0\u00bb\u00a0\u00bb h4=\u00a0\u00bbPour &hellip;<\/p>\n","protected":false},"author":1,"featured_media":0,"parent":0,"menu_order":0,"comment_status":"closed","ping_status":"closed","template":"","meta":{"footnotes":""},"class_list":["post-5828","page","type-page","status-publish","hentry","no-thumb"],"yoast_head":"<!-- This site is optimized with the Yoast SEO plugin v27.2 - https:\/\/yoast.com\/product\/yoast-seo-wordpress\/ -->\n<title>Syst\u00e8me photovolta\u00efque flottant - OTTO<\/title>\n<meta name=\"robots\" content=\"index, follow, max-snippet:-1, max-image-preview:large, max-video-preview:-1\" \/>\n<link rel=\"canonical\" href=\"https:\/\/gmiotto.it\/fr\/systeme-photovoltaique-flottant\/\" \/>\n<meta property=\"og:locale\" content=\"fr_FR\" \/>\n<meta property=\"og:type\" content=\"article\" \/>\n<meta property=\"og:title\" content=\"Syst\u00e8me photovolta\u00efque flottant - OTTO\" \/>\n<meta property=\"og:description\" content=\"[vc_row equal_height=\u00a0\u00bbyes\u00a0\u00bb][vc_column width=\u00a0\u00bb1\/2&Prime;][vc_column_text]Vous avez un plan d&rsquo;eau calme qui ne sait pas comment utiliser? Fait un bon usage avec un syst\u00e8me photovolta\u00efque flottant, notre cubes avec une capacit\u00e9 de charge maximale 350 kg par m\u00e8tre carr\u00e9 sont id\u00e9ales pour faire flotter en toute s\u00e9curit\u00e9 la structure, compris les panneaux et des onduleurs.[\/vc_column_text][\/vc_column][vc_column width=\u00a0\u00bb1\/2&Prime;][vc_cta h2=\u00a0\u00bb\u00a0\u00bb h4=\u00a0\u00bbPour &hellip;\" \/>\n<meta property=\"og:url\" content=\"https:\/\/gmiotto.it\/fr\/systeme-photovoltaique-flottant\/\" \/>\n<meta property=\"og:site_name\" content=\"OTTO\" \/>\n<meta name=\"twitter:card\" content=\"summary_large_image\" \/>\n<meta name=\"twitter:label1\" content=\"Dur\u00e9e de lecture estim\u00e9e\" \/>\n\t<meta name=\"twitter:data1\" content=\"2 minutes\" \/>\n<script type=\"application\/ld+json\" class=\"yoast-schema-graph\">{\"@context\":\"https:\/\/schema.org\",\"@graph\":[{\"@type\":\"WebPage\",\"@id\":\"https:\/\/gmiotto.it\/fr\/systeme-photovoltaique-flottant\/\",\"url\":\"https:\/\/gmiotto.it\/fr\/systeme-photovoltaique-flottant\/\",\"name\":\"Syst\u00e8me photovolta\u00efque flottant - OTTO\",\"isPartOf\":{\"@id\":\"https:\/\/gmiotto.it\/#website\"},\"datePublished\":\"2017-08-14T09:23:51+00:00\",\"breadcrumb\":{\"@id\":\"https:\/\/gmiotto.it\/fr\/systeme-photovoltaique-flottant\/#breadcrumb\"},\"inLanguage\":\"fr-FR\",\"potentialAction\":[{\"@type\":\"ReadAction\",\"target\":[\"https:\/\/gmiotto.it\/fr\/systeme-photovoltaique-flottant\/\"]}]},{\"@type\":\"BreadcrumbList\",\"@id\":\"https:\/\/gmiotto.it\/fr\/systeme-photovoltaique-flottant\/#breadcrumb\",\"itemListElement\":[{\"@type\":\"ListItem\",\"position\":1,\"name\":\"Home\",\"item\":\"https:\/\/gmiotto.it\/fr\/\"},{\"@type\":\"ListItem\",\"position\":2,\"name\":\"Syst\u00e8me photovolta\u00efque flottant\"}]},{\"@type\":\"WebSite\",\"@id\":\"https:\/\/gmiotto.it\/#website\",\"url\":\"https:\/\/gmiotto.it\/\",\"name\":\"OTTO\",\"description\":\"Pontili galleggianti modulari\",\"publisher\":{\"@id\":\"https:\/\/gmiotto.it\/#organization\"},\"potentialAction\":[{\"@type\":\"SearchAction\",\"target\":{\"@type\":\"EntryPoint\",\"urlTemplate\":\"https:\/\/gmiotto.it\/?s={search_term_string}\"},\"query-input\":{\"@type\":\"PropertyValueSpecification\",\"valueRequired\":true,\"valueName\":\"search_term_string\"}}],\"inLanguage\":\"fr-FR\"},{\"@type\":\"Organization\",\"@id\":\"https:\/\/gmiotto.it\/#organization\",\"name\":\"Otto sas di Miotto F. & C.\",\"url\":\"https:\/\/gmiotto.it\/\",\"logo\":{\"@type\":\"ImageObject\",\"inLanguage\":\"fr-FR\",\"@id\":\"https:\/\/gmiotto.it\/#\/schema\/logo\/image\/\",\"url\":\"http:\/\/gmiotto.it\/wp-content\/uploads\/2018\/06\/logo_rina.png\",\"contentUrl\":\"http:\/\/gmiotto.it\/wp-content\/uploads\/2018\/06\/logo_rina.png\",\"width\":277,\"height\":66,\"caption\":\"Otto sas di Miotto F. & C.\"},\"image\":{\"@id\":\"https:\/\/gmiotto.it\/#\/schema\/logo\/image\/\"}}]}<\/script>\n<!-- \/ Yoast SEO plugin. -->","yoast_head_json":{"title":"Syst\u00e8me photovolta\u00efque flottant - OTTO","robots":{"index":"index","follow":"follow","max-snippet":"max-snippet:-1","max-image-preview":"max-image-preview:large","max-video-preview":"max-video-preview:-1"},"canonical":"https:\/\/gmiotto.it\/fr\/systeme-photovoltaique-flottant\/","og_locale":"fr_FR","og_type":"article","og_title":"Syst\u00e8me photovolta\u00efque flottant - OTTO","og_description":"[vc_row equal_height=\u00a0\u00bbyes\u00a0\u00bb][vc_column width=\u00a0\u00bb1\/2&Prime;][vc_column_text]Vous avez un plan d&rsquo;eau calme qui ne sait pas comment utiliser? Fait un bon usage avec un syst\u00e8me photovolta\u00efque flottant, notre cubes avec une capacit\u00e9 de charge maximale 350 kg par m\u00e8tre carr\u00e9 sont id\u00e9ales pour faire flotter en toute s\u00e9curit\u00e9 la structure, compris les panneaux et des onduleurs.[\/vc_column_text][\/vc_column][vc_column width=\u00a0\u00bb1\/2&Prime;][vc_cta h2=\u00a0\u00bb\u00a0\u00bb h4=\u00a0\u00bbPour &hellip;","og_url":"https:\/\/gmiotto.it\/fr\/systeme-photovoltaique-flottant\/","og_site_name":"OTTO","twitter_card":"summary_large_image","twitter_misc":{"Dur\u00e9e de lecture estim\u00e9e":"2 minutes"},"schema":{"@context":"https:\/\/schema.org","@graph":[{"@type":"WebPage","@id":"https:\/\/gmiotto.it\/fr\/systeme-photovoltaique-flottant\/","url":"https:\/\/gmiotto.it\/fr\/systeme-photovoltaique-flottant\/","name":"Syst\u00e8me photovolta\u00efque flottant - OTTO","isPartOf":{"@id":"https:\/\/gmiotto.it\/#website"},"datePublished":"2017-08-14T09:23:51+00:00","breadcrumb":{"@id":"https:\/\/gmiotto.it\/fr\/systeme-photovoltaique-flottant\/#breadcrumb"},"inLanguage":"fr-FR","potentialAction":[{"@type":"ReadAction","target":["https:\/\/gmiotto.it\/fr\/systeme-photovoltaique-flottant\/"]}]},{"@type":"BreadcrumbList","@id":"https:\/\/gmiotto.it\/fr\/systeme-photovoltaique-flottant\/#breadcrumb","itemListElement":[{"@type":"ListItem","position":1,"name":"Home","item":"https:\/\/gmiotto.it\/fr\/"},{"@type":"ListItem","position":2,"name":"Syst\u00e8me photovolta\u00efque flottant"}]},{"@type":"WebSite","@id":"https:\/\/gmiotto.it\/#website","url":"https:\/\/gmiotto.it\/","name":"OTTO","description":"Pontili galleggianti modulari","publisher":{"@id":"https:\/\/gmiotto.it\/#organization"},"potentialAction":[{"@type":"SearchAction","target":{"@type":"EntryPoint","urlTemplate":"https:\/\/gmiotto.it\/?s={search_term_string}"},"query-input":{"@type":"PropertyValueSpecification","valueRequired":true,"valueName":"search_term_string"}}],"inLanguage":"fr-FR"},{"@type":"Organization","@id":"https:\/\/gmiotto.it\/#organization","name":"Otto sas di Miotto F. & C.","url":"https:\/\/gmiotto.it\/","logo":{"@type":"ImageObject","inLanguage":"fr-FR","@id":"https:\/\/gmiotto.it\/#\/schema\/logo\/image\/","url":"http:\/\/gmiotto.it\/wp-content\/uploads\/2018\/06\/logo_rina.png","contentUrl":"http:\/\/gmiotto.it\/wp-content\/uploads\/2018\/06\/logo_rina.png","width":277,"height":66,"caption":"Otto sas di Miotto F. & C."},"image":{"@id":"https:\/\/gmiotto.it\/#\/schema\/logo\/image\/"}}]}},"_links":{"self":[{"href":"https:\/\/gmiotto.it\/fr\/wp-json\/wp\/v2\/pages\/5828","targetHints":{"allow":["GET"]}}],"collection":[{"href":"https:\/\/gmiotto.it\/fr\/wp-json\/wp\/v2\/pages"}],"about":[{"href":"https:\/\/gmiotto.it\/fr\/wp-json\/wp\/v2\/types\/page"}],"author":[{"embeddable":true,"href":"https:\/\/gmiotto.it\/fr\/wp-json\/wp\/v2\/users\/1"}],"replies":[{"embeddable":true,"href":"https:\/\/gmiotto.it\/fr\/wp-json\/wp\/v2\/comments?post=5828"}],"version-history":[{"count":0,"href":"https:\/\/gmiotto.it\/fr\/wp-json\/wp\/v2\/pages\/5828\/revisions"}],"wp:attachment":[{"href":"https:\/\/gmiotto.it\/fr\/wp-json\/wp\/v2\/media?parent=5828"}],"curies":[{"name":"wp","href":"https:\/\/api.w.org\/{rel}","templated":true}]}}