{"id":5829,"date":"2017-08-14T11:52:25","date_gmt":"2017-08-14T09:52:25","guid":{"rendered":"http:\/\/gmiotto.it\/home\/"},"modified":"2018-07-12T10:07:33","modified_gmt":"2018-07-12T08:07:33","slug":"home","status":"publish","type":"page","link":"https:\/\/gmiotto.it\/fr\/","title":{"rendered":"Home"},"content":{"rendered":"<div class=\"wpb-content-wrapper\"><p>[vc_row][vc_column][vc_column_text]<\/p>\n<h1 style=\"text-align: center;\">SYSTEME \u00ab\u00a0OTTO\u00a0\u00bb<\/h1>\n<p>[\/vc_column_text][layerslider_vc id=\u00a0\u00bb1&Prime;][\/vc_column][\/vc_row][vc_section][vc_row][vc_column][vc_empty_space][vc_text_separator title=\u00a0\u00bbMODULES FLOTTANTS OTTO\u00a0\u00bb][vc_empty_space][\/vc_column][\/vc_row][vc_row][vc_column width=\u00a0\u00bb1\/2&Prime;][vc_column_text]Les \u00e9l\u00e9ments modulaires flottants Oto, r\u00e9sultant d&rsquo;un brevet militaire, sont en cours de certification RINA et ils ont \u00e9t\u00e9 test\u00e9s pour UNIVERSIT\u00c9 DE PADOUE.<\/p>\n<p>Ils sont fabriqu\u00e9s en couleur turquoise (pour les grandes quantit\u00e9s, il est possible de changer la couleur) qui s\u2019int\u00e8gre mieux avec l&rsquo;eau et ils sont faits en deux dimensions\u00a0:<\/p>\n<ul>\n<li>La double unit\u00e9 avec dimensions de 100 cm x 40 cm 50 cm de haut;<\/li>\n<li>La seule unit\u00e9 avec dimensions de 50 cm x 40 cm 50 cm de haut;<\/li>\n<\/ul>\n<p>Chaque bloc est constitu\u00e9 d&rsquo;un seul imprim\u00e9 avec de l&rsquo;air comprim\u00e9 \u00e0 l&rsquo;int\u00e9rieur qui permet au mat\u00e9riau \u00e0 haute densit\u00e9 mol\u00e9culaire \u00e0 s\u2019\u00e9largir uniform\u00e9ment dans le moule et donc avoir partout la m\u00eame \u00e9paisseur.<\/p>\n<p>Le mat\u00e9riau utilis\u00e9 est appel\u00e9 poly\u00e9thyl\u00e8ne HDPE 56020 du TOTAL<\/p>\n<p>Densit\u00e9 ISO 1183=0,952 g\/cm3<\/p>\n<p>CERTIFICAT ITALIEN Arr\u00eat\u00e9 Minist\u00e9riel du 21-03-1973 mis \u00e0 jour 26-04-1993,D.M. N\u00b0220 et mis \u00e0 jour le 28-03-2003 avec D.M. N\u00b0123.<\/p>\n<p>Cette mati\u00e8re premi\u00e8re utilis\u00e9e pour la construction de nos \u00e9l\u00e9ments, en bref, est extr\u00eamement r\u00e9sistant \u00e0 toutes les influences marines, a l&rsquo;eau sal\u00e9e et a les acides, et il est \u00e9galement possible d&rsquo;utiliser pour les aliments.<\/p>\n<p>Il est r\u00e9sistant aux rayons UV, r\u00e9sistant da -60\u00b0 \u00e0 + 80\u00e0 degr\u00e9s centigrades et facilement recyclable.<\/p>\n<p>Leur flottabilit\u00e9 est d\u00e9finie conservativement \u00e0 350 kg par m\u00e8tre carr\u00e9.<\/p>\n<p>Ce produit est garanti pour un minimum de trois ans. (Syst\u00e8mes photovolta\u00efques 20 ans)<\/p>\n<p>L&rsquo;assemblage entre les diff\u00e9rents blocs est effectu\u00e9 par une connecteur qui va en rotation de 45 degr\u00e9s avec une cl\u00e9 sp\u00e9ciale, joignant les anneaux marqu\u00e9s de 1 \u00e0 4 blocage entre eux les \u00e9l\u00e9ments constitutifs d&rsquo;un seul corps, permettant \u00e0 tout l&rsquo;ensemble de flotter sur les vagues.<\/p>\n<p>Le tablier est antid\u00e9rapante, en particulier sur les pieds aussi au-dessus pieds nus sans perdre l&rsquo;adh\u00e9rence et tous les bords sont biseaut\u00e9s pour \u00e9viter les risques.<\/p>\n<p>La forme ergonometrica de tous les accessoires, affin\u00e9 au fil des ans, permet a beaucoup de gens du tout le monde de appr\u00e9cient nos produits en toute s\u00e9curit\u00e9 et sans pr\u00e9occupations.<\/p>\n<p>Tous les modules sont des corps indivisibles, uniques et, par cons\u00e9quent, varient en forme et en taille, sont solides, \u00e9lastique et imperm\u00e9able \u00e0 l&rsquo;eau.<\/p>\n<p>Les modules ont des fentes qui leur permettent de se r\u00e9unir pour construire toutes les formes imaginables et peuvent \u00eatre s\u00e9par\u00e9s en vue d&rsquo;une r\u00e9utilisation.<\/p>\n<p>C&rsquo;est pr\u00e9cis\u00e9ment en raison de leur facilit\u00e9 de montage, de d\u00e9montage et de stockage qui les rendre c\u00e9l\u00e8bres dans le monde entier pour la simplicit\u00e9 avec laquelle il est possible de r\u00e9aliser des plates-formes flottantes de chaque taille et la forme.[\/vc_column_text][\/vc_column][vc_column width=\u00a0\u00bb1\/2&Prime;][vc_column_text]Essayez de penser \u00e0 la construction d&rsquo;une plate-forme rectangulaire pour aller dans le bateau, mais vous changez d&rsquo;avis et vous voulez faire un petit radeau de mettre \u00e0 la mer, avec nos produits ne doivent pas renoncer \u00e0 l&rsquo;une des deux, vous pouvez simplement supprimer les \u00e9l\u00e9ments et les r\u00e9assembler selon votre besoins. Et si un jour vous voulez agrandir ou am\u00e9liorer la plate-forme, vous pouvez simplement prendre uniquement les \u00e9l\u00e9ments qui vous manquent.<\/p>\n<p><iframe loading=\"lazy\" src=\"https:\/\/www.youtube.com\/embed\/ktg1GegkzVU?rel=0\" width=\"560\" height=\"315\" frameborder=\"0\" allowfullscreen=\"allowfullscreen\"><span style=\"display: inline-block; width: 0px; overflow: hidden; line-height: 0;\" data-mce-type=\"bookmark\" class=\"mce_SELRES_start\">\ufeff<\/span><\/iframe><\/p>\n<p>Avec les \u00e9l\u00e9ments modulaires flottants Otto est facile \u00e0 r\u00e9aliser:<\/p>\n<ul>\n<li>Quais<\/li>\n<li>Ports<\/li>\n<li>Docks<\/li>\n<li>Pontons<\/li>\n<li>Quais de p\u00eache<\/li>\n<li>Aquaculture<\/li>\n<li>\u00c9v\u00e9nements sur l\u2019eau<\/li>\n<li>Plates-formes flottantes<\/li>\n<li>Piscines flottantes<\/li>\n<li>Piscines flottantes avec l&rsquo;eau purifi\u00e9e<\/li>\n<li>Syst\u00e8mes flottants photovolta\u00efques<\/li>\n<li>Stations baln\u00e9aires<\/li>\n<li>Passerelles flottant<\/li>\n<li>Radeaux<\/li>\n<li>Pontons<\/li>\n<li>Parcs pour jeux d&rsquo;eau<\/li>\n<li>Chantiers navals<\/li>\n<li>Plates-formes pour le lancement de feux d&rsquo;artifice<\/li>\n<li>G\u00e9ologie marine<\/li>\n<li>Routes flottant<\/li>\n<li>Travail maritime<\/li>\n<li>Cours de golf flottant<\/li>\n<li>Trampolines pour le ski nautique<\/li>\n<li>Etc. etc.<\/li>\n<\/ul>\n<p>Rappelez-vous \u00e9galement que toutes les r\u00e9alisations sont pleinement int\u00e9gr\u00e9es dans l&rsquo;environnement, amovible, ne provoquent pas d&rsquo;impact sur l&rsquo;environnement car ils peuvent \u00eatre enlev\u00e9s sans laisser de trace et r\u00e9utilis\u00e9s pour d&rsquo;autres utilisations.[\/vc_column_text][\/vc_column][\/vc_row][\/vc_section][vc_row][vc_column][vc_empty_space][vc_separator][vc_empty_space][\/vc_column][\/vc_row][vc_row gap=\u00a0\u00bb30&Prime; equal_height=\u00a0\u00bbyes\u00a0\u00bb content_placement=\u00a0\u00bbmiddle\u00a0\u00bb][vc_column css_animation=\u00a0\u00bbslideInDown\u00a0\u00bb width=\u00a0\u00bb1\/3&Prime; css=\u00a0\u00bb.vc_custom_1498750481412{background-image: url(http:\/\/gmiotto.it\/wp-content\/uploads\/2016\/10\/Foto-Pontili.jpg?id=2841) !important;background-position: center !important;background-repeat: no-repeat !important;background-size: cover !important;}\u00a0\u00bb][vc_cta h2=\u00a0\u00bbPontons\u00a0\u00bb h2_font_container=\u00a0\u00bbfont_size:32px|color:%23ffffff\u00a0\u00bb h2_google_fonts=\u00a0\u00bbfont_family:Cabin%3Aregular%2Citalic%2C500%2C500italic%2C600%2C600italic%2C700%2C700italic|font_style:400%20regular%3A400%3Anormal\u00a0\u00bb txt_align=\u00a0\u00bbcenter\u00a0\u00bb shape=\u00a0\u00bbsquare\u00a0\u00bb style=\u00a0\u00bbcustom\u00a0\u00bb add_button=\u00a0\u00bbbottom\u00a0\u00bb btn_title=\u00a0\u00bbVedi articoli\u00a0\u00bb btn_style=\u00a0\u00bbcustom\u00a0\u00bb btn_custom_background=\u00a0\u00bbrgba(30,115,190,0.77)\u00a0\u00bb btn_custom_text=\u00a0\u00bb#ffffff\u00a0\u00bb btn_shape=\u00a0\u00bbsquare\u00a0\u00bb btn_size=\u00a0\u00bbsm\u00a0\u00bb btn_align=\u00a0\u00bbcenter\u00a0\u00bb btn_i_icon_fontawesome=\u00a0\u00bbfa fa-eye\u00a0\u00bb btn_css_animation=\u00a0\u00bbfadeIn\u00a0\u00bb use_custom_fonts_h2=\u00a0\u00bbtrue\u00a0\u00bb btn_add_icon=\u00a0\u00bbtrue\u00a0\u00bb custom_text=\u00a0\u00bb#ffffff\u00a0\u00bb custom_background=\u00a0\u00bbrgba(0,0,0,0.25)\u00a0\u00bb el_class=\u00a0\u00bbno-border\u00a0\u00bb css=\u00a0\u00bb.vc_custom_1504186377222{margin-top: 25px !important;margin-bottom: 25px !important;background-position: center !important;background-repeat: no-repeat !important;background-size: contain !important;}\u00a0\u00bb h2_el_class=\u00a0\u00bbtext-shadow\u00a0\u00bb btn_link=\u00a0\u00bburl:http%3A%2F%2Fgmiotto.it%2Ffr%2Fpontili-e-piattaforme-galleggianti%2F|||\u00a0\u00bb][\/vc_cta][\/vc_column][vc_column css_animation=\u00a0\u00bbslideInUp\u00a0\u00bb width=\u00a0\u00bb1\/3&Prime; css=\u00a0\u00bb.vc_custom_1498750518073{background-image: url(http:\/\/gmiotto.it\/wp-content\/uploads\/2016\/10\/Foto-Piattaforme.jpg?id=2844) !important;background-position: center !important;background-repeat: no-repeat !important;background-size: cover !important;}\u00a0\u00bb][vc_cta h2=\u00a0\u00bbPlates-formes\u00a0\u00bb h2_font_container=\u00a0\u00bbfont_size:32px|color:%23ffffff\u00a0\u00bb h2_google_fonts=\u00a0\u00bbfont_family:Cabin%3Aregular%2Citalic%2C500%2C500italic%2C600%2C600italic%2C700%2C700italic|font_style:400%20regular%3A400%3Anormal\u00a0\u00bb txt_align=\u00a0\u00bbcenter\u00a0\u00bb shape=\u00a0\u00bbsquare\u00a0\u00bb style=\u00a0\u00bbcustom\u00a0\u00bb add_button=\u00a0\u00bbbottom\u00a0\u00bb btn_title=\u00a0\u00bbVedi articoli\u00a0\u00bb btn_style=\u00a0\u00bbcustom\u00a0\u00bb btn_custom_background=\u00a0\u00bbrgba(30,115,190,0.77)\u00a0\u00bb btn_custom_text=\u00a0\u00bb#ffffff\u00a0\u00bb btn_shape=\u00a0\u00bbsquare\u00a0\u00bb btn_size=\u00a0\u00bbsm\u00a0\u00bb btn_align=\u00a0\u00bbcenter\u00a0\u00bb btn_i_icon_fontawesome=\u00a0\u00bbfa fa-eye\u00a0\u00bb btn_css_animation=\u00a0\u00bbfadeIn\u00a0\u00bb use_custom_fonts_h2=\u00a0\u00bbtrue\u00a0\u00bb btn_add_icon=\u00a0\u00bbtrue\u00a0\u00bb custom_text=\u00a0\u00bb#ffffff\u00a0\u00bb custom_background=\u00a0\u00bbrgba(0,0,0,0.25)\u00a0\u00bb el_class=\u00a0\u00bbno-border \u00a0\u00bb css=\u00a0\u00bb.vc_custom_1504186329723{margin-top: 25px !important;margin-bottom: 25px !important;background-position: center !important;background-repeat: no-repeat !important;background-size: contain !important;}\u00a0\u00bb h2_el_class=\u00a0\u00bbtext-shadow\u00a0\u00bb btn_link=\u00a0\u00bburl:http%3A%2F%2Fgmiotto.it%2Ffr%2Fpiattaforme-balneari%2F|||\u00a0\u00bb][\/vc_cta][\/vc_column][vc_column css_animation=\u00a0\u00bbslideInDown\u00a0\u00bb width=\u00a0\u00bb1\/3&Prime; css=\u00a0\u00bb.vc_custom_1498750558639{background-image: url(http:\/\/gmiotto.it\/wp-content\/uploads\/2016\/10\/Foto-Lavoro-sullacqua.jpg?id=2846) !important;background-position: center !important;background-repeat: no-repeat !important;background-size: cover !important;}\u00a0\u00bb][vc_cta h2=\u00a0\u00bbTravaux sur l\u2019eau\u00a0\u00bb h2_font_container=\u00a0\u00bbfont_size:24px|color:%23ffffff\u00a0\u00bb h2_google_fonts=\u00a0\u00bbfont_family:Cabin%3Aregular%2Citalic%2C500%2C500italic%2C600%2C600italic%2C700%2C700italic|font_style:400%20regular%3A400%3Anormal\u00a0\u00bb txt_align=\u00a0\u00bbcenter\u00a0\u00bb shape=\u00a0\u00bbsquare\u00a0\u00bb style=\u00a0\u00bbcustom\u00a0\u00bb add_button=\u00a0\u00bbbottom\u00a0\u00bb btn_title=\u00a0\u00bbVedi articoli\u00a0\u00bb btn_style=\u00a0\u00bbcustom\u00a0\u00bb btn_custom_background=\u00a0\u00bbrgba(30,115,190,0.77)\u00a0\u00bb btn_custom_text=\u00a0\u00bb#ffffff\u00a0\u00bb btn_shape=\u00a0\u00bbsquare\u00a0\u00bb btn_size=\u00a0\u00bbsm\u00a0\u00bb btn_align=\u00a0\u00bbcenter\u00a0\u00bb btn_i_icon_fontawesome=\u00a0\u00bbfa fa-eye\u00a0\u00bb btn_css_animation=\u00a0\u00bbfadeIn\u00a0\u00bb use_custom_fonts_h2=\u00a0\u00bbtrue\u00a0\u00bb btn_add_icon=\u00a0\u00bbtrue\u00a0\u00bb custom_text=\u00a0\u00bb#ffffff\u00a0\u00bb custom_background=\u00a0\u00bbrgba(0,0,0,0.25)\u00a0\u00bb el_class=\u00a0\u00bbno-border\u00a0\u00bb css=\u00a0\u00bb.vc_custom_1504186301828{margin-top: 25px !important;margin-bottom: 25px !important;background-position: center !important;background-repeat: no-repeat !important;background-size: contain !important;}\u00a0\u00bb h2_el_class=\u00a0\u00bbtext-shadow\u00a0\u00bb btn_link=\u00a0\u00bburl:http%3A%2F%2Fgmiotto.it%2Ffr%2Fpiattaforme-per-lavori-acqua%2F|||\u00a0\u00bb][\/vc_cta][\/vc_column][\/vc_row]<\/p>\n<\/div>","protected":false},"excerpt":{"rendered":"<p>[vc_row][vc_column][vc_column_text] SYSTEME \u00ab\u00a0OTTO\u00a0\u00bb [\/vc_column_text][layerslider_vc id=\u00a0\u00bb1&Prime;][\/vc_column][\/vc_row][vc_section][vc_row][vc_column][vc_empty_space][vc_text_separator title=\u00a0\u00bbMODULES FLOTTANTS OTTO\u00a0\u00bb][vc_empty_space][\/vc_column][\/vc_row][vc_row][vc_column width=\u00a0\u00bb1\/2&Prime;][vc_column_text]Les \u00e9l\u00e9ments modulaires flottants Oto, r\u00e9sultant d&rsquo;un brevet militaire, sont en cours de certification RINA et ils ont \u00e9t\u00e9 test\u00e9s pour UNIVERSIT\u00c9 DE PADOUE. Ils sont fabriqu\u00e9s en couleur turquoise (pour les grandes quantit\u00e9s, il est possible de changer la couleur) qui s\u2019int\u00e8gre mieux avec l&rsquo;eau et &hellip;<\/p>\n","protected":false},"author":1,"featured_media":0,"parent":0,"menu_order":0,"comment_status":"closed","ping_status":"closed","template":"","meta":{"footnotes":""},"class_list":["post-5829","page","type-page","status-publish","hentry","no-thumb"],"yoast_head":"<!-- This site is optimized with the Yoast SEO plugin v27.2 - https:\/\/yoast.com\/product\/yoast-seo-wordpress\/ -->\n<title>Home - OTTO<\/title>\n<meta name=\"robots\" content=\"index, follow, max-snippet:-1, max-image-preview:large, max-video-preview:-1\" \/>\n<link rel=\"canonical\" href=\"https:\/\/gmiotto.it\/fr\/\" \/>\n<meta property=\"og:locale\" content=\"fr_FR\" \/>\n<meta property=\"og:type\" content=\"article\" \/>\n<meta property=\"og:title\" content=\"Home - OTTO\" \/>\n<meta property=\"og:description\" content=\"[vc_row][vc_column][vc_column_text] SYSTEME \u00ab\u00a0OTTO\u00a0\u00bb [\/vc_column_text][layerslider_vc id=\u00a0\u00bb1&Prime;][\/vc_column][\/vc_row][vc_section][vc_row][vc_column][vc_empty_space][vc_text_separator title=\u00a0\u00bbMODULES FLOTTANTS OTTO\u00a0\u00bb][vc_empty_space][\/vc_column][\/vc_row][vc_row][vc_column width=\u00a0\u00bb1\/2&Prime;][vc_column_text]Les \u00e9l\u00e9ments modulaires flottants Oto, r\u00e9sultant d&rsquo;un brevet militaire, sont en cours de certification RINA et ils ont \u00e9t\u00e9 test\u00e9s pour UNIVERSIT\u00c9 DE PADOUE. Ils sont fabriqu\u00e9s en couleur turquoise (pour les grandes quantit\u00e9s, il est possible de changer la couleur) qui s\u2019int\u00e8gre mieux avec l&rsquo;eau et &hellip;\" \/>\n<meta property=\"og:url\" content=\"https:\/\/gmiotto.it\/fr\/\" \/>\n<meta property=\"og:site_name\" content=\"OTTO\" \/>\n<meta property=\"article:modified_time\" content=\"2018-07-12T08:07:33+00:00\" \/>\n<meta name=\"twitter:card\" content=\"summary_large_image\" \/>\n<meta name=\"twitter:label1\" content=\"Dur\u00e9e de lecture estim\u00e9e\" \/>\n\t<meta name=\"twitter:data1\" content=\"6 minutes\" \/>\n<script type=\"application\/ld+json\" class=\"yoast-schema-graph\">{\"@context\":\"https:\/\/schema.org\",\"@graph\":[{\"@type\":\"WebPage\",\"@id\":\"https:\/\/gmiotto.it\/fr\/\",\"url\":\"https:\/\/gmiotto.it\/fr\/\",\"name\":\"Home - OTTO\",\"isPartOf\":{\"@id\":\"https:\/\/gmiotto.it\/#website\"},\"datePublished\":\"2017-08-14T09:52:25+00:00\",\"dateModified\":\"2018-07-12T08:07:33+00:00\",\"breadcrumb\":{\"@id\":\"https:\/\/gmiotto.it\/fr\/#breadcrumb\"},\"inLanguage\":\"fr-FR\",\"potentialAction\":[{\"@type\":\"ReadAction\",\"target\":[\"https:\/\/gmiotto.it\/fr\/\"]}]},{\"@type\":\"BreadcrumbList\",\"@id\":\"https:\/\/gmiotto.it\/fr\/#breadcrumb\",\"itemListElement\":[{\"@type\":\"ListItem\",\"position\":1,\"name\":\"Home\",\"item\":\"https:\/\/gmiotto.it\/fr\/\"},{\"@type\":\"ListItem\",\"position\":2,\"name\":\"Home\"}]},{\"@type\":\"WebSite\",\"@id\":\"https:\/\/gmiotto.it\/#website\",\"url\":\"https:\/\/gmiotto.it\/\",\"name\":\"OTTO\",\"description\":\"Pontili galleggianti modulari\",\"publisher\":{\"@id\":\"https:\/\/gmiotto.it\/#organization\"},\"potentialAction\":[{\"@type\":\"SearchAction\",\"target\":{\"@type\":\"EntryPoint\",\"urlTemplate\":\"https:\/\/gmiotto.it\/?s={search_term_string}\"},\"query-input\":{\"@type\":\"PropertyValueSpecification\",\"valueRequired\":true,\"valueName\":\"search_term_string\"}}],\"inLanguage\":\"fr-FR\"},{\"@type\":\"Organization\",\"@id\":\"https:\/\/gmiotto.it\/#organization\",\"name\":\"Otto sas di Miotto F. & C.\",\"url\":\"https:\/\/gmiotto.it\/\",\"logo\":{\"@type\":\"ImageObject\",\"inLanguage\":\"fr-FR\",\"@id\":\"https:\/\/gmiotto.it\/#\/schema\/logo\/image\/\",\"url\":\"http:\/\/gmiotto.it\/wp-content\/uploads\/2018\/06\/logo_rina.png\",\"contentUrl\":\"http:\/\/gmiotto.it\/wp-content\/uploads\/2018\/06\/logo_rina.png\",\"width\":277,\"height\":66,\"caption\":\"Otto sas di Miotto F. & C.\"},\"image\":{\"@id\":\"https:\/\/gmiotto.it\/#\/schema\/logo\/image\/\"}}]}<\/script>\n<!-- \/ Yoast SEO plugin. -->","yoast_head_json":{"title":"Home - OTTO","robots":{"index":"index","follow":"follow","max-snippet":"max-snippet:-1","max-image-preview":"max-image-preview:large","max-video-preview":"max-video-preview:-1"},"canonical":"https:\/\/gmiotto.it\/fr\/","og_locale":"fr_FR","og_type":"article","og_title":"Home - OTTO","og_description":"[vc_row][vc_column][vc_column_text] SYSTEME \u00ab\u00a0OTTO\u00a0\u00bb [\/vc_column_text][layerslider_vc id=\u00a0\u00bb1&Prime;][\/vc_column][\/vc_row][vc_section][vc_row][vc_column][vc_empty_space][vc_text_separator title=\u00a0\u00bbMODULES FLOTTANTS OTTO\u00a0\u00bb][vc_empty_space][\/vc_column][\/vc_row][vc_row][vc_column width=\u00a0\u00bb1\/2&Prime;][vc_column_text]Les \u00e9l\u00e9ments modulaires flottants Oto, r\u00e9sultant d&rsquo;un brevet militaire, sont en cours de certification RINA et ils ont \u00e9t\u00e9 test\u00e9s pour UNIVERSIT\u00c9 DE PADOUE. Ils sont fabriqu\u00e9s en couleur turquoise (pour les grandes quantit\u00e9s, il est possible de changer la couleur) qui s\u2019int\u00e8gre mieux avec l&rsquo;eau et &hellip;","og_url":"https:\/\/gmiotto.it\/fr\/","og_site_name":"OTTO","article_modified_time":"2018-07-12T08:07:33+00:00","twitter_card":"summary_large_image","twitter_misc":{"Dur\u00e9e de lecture estim\u00e9e":"6 minutes"},"schema":{"@context":"https:\/\/schema.org","@graph":[{"@type":"WebPage","@id":"https:\/\/gmiotto.it\/fr\/","url":"https:\/\/gmiotto.it\/fr\/","name":"Home - OTTO","isPartOf":{"@id":"https:\/\/gmiotto.it\/#website"},"datePublished":"2017-08-14T09:52:25+00:00","dateModified":"2018-07-12T08:07:33+00:00","breadcrumb":{"@id":"https:\/\/gmiotto.it\/fr\/#breadcrumb"},"inLanguage":"fr-FR","potentialAction":[{"@type":"ReadAction","target":["https:\/\/gmiotto.it\/fr\/"]}]},{"@type":"BreadcrumbList","@id":"https:\/\/gmiotto.it\/fr\/#breadcrumb","itemListElement":[{"@type":"ListItem","position":1,"name":"Home","item":"https:\/\/gmiotto.it\/fr\/"},{"@type":"ListItem","position":2,"name":"Home"}]},{"@type":"WebSite","@id":"https:\/\/gmiotto.it\/#website","url":"https:\/\/gmiotto.it\/","name":"OTTO","description":"Pontili galleggianti modulari","publisher":{"@id":"https:\/\/gmiotto.it\/#organization"},"potentialAction":[{"@type":"SearchAction","target":{"@type":"EntryPoint","urlTemplate":"https:\/\/gmiotto.it\/?s={search_term_string}"},"query-input":{"@type":"PropertyValueSpecification","valueRequired":true,"valueName":"search_term_string"}}],"inLanguage":"fr-FR"},{"@type":"Organization","@id":"https:\/\/gmiotto.it\/#organization","name":"Otto sas di Miotto F. & C.","url":"https:\/\/gmiotto.it\/","logo":{"@type":"ImageObject","inLanguage":"fr-FR","@id":"https:\/\/gmiotto.it\/#\/schema\/logo\/image\/","url":"http:\/\/gmiotto.it\/wp-content\/uploads\/2018\/06\/logo_rina.png","contentUrl":"http:\/\/gmiotto.it\/wp-content\/uploads\/2018\/06\/logo_rina.png","width":277,"height":66,"caption":"Otto sas di Miotto F. & C."},"image":{"@id":"https:\/\/gmiotto.it\/#\/schema\/logo\/image\/"}}]}},"_links":{"self":[{"href":"https:\/\/gmiotto.it\/fr\/wp-json\/wp\/v2\/pages\/5829","targetHints":{"allow":["GET"]}}],"collection":[{"href":"https:\/\/gmiotto.it\/fr\/wp-json\/wp\/v2\/pages"}],"about":[{"href":"https:\/\/gmiotto.it\/fr\/wp-json\/wp\/v2\/types\/page"}],"author":[{"embeddable":true,"href":"https:\/\/gmiotto.it\/fr\/wp-json\/wp\/v2\/users\/1"}],"replies":[{"embeddable":true,"href":"https:\/\/gmiotto.it\/fr\/wp-json\/wp\/v2\/comments?post=5829"}],"version-history":[{"count":0,"href":"https:\/\/gmiotto.it\/fr\/wp-json\/wp\/v2\/pages\/5829\/revisions"}],"wp:attachment":[{"href":"https:\/\/gmiotto.it\/fr\/wp-json\/wp\/v2\/media?parent=5829"}],"curies":[{"name":"wp","href":"https:\/\/api.w.org\/{rel}","templated":true}]}}