{"id":5831,"date":"2017-08-14T14:09:20","date_gmt":"2017-08-14T12:09:20","guid":{"rendered":"http:\/\/gmiotto.it\/matiere\/"},"modified":"2022-07-13T10:30:31","modified_gmt":"2022-07-13T08:30:31","slug":"matiere","status":"publish","type":"page","link":"https:\/\/gmiotto.it\/fr\/matiere\/","title":{"rendered":"Mati\u00e8re"},"content":{"rendered":"<div class=\"wpb-content-wrapper\"><p>[vc_row full_width=\u00a0\u00bbstretch_row\u00a0\u00bb][vc_column css_animation=\u00a0\u00bbnone\u00a0\u00bb][vc_column_text]Les cubes flottants Otto sont tous produits avec des mati\u00e8res premi\u00e8res, non est utilis\u00e9 plastique recycl\u00e9, cela nous permet d&rsquo;avoir la meilleure qualit\u00e9 sur le march\u00e9 et de garantir toujours les plus hauts standards de fabrication pour notre produits.<\/p>\n<p>Le mat\u00e9riau utilis\u00e9 pour leur production est le POLY\u00c9THYL\u00c8NE &#8211; HDPE 56020S du TOTAL<\/p>\n<p>Rigoureusement conforme a la R\u00e9glementation Europ\u00e9enne (UE) 2016\/1416. Le meilleur pour la production \u00e0 l&rsquo;injection pour le moulage par soufflage.<\/p>\n<p>L\u2019 HDPE 56020S certifi\u00e9 par TOTAL garanties a densit\u00e9 mol\u00e9culaire de 0,952g\/cm<sup>2<\/sup><\/p>\n<p>Le point de fusion MFI d\u00e9terminant la quantit\u00e9 de mat\u00e9riau fondu \u00e0 la buse par unit\u00e9 de temps chauff\u00e9 \u00e0 190\u00b0 C et le poids de pr\u00eat kg 21,6.<\/p>\n<p>Pour donner une id\u00e9e de la densit\u00e9 mol\u00e9culaire, il faut consid\u00e9rer que sont n\u00e9cessaires 10min. \u00e0 injecter 2 g de cette mati\u00e8re. La formule standard de point de fusion est de MFI (190\u00b0 21,6 KG = 2g x 10 minutes).<\/p>\n<p>Densit\u00e9 ISO 1183=0,952 g\/cm<sup>2<\/sup><\/p>\n<p>CERTIFICAT ITALIEN Arr\u00eat\u00e9 Minist\u00e9riel du 21-03-1973 mis \u00e0 jour 26-04-1993,D.M. N\u00b0220 et mis \u00e0 jour le 28-03-2003 avec D.M. N\u00b0123.<\/p>\n<p>Ses caract\u00e9ristiques sont id\u00e9ales pour le syst\u00e8me des cubes flottant Otto, en fait, il permet \u00e0 nos \u00e9l\u00e9ments d&rsquo;\u00eatre solides, \u00e9lastique et r\u00e9sistant aux chocs.<\/p>\n<p>Cette mati\u00e8re premi\u00e8re utilis\u00e9e pour la construction de nos \u00e9l\u00e9ments, en bref, est extr\u00eamement r\u00e9sistant \u00e0 toutes les influences marines, a l&rsquo;eau sal\u00e9e et a les acides, et il est \u00e9galement possible d&rsquo;utiliser pour les aliments.<\/p>\n<p>Il est r\u00e9sistant aux rayons UV, r\u00e9sistant da -60\u00b0 \u00e0 + 80\u00e0 degr\u00e9s centigrades et facilement recyclable.<\/p>\n<p>Plus d&rsquo;informations sur ce POLIETILENE sont disponibles ci-dessous.[\/vc_column_text][vc_empty_space][\/vc_column][\/vc_row][vc_row][vc_column][vc_column_text]<\/p>\n<h3><span id=\"result_box\" class=\"short_text\" lang=\"fr\">Mat\u00e9riel <span class=\"\">disponible<\/span><\/span><\/h3>\n<p>[\/vc_column_text][vc_empty_space][\/vc_column][\/vc_row][vc_row][vc_column width=\u00a0\u00bb1\/4&Prime;][vc_single_image image=\u00a0\u00bb4343&Prime; img_size=\u00a0\u00bbfull\u00a0\u00bb alignment=\u00a0\u00bbcenter\u00a0\u00bb style=\u00a0\u00bbvc_box_border\u00a0\u00bb onclick=\u00a0\u00bbcustom_link\u00a0\u00bb img_link_target=\u00a0\u00bb_blank\u00a0\u00bb link=\u00a0\u00bbhttp:\/\/gmiotto.it\/wp-content\/uploads\/2017\/06\/3-HDPE_56020S_Sicurezza.pdf\u00a0\u00bb][\/vc_column][vc_column width=\u00a0\u00bb1\/4&Prime;][vc_single_image image=\u00a0\u00bb4339&Prime; img_size=\u00a0\u00bbfull\u00a0\u00bb alignment=\u00a0\u00bbcenter\u00a0\u00bb style=\u00a0\u00bbvc_box_border\u00a0\u00bb onclick=\u00a0\u00bbcustom_link\u00a0\u00bb img_link_target=\u00a0\u00bb_blank\u00a0\u00bb link=\u00a0\u00bbhttp:\/\/gmiotto.it\/wp-content\/uploads\/2017\/06\/1-HDPE_56020S.pdf\u00a0\u00bb][\/vc_column][vc_column width=\u00a0\u00bb1\/4&Prime;][vc_single_image image=\u00a0\u00bb4335&Prime; img_size=\u00a0\u00bbfull\u00a0\u00bb alignment=\u00a0\u00bbcenter\u00a0\u00bb style=\u00a0\u00bbvc_box_border\u00a0\u00bb onclick=\u00a0\u00bbcustom_link\u00a0\u00bb img_link_target=\u00a0\u00bb_blank\u00a0\u00bb link=\u00a0\u00bbhttp:\/\/gmiotto.it\/wp-content\/uploads\/2017\/06\/4-HDPE_56020S_Safety.pdf\u00a0\u00bb][\/vc_column][\/vc_row]<\/p>\n<\/div>","protected":false},"excerpt":{"rendered":"<p>[vc_row full_width=\u00a0\u00bbstretch_row\u00a0\u00bb][vc_column css_animation=\u00a0\u00bbnone\u00a0\u00bb][vc_column_text]Les cubes flottants Otto sont tous produits avec des mati\u00e8res premi\u00e8res, non est utilis\u00e9 plastique recycl\u00e9, cela nous permet d&rsquo;avoir la meilleure qualit\u00e9 sur le march\u00e9 et de garantir toujours les plus hauts standards de fabrication pour notre produits. Le mat\u00e9riau utilis\u00e9 pour leur production est le POLY\u00c9THYL\u00c8NE &#8211; HDPE 56020S du TOTAL &hellip;<\/p>\n","protected":false},"author":1,"featured_media":0,"parent":0,"menu_order":0,"comment_status":"closed","ping_status":"closed","template":"","meta":{"footnotes":""},"class_list":["post-5831","page","type-page","status-publish","hentry","no-thumb"],"yoast_head":"<!-- This site is optimized with the Yoast SEO plugin v27.4 - https:\/\/yoast.com\/product\/yoast-seo-wordpress\/ -->\n<title>Mati\u00e8re - OTTO<\/title>\n<meta name=\"robots\" content=\"index, follow, max-snippet:-1, max-image-preview:large, max-video-preview:-1\" \/>\n<link rel=\"canonical\" href=\"https:\/\/gmiotto.it\/fr\/matiere\/\" \/>\n<meta property=\"og:locale\" content=\"fr_FR\" \/>\n<meta property=\"og:type\" content=\"article\" \/>\n<meta property=\"og:title\" content=\"Mati\u00e8re - OTTO\" \/>\n<meta property=\"og:description\" content=\"[vc_row full_width=\u00a0\u00bbstretch_row\u00a0\u00bb][vc_column css_animation=\u00a0\u00bbnone\u00a0\u00bb][vc_column_text]Les cubes flottants Otto sont tous produits avec des mati\u00e8res premi\u00e8res, non est utilis\u00e9 plastique recycl\u00e9, cela nous permet d&rsquo;avoir la meilleure qualit\u00e9 sur le march\u00e9 et de garantir toujours les plus hauts standards de fabrication pour notre produits. Le mat\u00e9riau utilis\u00e9 pour leur production est le POLY\u00c9THYL\u00c8NE &#8211; HDPE 56020S du TOTAL &hellip;\" \/>\n<meta property=\"og:url\" content=\"https:\/\/gmiotto.it\/fr\/matiere\/\" \/>\n<meta property=\"og:site_name\" content=\"OTTO\" \/>\n<meta property=\"article:modified_time\" content=\"2022-07-13T08:30:31+00:00\" \/>\n<meta name=\"twitter:card\" content=\"summary_large_image\" \/>\n<meta name=\"twitter:label1\" content=\"Dur\u00e9e de lecture estim\u00e9e\" \/>\n\t<meta name=\"twitter:data1\" content=\"2 minutes\" \/>\n<script type=\"application\/ld+json\" class=\"yoast-schema-graph\">{\"@context\":\"https:\\\/\\\/schema.org\",\"@graph\":[{\"@type\":\"WebPage\",\"@id\":\"https:\\\/\\\/gmiotto.it\\\/fr\\\/matiere\\\/\",\"url\":\"https:\\\/\\\/gmiotto.it\\\/fr\\\/matiere\\\/\",\"name\":\"Mati\u00e8re - OTTO\",\"isPartOf\":{\"@id\":\"https:\\\/\\\/gmiotto.it\\\/#website\"},\"datePublished\":\"2017-08-14T12:09:20+00:00\",\"dateModified\":\"2022-07-13T08:30:31+00:00\",\"breadcrumb\":{\"@id\":\"https:\\\/\\\/gmiotto.it\\\/fr\\\/matiere\\\/#breadcrumb\"},\"inLanguage\":\"fr-FR\",\"potentialAction\":[{\"@type\":\"ReadAction\",\"target\":[\"https:\\\/\\\/gmiotto.it\\\/fr\\\/matiere\\\/\"]}]},{\"@type\":\"BreadcrumbList\",\"@id\":\"https:\\\/\\\/gmiotto.it\\\/fr\\\/matiere\\\/#breadcrumb\",\"itemListElement\":[{\"@type\":\"ListItem\",\"position\":1,\"name\":\"Home\",\"item\":\"https:\\\/\\\/gmiotto.it\\\/fr\\\/\"},{\"@type\":\"ListItem\",\"position\":2,\"name\":\"Mati\u00e8re\"}]},{\"@type\":\"WebSite\",\"@id\":\"https:\\\/\\\/gmiotto.it\\\/#website\",\"url\":\"https:\\\/\\\/gmiotto.it\\\/\",\"name\":\"OTTO\",\"description\":\"Pontili galleggianti modulari\",\"publisher\":{\"@id\":\"https:\\\/\\\/gmiotto.it\\\/#organization\"},\"potentialAction\":[{\"@type\":\"SearchAction\",\"target\":{\"@type\":\"EntryPoint\",\"urlTemplate\":\"https:\\\/\\\/gmiotto.it\\\/?s={search_term_string}\"},\"query-input\":{\"@type\":\"PropertyValueSpecification\",\"valueRequired\":true,\"valueName\":\"search_term_string\"}}],\"inLanguage\":\"fr-FR\"},{\"@type\":\"Organization\",\"@id\":\"https:\\\/\\\/gmiotto.it\\\/#organization\",\"name\":\"Otto sas di Miotto F. & C.\",\"url\":\"https:\\\/\\\/gmiotto.it\\\/\",\"logo\":{\"@type\":\"ImageObject\",\"inLanguage\":\"fr-FR\",\"@id\":\"https:\\\/\\\/gmiotto.it\\\/#\\\/schema\\\/logo\\\/image\\\/\",\"url\":\"http:\\\/\\\/gmiotto.it\\\/wp-content\\\/uploads\\\/2018\\\/06\\\/logo_rina.png\",\"contentUrl\":\"http:\\\/\\\/gmiotto.it\\\/wp-content\\\/uploads\\\/2018\\\/06\\\/logo_rina.png\",\"width\":277,\"height\":66,\"caption\":\"Otto sas di Miotto F. & C.\"},\"image\":{\"@id\":\"https:\\\/\\\/gmiotto.it\\\/#\\\/schema\\\/logo\\\/image\\\/\"}}]}<\/script>\n<!-- \/ Yoast SEO plugin. -->","yoast_head_json":{"title":"Mati\u00e8re - OTTO","robots":{"index":"index","follow":"follow","max-snippet":"max-snippet:-1","max-image-preview":"max-image-preview:large","max-video-preview":"max-video-preview:-1"},"canonical":"https:\/\/gmiotto.it\/fr\/matiere\/","og_locale":"fr_FR","og_type":"article","og_title":"Mati\u00e8re - OTTO","og_description":"[vc_row full_width=\u00a0\u00bbstretch_row\u00a0\u00bb][vc_column css_animation=\u00a0\u00bbnone\u00a0\u00bb][vc_column_text]Les cubes flottants Otto sont tous produits avec des mati\u00e8res premi\u00e8res, non est utilis\u00e9 plastique recycl\u00e9, cela nous permet d&rsquo;avoir la meilleure qualit\u00e9 sur le march\u00e9 et de garantir toujours les plus hauts standards de fabrication pour notre produits. Le mat\u00e9riau utilis\u00e9 pour leur production est le POLY\u00c9THYL\u00c8NE &#8211; HDPE 56020S du TOTAL &hellip;","og_url":"https:\/\/gmiotto.it\/fr\/matiere\/","og_site_name":"OTTO","article_modified_time":"2022-07-13T08:30:31+00:00","twitter_card":"summary_large_image","twitter_misc":{"Dur\u00e9e de lecture estim\u00e9e":"2 minutes"},"schema":{"@context":"https:\/\/schema.org","@graph":[{"@type":"WebPage","@id":"https:\/\/gmiotto.it\/fr\/matiere\/","url":"https:\/\/gmiotto.it\/fr\/matiere\/","name":"Mati\u00e8re - OTTO","isPartOf":{"@id":"https:\/\/gmiotto.it\/#website"},"datePublished":"2017-08-14T12:09:20+00:00","dateModified":"2022-07-13T08:30:31+00:00","breadcrumb":{"@id":"https:\/\/gmiotto.it\/fr\/matiere\/#breadcrumb"},"inLanguage":"fr-FR","potentialAction":[{"@type":"ReadAction","target":["https:\/\/gmiotto.it\/fr\/matiere\/"]}]},{"@type":"BreadcrumbList","@id":"https:\/\/gmiotto.it\/fr\/matiere\/#breadcrumb","itemListElement":[{"@type":"ListItem","position":1,"name":"Home","item":"https:\/\/gmiotto.it\/fr\/"},{"@type":"ListItem","position":2,"name":"Mati\u00e8re"}]},{"@type":"WebSite","@id":"https:\/\/gmiotto.it\/#website","url":"https:\/\/gmiotto.it\/","name":"OTTO","description":"Pontili galleggianti modulari","publisher":{"@id":"https:\/\/gmiotto.it\/#organization"},"potentialAction":[{"@type":"SearchAction","target":{"@type":"EntryPoint","urlTemplate":"https:\/\/gmiotto.it\/?s={search_term_string}"},"query-input":{"@type":"PropertyValueSpecification","valueRequired":true,"valueName":"search_term_string"}}],"inLanguage":"fr-FR"},{"@type":"Organization","@id":"https:\/\/gmiotto.it\/#organization","name":"Otto sas di Miotto F. & C.","url":"https:\/\/gmiotto.it\/","logo":{"@type":"ImageObject","inLanguage":"fr-FR","@id":"https:\/\/gmiotto.it\/#\/schema\/logo\/image\/","url":"http:\/\/gmiotto.it\/wp-content\/uploads\/2018\/06\/logo_rina.png","contentUrl":"http:\/\/gmiotto.it\/wp-content\/uploads\/2018\/06\/logo_rina.png","width":277,"height":66,"caption":"Otto sas di Miotto F. & C."},"image":{"@id":"https:\/\/gmiotto.it\/#\/schema\/logo\/image\/"}}]}},"_links":{"self":[{"href":"https:\/\/gmiotto.it\/fr\/wp-json\/wp\/v2\/pages\/5831","targetHints":{"allow":["GET"]}}],"collection":[{"href":"https:\/\/gmiotto.it\/fr\/wp-json\/wp\/v2\/pages"}],"about":[{"href":"https:\/\/gmiotto.it\/fr\/wp-json\/wp\/v2\/types\/page"}],"author":[{"embeddable":true,"href":"https:\/\/gmiotto.it\/fr\/wp-json\/wp\/v2\/users\/1"}],"replies":[{"embeddable":true,"href":"https:\/\/gmiotto.it\/fr\/wp-json\/wp\/v2\/comments?post=5831"}],"version-history":[{"count":0,"href":"https:\/\/gmiotto.it\/fr\/wp-json\/wp\/v2\/pages\/5831\/revisions"}],"wp:attachment":[{"href":"https:\/\/gmiotto.it\/fr\/wp-json\/wp\/v2\/media?parent=5831"}],"curies":[{"name":"wp","href":"https:\/\/api.w.org\/{rel}","templated":true}]}}