{"id":5833,"date":"2017-08-14T14:14:02","date_gmt":"2017-08-14T12:14:02","guid":{"rendered":"http:\/\/gmiotto.it\/plates-formes-de-bain\/"},"modified":"2018-07-02T17:30:43","modified_gmt":"2018-07-02T15:30:43","slug":"plates-formes-de-bain","status":"publish","type":"page","link":"https:\/\/gmiotto.it\/fr\/plates-formes-de-bain\/","title":{"rendered":"Plates-formes de bain"},"content":{"rendered":"<div class=\"wpb-content-wrapper\"><p>[vc_row][vc_column][vc_video link=\u00a0\u00bbhttps:\/\/www.youtube.com\/watch?v=dByJSo-fUcM\u00a0\u00bb][\/vc_column][\/vc_row][vc_row equal_height=\u00a0\u00bbyes\u00a0\u00bb][vc_column width=\u00a0\u00bb1\/2&Prime;][vc_column_text]Voulez-vous cr\u00e9er un bains de soleil flottant ou une \u00eele ou un radeau pour augmenter l&rsquo;attractivit\u00e9 de votre plage?<\/p>\n<p>Vous voulez am\u00e9liorer la facilit\u00e9 d&rsquo;utilisation de vos installations?<\/p>\n<p>Les plates-formes flottantes Otto simples \u00e0 installer et facile \u00e0 enlever sont parfaites pour realiser toutes vos id\u00e9es.[\/vc_column_text][\/vc_column][vc_column width=\u00a0\u00bb1\/2&Prime;][vc_raw_html]JTNDaWZyYW1lJTIwd2lkdGglM0QlMjI1NjAlMjIlMjBoZWlnaHQlM0QlMjIzMTUlMjIlMjBzcmMlM0QlMjJodHRwcyUzQSUyRiUyRnd3dy55b3V0dWJlLmNvbSUyRmVtYmVkJTJGNHBMOG5mQ3RGZU0lM0ZyZWwlM0QwJTI2YW1wJTNCY29udHJvbHMlM0QwJTIyJTIwZnJhbWVib3JkZXIlM0QlMjIwJTIyJTIwYWxsb3clM0QlMjJhdXRvcGxheSUzQiUyMGVuY3J5cHRlZC1tZWRpYSUyMiUyMGFsbG93ZnVsbHNjcmVlbiUzRSUzQyUyRmlmcmFtZSUzRQ==[\/vc_raw_html][\/vc_column][\/vc_row][vc_row][vc_column][vc_media_grid element_width=\u00a0\u00bb2&Prime; gap=\u00a0\u00bb30&Prime; grid_id=\u00a0\u00bbvc_gid:1530545414705-b85244be-b89c-4&Prime; include=\u00a0\u00bb2855,2856,2857,2858,2859,2860,2861,2862,2863,2864,2865,2866,2867,2868,2869,2870,2871,2872,2873,2874,2875,2876,2877,2878,2879,2880,2881,2882,2883,2884,2885,2886,2887,2888,2889,2890,2891,2892,2893,2959&Prime;][\/vc_column][\/vc_row]<\/p>\n<\/div>","protected":false},"excerpt":{"rendered":"<p>[vc_row][vc_column][vc_video link=\u00a0\u00bbhttps:\/\/www.youtube.com\/watch?v=dByJSo-fUcM\u00a0\u00bb][\/vc_column][\/vc_row][vc_row equal_height=\u00a0\u00bbyes\u00a0\u00bb][vc_column width=\u00a0\u00bb1\/2&Prime;][vc_column_text]Voulez-vous cr\u00e9er un bains de soleil flottant ou une \u00eele ou un radeau pour augmenter l&rsquo;attractivit\u00e9 de votre plage? Vous voulez am\u00e9liorer la facilit\u00e9 d&rsquo;utilisation de vos installations? Les plates-formes flottantes Otto simples \u00e0 installer et facile \u00e0 enlever sont parfaites pour realiser toutes vos id\u00e9es.[\/vc_column_text][\/vc_column][vc_column width=\u00a0\u00bb1\/2&Prime;][vc_raw_html]JTNDaWZyYW1lJTIwd2lkdGglM0QlMjI1NjAlMjIlMjBoZWlnaHQlM0QlMjIzMTUlMjIlMjBzcmMlM0QlMjJodHRwcyUzQSUyRiUyRnd3dy55b3V0dWJlLmNvbSUyRmVtYmVkJTJGNHBMOG5mQ3RGZU0lM0ZyZWwlM0QwJTI2YW1wJTNCY29udHJvbHMlM0QwJTIyJTIwZnJhbWVib3JkZXIlM0QlMjIwJTIyJTIwYWxsb3clM0QlMjJhdXRvcGxheSUzQiUyMGVuY3J5cHRlZC1tZWRpYSUyMiUyMGFsbG93ZnVsbHNjcmVlbiUzRSUzQyUyRmlmcmFtZSUzRQ==[\/vc_raw_html][\/vc_column][\/vc_row][vc_row][vc_column][vc_media_grid element_width=\u00a0\u00bb2&Prime; gap=\u00a0\u00bb30&Prime; grid_id=\u00a0\u00bbvc_gid:1530545414705-b85244be-b89c-4&Prime; include=\u00a0\u00bb2855,2856,2857,2858,2859,2860,2861,2862,2863,2864,2865,2866,2867,2868,2869,2870,2871,2872,2873,2874,2875,2876,2877,2878,2879,2880,2881,2882,2883,2884,2885,2886,2887,2888,2889,2890,2891,2892,2893,2959&Prime;][\/vc_column][\/vc_row]<\/p>\n","protected":false},"author":1,"featured_media":0,"parent":0,"menu_order":0,"comment_status":"closed","ping_status":"closed","template":"","meta":{"footnotes":""},"class_list":["post-5833","page","type-page","status-publish","hentry","no-thumb"],"yoast_head":"<!-- This site is optimized with the Yoast SEO plugin v27.2 - https:\/\/yoast.com\/product\/yoast-seo-wordpress\/ -->\n<title>Plates-formes de bain - OTTO<\/title>\n<meta name=\"robots\" content=\"index, follow, max-snippet:-1, max-image-preview:large, max-video-preview:-1\" \/>\n<link rel=\"canonical\" href=\"https:\/\/gmiotto.it\/fr\/plates-formes-de-bain\/\" \/>\n<meta property=\"og:locale\" content=\"fr_FR\" \/>\n<meta property=\"og:type\" content=\"article\" \/>\n<meta property=\"og:title\" content=\"Plates-formes de bain - OTTO\" \/>\n<meta property=\"og:description\" content=\"[vc_row][vc_column][vc_video link=\u00a0\u00bbhttps:\/\/www.youtube.com\/watch?v=dByJSo-fUcM\u00a0\u00bb][\/vc_column][\/vc_row][vc_row equal_height=\u00a0\u00bbyes\u00a0\u00bb][vc_column width=\u00a0\u00bb1\/2&Prime;][vc_column_text]Voulez-vous cr\u00e9er un bains de soleil flottant ou une \u00eele ou un radeau pour augmenter l&rsquo;attractivit\u00e9 de votre plage? Vous voulez am\u00e9liorer la facilit\u00e9 d&rsquo;utilisation de vos installations? Les plates-formes flottantes Otto simples \u00e0 installer et facile \u00e0 enlever sont parfaites pour realiser toutes vos id\u00e9es.[\/vc_column_text][\/vc_column][vc_column width=\u00a0\u00bb1\/2&Prime;][vc_raw_html]JTNDaWZyYW1lJTIwd2lkdGglM0QlMjI1NjAlMjIlMjBoZWlnaHQlM0QlMjIzMTUlMjIlMjBzcmMlM0QlMjJodHRwcyUzQSUyRiUyRnd3dy55b3V0dWJlLmNvbSUyRmVtYmVkJTJGNHBMOG5mQ3RGZU0lM0ZyZWwlM0QwJTI2YW1wJTNCY29udHJvbHMlM0QwJTIyJTIwZnJhbWVib3JkZXIlM0QlMjIwJTIyJTIwYWxsb3clM0QlMjJhdXRvcGxheSUzQiUyMGVuY3J5cHRlZC1tZWRpYSUyMiUyMGFsbG93ZnVsbHNjcmVlbiUzRSUzQyUyRmlmcmFtZSUzRQ==[\/vc_raw_html][\/vc_column][\/vc_row][vc_row][vc_column][vc_media_grid element_width=\u00a0\u00bb2&Prime; gap=\u00a0\u00bb30&Prime; grid_id=\u00a0\u00bbvc_gid:1530545414705-b85244be-b89c-4&Prime; include=\u00a0\u00bb2855,2856,2857,2858,2859,2860,2861,2862,2863,2864,2865,2866,2867,2868,2869,2870,2871,2872,2873,2874,2875,2876,2877,2878,2879,2880,2881,2882,2883,2884,2885,2886,2887,2888,2889,2890,2891,2892,2893,2959&Prime;][\/vc_column][\/vc_row]\" \/>\n<meta property=\"og:url\" content=\"https:\/\/gmiotto.it\/fr\/plates-formes-de-bain\/\" \/>\n<meta property=\"og:site_name\" content=\"OTTO\" \/>\n<meta property=\"article:modified_time\" content=\"2018-07-02T15:30:43+00:00\" \/>\n<meta name=\"twitter:card\" content=\"summary_large_image\" \/>\n<meta name=\"twitter:label1\" content=\"Dur\u00e9e de lecture estim\u00e9e\" \/>\n\t<meta name=\"twitter:data1\" content=\"1 minute\" \/>\n<script type=\"application\/ld+json\" class=\"yoast-schema-graph\">{\"@context\":\"https:\/\/schema.org\",\"@graph\":[{\"@type\":\"WebPage\",\"@id\":\"https:\/\/gmiotto.it\/fr\/plates-formes-de-bain\/\",\"url\":\"https:\/\/gmiotto.it\/fr\/plates-formes-de-bain\/\",\"name\":\"Plates-formes de bain - OTTO\",\"isPartOf\":{\"@id\":\"https:\/\/gmiotto.it\/#website\"},\"datePublished\":\"2017-08-14T12:14:02+00:00\",\"dateModified\":\"2018-07-02T15:30:43+00:00\",\"breadcrumb\":{\"@id\":\"https:\/\/gmiotto.it\/fr\/plates-formes-de-bain\/#breadcrumb\"},\"inLanguage\":\"fr-FR\",\"potentialAction\":[{\"@type\":\"ReadAction\",\"target\":[\"https:\/\/gmiotto.it\/fr\/plates-formes-de-bain\/\"]}]},{\"@type\":\"BreadcrumbList\",\"@id\":\"https:\/\/gmiotto.it\/fr\/plates-formes-de-bain\/#breadcrumb\",\"itemListElement\":[{\"@type\":\"ListItem\",\"position\":1,\"name\":\"Home\",\"item\":\"https:\/\/gmiotto.it\/fr\/\"},{\"@type\":\"ListItem\",\"position\":2,\"name\":\"Plates-formes de bain\"}]},{\"@type\":\"WebSite\",\"@id\":\"https:\/\/gmiotto.it\/#website\",\"url\":\"https:\/\/gmiotto.it\/\",\"name\":\"OTTO\",\"description\":\"Pontili galleggianti modulari\",\"publisher\":{\"@id\":\"https:\/\/gmiotto.it\/#organization\"},\"potentialAction\":[{\"@type\":\"SearchAction\",\"target\":{\"@type\":\"EntryPoint\",\"urlTemplate\":\"https:\/\/gmiotto.it\/?s={search_term_string}\"},\"query-input\":{\"@type\":\"PropertyValueSpecification\",\"valueRequired\":true,\"valueName\":\"search_term_string\"}}],\"inLanguage\":\"fr-FR\"},{\"@type\":\"Organization\",\"@id\":\"https:\/\/gmiotto.it\/#organization\",\"name\":\"Otto sas di Miotto F. & C.\",\"url\":\"https:\/\/gmiotto.it\/\",\"logo\":{\"@type\":\"ImageObject\",\"inLanguage\":\"fr-FR\",\"@id\":\"https:\/\/gmiotto.it\/#\/schema\/logo\/image\/\",\"url\":\"http:\/\/gmiotto.it\/wp-content\/uploads\/2018\/06\/logo_rina.png\",\"contentUrl\":\"http:\/\/gmiotto.it\/wp-content\/uploads\/2018\/06\/logo_rina.png\",\"width\":277,\"height\":66,\"caption\":\"Otto sas di Miotto F. & C.\"},\"image\":{\"@id\":\"https:\/\/gmiotto.it\/#\/schema\/logo\/image\/\"}}]}<\/script>\n<!-- \/ Yoast SEO plugin. -->","yoast_head_json":{"title":"Plates-formes de bain - OTTO","robots":{"index":"index","follow":"follow","max-snippet":"max-snippet:-1","max-image-preview":"max-image-preview:large","max-video-preview":"max-video-preview:-1"},"canonical":"https:\/\/gmiotto.it\/fr\/plates-formes-de-bain\/","og_locale":"fr_FR","og_type":"article","og_title":"Plates-formes de bain - OTTO","og_description":"[vc_row][vc_column][vc_video link=\u00a0\u00bbhttps:\/\/www.youtube.com\/watch?v=dByJSo-fUcM\u00a0\u00bb][\/vc_column][\/vc_row][vc_row equal_height=\u00a0\u00bbyes\u00a0\u00bb][vc_column width=\u00a0\u00bb1\/2&Prime;][vc_column_text]Voulez-vous cr\u00e9er un bains de soleil flottant ou une \u00eele ou un radeau pour augmenter l&rsquo;attractivit\u00e9 de votre plage? Vous voulez am\u00e9liorer la facilit\u00e9 d&rsquo;utilisation de vos installations? Les plates-formes flottantes Otto simples \u00e0 installer et facile \u00e0 enlever sont parfaites pour realiser toutes vos id\u00e9es.[\/vc_column_text][\/vc_column][vc_column width=\u00a0\u00bb1\/2&Prime;][vc_raw_html]JTNDaWZyYW1lJTIwd2lkdGglM0QlMjI1NjAlMjIlMjBoZWlnaHQlM0QlMjIzMTUlMjIlMjBzcmMlM0QlMjJodHRwcyUzQSUyRiUyRnd3dy55b3V0dWJlLmNvbSUyRmVtYmVkJTJGNHBMOG5mQ3RGZU0lM0ZyZWwlM0QwJTI2YW1wJTNCY29udHJvbHMlM0QwJTIyJTIwZnJhbWVib3JkZXIlM0QlMjIwJTIyJTIwYWxsb3clM0QlMjJhdXRvcGxheSUzQiUyMGVuY3J5cHRlZC1tZWRpYSUyMiUyMGFsbG93ZnVsbHNjcmVlbiUzRSUzQyUyRmlmcmFtZSUzRQ==[\/vc_raw_html][\/vc_column][\/vc_row][vc_row][vc_column][vc_media_grid element_width=\u00a0\u00bb2&Prime; gap=\u00a0\u00bb30&Prime; grid_id=\u00a0\u00bbvc_gid:1530545414705-b85244be-b89c-4&Prime; include=\u00a0\u00bb2855,2856,2857,2858,2859,2860,2861,2862,2863,2864,2865,2866,2867,2868,2869,2870,2871,2872,2873,2874,2875,2876,2877,2878,2879,2880,2881,2882,2883,2884,2885,2886,2887,2888,2889,2890,2891,2892,2893,2959&Prime;][\/vc_column][\/vc_row]","og_url":"https:\/\/gmiotto.it\/fr\/plates-formes-de-bain\/","og_site_name":"OTTO","article_modified_time":"2018-07-02T15:30:43+00:00","twitter_card":"summary_large_image","twitter_misc":{"Dur\u00e9e de lecture estim\u00e9e":"1 minute"},"schema":{"@context":"https:\/\/schema.org","@graph":[{"@type":"WebPage","@id":"https:\/\/gmiotto.it\/fr\/plates-formes-de-bain\/","url":"https:\/\/gmiotto.it\/fr\/plates-formes-de-bain\/","name":"Plates-formes de bain - OTTO","isPartOf":{"@id":"https:\/\/gmiotto.it\/#website"},"datePublished":"2017-08-14T12:14:02+00:00","dateModified":"2018-07-02T15:30:43+00:00","breadcrumb":{"@id":"https:\/\/gmiotto.it\/fr\/plates-formes-de-bain\/#breadcrumb"},"inLanguage":"fr-FR","potentialAction":[{"@type":"ReadAction","target":["https:\/\/gmiotto.it\/fr\/plates-formes-de-bain\/"]}]},{"@type":"BreadcrumbList","@id":"https:\/\/gmiotto.it\/fr\/plates-formes-de-bain\/#breadcrumb","itemListElement":[{"@type":"ListItem","position":1,"name":"Home","item":"https:\/\/gmiotto.it\/fr\/"},{"@type":"ListItem","position":2,"name":"Plates-formes de bain"}]},{"@type":"WebSite","@id":"https:\/\/gmiotto.it\/#website","url":"https:\/\/gmiotto.it\/","name":"OTTO","description":"Pontili galleggianti modulari","publisher":{"@id":"https:\/\/gmiotto.it\/#organization"},"potentialAction":[{"@type":"SearchAction","target":{"@type":"EntryPoint","urlTemplate":"https:\/\/gmiotto.it\/?s={search_term_string}"},"query-input":{"@type":"PropertyValueSpecification","valueRequired":true,"valueName":"search_term_string"}}],"inLanguage":"fr-FR"},{"@type":"Organization","@id":"https:\/\/gmiotto.it\/#organization","name":"Otto sas di Miotto F. & C.","url":"https:\/\/gmiotto.it\/","logo":{"@type":"ImageObject","inLanguage":"fr-FR","@id":"https:\/\/gmiotto.it\/#\/schema\/logo\/image\/","url":"http:\/\/gmiotto.it\/wp-content\/uploads\/2018\/06\/logo_rina.png","contentUrl":"http:\/\/gmiotto.it\/wp-content\/uploads\/2018\/06\/logo_rina.png","width":277,"height":66,"caption":"Otto sas di Miotto F. & C."},"image":{"@id":"https:\/\/gmiotto.it\/#\/schema\/logo\/image\/"}}]}},"_links":{"self":[{"href":"https:\/\/gmiotto.it\/fr\/wp-json\/wp\/v2\/pages\/5833","targetHints":{"allow":["GET"]}}],"collection":[{"href":"https:\/\/gmiotto.it\/fr\/wp-json\/wp\/v2\/pages"}],"about":[{"href":"https:\/\/gmiotto.it\/fr\/wp-json\/wp\/v2\/types\/page"}],"author":[{"embeddable":true,"href":"https:\/\/gmiotto.it\/fr\/wp-json\/wp\/v2\/users\/1"}],"replies":[{"embeddable":true,"href":"https:\/\/gmiotto.it\/fr\/wp-json\/wp\/v2\/comments?post=5833"}],"version-history":[{"count":0,"href":"https:\/\/gmiotto.it\/fr\/wp-json\/wp\/v2\/pages\/5833\/revisions"}],"wp:attachment":[{"href":"https:\/\/gmiotto.it\/fr\/wp-json\/wp\/v2\/media?parent=5833"}],"curies":[{"name":"wp","href":"https:\/\/api.w.org\/{rel}","templated":true}]}}