{"id":5836,"date":"2017-08-14T14:21:33","date_gmt":"2017-08-14T12:21:33","guid":{"rendered":"http:\/\/gmiotto.it\/production\/"},"modified":"2017-08-14T14:21:33","modified_gmt":"2017-08-14T12:21:33","slug":"production","status":"publish","type":"page","link":"https:\/\/gmiotto.it\/fr\/production\/","title":{"rendered":"Production"},"content":{"rendered":"<div class=\"wpb-content-wrapper\"><p>[vc_row][vc_column width=\u00a0\u00bb1\/2&Prime;][vc_column_text]Les cubes flottants Otto sont fabriqu\u00e9s en poly\u00e9thyl\u00e8ne &#8211; HDPE 56020S TOTAL sont fabriqu\u00e9s avec une production de soufflage pour assurer une r\u00e9partition uniforme de la mati\u00e8re sur toute la surface du moule.<\/p>\n<p>Chaque bloc est fabriqu\u00e9 dans un seul moule par injection d&rsquo;air comprim\u00e9 \u00e0 l&rsquo;int\u00e9rieur du moule, ce qui permet aux chaussures de HDPE de s\u2019\u00e9largir uniform\u00e9ment et avoir la m\u00eame \u00e9paisseur.<\/p>\n<p>Par la suite, le cube est extrait du moule, l&rsquo;on enl\u00e8ve tout le mat\u00e9riau en exc\u00e8s et termin\u00e9 dans les points de jonction du moule, dans les fentes et les trous dans le trou de la capsule au moyen d&rsquo;un dispositif de coupe et l&rsquo;utilisation d&rsquo;une flamme pour \u00e9liminer toute les rugosit\u00e9 sour le bord et sur la surface.<\/p>\n<p>Le vid\u00e9o de c\u00f4t\u00e9 montre toutes les \u00e9tapes de la production.[\/vc_column_text][\/vc_column][vc_column width=\u00a0\u00bb1\/2&Prime;][vc_video link=\u00a0\u00bbhttps:\/\/youtu.be\/sJHKSbAx0h0&Prime; el_aspect=\u00a0\u00bb43&Prime; align=\u00a0\u00bbcenter\u00a0\u00bb][\/vc_column][\/vc_row]<\/p>\n<\/div>","protected":false},"excerpt":{"rendered":"<p>[vc_row][vc_column width=\u00a0\u00bb1\/2&Prime;][vc_column_text]Les cubes flottants Otto sont fabriqu\u00e9s en poly\u00e9thyl\u00e8ne &#8211; HDPE 56020S TOTAL sont fabriqu\u00e9s avec une production de soufflage pour assurer une r\u00e9partition uniforme de la mati\u00e8re sur toute la surface du moule. Chaque bloc est fabriqu\u00e9 dans un seul moule par injection d&rsquo;air comprim\u00e9 \u00e0 l&rsquo;int\u00e9rieur du moule, ce qui permet aux chaussures &hellip;<\/p>\n","protected":false},"author":1,"featured_media":0,"parent":0,"menu_order":0,"comment_status":"closed","ping_status":"closed","template":"","meta":{"footnotes":""},"class_list":["post-5836","page","type-page","status-publish","hentry","no-thumb"],"yoast_head":"<!-- This site is optimized with the Yoast SEO plugin v27.2 - https:\/\/yoast.com\/product\/yoast-seo-wordpress\/ -->\n<title>Production - OTTO<\/title>\n<meta name=\"robots\" content=\"index, follow, max-snippet:-1, max-image-preview:large, max-video-preview:-1\" \/>\n<link rel=\"canonical\" href=\"https:\/\/gmiotto.it\/fr\/production\/\" \/>\n<meta property=\"og:locale\" content=\"fr_FR\" \/>\n<meta property=\"og:type\" content=\"article\" \/>\n<meta property=\"og:title\" content=\"Production - OTTO\" \/>\n<meta property=\"og:description\" content=\"[vc_row][vc_column width=\u00a0\u00bb1\/2&Prime;][vc_column_text]Les cubes flottants Otto sont fabriqu\u00e9s en poly\u00e9thyl\u00e8ne &#8211; HDPE 56020S TOTAL sont fabriqu\u00e9s avec une production de soufflage pour assurer une r\u00e9partition uniforme de la mati\u00e8re sur toute la surface du moule. Chaque bloc est fabriqu\u00e9 dans un seul moule par injection d&rsquo;air comprim\u00e9 \u00e0 l&rsquo;int\u00e9rieur du moule, ce qui permet aux chaussures &hellip;\" \/>\n<meta property=\"og:url\" content=\"https:\/\/gmiotto.it\/fr\/production\/\" \/>\n<meta property=\"og:site_name\" content=\"OTTO\" \/>\n<meta name=\"twitter:card\" content=\"summary_large_image\" \/>\n<meta name=\"twitter:label1\" content=\"Dur\u00e9e de lecture estim\u00e9e\" \/>\n\t<meta name=\"twitter:data1\" content=\"1 minute\" \/>\n<script type=\"application\/ld+json\" class=\"yoast-schema-graph\">{\"@context\":\"https:\/\/schema.org\",\"@graph\":[{\"@type\":\"WebPage\",\"@id\":\"https:\/\/gmiotto.it\/fr\/production\/\",\"url\":\"https:\/\/gmiotto.it\/fr\/production\/\",\"name\":\"Production - OTTO\",\"isPartOf\":{\"@id\":\"https:\/\/gmiotto.it\/#website\"},\"datePublished\":\"2017-08-14T12:21:33+00:00\",\"breadcrumb\":{\"@id\":\"https:\/\/gmiotto.it\/fr\/production\/#breadcrumb\"},\"inLanguage\":\"fr-FR\",\"potentialAction\":[{\"@type\":\"ReadAction\",\"target\":[\"https:\/\/gmiotto.it\/fr\/production\/\"]}]},{\"@type\":\"BreadcrumbList\",\"@id\":\"https:\/\/gmiotto.it\/fr\/production\/#breadcrumb\",\"itemListElement\":[{\"@type\":\"ListItem\",\"position\":1,\"name\":\"Home\",\"item\":\"https:\/\/gmiotto.it\/fr\/\"},{\"@type\":\"ListItem\",\"position\":2,\"name\":\"Production\"}]},{\"@type\":\"WebSite\",\"@id\":\"https:\/\/gmiotto.it\/#website\",\"url\":\"https:\/\/gmiotto.it\/\",\"name\":\"OTTO\",\"description\":\"Pontili galleggianti modulari\",\"publisher\":{\"@id\":\"https:\/\/gmiotto.it\/#organization\"},\"potentialAction\":[{\"@type\":\"SearchAction\",\"target\":{\"@type\":\"EntryPoint\",\"urlTemplate\":\"https:\/\/gmiotto.it\/?s={search_term_string}\"},\"query-input\":{\"@type\":\"PropertyValueSpecification\",\"valueRequired\":true,\"valueName\":\"search_term_string\"}}],\"inLanguage\":\"fr-FR\"},{\"@type\":\"Organization\",\"@id\":\"https:\/\/gmiotto.it\/#organization\",\"name\":\"Otto sas di Miotto F. & C.\",\"url\":\"https:\/\/gmiotto.it\/\",\"logo\":{\"@type\":\"ImageObject\",\"inLanguage\":\"fr-FR\",\"@id\":\"https:\/\/gmiotto.it\/#\/schema\/logo\/image\/\",\"url\":\"http:\/\/gmiotto.it\/wp-content\/uploads\/2018\/06\/logo_rina.png\",\"contentUrl\":\"http:\/\/gmiotto.it\/wp-content\/uploads\/2018\/06\/logo_rina.png\",\"width\":277,\"height\":66,\"caption\":\"Otto sas di Miotto F. & C.\"},\"image\":{\"@id\":\"https:\/\/gmiotto.it\/#\/schema\/logo\/image\/\"}}]}<\/script>\n<!-- \/ Yoast SEO plugin. -->","yoast_head_json":{"title":"Production - OTTO","robots":{"index":"index","follow":"follow","max-snippet":"max-snippet:-1","max-image-preview":"max-image-preview:large","max-video-preview":"max-video-preview:-1"},"canonical":"https:\/\/gmiotto.it\/fr\/production\/","og_locale":"fr_FR","og_type":"article","og_title":"Production - OTTO","og_description":"[vc_row][vc_column width=\u00a0\u00bb1\/2&Prime;][vc_column_text]Les cubes flottants Otto sont fabriqu\u00e9s en poly\u00e9thyl\u00e8ne &#8211; HDPE 56020S TOTAL sont fabriqu\u00e9s avec une production de soufflage pour assurer une r\u00e9partition uniforme de la mati\u00e8re sur toute la surface du moule. Chaque bloc est fabriqu\u00e9 dans un seul moule par injection d&rsquo;air comprim\u00e9 \u00e0 l&rsquo;int\u00e9rieur du moule, ce qui permet aux chaussures &hellip;","og_url":"https:\/\/gmiotto.it\/fr\/production\/","og_site_name":"OTTO","twitter_card":"summary_large_image","twitter_misc":{"Dur\u00e9e de lecture estim\u00e9e":"1 minute"},"schema":{"@context":"https:\/\/schema.org","@graph":[{"@type":"WebPage","@id":"https:\/\/gmiotto.it\/fr\/production\/","url":"https:\/\/gmiotto.it\/fr\/production\/","name":"Production - OTTO","isPartOf":{"@id":"https:\/\/gmiotto.it\/#website"},"datePublished":"2017-08-14T12:21:33+00:00","breadcrumb":{"@id":"https:\/\/gmiotto.it\/fr\/production\/#breadcrumb"},"inLanguage":"fr-FR","potentialAction":[{"@type":"ReadAction","target":["https:\/\/gmiotto.it\/fr\/production\/"]}]},{"@type":"BreadcrumbList","@id":"https:\/\/gmiotto.it\/fr\/production\/#breadcrumb","itemListElement":[{"@type":"ListItem","position":1,"name":"Home","item":"https:\/\/gmiotto.it\/fr\/"},{"@type":"ListItem","position":2,"name":"Production"}]},{"@type":"WebSite","@id":"https:\/\/gmiotto.it\/#website","url":"https:\/\/gmiotto.it\/","name":"OTTO","description":"Pontili galleggianti modulari","publisher":{"@id":"https:\/\/gmiotto.it\/#organization"},"potentialAction":[{"@type":"SearchAction","target":{"@type":"EntryPoint","urlTemplate":"https:\/\/gmiotto.it\/?s={search_term_string}"},"query-input":{"@type":"PropertyValueSpecification","valueRequired":true,"valueName":"search_term_string"}}],"inLanguage":"fr-FR"},{"@type":"Organization","@id":"https:\/\/gmiotto.it\/#organization","name":"Otto sas di Miotto F. & C.","url":"https:\/\/gmiotto.it\/","logo":{"@type":"ImageObject","inLanguage":"fr-FR","@id":"https:\/\/gmiotto.it\/#\/schema\/logo\/image\/","url":"http:\/\/gmiotto.it\/wp-content\/uploads\/2018\/06\/logo_rina.png","contentUrl":"http:\/\/gmiotto.it\/wp-content\/uploads\/2018\/06\/logo_rina.png","width":277,"height":66,"caption":"Otto sas di Miotto F. & C."},"image":{"@id":"https:\/\/gmiotto.it\/#\/schema\/logo\/image\/"}}]}},"_links":{"self":[{"href":"https:\/\/gmiotto.it\/fr\/wp-json\/wp\/v2\/pages\/5836","targetHints":{"allow":["GET"]}}],"collection":[{"href":"https:\/\/gmiotto.it\/fr\/wp-json\/wp\/v2\/pages"}],"about":[{"href":"https:\/\/gmiotto.it\/fr\/wp-json\/wp\/v2\/types\/page"}],"author":[{"embeddable":true,"href":"https:\/\/gmiotto.it\/fr\/wp-json\/wp\/v2\/users\/1"}],"replies":[{"embeddable":true,"href":"https:\/\/gmiotto.it\/fr\/wp-json\/wp\/v2\/comments?post=5836"}],"version-history":[{"count":0,"href":"https:\/\/gmiotto.it\/fr\/wp-json\/wp\/v2\/pages\/5836\/revisions"}],"wp:attachment":[{"href":"https:\/\/gmiotto.it\/fr\/wp-json\/wp\/v2\/media?parent=5836"}],"curies":[{"name":"wp","href":"https:\/\/api.w.org\/{rel}","templated":true}]}}