{"id":5837,"date":"2017-08-14T14:24:42","date_gmt":"2017-08-14T12:24:42","guid":{"rendered":"http:\/\/gmiotto.it\/qualite\/"},"modified":"2022-07-13T10:35:51","modified_gmt":"2022-07-13T08:35:51","slug":"qualite","status":"publish","type":"page","link":"https:\/\/gmiotto.it\/fr\/qualite\/","title":{"rendered":"Qualit\u00e9"},"content":{"rendered":"<div class=\"wpb-content-wrapper\"><p>[vc_section el_class=\u00a0\u00bbpanel panel-default\u00a0\u00bb][vc_row][vc_column width=\u00a0\u00bb1\/2&Prime;][vc_column_text]La qualit\u00e9 de notre syst\u00e8me modulaire flottant est prouv\u00e9 par des tests effectu\u00e9s \u00e0 l&rsquo;Universit\u00e9 de Padoue o\u00f9 nos articles \u00e0 100x50x40cm et 50x50x40cm ont \u00e9t\u00e9 contr\u00f4l\u00e9e et soulign\u00e9 jusqu&rsquo;au point de rupture.<\/p>\n<p>Capacit\u00e9:<\/p>\n<ul>\n<li>350 Kg\/m<sup>2<\/sup> seule couche<\/li>\n<li>700 Kg\/m<sup>2<\/sup> double couche<\/li>\n<li>1.050 Kg\/m<sup>2<\/sup> triple couche<\/li>\n<\/ul>\n<p>R\u00e9sistance \u00e0 la temp\u00e9rature:<\/p>\n<ul>\n<li>-60\u00b0 \/ +80\u00b0<\/li>\n<\/ul>\n<p>Mat\u00e9riel:<\/p>\n<ul>\n<li>HDPE 56020S du Total<\/li>\n<\/ul>\n<p>Ci-dessous le rapport de test complet et certifications ISO.[\/vc_column_text][\/vc_column][vc_column width=\u00a0\u00bb1\/2&Prime;][vc_media_grid gap=\u00a0\u00bb30&Prime; item=\u00a0\u00bbmasonryMedia_BorderedScale\u00a0\u00bb initial_loading_animation=\u00a0\u00bbslideInDown\u00a0\u00bb grid_id=\u00a0\u00bbvc_gid:1657701317923-a2b084340a19e02911c3cdbcc073e1e2-8&Prime; include=\u00a0\u00bb3679,3675,3671,3895,3899,3903,3907,3911,3915&Prime;][vc_media_grid element_width=\u00a0\u00bb6&Prime; gap=\u00a0\u00bb30&Prime; item=\u00a0\u00bbmasonryMedia_BorderedScale\u00a0\u00bb initial_loading_animation=\u00a0\u00bbslideInDown\u00a0\u00bb grid_id=\u00a0\u00bbvc_gid:1657701317956-a8f97447f6db9337aa80ff30f9258b57-2&Prime; include=\u00a0\u00bb3919,3923&Prime;][vc_column_text css_animation=\u00a0\u00bbslideInDown\u00a0\u00bb]<small>Prove di resistenza sui cubi galleggianti Otto, effettuate presso l&rsquo;Universit\u00e0 di Padova<\/small>[\/vc_column_text][\/vc_column][\/vc_row][\/vc_section][vc_section el_class=\u00a0\u00bbpanel panel-default\u00a0\u00bb][vc_row][vc_column][vc_column_text]<\/p>\n<h3 style=\"text-align: center;\"><strong>Documentation disponible<\/strong><\/h3>\n<p>&nbsp;<\/p>\n<p style=\"text-align: center;\">Documents disponibles gratuitement en ce qui concerne les certifications prouvant l\u2019haute qualit\u00e9 de notre cubes flottant Otto.<\/p>\n<p>[\/vc_column_text][\/vc_column][\/vc_row][vc_row][vc_column width=\u00a0\u00bb1\/4&Prime;][vc_single_image image=\u00a0\u00bb3695&Prime; img_size=\u00a0\u00bbfull\u00a0\u00bb alignment=\u00a0\u00bbcenter\u00a0\u00bb style=\u00a0\u00bbvc_box_border\u00a0\u00bb onclick=\u00a0\u00bbcustom_link\u00a0\u00bb img_link_target=\u00a0\u00bb_blank\u00a0\u00bb link=\u00a0\u00bbhttp:\/\/gmiotto.it\/wp-content\/uploads\/2017\/06\/ISO_Flero_ITA.pdf\u00a0\u00bb][\/vc_column][vc_column width=\u00a0\u00bb1\/4&Prime;][vc_single_image image=\u00a0\u00bb3691&Prime; img_size=\u00a0\u00bbfull\u00a0\u00bb alignment=\u00a0\u00bbcenter\u00a0\u00bb style=\u00a0\u00bbvc_box_border\u00a0\u00bb onclick=\u00a0\u00bbcustom_link\u00a0\u00bb img_link_target=\u00a0\u00bb_blank\u00a0\u00bb link=\u00a0\u00bbhttp:\/\/gmiotto.it\/wp-content\/uploads\/2017\/06\/ISO_Gattico_ITA.pdf\u00a0\u00bb][\/vc_column][vc_column width=\u00a0\u00bb1\/4&Prime;][vc_single_image image=\u00a0\u00bb3687&Prime; img_size=\u00a0\u00bbfull\u00a0\u00bb alignment=\u00a0\u00bbcenter\u00a0\u00bb style=\u00a0\u00bbvc_box_border\u00a0\u00bb onclick=\u00a0\u00bbcustom_link\u00a0\u00bb img_link_target=\u00a0\u00bb_blank\u00a0\u00bb link=\u00a0\u00bbhttp:\/\/gmiotto.it\/wp-content\/uploads\/2017\/06\/Cert.-CE-ITA.pdf\u00a0\u00bb][\/vc_column][vc_column width=\u00a0\u00bb1\/4&Prime;][vc_single_image image=\u00a0\u00bb3699&Prime; img_size=\u00a0\u00bbfull\u00a0\u00bb alignment=\u00a0\u00bbcenter\u00a0\u00bb style=\u00a0\u00bbvc_box_border\u00a0\u00bb onclick=\u00a0\u00bbcustom_link\u00a0\u00bb img_link_target=\u00a0\u00bb_blank\u00a0\u00bb link=\u00a0\u00bbhttp:\/\/gmiotto.it\/wp-content\/uploads\/2017\/06\/Test-Report-ITA.pdf\u00a0\u00bb][\/vc_column][\/vc_row][\/vc_section]<\/p>\n<\/div>","protected":false},"excerpt":{"rendered":"<p>[vc_section el_class=\u00a0\u00bbpanel panel-default\u00a0\u00bb][vc_row][vc_column width=\u00a0\u00bb1\/2&Prime;][vc_column_text]La qualit\u00e9 de notre syst\u00e8me modulaire flottant est prouv\u00e9 par des tests effectu\u00e9s \u00e0 l&rsquo;Universit\u00e9 de Padoue o\u00f9 nos articles \u00e0 100x50x40cm et 50x50x40cm ont \u00e9t\u00e9 contr\u00f4l\u00e9e et soulign\u00e9 jusqu&rsquo;au point de rupture. Capacit\u00e9: 350 Kg\/m2 seule couche 700 Kg\/m2 double couche 1.050 Kg\/m2 triple couche R\u00e9sistance \u00e0 la temp\u00e9rature: -60\u00b0 \/ &hellip;<\/p>\n","protected":false},"author":1,"featured_media":0,"parent":0,"menu_order":0,"comment_status":"closed","ping_status":"closed","template":"","meta":{"footnotes":""},"class_list":["post-5837","page","type-page","status-publish","hentry","no-thumb"],"yoast_head":"<!-- This site is optimized with the Yoast SEO plugin v27.2 - https:\/\/yoast.com\/product\/yoast-seo-wordpress\/ -->\n<title>Qualit\u00e9 - OTTO<\/title>\n<meta name=\"robots\" content=\"index, follow, max-snippet:-1, max-image-preview:large, max-video-preview:-1\" \/>\n<link rel=\"canonical\" href=\"https:\/\/gmiotto.it\/fr\/qualite\/\" \/>\n<meta property=\"og:locale\" content=\"fr_FR\" \/>\n<meta property=\"og:type\" content=\"article\" \/>\n<meta property=\"og:title\" content=\"Qualit\u00e9 - OTTO\" \/>\n<meta property=\"og:description\" content=\"[vc_section el_class=\u00a0\u00bbpanel panel-default\u00a0\u00bb][vc_row][vc_column width=\u00a0\u00bb1\/2&Prime;][vc_column_text]La qualit\u00e9 de notre syst\u00e8me modulaire flottant est prouv\u00e9 par des tests effectu\u00e9s \u00e0 l&rsquo;Universit\u00e9 de Padoue o\u00f9 nos articles \u00e0 100x50x40cm et 50x50x40cm ont \u00e9t\u00e9 contr\u00f4l\u00e9e et soulign\u00e9 jusqu&rsquo;au point de rupture. Capacit\u00e9: 350 Kg\/m2 seule couche 700 Kg\/m2 double couche 1.050 Kg\/m2 triple couche R\u00e9sistance \u00e0 la temp\u00e9rature: -60\u00b0 \/ &hellip;\" \/>\n<meta property=\"og:url\" content=\"https:\/\/gmiotto.it\/fr\/qualite\/\" \/>\n<meta property=\"og:site_name\" content=\"OTTO\" \/>\n<meta property=\"article:modified_time\" content=\"2022-07-13T08:35:51+00:00\" \/>\n<meta name=\"twitter:card\" content=\"summary_large_image\" \/>\n<meta name=\"twitter:label1\" content=\"Dur\u00e9e de lecture estim\u00e9e\" \/>\n\t<meta name=\"twitter:data1\" content=\"2 minutes\" \/>\n<script type=\"application\/ld+json\" class=\"yoast-schema-graph\">{\"@context\":\"https:\/\/schema.org\",\"@graph\":[{\"@type\":\"WebPage\",\"@id\":\"https:\/\/gmiotto.it\/fr\/qualite\/\",\"url\":\"https:\/\/gmiotto.it\/fr\/qualite\/\",\"name\":\"Qualit\u00e9 - OTTO\",\"isPartOf\":{\"@id\":\"https:\/\/gmiotto.it\/#website\"},\"datePublished\":\"2017-08-14T12:24:42+00:00\",\"dateModified\":\"2022-07-13T08:35:51+00:00\",\"breadcrumb\":{\"@id\":\"https:\/\/gmiotto.it\/fr\/qualite\/#breadcrumb\"},\"inLanguage\":\"fr-FR\",\"potentialAction\":[{\"@type\":\"ReadAction\",\"target\":[\"https:\/\/gmiotto.it\/fr\/qualite\/\"]}]},{\"@type\":\"BreadcrumbList\",\"@id\":\"https:\/\/gmiotto.it\/fr\/qualite\/#breadcrumb\",\"itemListElement\":[{\"@type\":\"ListItem\",\"position\":1,\"name\":\"Home\",\"item\":\"https:\/\/gmiotto.it\/fr\/\"},{\"@type\":\"ListItem\",\"position\":2,\"name\":\"Qualit\u00e9\"}]},{\"@type\":\"WebSite\",\"@id\":\"https:\/\/gmiotto.it\/#website\",\"url\":\"https:\/\/gmiotto.it\/\",\"name\":\"OTTO\",\"description\":\"Pontili galleggianti modulari\",\"publisher\":{\"@id\":\"https:\/\/gmiotto.it\/#organization\"},\"potentialAction\":[{\"@type\":\"SearchAction\",\"target\":{\"@type\":\"EntryPoint\",\"urlTemplate\":\"https:\/\/gmiotto.it\/?s={search_term_string}\"},\"query-input\":{\"@type\":\"PropertyValueSpecification\",\"valueRequired\":true,\"valueName\":\"search_term_string\"}}],\"inLanguage\":\"fr-FR\"},{\"@type\":\"Organization\",\"@id\":\"https:\/\/gmiotto.it\/#organization\",\"name\":\"Otto sas di Miotto F. & C.\",\"url\":\"https:\/\/gmiotto.it\/\",\"logo\":{\"@type\":\"ImageObject\",\"inLanguage\":\"fr-FR\",\"@id\":\"https:\/\/gmiotto.it\/#\/schema\/logo\/image\/\",\"url\":\"http:\/\/gmiotto.it\/wp-content\/uploads\/2018\/06\/logo_rina.png\",\"contentUrl\":\"http:\/\/gmiotto.it\/wp-content\/uploads\/2018\/06\/logo_rina.png\",\"width\":277,\"height\":66,\"caption\":\"Otto sas di Miotto F. & C.\"},\"image\":{\"@id\":\"https:\/\/gmiotto.it\/#\/schema\/logo\/image\/\"}}]}<\/script>\n<!-- \/ Yoast SEO plugin. -->","yoast_head_json":{"title":"Qualit\u00e9 - OTTO","robots":{"index":"index","follow":"follow","max-snippet":"max-snippet:-1","max-image-preview":"max-image-preview:large","max-video-preview":"max-video-preview:-1"},"canonical":"https:\/\/gmiotto.it\/fr\/qualite\/","og_locale":"fr_FR","og_type":"article","og_title":"Qualit\u00e9 - OTTO","og_description":"[vc_section el_class=\u00a0\u00bbpanel panel-default\u00a0\u00bb][vc_row][vc_column width=\u00a0\u00bb1\/2&Prime;][vc_column_text]La qualit\u00e9 de notre syst\u00e8me modulaire flottant est prouv\u00e9 par des tests effectu\u00e9s \u00e0 l&rsquo;Universit\u00e9 de Padoue o\u00f9 nos articles \u00e0 100x50x40cm et 50x50x40cm ont \u00e9t\u00e9 contr\u00f4l\u00e9e et soulign\u00e9 jusqu&rsquo;au point de rupture. Capacit\u00e9: 350 Kg\/m2 seule couche 700 Kg\/m2 double couche 1.050 Kg\/m2 triple couche R\u00e9sistance \u00e0 la temp\u00e9rature: -60\u00b0 \/ &hellip;","og_url":"https:\/\/gmiotto.it\/fr\/qualite\/","og_site_name":"OTTO","article_modified_time":"2022-07-13T08:35:51+00:00","twitter_card":"summary_large_image","twitter_misc":{"Dur\u00e9e de lecture estim\u00e9e":"2 minutes"},"schema":{"@context":"https:\/\/schema.org","@graph":[{"@type":"WebPage","@id":"https:\/\/gmiotto.it\/fr\/qualite\/","url":"https:\/\/gmiotto.it\/fr\/qualite\/","name":"Qualit\u00e9 - OTTO","isPartOf":{"@id":"https:\/\/gmiotto.it\/#website"},"datePublished":"2017-08-14T12:24:42+00:00","dateModified":"2022-07-13T08:35:51+00:00","breadcrumb":{"@id":"https:\/\/gmiotto.it\/fr\/qualite\/#breadcrumb"},"inLanguage":"fr-FR","potentialAction":[{"@type":"ReadAction","target":["https:\/\/gmiotto.it\/fr\/qualite\/"]}]},{"@type":"BreadcrumbList","@id":"https:\/\/gmiotto.it\/fr\/qualite\/#breadcrumb","itemListElement":[{"@type":"ListItem","position":1,"name":"Home","item":"https:\/\/gmiotto.it\/fr\/"},{"@type":"ListItem","position":2,"name":"Qualit\u00e9"}]},{"@type":"WebSite","@id":"https:\/\/gmiotto.it\/#website","url":"https:\/\/gmiotto.it\/","name":"OTTO","description":"Pontili galleggianti modulari","publisher":{"@id":"https:\/\/gmiotto.it\/#organization"},"potentialAction":[{"@type":"SearchAction","target":{"@type":"EntryPoint","urlTemplate":"https:\/\/gmiotto.it\/?s={search_term_string}"},"query-input":{"@type":"PropertyValueSpecification","valueRequired":true,"valueName":"search_term_string"}}],"inLanguage":"fr-FR"},{"@type":"Organization","@id":"https:\/\/gmiotto.it\/#organization","name":"Otto sas di Miotto F. & C.","url":"https:\/\/gmiotto.it\/","logo":{"@type":"ImageObject","inLanguage":"fr-FR","@id":"https:\/\/gmiotto.it\/#\/schema\/logo\/image\/","url":"http:\/\/gmiotto.it\/wp-content\/uploads\/2018\/06\/logo_rina.png","contentUrl":"http:\/\/gmiotto.it\/wp-content\/uploads\/2018\/06\/logo_rina.png","width":277,"height":66,"caption":"Otto sas di Miotto F. & C."},"image":{"@id":"https:\/\/gmiotto.it\/#\/schema\/logo\/image\/"}}]}},"_links":{"self":[{"href":"https:\/\/gmiotto.it\/fr\/wp-json\/wp\/v2\/pages\/5837","targetHints":{"allow":["GET"]}}],"collection":[{"href":"https:\/\/gmiotto.it\/fr\/wp-json\/wp\/v2\/pages"}],"about":[{"href":"https:\/\/gmiotto.it\/fr\/wp-json\/wp\/v2\/types\/page"}],"author":[{"embeddable":true,"href":"https:\/\/gmiotto.it\/fr\/wp-json\/wp\/v2\/users\/1"}],"replies":[{"embeddable":true,"href":"https:\/\/gmiotto.it\/fr\/wp-json\/wp\/v2\/comments?post=5837"}],"version-history":[{"count":0,"href":"https:\/\/gmiotto.it\/fr\/wp-json\/wp\/v2\/pages\/5837\/revisions"}],"wp:attachment":[{"href":"https:\/\/gmiotto.it\/fr\/wp-json\/wp\/v2\/media?parent=5837"}],"curies":[{"name":"wp","href":"https:\/\/api.w.org\/{rel}","templated":true}]}}