{"id":5838,"date":"2017-08-14T14:39:49","date_gmt":"2017-08-14T12:39:49","guid":{"rendered":"http:\/\/gmiotto.it\/systemes-dancrage-otto\/"},"modified":"2017-08-14T14:39:49","modified_gmt":"2017-08-14T12:39:49","slug":"systemes-dancrage-otto","status":"publish","type":"page","link":"https:\/\/gmiotto.it\/fr\/systemes-dancrage-otto\/","title":{"rendered":"Syst\u00e8mes d&rsquo;ancrage Otto"},"content":{"rendered":"<div class=\"wpb-content-wrapper\"><p>[vc_section el_class=\u00a0\u00bbpanel panel-default\u00a0\u00bb][vc_row][vc_column width=\u00a0\u00bb1\/2&Prime;][vc_column_text]<\/p>\n<h3><strong>Syst\u00e8mes d&rsquo;ancrage Otto<\/strong><\/h3>\n<p>La soci\u00e9t\u00e9 Otto est parmi les plus grands fabricants de cubes flottants produits en Italie, Il est le plus important fabricant italien dans le monde entier.<\/p>\n<p>&nbsp;<\/p>\n<p>Les cubes flottants produits de haute qualit\u00e9 avec le TOTAL HDPE 56020S ont une densit\u00e9 mol\u00e9culaire du polyethylene 0,954 g\/cm2.<\/p>\n<p>&nbsp;<\/p>\n<p>Ils ont nombreux usages: comme des trottoirs flottantes, plates-formes pour organiser des \u00e9v\u00e9nements sur l&rsquo;eau, ports, quais, piscines flottantes, plates-formes de travail, aquaculture, syst\u00e8mes photovolta\u00efques flottants, maisons flottantes, etc.<\/p>\n<p>&nbsp;<\/p>\n<p>Les produits Otto sont n\u00e9s pour la mer, logiquement le probl\u00e8me est dans l\u2019ancrage, pour cette raison nous avons \u00e9tudi\u00e9 plusieurs solutions, qui doit \u00eatre utilis\u00e9 en fonction de la n\u00e9cessit\u00e9.<\/p>\n<p>Pour cela, nous fournissons un formulaire \u00e0 remplir afin de donner \u00e0 notre service technique des informations pertinentes et suffisantes pour sugg\u00e9rer \u00e0 l&rsquo;utilisateur final les syst\u00e8mes d&rsquo;ancrage les plus appropri\u00e9s possible.[\/vc_column_text][vc_column_text]<\/p>\n<p style=\"text-align: center;\"><a class=\"link\" href=\"http:\/\/gmiotto.it\/sistemi-ancoraggio\/scheda_ancoraggio_it.pdf\" target=\"_blank\" rel=\"noopener\"><img decoding=\"async\" class=\"aligncenter\" src=\"http:\/\/gmiotto.it\/images\/icona-pdf.gif\" alt=\"Questionario per la progettazione dell' ancoraggio\" border=\"0\" \/>Download <span id=\"result_box\" class=\"short_text\" lang=\"fr\">questionnaire<\/span> pour l&rsquo;<span id=\"result_box\" class=\"short_text\" lang=\"fr\"><span class=\"\">ancrage<\/span><\/span><\/a><\/p>\n<p>[\/vc_column_text][\/vc_column][vc_column width=\u00a0\u00bb1\/2&Prime;][vc_column_text]<\/p>\n<h4 style=\"text-align: center;\"><span id=\"result_box\" class=\"short_text\" lang=\"fr\">Syst\u00e8mes d&rsquo;ancrage fabriqu\u00e9s par <span class=\"\">Otto<\/span><\/span><\/h4>\n<p>[\/vc_column_text][vc_media_grid element_width=\u00a0\u00bb3&Prime; gap=\u00a0\u00bb30&Prime; item=\u00a0\u00bbmediaGrid_ScaleWithRotation\u00a0\u00bb grid_id=\u00a0\u00bbvc_gid:1498033790769-7d38ca90-b8fb-6&Prime; include=\u00a0\u00bb2187,2188,2189,2201,2200,2199,2190,2191,2193,2194,2196,2197,2198,2202,2203,2192&Prime;][\/vc_column][\/vc_row][\/vc_section]<\/p>\n<\/div>","protected":false},"excerpt":{"rendered":"<p>[vc_section el_class=\u00a0\u00bbpanel panel-default\u00a0\u00bb][vc_row][vc_column width=\u00a0\u00bb1\/2&Prime;][vc_column_text] Syst\u00e8mes d&rsquo;ancrage Otto La soci\u00e9t\u00e9 Otto est parmi les plus grands fabricants de cubes flottants produits en Italie, Il est le plus important fabricant italien dans le monde entier. &nbsp; Les cubes flottants produits de haute qualit\u00e9 avec le TOTAL HDPE 56020S ont une densit\u00e9 mol\u00e9culaire du polyethylene 0,954 g\/cm2. &nbsp; &hellip;<\/p>\n","protected":false},"author":1,"featured_media":0,"parent":0,"menu_order":0,"comment_status":"closed","ping_status":"closed","template":"","meta":{"footnotes":""},"class_list":["post-5838","page","type-page","status-publish","hentry","no-thumb"],"yoast_head":"<!-- This site is optimized with the Yoast SEO plugin v27.2 - https:\/\/yoast.com\/product\/yoast-seo-wordpress\/ -->\n<title>Syst\u00e8mes d&#039;ancrage Otto - OTTO<\/title>\n<meta name=\"robots\" content=\"index, follow, max-snippet:-1, max-image-preview:large, max-video-preview:-1\" \/>\n<link rel=\"canonical\" href=\"https:\/\/gmiotto.it\/fr\/systemes-dancrage-otto\/\" \/>\n<meta property=\"og:locale\" content=\"fr_FR\" \/>\n<meta property=\"og:type\" content=\"article\" \/>\n<meta property=\"og:title\" content=\"Syst\u00e8mes d&#039;ancrage Otto - OTTO\" \/>\n<meta property=\"og:description\" content=\"[vc_section el_class=\u00a0\u00bbpanel panel-default\u00a0\u00bb][vc_row][vc_column width=\u00a0\u00bb1\/2&Prime;][vc_column_text] Syst\u00e8mes d&rsquo;ancrage Otto La soci\u00e9t\u00e9 Otto est parmi les plus grands fabricants de cubes flottants produits en Italie, Il est le plus important fabricant italien dans le monde entier. &nbsp; Les cubes flottants produits de haute qualit\u00e9 avec le TOTAL HDPE 56020S ont une densit\u00e9 mol\u00e9culaire du polyethylene 0,954 g\/cm2. &nbsp; &hellip;\" \/>\n<meta property=\"og:url\" content=\"https:\/\/gmiotto.it\/fr\/systemes-dancrage-otto\/\" \/>\n<meta property=\"og:site_name\" content=\"OTTO\" \/>\n<meta property=\"og:image\" content=\"http:\/\/gmiotto.it\/images\/icona-pdf.gif\" \/>\n<meta name=\"twitter:card\" content=\"summary_large_image\" \/>\n<meta name=\"twitter:label1\" content=\"Dur\u00e9e de lecture estim\u00e9e\" \/>\n\t<meta name=\"twitter:data1\" content=\"1 minute\" \/>\n<script type=\"application\/ld+json\" class=\"yoast-schema-graph\">{\"@context\":\"https:\/\/schema.org\",\"@graph\":[{\"@type\":\"WebPage\",\"@id\":\"https:\/\/gmiotto.it\/fr\/systemes-dancrage-otto\/\",\"url\":\"https:\/\/gmiotto.it\/fr\/systemes-dancrage-otto\/\",\"name\":\"Syst\u00e8mes d'ancrage Otto - OTTO\",\"isPartOf\":{\"@id\":\"https:\/\/gmiotto.it\/#website\"},\"primaryImageOfPage\":{\"@id\":\"https:\/\/gmiotto.it\/fr\/systemes-dancrage-otto\/#primaryimage\"},\"image\":{\"@id\":\"https:\/\/gmiotto.it\/fr\/systemes-dancrage-otto\/#primaryimage\"},\"thumbnailUrl\":\"http:\/\/gmiotto.it\/images\/icona-pdf.gif\",\"datePublished\":\"2017-08-14T12:39:49+00:00\",\"breadcrumb\":{\"@id\":\"https:\/\/gmiotto.it\/fr\/systemes-dancrage-otto\/#breadcrumb\"},\"inLanguage\":\"fr-FR\",\"potentialAction\":[{\"@type\":\"ReadAction\",\"target\":[\"https:\/\/gmiotto.it\/fr\/systemes-dancrage-otto\/\"]}]},{\"@type\":\"ImageObject\",\"inLanguage\":\"fr-FR\",\"@id\":\"https:\/\/gmiotto.it\/fr\/systemes-dancrage-otto\/#primaryimage\",\"url\":\"http:\/\/gmiotto.it\/images\/icona-pdf.gif\",\"contentUrl\":\"http:\/\/gmiotto.it\/images\/icona-pdf.gif\"},{\"@type\":\"BreadcrumbList\",\"@id\":\"https:\/\/gmiotto.it\/fr\/systemes-dancrage-otto\/#breadcrumb\",\"itemListElement\":[{\"@type\":\"ListItem\",\"position\":1,\"name\":\"Home\",\"item\":\"https:\/\/gmiotto.it\/fr\/\"},{\"@type\":\"ListItem\",\"position\":2,\"name\":\"Syst\u00e8mes d&rsquo;ancrage Otto\"}]},{\"@type\":\"WebSite\",\"@id\":\"https:\/\/gmiotto.it\/#website\",\"url\":\"https:\/\/gmiotto.it\/\",\"name\":\"OTTO\",\"description\":\"Pontili galleggianti modulari\",\"publisher\":{\"@id\":\"https:\/\/gmiotto.it\/#organization\"},\"potentialAction\":[{\"@type\":\"SearchAction\",\"target\":{\"@type\":\"EntryPoint\",\"urlTemplate\":\"https:\/\/gmiotto.it\/?s={search_term_string}\"},\"query-input\":{\"@type\":\"PropertyValueSpecification\",\"valueRequired\":true,\"valueName\":\"search_term_string\"}}],\"inLanguage\":\"fr-FR\"},{\"@type\":\"Organization\",\"@id\":\"https:\/\/gmiotto.it\/#organization\",\"name\":\"Otto sas di Miotto F. & C.\",\"url\":\"https:\/\/gmiotto.it\/\",\"logo\":{\"@type\":\"ImageObject\",\"inLanguage\":\"fr-FR\",\"@id\":\"https:\/\/gmiotto.it\/#\/schema\/logo\/image\/\",\"url\":\"http:\/\/gmiotto.it\/wp-content\/uploads\/2018\/06\/logo_rina.png\",\"contentUrl\":\"http:\/\/gmiotto.it\/wp-content\/uploads\/2018\/06\/logo_rina.png\",\"width\":277,\"height\":66,\"caption\":\"Otto sas di Miotto F. & C.\"},\"image\":{\"@id\":\"https:\/\/gmiotto.it\/#\/schema\/logo\/image\/\"}}]}<\/script>\n<!-- \/ Yoast SEO plugin. -->","yoast_head_json":{"title":"Syst\u00e8mes d'ancrage Otto - OTTO","robots":{"index":"index","follow":"follow","max-snippet":"max-snippet:-1","max-image-preview":"max-image-preview:large","max-video-preview":"max-video-preview:-1"},"canonical":"https:\/\/gmiotto.it\/fr\/systemes-dancrage-otto\/","og_locale":"fr_FR","og_type":"article","og_title":"Syst\u00e8mes d'ancrage Otto - OTTO","og_description":"[vc_section el_class=\u00a0\u00bbpanel panel-default\u00a0\u00bb][vc_row][vc_column width=\u00a0\u00bb1\/2&Prime;][vc_column_text] Syst\u00e8mes d&rsquo;ancrage Otto La soci\u00e9t\u00e9 Otto est parmi les plus grands fabricants de cubes flottants produits en Italie, Il est le plus important fabricant italien dans le monde entier. &nbsp; Les cubes flottants produits de haute qualit\u00e9 avec le TOTAL HDPE 56020S ont une densit\u00e9 mol\u00e9culaire du polyethylene 0,954 g\/cm2. &nbsp; &hellip;","og_url":"https:\/\/gmiotto.it\/fr\/systemes-dancrage-otto\/","og_site_name":"OTTO","og_image":[{"url":"http:\/\/gmiotto.it\/images\/icona-pdf.gif","type":"","width":"","height":""}],"twitter_card":"summary_large_image","twitter_misc":{"Dur\u00e9e de lecture estim\u00e9e":"1 minute"},"schema":{"@context":"https:\/\/schema.org","@graph":[{"@type":"WebPage","@id":"https:\/\/gmiotto.it\/fr\/systemes-dancrage-otto\/","url":"https:\/\/gmiotto.it\/fr\/systemes-dancrage-otto\/","name":"Syst\u00e8mes d'ancrage Otto - OTTO","isPartOf":{"@id":"https:\/\/gmiotto.it\/#website"},"primaryImageOfPage":{"@id":"https:\/\/gmiotto.it\/fr\/systemes-dancrage-otto\/#primaryimage"},"image":{"@id":"https:\/\/gmiotto.it\/fr\/systemes-dancrage-otto\/#primaryimage"},"thumbnailUrl":"http:\/\/gmiotto.it\/images\/icona-pdf.gif","datePublished":"2017-08-14T12:39:49+00:00","breadcrumb":{"@id":"https:\/\/gmiotto.it\/fr\/systemes-dancrage-otto\/#breadcrumb"},"inLanguage":"fr-FR","potentialAction":[{"@type":"ReadAction","target":["https:\/\/gmiotto.it\/fr\/systemes-dancrage-otto\/"]}]},{"@type":"ImageObject","inLanguage":"fr-FR","@id":"https:\/\/gmiotto.it\/fr\/systemes-dancrage-otto\/#primaryimage","url":"http:\/\/gmiotto.it\/images\/icona-pdf.gif","contentUrl":"http:\/\/gmiotto.it\/images\/icona-pdf.gif"},{"@type":"BreadcrumbList","@id":"https:\/\/gmiotto.it\/fr\/systemes-dancrage-otto\/#breadcrumb","itemListElement":[{"@type":"ListItem","position":1,"name":"Home","item":"https:\/\/gmiotto.it\/fr\/"},{"@type":"ListItem","position":2,"name":"Syst\u00e8mes d&rsquo;ancrage Otto"}]},{"@type":"WebSite","@id":"https:\/\/gmiotto.it\/#website","url":"https:\/\/gmiotto.it\/","name":"OTTO","description":"Pontili galleggianti modulari","publisher":{"@id":"https:\/\/gmiotto.it\/#organization"},"potentialAction":[{"@type":"SearchAction","target":{"@type":"EntryPoint","urlTemplate":"https:\/\/gmiotto.it\/?s={search_term_string}"},"query-input":{"@type":"PropertyValueSpecification","valueRequired":true,"valueName":"search_term_string"}}],"inLanguage":"fr-FR"},{"@type":"Organization","@id":"https:\/\/gmiotto.it\/#organization","name":"Otto sas di Miotto F. & C.","url":"https:\/\/gmiotto.it\/","logo":{"@type":"ImageObject","inLanguage":"fr-FR","@id":"https:\/\/gmiotto.it\/#\/schema\/logo\/image\/","url":"http:\/\/gmiotto.it\/wp-content\/uploads\/2018\/06\/logo_rina.png","contentUrl":"http:\/\/gmiotto.it\/wp-content\/uploads\/2018\/06\/logo_rina.png","width":277,"height":66,"caption":"Otto sas di Miotto F. & C."},"image":{"@id":"https:\/\/gmiotto.it\/#\/schema\/logo\/image\/"}}]}},"_links":{"self":[{"href":"https:\/\/gmiotto.it\/fr\/wp-json\/wp\/v2\/pages\/5838","targetHints":{"allow":["GET"]}}],"collection":[{"href":"https:\/\/gmiotto.it\/fr\/wp-json\/wp\/v2\/pages"}],"about":[{"href":"https:\/\/gmiotto.it\/fr\/wp-json\/wp\/v2\/types\/page"}],"author":[{"embeddable":true,"href":"https:\/\/gmiotto.it\/fr\/wp-json\/wp\/v2\/users\/1"}],"replies":[{"embeddable":true,"href":"https:\/\/gmiotto.it\/fr\/wp-json\/wp\/v2\/comments?post=5838"}],"version-history":[{"count":0,"href":"https:\/\/gmiotto.it\/fr\/wp-json\/wp\/v2\/pages\/5838\/revisions"}],"wp:attachment":[{"href":"https:\/\/gmiotto.it\/fr\/wp-json\/wp\/v2\/media?parent=5838"}],"curies":[{"name":"wp","href":"https:\/\/api.w.org\/{rel}","templated":true}]}}